{"id":6252,"date":"2026-03-13T20:11:41","date_gmt":"2026-03-13T20:11:41","guid":{"rendered":"https:\/\/immersive-optics.com\/product\/swiftlock-qr-kikarsikte-ringar-medelh-ga\/"},"modified":"2026-03-29T14:44:32","modified_gmt":"2026-03-29T13:44:32","slug":"swiftlock-qr-kikarsikte-ringar-medelh-ga","status":"publish","type":"product","link":"https:\/\/immersive-optics.com\/sv\/produkt\/swiftlock-qr-kikarsikte-ringar-medelh-ga\/","title":{"rendered":"SwiftLock\u00ae QR Kikarsikte Ringar (Medelh\u00f6ga)"},"content":{"rendered":"<p>Utrustad med det mest praktiska snabbf\u00e4stessystemet p\u00e5 marknaden.<\/p>\n<p>SwiftLock\u00ae-mekanismen ger samma kl\u00e4mkraft och precision som fasta kikarsiktesringar.<\/p>\n<p>Huvudkroppen \u00e4r CNC-bearbetad ur ett enda stycke 7075-aluminium. Monteringsdetaljerna \u00e4r CNC-bearbetade i h\u00e4rdat 416 rostfritt st\u00e5l med en h\u00e5rdhet p\u00e5 36 HRC. Ringarna \u00e4r fabriksmatchade och precisionsborrade f\u00f6r att s\u00e4kerst\u00e4lla perfekt linjering av kikarsiktet.  <\/p>\n<p>Ytbehandlad med Cerakote\u00ae och finns i flera f\u00e4rger.<\/p>\n","protected":false},"excerpt":{"rendered":"<p>SwiftLock\u00ae \u00e4r en unik l\u00f6sning som s\u00e4tter en ny standard f\u00f6r ergonomi och drifts\u00e4kerhet. Den vertikala teleskopiska spaken ger inte bara extra h\u00e4vst\u00e5ng f\u00f6r en starkare och mer kontrollerad l\u00e5sning, utan m\u00f6jligg\u00f6r ocks\u00e5 fri \u00e5tkomst \u2014 vilket l\u00f6ser ett vanligt problem hos traditionella snabbf\u00e4sten, d\u00e4r horisontellt placerade l\u00e5sspakar ofta \u00e4r sv\u00e5ra att komma \u00e5t i det tr\u00e5nga utrymmet mellan kikarsiktet och vapnet. <\/p>\n<p>&nbsp;<\/p>\n","protected":false},"featured_media":6261,"template":"","meta":{"_crdt_document":"","advanced_seo_description":"","jetpack_seo_html_title":"","jetpack_seo_noindex":false},"product_brand":[],"product_cat":[197],"product_tag":[181],"class_list":{"0":"post-6252","1":"product","2":"type-product","3":"status-publish","4":"has-post-thumbnail","6":"product_cat-montage","7":"product_tag-eu","9":"first","10":"outofstock","11":"taxable","12":"shipping-taxable","13":"purchasable","14":"product-type-variable","15":"has-default-attributes"},"jetpack_sharing_enabled":true,"_links":{"self":[{"href":"https:\/\/immersive-optics.com\/sv\/wp-json\/wp\/v2\/product\/6252","targetHints":{"allow":["GET"]}}],"collection":[{"href":"https:\/\/immersive-optics.com\/sv\/wp-json\/wp\/v2\/product"}],"about":[{"href":"https:\/\/immersive-optics.com\/sv\/wp-json\/wp\/v2\/types\/product"}],"wp:featuredmedia":[{"embeddable":true,"href":"https:\/\/immersive-optics.com\/sv\/wp-json\/wp\/v2\/media\/6261"}],"wp:attachment":[{"href":"https:\/\/immersive-optics.com\/sv\/wp-json\/wp\/v2\/media?parent=6252"}],"wp:term":[{"taxonomy":"product_brand","embeddable":true,"href":"https:\/\/immersive-optics.com\/sv\/wp-json\/wp\/v2\/product_brand?post=6252"},{"taxonomy":"product_cat","embeddable":true,"href":"https:\/\/immersive-optics.com\/sv\/wp-json\/wp\/v2\/product_cat?post=6252"},{"taxonomy":"product_tag","embeddable":true,"href":"https:\/\/immersive-optics.com\/sv\/wp-json\/wp\/v2\/product_tag?post=6252"}],"curies":[{"name":"wp","href":"https:\/\/api.w.org\/{rel}","templated":true}]}}