{"id":6218,"date":"2026-03-12T20:05:38","date_gmt":"2026-03-12T20:05:38","guid":{"rendered":"https:\/\/immersive-optics.com\/product\/14x50-prismatiskt-kikarsikte\/"},"modified":"2026-03-28T19:21:40","modified_gmt":"2026-03-28T19:21:40","slug":"14x50-prismatiskt-kikarsikte","status":"publish","type":"product","link":"https:\/\/immersive-optics.com\/sv\/produkt\/14x50-prismatiskt-kikarsikte\/","title":{"rendered":"14&#215;50 Prismatiskt Kikarsikte"},"content":{"rendered":"<p>V\u00e5rt b\u00e4sts\u00e4ljande kikarsikte med kort \u00f6gonavst\u00e5nd, ett tekniskt m\u00e4sterverk f\u00f6r gev\u00e4r med l\u00e5g rekyl.<\/p>\n<h2>F\u00f6rb\u00e4ttrad skjutprecision<\/h2>\n<p>Perfekt f\u00f6r anv\u00e4ndning p\u00e5 kompakta gev\u00e4r eller luftgev\u00e4r med m\u00e5ttlig till l\u00e5g rekyl, med ett prismabaserat optiskt system som g\u00f6r det betydligt mer kompakt j\u00e4mf\u00f6rt med traditionell dagoptik genom att eliminera den vanligtvis stora objektivlinsen, det f\u00f6rl\u00e4ngda huset och det l\u00e5nga \u00f6gonavst\u00e5ndet, utan att kompromissa med kikarsiktets ljusinsamlingsf\u00f6rm\u00e5ga, f\u00f6rstoring eller synf\u00e4lt.<\/p>\n<h2>B\u00e4ttre viktf\u00f6rdelning<\/h2>\n<p>Den kompakta konstruktionen m\u00f6jligg\u00f6r en betydande viktminskning, vilket ger skytten st\u00f6rre r\u00f6rlighet samt en b\u00e4ttre viktf\u00f6rdelning mellan 14X50 och gev\u00e4ret som det \u00e4r monterat p\u00e5, vilket ger en s\u00e5 bekv\u00e4m skjutupplevelse som m\u00f6jligt och g\u00f6r det m\u00f6jligt f\u00f6r skytten att h\u00e5lla gev\u00e4ret i anl\u00e4ggning under l\u00e4ngre perioder utan att uppleva tr\u00f6tthet eller obehag.<\/p>\n<h2>Bredare synf\u00e4lt<\/h2>\n<p>Immersive Optics 14X50 ger ett synf\u00e4lt som \u00e4r 4x bredare \u00e4n det som erbjuds av traditionella kikarsikten och kan fokuseras mycket v\u00e4l ned till avst\u00e5nd p\u00e5 6 m utan parallax \u2014 vilket ger den perfekta l\u00f6sningen f\u00f6r skyttar som s\u00f6ker utm\u00e4rkt optik, \u00e4ven p\u00e5 korta avst\u00e5nd.<\/p>\n<h2>Naturtrogen f\u00e4rg\u00e5tergivning<\/h2>\n<p>Glas med extra l\u00e5g dispersion g\u00f6r att detta prismatiska kikarsikte bibeh\u00e5ller naturlig f\u00e4rg\u00e5tergivning inom synf\u00e4ltet, minimerar kromatisk aberration (f\u00e4rgfransar) och ger h\u00f6g sk\u00e4rpa samt bildperfekta resultat p\u00e5 l\u00e5nga avst\u00e5nd.<\/p>\n<h2>Klarhet i alla f\u00f6rh\u00e5llanden<\/h2>\n<p>Ett CNC-bearbetat hus s\u00e4kerst\u00e4ller konsekvent, felfri skjutning; de kv\u00e4vefyllda optiska kanalerna ger imskydd f\u00f6r kristallklar optik oavsett milj\u00f6f\u00f6rh\u00e5llanden; och en s\u00e4ker vattent\u00e4t f\u00f6rsegling s\u00e4kerst\u00e4ller att detta kikarsikte \u00e4r motst\u00e5ndskraftigt mot fukt. Det har ocks\u00e5 ett genomt\u00e4nkt system f\u00f6r fasts\u00e4ttning av linsskydd som h\u00e5ller linsskyddet bekv\u00e4mt vid sidan av kikarsiktet och ur v\u00e4gen, vilket minskar distraktion under skytte.<\/p>\n<h2>Flera alternativ f\u00f6r riktmedel<\/h2>\n<p>Beroende p\u00e5 vald modell har det prismatiska kikarsiktet 14X50 antingen de glasetsade belysta Mildot- eller Mildot Extended-riktmedlen, h\u00f6gprecisionsjustering f\u00f6r sida och h\u00f6jd och levereras med ett justerbart MOA-montage.<\/p>\n<section class=\"elementor-section elementor-top-section elementor-element elementor-element-3528eb9d elementor-section-boxed elementor-section-height-default elementor-section-height-default\" data-id=\"3528eb9d\" data-element_type=\"section\">\n<div class=\"elementor-container elementor-column-gap-no\">\n<div class=\"elementor-column elementor-col-100 elementor-top-column elementor-element elementor-element-fb4d585\" data-id=\"fb4d585\" data-element_type=\"column\">\n<div class=\"elementor-widget-wrap elementor-element-populated\">\n<section class=\"elementor-section elementor-inner-section elementor-element elementor-element-206dde47 elementor-section-full_width elementor-section-content-middle elementor-section-height-default elementor-section-height-default\" data-id=\"206dde47\" data-element_type=\"section\">\n<div class=\"elementor-container elementor-column-gap-no\">\n<div class=\"elementor-column elementor-col-50 elementor-inner-column elementor-element elementor-element-2a1f8f4a\" data-id=\"2a1f8f4a\" data-element_type=\"column\">\n<div class=\"elementor-widget-wrap elementor-element-populated\">\n<div class=\"elementor-element elementor-element-2ba222aa pp-table-center elementor-widget elementor-widget-pp-table\" data-id=\"2ba222aa\" data-element_type=\"widget\" data-settings=\"{&quot;table_type&quot;:&quot;normal&quot;}\" data-widget_type=\"pp-table.default\">\n<div class=\"elementor-widget-container\">\n<div class=\"pp-table-container\">\n<table class=\"pp-table tablesaw\">\n<thead>\n<tr class=\"pp-table-row\">\n<th class=\"pp-table-cell pp-table-cell-683315e\"><span class=\"pp-table-cell-content\"><span class=\"pp-table-cell-text\">Parameter<\/span><\/span><\/th>\n<th class=\"pp-table-cell pp-table-cell-73977f6\"><span class=\"pp-table-cell-content\"><span class=\"pp-table-cell-text\">V\u00e4rde<\/span><\/span><\/th>\n<\/tr>\n<\/thead>\n<tfoot><\/tfoot>\n<tbody>\n<tr>\n<td class=\"pp-table-cell pp-table-cell-33971f9\"><span class=\"pp-table-cell-content\"><span class=\"pp-table-cell-text\">F\u00f6rstoring, X<\/span><\/span><\/td>\n<td class=\"pp-table-cell pp-table-cell-3971dda\"><span class=\"pp-table-cell-content\"><span class=\"pp-table-cell-text\">14<\/span><\/span><\/td>\n<\/tr>\n<tr>\n<td class=\"pp-table-cell pp-table-cell-3c2214f\"><span class=\"pp-table-cell-content\"><span class=\"pp-table-cell-text\">Objektivdiameter, mm<\/span><\/span><\/td>\n<td class=\"pp-table-cell pp-table-cell-aa7e809\"><span class=\"pp-table-cell-content\"><span class=\"pp-table-cell-text\">50<\/span><\/span><\/td>\n<\/tr>\n<tr>\n<td class=\"pp-table-cell pp-table-cell-1f25865\"><span class=\"pp-table-cell-content\"><span class=\"pp-table-cell-text\">\u00d6gonavst\u00e5nd, tum \/ mm<\/span><\/span><\/td>\n<td class=\"pp-table-cell pp-table-cell-c7fe3cd\"><span class=\"pp-table-cell-content\"><span class=\"pp-table-cell-text\">0.7 \/ 18<\/span><\/span><\/td>\n<\/tr>\n<tr>\n<td class=\"pp-table-cell pp-table-cell-cc62bce\"><span class=\"pp-table-cell-content\"><span class=\"pp-table-cell-text\">Tubdiameter, mm<\/span><\/span><\/td>\n<td class=\"pp-table-cell pp-table-cell-0ecaf37\"><span class=\"pp-table-cell-content\"><span class=\"pp-table-cell-text\">Ej till\u00e4mpligt<\/span><\/span><\/td>\n<\/tr>\n<tr>\n<td class=\"pp-table-cell pp-table-cell-dbff3e9\"><span class=\"pp-table-cell-content\"><span class=\"pp-table-cell-text\">Synf\u00e4lt, ft@100yds\/ m@100m<\/span><\/span><\/td>\n<td class=\"pp-table-cell pp-table-cell-d33d8ef\"><span class=\"pp-table-cell-content\"><span class=\"pp-table-cell-text\">28 \/ 9.6<\/span><\/span><\/td>\n<\/tr>\n<tr>\n<td class=\"pp-table-cell pp-table-cell-c0c63c5\"><span class=\"pp-table-cell-content\"><span class=\"pp-table-cell-text\">Minsta fokuseringsavst\u00e5nd, m<\/span><\/span><\/td>\n<td class=\"pp-table-cell pp-table-cell-cd99b46\"><span class=\"pp-table-cell-content\"><span class=\"pp-table-cell-text\">6<\/span><\/span><\/td>\n<\/tr>\n<tr>\n<td class=\"pp-table-cell pp-table-cell-c0ff221\"><span class=\"pp-table-cell-content\"><span class=\"pp-table-cell-text\">Klickv\u00e4rde (MIL \/MOA\/cm@100m)<\/span><\/span><\/td>\n<td class=\"pp-table-cell pp-table-cell-59f23db\"><span class=\"pp-table-cell-content\"><span class=\"pp-table-cell-text\">0.1 \/ 0.338 \/ 1<\/span><\/span><\/td>\n<\/tr>\n<tr>\n<td class=\"pp-table-cell pp-table-cell-c0f286a\"><span class=\"pp-table-cell-content\"><span class=\"pp-table-cell-text\">Klick per varv<\/span><\/span><\/td>\n<td class=\"pp-table-cell pp-table-cell-e48b19d\"><span class=\"pp-table-cell-content\"><span class=\"pp-table-cell-text\">50<\/span><\/span><\/td>\n<\/tr>\n<tr>\n<td class=\"pp-table-cell pp-table-cell-7796840\"><span class=\"pp-table-cell-content\"><span class=\"pp-table-cell-text\">Justeromr\u00e5de per varv (MIL \/ MOA)<\/span><\/span><\/td>\n<td class=\"pp-table-cell pp-table-cell-aa44a69\"><span class=\"pp-table-cell-content\"><span class=\"pp-table-cell-text\">5 \/ 15<\/span><\/span><\/td>\n<\/tr>\n<tr>\n<td class=\"pp-table-cell pp-table-cell-8d83140\"><span class=\"pp-table-cell-content\"><span class=\"pp-table-cell-text\">Max h\u00f6jdjustering (MIL \/ MOA)<\/span><\/span><\/td>\n<td class=\"pp-table-cell pp-table-cell-5a3029e\"><span class=\"pp-table-cell-content\"><span class=\"pp-table-cell-text\">28 \/ 83<\/span><\/span><\/td>\n<\/tr>\n<tr>\n<td class=\"pp-table-cell pp-table-cell-e237808\"><span class=\"pp-table-cell-content\"><span class=\"pp-table-cell-text\">Max sidjustering (MIL \/ MOA)<\/span><\/span><\/td>\n<td class=\"pp-table-cell pp-table-cell-8f0cd12\"><span class=\"pp-table-cell-content\"><span class=\"pp-table-cell-text\">28 \/ 83<\/span><\/span><\/td>\n<\/tr>\n<tr>\n<td class=\"pp-table-cell pp-table-cell-87ac0ba\"><span class=\"pp-table-cell-content\"><span class=\"pp-table-cell-text\">Kikarsiktets m\u00e5tt, mm<\/span><\/span><\/td>\n<td class=\"pp-table-cell pp-table-cell-517ac24\"><span class=\"pp-table-cell-content\"><span class=\"pp-table-cell-text\">80 x 64 x 154<\/span><\/span><\/td>\n<\/tr>\n<tr>\n<td class=\"pp-table-cell pp-table-cell-38119a6\"><span class=\"pp-table-cell-content\"><span class=\"pp-table-cell-text\">Kikarsiktets m\u00e5tt, in<\/span><\/span><\/td>\n<td class=\"pp-table-cell pp-table-cell-2fd6ab1\"><span class=\"pp-table-cell-content\"><span class=\"pp-table-cell-text\">3,1 x 2,5 x 6,1<\/span><\/span><\/td>\n<\/tr>\n<tr>\n<td class=\"pp-table-cell pp-table-cell-a95e72b\"><span class=\"pp-table-cell-content\"><span class=\"pp-table-cell-text\">Vikt (utan montage) oz \/ gr<\/span><\/span><\/td>\n<td class=\"pp-table-cell pp-table-cell-ca26eb7\"><span class=\"pp-table-cell-content\"><span class=\"pp-table-cell-text\">Ej till\u00e4mpligt<\/span><\/span><\/td>\n<\/tr>\n<tr>\n<td class=\"pp-table-cell pp-table-cell-fffcbff\"><span class=\"pp-table-cell-content\"><span class=\"pp-table-cell-text\">Vikt (med MOA-justerbara montage) oz \/ gr<\/span><\/span><\/td>\n<td class=\"pp-table-cell pp-table-cell-855f0d6\"><span class=\"pp-table-cell-content\"><span class=\"pp-table-cell-text\">19,5 \/ 554<\/span><\/span><\/td>\n<\/tr>\n<tr>\n<td class=\"pp-table-cell pp-table-cell-d423717\"><span class=\"pp-table-cell-content\"><span class=\"pp-table-cell-text\">Vattent\u00e4t och kv\u00e4vefylld<\/span><\/span><\/td>\n<td class=\"pp-table-cell pp-table-cell-4bc21ae\"><span class=\"pp-table-cell-content\"><span class=\"pp-table-cell-text\">JA<\/span><\/span><\/td>\n<\/tr>\n<tr>\n<td class=\"pp-table-cell pp-table-cell-defa67d\"><span class=\"pp-table-cell-content\"><span class=\"pp-table-cell-text\">St\u00f6tt\u00e5lig (upp till 600G)<\/span><\/span><\/td>\n<td class=\"pp-table-cell pp-table-cell-77fbf3a\"><span class=\"pp-table-cell-content\"><span class=\"pp-table-cell-text\">Ej till\u00e4mpligt<\/span><\/span><\/td>\n<\/tr>\n<\/tbody>\n<\/table>\n<\/div>\n<\/div>\n<\/div>\n<\/div>\n<\/div>\n<\/div>\n<\/section>\n<\/div>\n<\/div>\n<\/div>\n<\/section>\n<section class=\"elementor-section elementor-top-section elementor-element elementor-element-6d07f63f elementor-section-boxed elementor-section-height-default elementor-section-height-default\" data-id=\"6d07f63f\" data-element_type=\"section\">\n<div class=\"elementor-container elementor-column-gap-default\">\n<div class=\"elementor-column elementor-col-100 elementor-top-column elementor-element elementor-element-58132715\" data-id=\"58132715\" data-element_type=\"column\" data-settings=\"{&quot;background_background&quot;:&quot;classic&quot;}\">\n<div class=\"elementor-widget-wrap elementor-element-populated\">\n<div class=\"elementor-element elementor-element-305cd497 elementor-widget elementor-widget-gallery\" data-id=\"305cd497\" data-element_type=\"widget\" data-settings=\"{&quot;gallery_layout&quot;:&quot;justified&quot;,&quot;lazyload&quot;:&quot;yes&quot;,&quot;ideal_row_height&quot;:{&quot;unit&quot;:&quot;px&quot;,&quot;size&quot;:200,&quot;sizes&quot;:[]},&quot;ideal_row_height_tablet&quot;:{&quot;unit&quot;:&quot;px&quot;,&quot;size&quot;:150,&quot;sizes&quot;:[]},&quot;ideal_row_height_mobile&quot;:{&quot;unit&quot;:&quot;px&quot;,&quot;size&quot;:150,&quot;sizes&quot;:[]},&quot;gap&quot;:{&quot;unit&quot;:&quot;px&quot;,&quot;size&quot;:10,&quot;sizes&quot;:[]},&quot;gap_tablet&quot;:{&quot;unit&quot;:&quot;px&quot;,&quot;size&quot;:10,&quot;sizes&quot;:[]},&quot;gap_mobile&quot;:{&quot;unit&quot;:&quot;px&quot;,&quot;size&quot;:10,&quot;sizes&quot;:[]},&quot;link_to&quot;:&quot;file&quot;,&quot;overlay_background&quot;:&quot;yes&quot;,&quot;content_hover_animation&quot;:&quot;fade-in&quot;}\" data-widget_type=\"gallery.default\">\n<div class=\"elementor-widget-container\">\n<div class=\"elementor-gallery__container e-gallery-container e-gallery-justified e-gallery--ltr e-gallery--lazyload\">\n<div class=\"elementor-gallery-item__overlay\"><\/div>\n<\/div>\n<\/div>\n<\/div>\n<\/div>\n<\/div>\n<\/div>\n<\/section>\n","protected":false},"excerpt":{"rendered":"<p>V\u00e5rt b\u00e4sts\u00e4ljande kikarsikte med kort \u00f6gonavst\u00e5nd, ett tekniskt m\u00e4sterverk f\u00f6r gev\u00e4r med l\u00e5g rekyl.<\/p>\n","protected":false},"featured_media":7203,"template":"","meta":{"_crdt_document":"","advanced_seo_description":"","jetpack_seo_html_title":"","jetpack_seo_noindex":false},"product_brand":[],"product_cat":[196],"product_tag":[182],"class_list":{"0":"post-6218","1":"product","2":"type-product","3":"status-publish","4":"has-post-thumbnail","6":"product_cat-kikarsikten","7":"product_tag-storbritannien","9":"first","10":"instock","11":"sale","12":"taxable","13":"shipping-taxable","14":"purchasable","15":"product-type-variable"},"jetpack_sharing_enabled":true,"_links":{"self":[{"href":"https:\/\/immersive-optics.com\/sv\/wp-json\/wp\/v2\/product\/6218","targetHints":{"allow":["GET"]}}],"collection":[{"href":"https:\/\/immersive-optics.com\/sv\/wp-json\/wp\/v2\/product"}],"about":[{"href":"https:\/\/immersive-optics.com\/sv\/wp-json\/wp\/v2\/types\/product"}],"wp:featuredmedia":[{"embeddable":true,"href":"https:\/\/immersive-optics.com\/sv\/wp-json\/wp\/v2\/media\/7203"}],"wp:attachment":[{"href":"https:\/\/immersive-optics.com\/sv\/wp-json\/wp\/v2\/media?parent=6218"}],"wp:term":[{"taxonomy":"product_brand","embeddable":true,"href":"https:\/\/immersive-optics.com\/sv\/wp-json\/wp\/v2\/product_brand?post=6218"},{"taxonomy":"product_cat","embeddable":true,"href":"https:\/\/immersive-optics.com\/sv\/wp-json\/wp\/v2\/product_cat?post=6218"},{"taxonomy":"product_tag","embeddable":true,"href":"https:\/\/immersive-optics.com\/sv\/wp-json\/wp\/v2\/product_tag?post=6218"}],"curies":[{"name":"wp","href":"https:\/\/api.w.org\/{rel}","templated":true}]}}