{"id":5765,"date":"2025-12-31T15:48:32","date_gmt":"2025-12-31T15:48:32","guid":{"rendered":"https:\/\/immersive-optics.com\/product\/5x30-pro-prismatiskt-sikte\/"},"modified":"2026-03-27T00:54:57","modified_gmt":"2026-03-27T00:54:57","slug":"5x30-pro-prismatiskt-sikte","status":"publish","type":"product","link":"https:\/\/immersive-optics.com\/sv\/produkt\/5x30-pro-prismatiskt-sikte\/","title":{"rendered":"5X30 PRO Prismatiskt Kikarsikte"},"content":{"rendered":"<p>Kompakt CQB-sikte med 85 mm \u00f6gonl\u00e4ttnad och brett synf\u00e4lt. Ett kompakt sikte med den skarpaste bilden och f\u00f6rb\u00e4ttrad ljus\u00f6verf\u00f6ring. Ljusstark bild f\u00f6r anv\u00e4ndning fr\u00e5n gryning till skymning.  <\/p>\n<p>Prismatisk design g\u00f6r att vi kan tillverka mycket mer kompakta och l\u00e4tta sikten med \u00f6verl\u00e4gsen optisk prestanda. Att den \u00e4r kompakt ger en mycket b\u00e4ttre viktf\u00f6rdelning mellan vapen och kikarsikte. N\u00e4r vikten hamnar l\u00e4ngre bak minskar tr\u00f6ttheten rej\u00e4lt, vilket g\u00f6r att skytten kan vara ute l\u00e4ngre och skjuta mer exakt.<\/p>\n<p>Levereras med MOA-justerbara f\u00e4sten.<\/p>\n<table class=\"pp-table tablesaw\">\n<thead>\n<tr class=\"pp-table-row\">\n<th class=\"pp-table-cell pp-table-cell-683315e\"><span class=\"pp-table-cell-content\"><span class=\"pp-table-cell-text\">Parameter<\/span><\/span><\/th>\n<th class=\"pp-table-cell pp-table-cell-73977f6\"><span class=\"pp-table-cell-content\"><span class=\"pp-table-cell-text\">V\u00e4rde<\/span><\/span><\/th>\n<\/tr>\n<\/thead>\n<tfoot><\/tfoot>\n<tbody>\n<tr>\n<td class=\"pp-table-cell pp-table-cell-33971f9\"><span class=\"pp-table-cell-content\"><span class=\"pp-table-cell-text\">F\u00f6rstoring, X<\/span><\/span><\/td>\n<td class=\"pp-table-cell pp-table-cell-3971dda\"><span class=\"pp-table-cell-content\"><span class=\"pp-table-cell-text\">5<\/span><\/span><\/td>\n<\/tr>\n<tr>\n<td class=\"pp-table-cell pp-table-cell-3c2214f\"><span class=\"pp-table-cell-content\"><span class=\"pp-table-cell-text\">Objektivdiameter, mm<\/span><\/span><\/td>\n<td class=\"pp-table-cell pp-table-cell-aa7e809\"><span class=\"pp-table-cell-content\"><span class=\"pp-table-cell-text\">30<\/span><\/span><\/td>\n<\/tr>\n<tr>\n<td class=\"pp-table-cell pp-table-cell-1f25865\"><span class=\"pp-table-cell-content\"><span class=\"pp-table-cell-text\">\u00d6gonl\u00e4ttnad, tum \/ mm<\/span><\/span><\/td>\n<td class=\"pp-table-cell pp-table-cell-c7fe3cd\"><span class=\"pp-table-cell-content\"><span class=\"pp-table-cell-text\">3,35 \/ 85<\/span><\/span><\/td>\n<\/tr>\n<tr>\n<td class=\"pp-table-cell pp-table-cell-cc62bce\"><span class=\"pp-table-cell-content\"><span class=\"pp-table-cell-text\">Tubstorlek, mm<\/span><\/span><\/td>\n<td class=\"pp-table-cell pp-table-cell-0ecaf37\"><span class=\"pp-table-cell-content\"><span class=\"pp-table-cell-text\">34<\/span><\/span><\/td>\n<\/tr>\n<tr>\n<td class=\"pp-table-cell pp-table-cell-dbff3e9\"><span class=\"pp-table-cell-content\"><span class=\"pp-table-cell-text\">Synf\u00e4lt, ft@100yds \/ m@100m<\/span><\/span><\/td>\n<td class=\"pp-table-cell pp-table-cell-d33d8ef\"><span class=\"pp-table-cell-content\"><span class=\"pp-table-cell-text\">33 \/ 10,2<\/span><\/span><\/td>\n<\/tr>\n<tr>\n<td class=\"pp-table-cell pp-table-cell-c0c63c5\"><span class=\"pp-table-cell-content\"><span class=\"pp-table-cell-text\">Minsta fokusavst\u00e5nd, m<\/span><\/span><\/td>\n<td class=\"pp-table-cell pp-table-cell-3dda0c4\"><span class=\"pp-table-cell-content\"><span class=\"pp-table-cell-text\">6<\/span><\/span><\/td>\n<\/tr>\n<tr>\n<td class=\"pp-table-cell pp-table-cell-f5376b5\"><span class=\"pp-table-cell-content\"><span class=\"pp-table-cell-text\">Diopterjustering, dpt<\/span><\/span><\/td>\n<td class=\"pp-table-cell pp-table-cell-cd99b46\"><span class=\"pp-table-cell-content\"><span class=\"pp-table-cell-text\">3 +\/-<\/span><\/span><\/td>\n<\/tr>\n<tr>\n<td class=\"pp-table-cell pp-table-cell-c0ff221\"><span class=\"pp-table-cell-content\"><span class=\"pp-table-cell-text\">Klickv\u00e4rde (MIL \/ MOA \/ cm@100m)<\/span><\/span><\/td>\n<td class=\"pp-table-cell pp-table-cell-59f23db\"><span class=\"pp-table-cell-content\"><span class=\"pp-table-cell-text\">0,1 \/ 0,338 \/ 1<\/span><\/span><\/td>\n<\/tr>\n<tr>\n<td class=\"pp-table-cell pp-table-cell-c0f286a\"><span class=\"pp-table-cell-content\"><span class=\"pp-table-cell-text\">Klick per varv<\/span><\/span><\/td>\n<td class=\"pp-table-cell pp-table-cell-e48b19d\"><span class=\"pp-table-cell-content\"><span class=\"pp-table-cell-text\">50<\/span><\/span><\/td>\n<\/tr>\n<tr>\n<td class=\"pp-table-cell pp-table-cell-7796840\"><span class=\"pp-table-cell-content\"><span class=\"pp-table-cell-text\">Justering per varv (MIL \/ MOA)<\/span><\/span><\/td>\n<td class=\"pp-table-cell pp-table-cell-aa44a69\"><span class=\"pp-table-cell-content\"><span class=\"pp-table-cell-text\">5 \/ 15<\/span><\/span><\/td>\n<\/tr>\n<tr>\n<td class=\"pp-table-cell pp-table-cell-8d83140\"><span class=\"pp-table-cell-content\"><span class=\"pp-table-cell-text\">Max h\u00f6jdjustering (MIL \/ MOA)<\/span><\/span><\/td>\n<td class=\"pp-table-cell pp-table-cell-5a3029e\"><span class=\"pp-table-cell-content\"><span class=\"pp-table-cell-text\">28 \/ 83<\/span><\/span><\/td>\n<\/tr>\n<tr>\n<td class=\"pp-table-cell pp-table-cell-e237808\"><span class=\"pp-table-cell-content\"><span class=\"pp-table-cell-text\">Max sidjustering (MIL \/ MOA)<\/span><\/span><\/td>\n<td class=\"pp-table-cell pp-table-cell-8f0cd12\"><span class=\"pp-table-cell-content\"><span class=\"pp-table-cell-text\">28 \/ 83<\/span><\/span><\/td>\n<\/tr>\n<tr>\n<td class=\"pp-table-cell pp-table-cell-a95e72b\"><span class=\"pp-table-cell-content\"><span class=\"pp-table-cell-text\">Vikt (utan f\u00e4sten) oz \/ g<\/span><\/span><\/td>\n<td class=\"pp-table-cell pp-table-cell-ca26eb7\"><span class=\"pp-table-cell-content\"><span class=\"pp-table-cell-text\">17,14 \/ 486<\/span><\/span><\/td>\n<\/tr>\n<tr>\n<td class=\"pp-table-cell pp-table-cell-fffcbff\"><span class=\"pp-table-cell-content\"><span class=\"pp-table-cell-text\">Vikt (med MOA-just. f\u00e4sten) oz \/ g<\/span><\/span><\/td>\n<td class=\"pp-table-cell pp-table-cell-855f0d6\"><span class=\"pp-table-cell-content\"><span class=\"pp-table-cell-text\">22 \/ 624<\/span><\/span><\/td>\n<\/tr>\n<tr>\n<td class=\"pp-table-cell pp-table-cell-d423717\"><span class=\"pp-table-cell-content\"><span class=\"pp-table-cell-text\">Vattent\u00e4t och kv\u00e4vefylld<\/span><\/span><\/td>\n<td class=\"pp-table-cell pp-table-cell-4bc21ae\"><span class=\"pp-table-cell-content\"><span class=\"pp-table-cell-text\">JA<\/span><\/span><\/td>\n<\/tr>\n<tr>\n<td class=\"pp-table-cell pp-table-cell-defa67d\"><span class=\"pp-table-cell-content\"><span class=\"pp-table-cell-text\">St\u00f6tt\u00e5lig (upp till 600G)<\/span><\/span><\/td>\n<td class=\"pp-table-cell pp-table-cell-77fbf3a\"><span class=\"pp-table-cell-content\"><span class=\"pp-table-cell-text\">JA<\/span><\/span><\/td>\n<\/tr>\n<\/tbody>\n<\/table>\n","protected":false},"excerpt":{"rendered":"<p>Perfekt f\u00f6r anv\u00e4ndning med centralant\u00e4ndningsgev\u00e4r, detta 5X30 Pro prismatiska kikarsikte erbjuder h\u00f6gprecisionsskytte i ett extremt kompakt format, med en otroligt l\u00e5ng 85 mm \u00f6gonl\u00e4ttnad f\u00f6r att minska risken f\u00f6r kikarbett.<\/p>\n","protected":false},"featured_media":5766,"template":"","meta":{"_crdt_document":"","advanced_seo_description":"","jetpack_seo_html_title":"","jetpack_seo_noindex":false},"product_brand":[],"product_cat":[196],"product_tag":[181],"class_list":{"0":"post-5765","1":"product","2":"type-product","3":"status-publish","4":"has-post-thumbnail","6":"product_cat-kikarsikten","7":"product_tag-eu","9":"first","10":"outofstock","11":"sale","12":"taxable","13":"shipping-taxable","14":"purchasable","15":"product-type-variable"},"jetpack_sharing_enabled":true,"_links":{"self":[{"href":"https:\/\/immersive-optics.com\/sv\/wp-json\/wp\/v2\/product\/5765","targetHints":{"allow":["GET"]}}],"collection":[{"href":"https:\/\/immersive-optics.com\/sv\/wp-json\/wp\/v2\/product"}],"about":[{"href":"https:\/\/immersive-optics.com\/sv\/wp-json\/wp\/v2\/types\/product"}],"wp:featuredmedia":[{"embeddable":true,"href":"https:\/\/immersive-optics.com\/sv\/wp-json\/wp\/v2\/media\/5766"}],"wp:attachment":[{"href":"https:\/\/immersive-optics.com\/sv\/wp-json\/wp\/v2\/media?parent=5765"}],"wp:term":[{"taxonomy":"product_brand","embeddable":true,"href":"https:\/\/immersive-optics.com\/sv\/wp-json\/wp\/v2\/product_brand?post=5765"},{"taxonomy":"product_cat","embeddable":true,"href":"https:\/\/immersive-optics.com\/sv\/wp-json\/wp\/v2\/product_cat?post=5765"},{"taxonomy":"product_tag","embeddable":true,"href":"https:\/\/immersive-optics.com\/sv\/wp-json\/wp\/v2\/product_tag?post=5765"}],"curies":[{"name":"wp","href":"https:\/\/api.w.org\/{rel}","templated":true}]}}