{"id":5395,"date":"2026-01-07T11:28:26","date_gmt":"2026-01-07T11:28:26","guid":{"rendered":"https:\/\/immersive-optics.com\/product\/okularlock-med-lutningsindikator-up\/"},"modified":"2026-03-26T11:51:46","modified_gmt":"2026-03-26T11:51:46","slug":"okularlock-med-lutningsindikator-up","status":"publish","type":"product","link":"https:\/\/immersive-optics.com\/sv\/produkt\/okularlock-med-lutningsindikator-up\/","title":{"rendered":"Okularlock med lutningsindikator (UPPR\u00c4TT)"},"content":{"rendered":"<p data-start=\"178\" data-end=\"319\">Detta innovativa okularlock omdefinierar hur du kontrollerar gev\u00e4rets lutning, genom att kombinera robust skydd med en genuint praktisk optisk f\u00f6rb\u00e4ttring.<\/p>\n<p data-start=\"321\" data-end=\"633\">N\u00e4r locket \u00e4r st\u00e4ngt fungerar det som ett slitstarkt skydd f\u00f6r kikarsiktets okular, vilket skyddar optiken fr\u00e5n smuts, skr\u00e4p och st\u00f6tar under transport och f\u00e4ltbruk. N\u00e4r det d\u00e4remot f\u00e4lls upp, avsl\u00f6jar det sin distinkta funktion: en integrerad optisk lins placerad f\u00f6r att v\u00e4nda sig mot skytten. <\/p>\n<p data-start=\"635\" data-end=\"1134\">Denna extra lins projicerar ett vattenpass i samma fokusplan som m\u00e5lbilden du ser genom siktet. Som ett resultat kan gev\u00e4rets lutning kontrolleras omedelbart med en l\u00e4tt upp\u00e5tblick \u2013 utan att omfokusera \u00f6gat, flytta huvudet eller bryta skjutpositionen. Till skillnad fr\u00e5n traditionella externt monterade vattenpass, som kr\u00e4ver m\u00e4rkbar huvudr\u00f6relse och ett skifte i visuellt fokus, h\u00e5ller denna l\u00f6sning all kritisk visuell information d\u00e4r den h\u00f6r hemma: direkt i skyttens synf\u00e4lt.  <\/p>\n<p data-start=\"1136\" data-end=\"1545\">Resultatet \u00e4r snabbare verifiering, minskad distraktion och f\u00f6rb\u00e4ttrad konsekvens, s\u00e4rskilt i precisionsskjutningsscenarier d\u00e4r lutningsfel avsev\u00e4rt kan p\u00e5verka tr\u00e4ffpunkten. Genom att integrera lutningsindikering i en bekant och n\u00f6dv\u00e4ndig komponent \u2013 okularlocket \u2013 levererar denna produkt en ren, elegant f\u00f6rb\u00e4ttring j\u00e4mf\u00f6rt med konventionella l\u00f6sningar, utan att l\u00e4gga till bulk eller komplexitet till gev\u00e4rets upps\u00e4ttning. <\/p>\n<p data-start=\"1136\" data-end=\"1545\">Okularlocket \u00e4r tillverkat av stark polymer med optiska element i glas. Levereras med en upps\u00e4ttning distanser f\u00f6r montering av okularlocket p\u00e5 okular med diametrar fr\u00e5n 41 till 46 mm. <\/p>\n<p data-start=\"1547\" data-end=\"1695\" data-is-last-node=\"\" data-is-only-node=\"\">Kort sagt \u00e4r det inte bara ett skyddande lock, utan en funktionell optisk uppgradering designad f\u00f6r att g\u00f6ra exakt skytte enklare, snabbare och mer intuitivt.<\/p>\n","protected":false},"excerpt":{"rendered":"<p data-start=\"178\" data-end=\"319\">Vi har lyckats integrera en avancerad optisk modul i formfaktorn hos en konventionell uppf\u00e4llbar skyddsk\u00e5pa. Den projicerar en bild i vattenpass i anv\u00e4ndarens synf\u00e4lt, vilket g\u00f6r att man kan \u00f6vervaka siktet utan att beh\u00f6va omfokusera eller \u00e4ndra huvudposition medan man siktar genom siktet. <\/p>\n<p data-start=\"178\" data-end=\"319\">Denna <strong>uppr\u00e4tt<\/strong> variant \u00e4r avsedd f\u00f6r anv\u00e4ndare som f\u00f6redrar att skyddsk\u00e5pan \u00f6ppnas upp\u00e5t.<\/p>\n<p data-start=\"321\" data-end=\"633\">\n","protected":false},"featured_media":5427,"template":"","meta":{"_crdt_document":"","advanced_seo_description":"","jetpack_seo_html_title":"","jetpack_seo_noindex":false},"product_brand":[],"product_cat":[180],"product_tag":[181],"class_list":{"0":"post-5395","1":"product","2":"type-product","3":"status-publish","4":"has-post-thumbnail","6":"product_cat-tillbeh-r","7":"product_tag-eu","9":"first","10":"outofstock","11":"taxable","12":"shipping-taxable","13":"purchasable","14":"product-type-variable"},"jetpack_sharing_enabled":true,"_links":{"self":[{"href":"https:\/\/immersive-optics.com\/sv\/wp-json\/wp\/v2\/product\/5395","targetHints":{"allow":["GET"]}}],"collection":[{"href":"https:\/\/immersive-optics.com\/sv\/wp-json\/wp\/v2\/product"}],"about":[{"href":"https:\/\/immersive-optics.com\/sv\/wp-json\/wp\/v2\/types\/product"}],"wp:featuredmedia":[{"embeddable":true,"href":"https:\/\/immersive-optics.com\/sv\/wp-json\/wp\/v2\/media\/5427"}],"wp:attachment":[{"href":"https:\/\/immersive-optics.com\/sv\/wp-json\/wp\/v2\/media?parent=5395"}],"wp:term":[{"taxonomy":"product_brand","embeddable":true,"href":"https:\/\/immersive-optics.com\/sv\/wp-json\/wp\/v2\/product_brand?post=5395"},{"taxonomy":"product_cat","embeddable":true,"href":"https:\/\/immersive-optics.com\/sv\/wp-json\/wp\/v2\/product_cat?post=5395"},{"taxonomy":"product_tag","embeddable":true,"href":"https:\/\/immersive-optics.com\/sv\/wp-json\/wp\/v2\/product_tag?post=5395"}],"curies":[{"name":"wp","href":"https:\/\/api.w.org\/{rel}","templated":true}]}}