{"id":5878,"date":"2026-03-26T13:41:21","date_gmt":"2026-03-26T13:41:21","guid":{"rendered":"https:\/\/immersive-optics.com\/sekretesspolicy\/"},"modified":"2026-03-26T13:41:23","modified_gmt":"2026-03-26T13:41:23","slug":"sekretesspolicy","status":"publish","type":"page","link":"https:\/\/immersive-optics.com\/sv\/sekretesspolicy\/","title":{"rendered":"Sekretesspolicy"},"content":{"rendered":"\t\t<div data-elementor-type=\"wp-page\" data-elementor-id=\"5878\" class=\"elementor elementor-5878 elementor-1694\" data-elementor-post-type=\"page\">\n\t\t\t\t\t\t<section class=\"elementor-section elementor-top-section elementor-element elementor-element-31929323 elementor-section-boxed elementor-section-height-default elementor-section-height-default\" data-id=\"31929323\" data-element_type=\"section\" data-e-type=\"section\">\n\t\t\t\t\t\t<div class=\"elementor-container elementor-column-gap-default\">\n\t\t\t\t\t<div class=\"elementor-column elementor-col-100 elementor-top-column elementor-element elementor-element-6c23bc25\" data-id=\"6c23bc25\" data-element_type=\"column\" data-e-type=\"column\">\n\t\t\t<div class=\"elementor-widget-wrap elementor-element-populated\">\n\t\t\t\t\t\t<div class=\"elementor-element elementor-element-6707783b elementor-widget elementor-widget-image\" data-id=\"6707783b\" data-element_type=\"widget\" data-e-type=\"widget\" data-widget_type=\"image.default\">\n\t\t\t\t<div class=\"elementor-widget-container\">\n\t\t\t\t\t\t\t\t\t\t\t\t\t\t\t<img fetchpriority=\"high\" decoding=\"async\" width=\"1370\" height=\"276\" src=\"https:\/\/immersive-optics.com\/wp-content\/uploads\/2021\/07\/Policy.svg\" class=\"attachment-full size-full wp-image-5879\" alt=\"\" \/>\t\t\t\t\t\t\t\t\t\t\t\t\t\t\t<\/div>\n\t\t\t\t<\/div>\n\t\t\t\t<div class=\"elementor-element elementor-element-3a652b12 elementor-widget elementor-widget-heading\" data-id=\"3a652b12\" data-element_type=\"widget\" data-e-type=\"widget\" data-widget_type=\"heading.default\">\n\t\t\t\t<div class=\"elementor-widget-container\">\n\t\t\t\t\t<h1 class=\"elementor-heading-title elementor-size-default\">    Sekretesspolicy<\/h1>\t\t\t\t<\/div>\n\t\t\t\t<\/div>\n\t\t\t\t<div class=\"elementor-element elementor-element-16e6747c elementor-widget elementor-widget-text-editor\" data-id=\"16e6747c\" data-element_type=\"widget\" data-e-type=\"widget\" data-widget_type=\"text-editor.default\">\n\t\t\t\t<div class=\"elementor-widget-container\">\n\t\t\t\t\t\t\t\t\t<p>Immersive Optics Ltds integritets- och cookiepolicy<\/p><p><strong>Purpose of the Policy.<\/strong><\/p><p>Immersive Optics Limited har \u00e5tagit sig att bevara din integritet och respekterar din r\u00e4tt att kontrollera dina personuppgifter. V\u00e5r integritetspolicy beskriver i detalj vilken information vi samlar in, hur vi anv\u00e4nder den och hur vi skyddar informationen. <\/p><p><strong>Information som vi kan komma att samla in.<\/strong><\/p><p>Vi samlar in information om dig n\u00e4r vi tillhandah\u00e5ller v\u00e5ra produkter och tj\u00e4nster till dig genom att beg\u00e4ra eller p\u00e5 annat s\u00e4tt inh\u00e4mta information som vi rimligen kan beh\u00f6va k\u00e4nna till f\u00f6r att kunna tillhandah\u00e5lla produkterna och tj\u00e4nsterna lagligt och enligt en l\u00e4mplig standard.<\/p><p>Vi kan komma att samla in information som du frivilligt l\u00e4mnar till oss, s\u00e5som, men inte begr\u00e4nsat till, ditt namn, telefonnummer, e-postadress och finansiell information n\u00e4r du kommunicerar eller kontaktar oss p\u00e5 n\u00e5got s\u00e4tt.<\/p><p>Vi kan be dig att fylla i dokument och formul\u00e4r f\u00f6r att ans\u00f6ka om ett handelskonto; beg\u00e4ra inloggning till \u00e5terf\u00f6rs\u00e4ljarens webbplats; genomf\u00f6ra enstaka unders\u00f6kningar f\u00f6r att f\u00f6rb\u00e4ttra v\u00e5ra tj\u00e4nster till dig, \u00e4ven om detta inte \u00e4r obligatoriskt; beg\u00e4ra att f\u00e5 nyhetsbrev, produktinformation och evenemangsaktiviteter; och delta i t\u00e4vlingar och marknadsf\u00f6ringsaktiviteter.<\/p><p>Precis som med de flesta andra webbplatser samlar vi automatiskt in och anv\u00e4nder data som finns i loggfiler. Informationen i loggfilerna inkluderar din IP-adress (Internet Protocol), din internetleverant\u00f6r (ISP), vilken webbl\u00e4sare du anv\u00e4nde f\u00f6r att bes\u00f6ka v\u00e5r webbplats, n\u00e4r du bes\u00f6kte v\u00e5r webbplats och vilka sidor du bes\u00f6kte p\u00e5 v\u00e5r webbplats. <\/p><p>Cookies \u00e4r textfiler som placeras p\u00e5 din dator f\u00f6r att samla in standardinformation om internetloggar och bes\u00f6ksbeteende. Denna information anv\u00e4nds f\u00f6r att sp\u00e5ra bes\u00f6kares anv\u00e4ndning av webbplatsen och f\u00f6r att sammanst\u00e4lla statistiska rapporter om webbplatsaktivitet. Immersive Optics Limited anv\u00e4nder cookies f\u00f6r att sp\u00e5ra anv\u00e4ndaraktiviteter p\u00e5 v\u00e5r webbplats f\u00f6r att f\u00f6rb\u00e4ttra dess prestanda och funktionalitet. F\u00f6r mer information, bes\u00f6k www.aboutcookies.org eller www.allaboutcookies.org. Du kan st\u00e4lla in din webbl\u00e4sare s\u00e5 att den inte accepterar cookies och ovanst\u00e5ende webbplatser beskriver hur du tar bort cookies fr\u00e5n din webbl\u00e4sare. I vissa fall kan dock vissa av v\u00e5ra webbplatsfunktioner inte fungera som ett resultat av detta. Vi kan ocks\u00e5 f\u00e5 information fr\u00e5n dig fr\u00e5n sociala medieplattformar, till exempel n\u00e4r du interagerar med oss \u200b\u200bp\u00e5 sociala medieplattformar.      <\/p><p><strong>Hur vi kan komma att anv\u00e4nda dina personuppgifter<\/strong><\/p><p>Immersive Optics Limited anv\u00e4nder dina personuppgifter f\u00f6r att f\u00f6rse dig med de produkter och tj\u00e4nster vi erbjuder samt f\u00f6r att f\u00f6rb\u00e4ttra och anpassa dina upplevelser. Vi anv\u00e4nder dina personuppgifter p\u00e5 f\u00f6ljande s\u00e4tt: <\/p><ol><li>F\u00f6r att fullg\u00f6ra skyldigheter som h\u00e4rr\u00f6r fr\u00e5n avtal eller aff\u00e4rstransaktioner som ing\u00e5tts mellan oss.<\/li><li>F\u00f6r att svara p\u00e5 dina f\u00f6rfr\u00e5gningar och tillhandah\u00e5lla kundtj\u00e4nst och support.<\/li><li>F\u00f6r att f\u00f6rse dig med nyhetsbrev, information, priser, produktdetaljer och evenemangsinformation som du har beg\u00e4rt eller som vi tror kan vara av intresse f\u00f6r dig, f\u00f6rutsatt att du har samtyckt till att ta emot s\u00e5dan information.<\/li><li>F\u00f6r att informera dig om eventuella \u00e4ndringar i v\u00e5ra produkter och tj\u00e4nster.<\/li><li>Att utveckla aggregerad analys och aff\u00e4rsinformation som g\u00f6r det m\u00f6jligt f\u00f6r oss att bedriva verksamhet, f\u00f6rb\u00e4ttra, skydda, fatta v\u00e4lgrundade beslut och rapportera om aff\u00e4rsresultat.<\/li><\/ol><p>Om vi \u200b\u200banv\u00e4nder dina personuppgifter f\u00f6r n\u00e5got \u00e4ndam\u00e5l som inte anges i denna integritetspolicy kommer vi att informera dig exakt vad vi kommer att anv\u00e4nda dem till innan vi g\u00e5r vidare och inh\u00e4mtar ditt samtycke d\u00e4r s\u00e5 \u00e4r l\u00e4mpligt.<\/p><p><strong>Dela dina personuppgifter<\/strong><\/p><p>Vi kommer att behandla dina personuppgifter konfidentiellt. Immersive Optics Limited s\u00e4ljer ingen personlig information. Vi kommer aldrig att l\u00e4mna ut dina personuppgifter utanf\u00f6r v\u00e5r verksamhet, f\u00f6rutom till underleverant\u00f6rer, ombud, leverant\u00f6rer och tredjepartsleverant\u00f6rer f\u00f6r att utf\u00f6ra tj\u00e4nster som webbplatshantering och hosting, frakt, kreditkortsbehandling och kommunikation. Vi kommer endast att dela personuppgifter med ombud eller entrepren\u00f6rer som arbetar f\u00f6r v\u00e5r r\u00e4kning i den utstr\u00e4ckning det \u00e4r n\u00f6dv\u00e4ndigt f\u00f6r att slutf\u00f6ra en transaktion och tillhandah\u00e5lla en produkt eller tj\u00e4nst. Det \u00e4r v\u00e5rt ber\u00e4ttigade intresse att behandla dina personuppgifter f\u00f6r dessa \u00e4ndam\u00e5l.    <\/p><p>Vi kan ocks\u00e5 vara skyldiga att l\u00e4mna ut dina personuppgifter av f\u00f6ljande sk\u00e4l:<\/p><ol><li>D\u00e4r vi \u00e4r skyldiga att g\u00f6ra det f\u00f6r att uppfylla en r\u00e4ttslig skyldighet.<\/li><li>F\u00f6r att skydda v\u00e5ra, v\u00e5ra kunders eller andras r\u00e4ttigheter, egendom eller s\u00e4kerhet.<\/li><li>Personuppgifter skulle vara en av de \u00f6verf\u00f6rda tillg\u00e5ngarna i h\u00e4ndelse av att vi s\u00e4ljer eller planerar att s\u00e4lja verksamheten och\/eller dess tillg\u00e5ngar.<\/li><\/ol><p>Tyv\u00e4rr \u00e4r \u00f6verf\u00f6ring av information via internet inte helt s\u00e4ker och \u00e4ven om vi vidtar alla rimliga \u00e5tg\u00e4rder f\u00f6r att skydda dina personuppgifter kan vi inte garantera s\u00e4kerheten f\u00f6r data som \u00f6verf\u00f6rs till oss och all \u00f6verf\u00f6ring sker helt p\u00e5 egen risk.<\/p><p><strong>Lagring av dina personuppgifter<\/strong><\/p><p>All information lagras p\u00e5 v\u00e5ra s\u00e4kra servrar, men vi kan ocks\u00e5 anv\u00e4nda tredje parter, som agerar f\u00f6r v\u00e5r r\u00e4kning, som kan lagra eller behandla information som vi samlar in om dig i l\u00e4nder utanf\u00f6r Europeiska ekonomiska samarbetsomr\u00e5det. Dessa l\u00e4nder kanske inte har samma dataskyddslagar som Storbritannien. Genom att l\u00e4mna in dina personuppgifter samtycker du till denna \u00f6verf\u00f6ring, lagring eller behandling. Vi har implementerat tekniska och organisatoriska s\u00e4kerhets\u00e5tg\u00e4rder f\u00f6r att f\u00f6rhindra f\u00f6rlust eller obeh\u00f6rig \u00e5tkomst till dina personuppgifter. \u00c4ven om vi har gjort v\u00e5rt b\u00e4sta f\u00f6r att s\u00e4kerst\u00e4lla s\u00e4kerheten f\u00f6r dina uppgifter, v\u00e4nligen observera att vi inte kan garantera s\u00e4kerheten f\u00f6r information som \u00f6verf\u00f6rs via internet.   <\/p><p>Immersive Optics Limited kommer att beh\u00e5lla dina personuppgifter s\u00e5 l\u00e4nge som det kr\u00e4vs f\u00f6r de \u00e4ndam\u00e5l f\u00f6r vilka de l\u00e4mnades. Vi kommer regelbundet att granska lagringsperioderna och kommer att uppdatera, arkivera eller s\u00e4kert radera information om den blir f\u00f6r\u00e5ldrad och inte l\u00e4ngre beh\u00f6vs, f\u00f6rutsatt att detta f\u00f6ljer relevant lagstiftning. <\/p><p><strong>Dina r\u00e4ttigheter<\/strong><\/p><p>Du har r\u00e4tt att beg\u00e4ra att vi inte behandlar dina personuppgifter f\u00f6r marknadsf\u00f6rings\u00e4ndam\u00e5l.<\/p><p>Du kan n\u00e4r som helst ut\u00f6va dina r\u00e4ttigheter att \u00e4ndra dina preferenser eller avsluta prenumerationen p\u00e5 kommunikation genom att skicka e-post till info@immersive-optics.com<\/p><p>Du kan be oss att ge dig en kopia av de personuppgifter vi har om dig. Vi kommer inte att ta ut n\u00e5gon avgift f\u00f6r detta, f\u00f6rutom i det fall din beg\u00e4ran anses vara uppenbart ogrundad eller \u00f6verdriven. <\/p><p>Att din information \u00e4r korrekt \u00e4r viktigt f\u00f6r oss. Om du anser att n\u00e5gon information vi har \u00e4r felaktig eller om du beh\u00f6ver \u00e4ndra den, v\u00e4nligen kontakta oss via e-post till info@immersive-optics.com. <\/p><p><strong>\u00c4ndringar i v\u00e5r integritetspolicy<\/strong><\/p><p>Immersive Optics Limited kan komma att uppdatera eller \u00e4ndra denna policy vid behov och kommer att uppdatera revisionsdatumet som visas l\u00e4ngst ner i dokumentet. Vi rekommenderar att du granskar denna policy regelbundet. <\/p>\t\t\t\t\t\t\t\t<\/div>\n\t\t\t\t<\/div>\n\t\t\t\t\t<\/div>\n\t\t<\/div>\n\t\t\t\t\t<\/div>\n\t\t<\/section>\n\t\t\t\t<\/div>\n\t\t","protected":false},"excerpt":{"rendered":"<p>Sekretesspolicy Immersive Optics Ltds integritets- och cookiepolicy Purpose of the Policy. Immersive Optics Limited har \u00e5tagit sig att bevara din integritet och respekterar din r\u00e4tt att kontrollera dina personuppgifter. V\u00e5r integritetspolicy beskriver i detalj vilken information vi samlar in, hur vi anv\u00e4nder den och hur vi skyddar informationen. Information som vi kan komma att samla [&hellip;]<\/p>\n","protected":false},"author":3,"featured_media":0,"parent":0,"menu_order":0,"comment_status":"closed","ping_status":"closed","template":"","meta":{"_crdt_document":"","advanced_seo_description":"","jetpack_seo_html_title":"","jetpack_seo_noindex":false,"footnotes":""},"class_list":["post-5878","page","type-page","status-publish","hentry"],"jetpack_sharing_enabled":true,"jetpack_shortlink":"https:\/\/wp.me\/Ph9FcQ-1wO","_links":{"self":[{"href":"https:\/\/immersive-optics.com\/sv\/wp-json\/wp\/v2\/pages\/5878","targetHints":{"allow":["GET"]}}],"collection":[{"href":"https:\/\/immersive-optics.com\/sv\/wp-json\/wp\/v2\/pages"}],"about":[{"href":"https:\/\/immersive-optics.com\/sv\/wp-json\/wp\/v2\/types\/page"}],"author":[{"embeddable":true,"href":"https:\/\/immersive-optics.com\/sv\/wp-json\/wp\/v2\/users\/3"}],"replies":[{"embeddable":true,"href":"https:\/\/immersive-optics.com\/sv\/wp-json\/wp\/v2\/comments?post=5878"}],"version-history":[{"count":0,"href":"https:\/\/immersive-optics.com\/sv\/wp-json\/wp\/v2\/pages\/5878\/revisions"}],"wp:attachment":[{"href":"https:\/\/immersive-optics.com\/sv\/wp-json\/wp\/v2\/media?parent=5878"}],"curies":[{"name":"wp","href":"https:\/\/api.w.org\/{rel}","templated":true}]}}