{"id":6046,"date":"2025-12-31T19:33:57","date_gmt":"2025-12-31T19:33:57","guid":{"rendered":"https:\/\/immersive-optics.com\/product\/celownik-pryzmatyczny-10x24-2\/"},"modified":"2026-03-27T22:47:51","modified_gmt":"2026-03-27T22:47:51","slug":"celownik-pryzmatyczny-10x24-2","status":"publish","type":"product","link":"https:\/\/immersive-optics.com\/pl\/produkt\/celownik-pryzmatyczny-10x24-2\/","title":{"rendered":"Celownik Pryzmatyczny 10&#215;24"},"content":{"rendered":"<p>Idealny do stosowania na kompaktowych karabinach lub wiatr\u00f3wkach o umiarkowanym lub niewielkim odrzucie, uk\u0142ad optyczny oparty na pryzmacie w modelu 10X24 pozwala na zmniejszenie jego rozmiar\u00f3w poprzez eliminacj\u0119 typowo du\u017cego obiektywu, wyd\u0142u\u017conego korpusu oraz du\u017cego odsuni\u0119cia \u017arenicy wyj\u015bciowej charakterystycznych dla tradycyjnych lunet, bez utraty zdolno\u015bci zbierania \u015bwiat\u0142a, mo\u017cliwo\u015bci powi\u0119kszenia ani pola widzenia.<\/p>\n<p>Konstrukcja pryzmatyczna umo\u017cliwia r\u00f3wnie\u017c znaczn\u0105 redukcj\u0119 gabaryt\u00f3w i masy modelu 10&#215;24, co przek\u0142ada si\u0119 na wi\u0119ksz\u0105 mobilno\u015b\u0107 strzelca oraz lepsze wywa\u017cenie pomi\u0119dzy celownikiem a karabinem, zapewniaj\u0105c bardziej komfortowe u\u017cytkowanie i mo\u017cliwo\u015b\u0107 d\u0142ugotrwa\u0142ego celowania bez odczuwania zm\u0119czenia.<\/p>\n<p>W por\u00f3wnaniu do tradycyjnych lunet celowniczych, model Immersive Optics oferuje pole widzenia a\u017c 4x szersze. Mo\u017cliwo\u015b\u0107 ustawienia ostro\u015bci ju\u017c od 6 m oraz brak paralaksy sprawiaj\u0105, \u017ce 10X24 jest doskona\u0142ym rozwi\u0105zaniem dla u\u017cytkownik\u00f3w oczekuj\u0105cych wysokiej jako\u015bci optyki r\u00f3wnie\u017c przy strzelaniu na kr\u00f3tkich dystansach.<\/p>\n<p>Zastosowanie szk\u0142a o niskiej dyspersji pozwala zachowa\u0107 naturalne odwzorowanie kolor\u00f3w w polu widzenia, minimalizuj\u0105c aberracj\u0119 chromatyczn\u0105 (obw\u00f3dki kolorystyczne), co zapewnia wysok\u0105 przejrzysto\u015b\u0107 i obraz o doskona\u0142ej jako\u015bci nawet na du\u017cych dystansach.<\/p>\n<p>Dla maksymalnej jako\u015bci u\u017cytkowania, obudowa wykonana metod\u0105 CNC zapewnia precyzj\u0119 i niezawodno\u015b\u0107, a kana\u0142y optyczne wype\u0142nione azotem chroni\u0105 przed zaparowaniem. Szczelna konstrukcja gwarantuje odporno\u015b\u0107 na wilgo\u0107. Zastosowano r\u00f3wnie\u017c praktyczny system mocowania os\u0142onki soczewki, kt\u00f3ry utrzymuje j\u0105 z boku lunety, poza polem widzenia, eliminuj\u0105c rozpraszaj\u0105ce elementy podczas strzelania.<\/p>\n<p>W zale\u017cno\u015bci od wybranego modelu, celownik pryzmatyczny 10X24 wyposa\u017cony jest w pod\u015bwietlan\u0105, trawion\u0105 w szkle siatk\u0119 celownicz\u0105 Mildot lub Mildot Extended, precyzyjne mechanizmy regulacji poziomej i pionowej oraz dostarczany jest z monta\u017cem z regulacj\u0105 MOA.<\/p>\n<table class=\"pp-table tablesaw\">\n<colgroup>\n<col class=\"elementor-repeater-item-8646819\" span=\"1\" \/><\/colgroup>\n<thead>\n<tr class=\"pp-table-row\">\n<th class=\"pp-table-cell pp-table-cell-683315e\"><span class=\"pp-table-cell-content\"><span class=\"pp-table-cell-text\">Parametr<\/span><\/span><\/th>\n<th class=\"pp-table-cell pp-table-cell-73977f6\"><span class=\"pp-table-cell-content\"><span class=\"pp-table-cell-text\">Celownik 10&#215;24<\/span><\/span><\/th>\n<\/tr>\n<\/thead>\n<tfoot><\/tfoot>\n<tbody>\n<tr>\n<td class=\"pp-table-cell pp-table-cell-33971f9\"><span class=\"pp-table-cell-content\"><span class=\"pp-table-cell-text\">Powi\u0119kszenie, X<\/span><\/span><\/td>\n<td class=\"pp-table-cell pp-table-cell-3971dda\"><span class=\"pp-table-cell-content\"><span class=\"pp-table-cell-text\">10<\/span><\/span><\/td>\n<\/tr>\n<tr>\n<td class=\"pp-table-cell pp-table-cell-3c2214f\"><span class=\"pp-table-cell-content\"><span class=\"pp-table-cell-text\">\u015arednica obiektywu, mm<\/span><\/span><\/td>\n<td class=\"pp-table-cell pp-table-cell-aa7e809\"><span class=\"pp-table-cell-content\"><span class=\"pp-table-cell-text\">24<\/span><\/span><\/td>\n<\/tr>\n<tr>\n<td class=\"pp-table-cell pp-table-cell-1f25865\"><span class=\"pp-table-cell-content\"><span class=\"pp-table-cell-text\">Odsuni\u0119cie \u017arenicy wyj\u015bciowej, cale \/ mm<\/span><\/span><\/td>\n<td class=\"pp-table-cell pp-table-cell-c7fe3cd\"><span class=\"pp-table-cell-content\"><span class=\"pp-table-cell-text\">0.55 \/ 14<\/span><\/span><\/td>\n<\/tr>\n<tr>\n<td class=\"pp-table-cell pp-table-cell-cc62bce\"><span class=\"pp-table-cell-content\"><span class=\"pp-table-cell-text\">\u015arednica tubusu, mm<\/span><\/span><\/td>\n<td class=\"pp-table-cell pp-table-cell-0ecaf37\"><span class=\"pp-table-cell-content\"><span class=\"pp-table-cell-text\">30<\/span><\/span><\/td>\n<\/tr>\n<tr>\n<td class=\"pp-table-cell pp-table-cell-dbff3e9\"><span class=\"pp-table-cell-content\"><span class=\"pp-table-cell-text\">Pole widzenia, ft@100yds\/ m@100m<\/span><\/span><\/td>\n<td class=\"pp-table-cell pp-table-cell-d33d8ef\"><span class=\"pp-table-cell-content\"><span class=\"pp-table-cell-text\">32 \/ 10.6<\/span><\/span><\/td>\n<\/tr>\n<tr>\n<td class=\"pp-table-cell pp-table-cell-c0c63c5\"><span class=\"pp-table-cell-content\"><span class=\"pp-table-cell-text\">Minimalna odleg\u0142o\u015b\u0107 ostrzenia, m<\/span><\/span><\/td>\n<td class=\"pp-table-cell pp-table-cell-cd99b46\"><span class=\"pp-table-cell-content\"><span class=\"pp-table-cell-text\">6<\/span><\/span><\/td>\n<\/tr>\n<tr>\n<td class=\"pp-table-cell pp-table-cell-c0ff221\"><span class=\"pp-table-cell-content\"><span class=\"pp-table-cell-text\">Warto\u015b\u0107 kliku (MIL \/MOA\/cm@100m)<\/span><\/span><\/td>\n<td class=\"pp-table-cell pp-table-cell-59f23db\"><span class=\"pp-table-cell-content\"><span class=\"pp-table-cell-text\">0.1 \/ 0.338 \/ 1<\/span><\/span><\/td>\n<\/tr>\n<tr>\n<td class=\"pp-table-cell pp-table-cell-c0f286a\"><span class=\"pp-table-cell-content\"><span class=\"pp-table-cell-text\">Liczba klik\u00f3w na obr\u00f3t<\/span><\/span><\/td>\n<td class=\"pp-table-cell pp-table-cell-e48b19d\"><span class=\"pp-table-cell-content\"><span class=\"pp-table-cell-text\">50<\/span><\/span><\/td>\n<\/tr>\n<tr>\n<td class=\"pp-table-cell pp-table-cell-7796840\"><span class=\"pp-table-cell-content\"><span class=\"pp-table-cell-text\">Zakres regulacji na obr\u00f3t (MIL \/ MOA)<\/span><\/span><\/td>\n<td class=\"pp-table-cell pp-table-cell-aa44a69\"><span class=\"pp-table-cell-content\"><span class=\"pp-table-cell-text\">5 \/ 15<\/span><\/span><\/td>\n<\/tr>\n<tr>\n<td class=\"pp-table-cell pp-table-cell-8d83140\"><span class=\"pp-table-cell-content\"><span class=\"pp-table-cell-text\">Maks. regulacja pionowa (MIL \/ MOA)<\/span><\/span><\/td>\n<td class=\"pp-table-cell pp-table-cell-5a3029e\"><span class=\"pp-table-cell-content\"><span class=\"pp-table-cell-text\">28 \/ 83<\/span><\/span><\/td>\n<\/tr>\n<tr>\n<td class=\"pp-table-cell pp-table-cell-e237808\"><span class=\"pp-table-cell-content\"><span class=\"pp-table-cell-text\">Maks. regulacja pozioma (MIL \/ MOA)<\/span><\/span><\/td>\n<td class=\"pp-table-cell pp-table-cell-8f0cd12\"><span class=\"pp-table-cell-content\"><span class=\"pp-table-cell-text\">28 \/ 83<\/span><\/span><\/td>\n<\/tr>\n<tr>\n<td class=\"pp-table-cell pp-table-cell-87ac0ba\"><span class=\"pp-table-cell-content\"><span class=\"pp-table-cell-text\">Wymiary celownika, mm<\/span><\/span><\/td>\n<td class=\"pp-table-cell pp-table-cell-517ac24\"><span class=\"pp-table-cell-content\"><span class=\"pp-table-cell-text\">72 x 51 x 122<\/span><\/span><\/td>\n<\/tr>\n<tr>\n<td class=\"pp-table-cell pp-table-cell-38119a6\"><span class=\"pp-table-cell-content\"><span class=\"pp-table-cell-text\">Wymiary celownika, in<\/span><\/span><\/td>\n<td class=\"pp-table-cell pp-table-cell-2fd6ab1\"><span class=\"pp-table-cell-content\"><span class=\"pp-table-cell-text\">2,8 x 2 x 4,8<\/span><\/span><\/td>\n<\/tr>\n<tr>\n<td class=\"pp-table-cell pp-table-cell-a95e72b\"><span class=\"pp-table-cell-content\"><span class=\"pp-table-cell-text\">Masa (bez monta\u017cu) oz \/ gr<\/span><\/span><\/td>\n<td class=\"pp-table-cell pp-table-cell-ca26eb7\"><span class=\"pp-table-cell-content\"><span class=\"pp-table-cell-text\">8.74 \/ 248<\/span><\/span><\/td>\n<\/tr>\n<tr>\n<td class=\"pp-table-cell pp-table-cell-fffcbff\"><span class=\"pp-table-cell-content\"><span class=\"pp-table-cell-text\">Masa (z monta\u017cem z regulacj\u0105 MOA) oz \/ gr<\/span><\/span><\/td>\n<td class=\"pp-table-cell pp-table-cell-855f0d6\"><span class=\"pp-table-cell-content\"><span class=\"pp-table-cell-text\">13 \/ 370<\/span><\/span><\/td>\n<\/tr>\n<tr>\n<td class=\"pp-table-cell pp-table-cell-d423717\"><span class=\"pp-table-cell-content\"><span class=\"pp-table-cell-text\">Wodoszczelny i wype\u0142niony azotem<\/span><\/span><\/td>\n<td class=\"pp-table-cell pp-table-cell-4bc21ae\"><span class=\"pp-table-cell-content\"><span class=\"pp-table-cell-text\">TAK<\/span><\/span><\/td>\n<\/tr>\n<tr>\n<td class=\"pp-table-cell pp-table-cell-defa67d\"><span class=\"pp-table-cell-content\"><span class=\"pp-table-cell-text\">Odporno\u015b\u0107 na wstrz\u0105sy (do 600G)<\/span><\/span><\/td>\n<td class=\"pp-table-cell pp-table-cell-77fbf3a\"><span class=\"pp-table-cell-content\"><span class=\"pp-table-cell-text\">N\/D<\/span><\/span><\/td>\n<\/tr>\n<\/tbody>\n<\/table>\n","protected":false},"excerpt":{"rendered":"<p>Najmniejsza i najl\u017cejsza na \u015bwiecie luneta celownicza o powi\u0119kszeniu 10x.<\/p>\n","protected":false},"featured_media":6023,"template":"","meta":{"_crdt_document":"","advanced_seo_description":"","jetpack_seo_html_title":"","jetpack_seo_noindex":false},"product_brand":[],"product_cat":[189],"product_tag":[183],"class_list":{"0":"post-6046","1":"product","2":"type-product","3":"status-publish","4":"has-post-thumbnail","6":"product_cat-lunety","7":"product_tag-ue","9":"first","10":"outofstock","11":"sale","12":"taxable","13":"shipping-taxable","14":"purchasable","15":"product-type-variable"},"jetpack_sharing_enabled":true,"_links":{"self":[{"href":"https:\/\/immersive-optics.com\/pl\/wp-json\/wp\/v2\/product\/6046","targetHints":{"allow":["GET"]}}],"collection":[{"href":"https:\/\/immersive-optics.com\/pl\/wp-json\/wp\/v2\/product"}],"about":[{"href":"https:\/\/immersive-optics.com\/pl\/wp-json\/wp\/v2\/types\/product"}],"wp:featuredmedia":[{"embeddable":true,"href":"https:\/\/immersive-optics.com\/pl\/wp-json\/wp\/v2\/media\/6023"}],"wp:attachment":[{"href":"https:\/\/immersive-optics.com\/pl\/wp-json\/wp\/v2\/media?parent=6046"}],"wp:term":[{"taxonomy":"product_brand","embeddable":true,"href":"https:\/\/immersive-optics.com\/pl\/wp-json\/wp\/v2\/product_brand?post=6046"},{"taxonomy":"product_cat","embeddable":true,"href":"https:\/\/immersive-optics.com\/pl\/wp-json\/wp\/v2\/product_cat?post=6046"},{"taxonomy":"product_tag","embeddable":true,"href":"https:\/\/immersive-optics.com\/pl\/wp-json\/wp\/v2\/product_tag?post=6046"}],"curies":[{"name":"wp","href":"https:\/\/api.w.org\/{rel}","templated":true}]}}