{"id":6043,"date":"2025-12-31T19:41:21","date_gmt":"2025-12-31T19:41:21","guid":{"rendered":"https:\/\/immersive-optics.com\/product\/celownik-pryzmatyczny-10x40-2\/"},"modified":"2026-03-27T22:47:37","modified_gmt":"2026-03-27T22:47:37","slug":"celownik-pryzmatyczny-10x40-2","status":"publish","type":"product","link":"https:\/\/immersive-optics.com\/pl\/produkt\/celownik-pryzmatyczny-10x40-2\/","title":{"rendered":"Celownik Pryzmatyczny 10&#215;40"},"content":{"rendered":"<p>Konstrukcja Immersive Optics 10X40 umo\u017cliwia znaczn\u0105 redukcj\u0119 masy, zapewniaj\u0105c wi\u0119ksz\u0105 mobilno\u015b\u0107 strzelca oraz lepsze wywa\u017cenie pomi\u0119dzy celownikiem a karabinem, na kt\u00f3rym jest zamontowany. Zapewnia to maksymalny komfort u\u017cytkowania oraz mo\u017cliwo\u015b\u0107 d\u0142ugotrwa\u0142ego celowania bez odczuwania zm\u0119czenia czy dyskomfortu.<\/p>\n<p>Immersive Optics 10X40 oferuje pole widzenia a\u017c 4x szersze ni\u017c tradycyjne lunety celownicze oraz umo\u017cliwia ustawienie ostro\u015bci ju\u017c od 6 m bez wyst\u0119powania paralaksy. Czyni go to idealnym rozwi\u0105zaniem dla strzelc\u00f3w oczekuj\u0105cych doskona\u0142ej optyki, nawet przy strzelaniu na kr\u00f3tkich dystansach.<\/p>\n<p>Szk\u0142o o niskiej dyspersji pozwala temu kompaktowemu celownikowi zachowa\u0107 naturalne odwzorowanie kolor\u00f3w w polu widzenia, minimalizuj\u0105c aberracj\u0119 chromatyczn\u0105 (obw\u00f3dki kolorystyczne), co przek\u0142ada si\u0119 na wysok\u0105 przejrzysto\u015b\u0107 i obraz o doskona\u0142ej jako\u015bci nawet na du\u017cych dystansach.<\/p>\n<p>Kana\u0142y optyczne wype\u0142nione azotem zapewniaj\u0105 ochron\u0119 przed zaparowaniem, a szczelna konstrukcja gwarantuje odporno\u015b\u0107 na wilgo\u0107. Zastosowano r\u00f3wnie\u017c praktyczny system mocowania os\u0142onki soczewki, kt\u00f3ry umo\u017cliwia jej wygodne przypi\u0119cie z boku lunety, eliminuj\u0105c elementy rozpraszaj\u0105ce podczas strzelania.<\/p>\n<p>Celownik pryzmatyczny 10X40, w zale\u017cno\u015bci od wybranego modelu, wyposa\u017cony jest w pod\u015bwietlan\u0105, trawion\u0105 w szkle siatk\u0119 celownicz\u0105 Mildot lub Mildot Extended, precyzyjne mechanizmy regulacji poziomej i pionowej oraz dostarczany jest z monta\u017cem z regulacj\u0105 MOA.<\/p>\n<table class=\"pp-table tablesaw\">\n<colgroup>\n<col class=\"elementor-repeater-item-8646819\" span=\"1\" \/><\/colgroup>\n<thead>\n<tr class=\"pp-table-row\">\n<th class=\"pp-table-cell pp-table-cell-683315e\"><span class=\"pp-table-cell-content\"><span class=\"pp-table-cell-text\">Parametr<\/span><\/span><\/th>\n<th class=\"pp-table-cell pp-table-cell-73977f6\"><span class=\"pp-table-cell-content\"><span class=\"pp-table-cell-text\">Warto\u015b\u0107<\/span><\/span><\/th>\n<\/tr>\n<\/thead>\n<tfoot><\/tfoot>\n<tbody>\n<tr>\n<td class=\"pp-table-cell pp-table-cell-33971f9\"><span class=\"pp-table-cell-content\"><span class=\"pp-table-cell-text\">Powi\u0119kszenie, X<\/span><\/span><\/td>\n<td class=\"pp-table-cell pp-table-cell-3971dda\"><span class=\"pp-table-cell-content\"><span class=\"pp-table-cell-text\">10<\/span><\/span><\/td>\n<\/tr>\n<tr>\n<td class=\"pp-table-cell pp-table-cell-3c2214f\"><span class=\"pp-table-cell-content\"><span class=\"pp-table-cell-text\">\u015arednica obiektywu, mm<\/span><\/span><\/td>\n<td class=\"pp-table-cell pp-table-cell-aa7e809\"><span class=\"pp-table-cell-content\"><span class=\"pp-table-cell-text\">40<\/span><\/span><\/td>\n<\/tr>\n<tr>\n<td class=\"pp-table-cell pp-table-cell-1f25865\"><span class=\"pp-table-cell-content\"><span class=\"pp-table-cell-text\">Odsuni\u0119cie \u017arenicy wyj\u015bciowej, cale \/ mm<\/span><\/span><\/td>\n<td class=\"pp-table-cell pp-table-cell-c7fe3cd\"><span class=\"pp-table-cell-content\"><span class=\"pp-table-cell-text\">0.7 \/ 17<\/span><\/span><\/td>\n<\/tr>\n<tr>\n<td class=\"pp-table-cell pp-table-cell-cc62bce\"><span class=\"pp-table-cell-content\"><span class=\"pp-table-cell-text\">\u015arednica tubusu, mm<\/span><\/span><\/td>\n<td class=\"pp-table-cell pp-table-cell-0ecaf37\"><span class=\"pp-table-cell-content\"><span class=\"pp-table-cell-text\">N\/D<\/span><\/span><\/td>\n<\/tr>\n<tr>\n<td class=\"pp-table-cell pp-table-cell-dbff3e9\"><span class=\"pp-table-cell-content\"><span class=\"pp-table-cell-text\">Pole widzenia, ft@100yds\/ m@100m<\/span><\/span><\/td>\n<td class=\"pp-table-cell pp-table-cell-d33d8ef\"><span class=\"pp-table-cell-content\"><span class=\"pp-table-cell-text\">34 \/ 11.4<\/span><\/span><\/td>\n<\/tr>\n<tr>\n<td class=\"pp-table-cell pp-table-cell-c0c63c5\"><span class=\"pp-table-cell-content\"><span class=\"pp-table-cell-text\">Minimalna odleg\u0142o\u015b\u0107 ostrzenia, m<\/span><\/span><\/td>\n<td class=\"pp-table-cell pp-table-cell-cd99b46\"><span class=\"pp-table-cell-content\"><span class=\"pp-table-cell-text\">6<\/span><\/span><\/td>\n<\/tr>\n<tr>\n<td class=\"pp-table-cell pp-table-cell-c0ff221\"><span class=\"pp-table-cell-content\"><span class=\"pp-table-cell-text\">Warto\u015b\u0107 kliku (MIL \/MOA\/cm@100m)<\/span><\/span><\/td>\n<td class=\"pp-table-cell pp-table-cell-59f23db\"><span class=\"pp-table-cell-content\"><span class=\"pp-table-cell-text\">0.1 \/ 0.338 \/ 1<\/span><\/span><\/td>\n<\/tr>\n<tr>\n<td class=\"pp-table-cell pp-table-cell-c0f286a\"><span class=\"pp-table-cell-content\"><span class=\"pp-table-cell-text\">Liczba klik\u00f3w na obr\u00f3t<\/span><\/span><\/td>\n<td class=\"pp-table-cell pp-table-cell-e48b19d\"><span class=\"pp-table-cell-content\"><span class=\"pp-table-cell-text\">50<\/span><\/span><\/td>\n<\/tr>\n<tr>\n<td class=\"pp-table-cell pp-table-cell-7796840\"><span class=\"pp-table-cell-content\"><span class=\"pp-table-cell-text\">Zakres regulacji na obr\u00f3t (MIL \/ MOA)<\/span><\/span><\/td>\n<td class=\"pp-table-cell pp-table-cell-aa44a69\"><span class=\"pp-table-cell-content\"><span class=\"pp-table-cell-text\">5 \/ 15<\/span><\/span><\/td>\n<\/tr>\n<tr>\n<td class=\"pp-table-cell pp-table-cell-8d83140\"><span class=\"pp-table-cell-content\"><span class=\"pp-table-cell-text\">Maks. regulacja pionowa (MIL \/ MOA)<\/span><\/span><\/td>\n<td class=\"pp-table-cell pp-table-cell-5a3029e\"><span class=\"pp-table-cell-content\"><span class=\"pp-table-cell-text\">28 \/ 83<\/span><\/span><\/td>\n<\/tr>\n<tr>\n<td class=\"pp-table-cell pp-table-cell-e237808\"><span class=\"pp-table-cell-content\"><span class=\"pp-table-cell-text\">Maks. regulacja pozioma (MIL \/ MOA)<\/span><\/span><\/td>\n<td class=\"pp-table-cell pp-table-cell-8f0cd12\"><span class=\"pp-table-cell-content\"><span class=\"pp-table-cell-text\">28 \/ 83<\/span><\/span><\/td>\n<\/tr>\n<tr>\n<td class=\"pp-table-cell pp-table-cell-87ac0ba\"><span class=\"pp-table-cell-content\"><span class=\"pp-table-cell-text\">Wymiary celownika, mm<\/span><\/span><\/td>\n<td class=\"pp-table-cell pp-table-cell-517ac24\"><span class=\"pp-table-cell-content\"><span class=\"pp-table-cell-text\">80 x 60 x 135<\/span><\/span><\/td>\n<\/tr>\n<tr>\n<td class=\"pp-table-cell pp-table-cell-38119a6\"><span class=\"pp-table-cell-content\"><span class=\"pp-table-cell-text\">Wymiary celownika, in<\/span><\/span><\/td>\n<td class=\"pp-table-cell pp-table-cell-2fd6ab1\"><span class=\"pp-table-cell-content\"><span class=\"pp-table-cell-text\">3,1 x 2,5 x 6,1<\/span><\/span><\/td>\n<\/tr>\n<tr>\n<td class=\"pp-table-cell pp-table-cell-a95e72b\"><span class=\"pp-table-cell-content\"><span class=\"pp-table-cell-text\">Masa (bez monta\u017cu) oz \/ gr<\/span><\/span><\/td>\n<td class=\"pp-table-cell pp-table-cell-ca26eb7\"><span class=\"pp-table-cell-content\"><span class=\"pp-table-cell-text\">N\/D<\/span><\/span><\/td>\n<\/tr>\n<tr>\n<td class=\"pp-table-cell pp-table-cell-fffcbff\"><span class=\"pp-table-cell-content\"><span class=\"pp-table-cell-text\">Masa (z monta\u017cem z regulacj\u0105 MOA) oz \/ gr<\/span><\/span><\/td>\n<td class=\"pp-table-cell pp-table-cell-855f0d6\"><span class=\"pp-table-cell-content\"><span class=\"pp-table-cell-text\">17,1 \/ 485<\/span><\/span><\/td>\n<\/tr>\n<tr>\n<td class=\"pp-table-cell pp-table-cell-d423717\"><span class=\"pp-table-cell-content\"><span class=\"pp-table-cell-text\">Wodoszczelny i wype\u0142niony azotem<\/span><\/span><\/td>\n<td class=\"pp-table-cell pp-table-cell-4bc21ae\"><span class=\"pp-table-cell-content\"><span class=\"pp-table-cell-text\">TAK<\/span><\/span><\/td>\n<\/tr>\n<tr>\n<td class=\"pp-table-cell pp-table-cell-defa67d\"><span class=\"pp-table-cell-content\"><span class=\"pp-table-cell-text\">Odporno\u015b\u0107 na wstrz\u0105sy (do 600G)<\/span><\/span><\/td>\n<td class=\"pp-table-cell pp-table-cell-77fbf3a\"><span class=\"pp-table-cell-content\"><span class=\"pp-table-cell-text\">N\/D<\/span><\/span><\/td>\n<\/tr>\n<\/tbody>\n<\/table>\n","protected":false},"excerpt":{"rendered":"<p>Celownik pryzmatyczny 10&#215;40 jest idealny do stosowania na kompaktowych karabinach lub wiatr\u00f3wkach o umiarkowanym lub niewielkim odrzucie. Dzi\u0119ki uk\u0142adowi optycznemu opartemu na pryzmacie mo\u017cliwe by\u0142o znaczne zmniejszenie jego gabaryt\u00f3w w por\u00f3wnaniu do tradycyjnej optyki dziennej poprzez eliminacj\u0119 zwykle du\u017cego obiektywu, wyd\u0142u\u017conego korpusu oraz du\u017cego odsuni\u0119cia \u017arenicy wyj\u015bciowej \u2014 bez utraty zdolno\u015bci zbierania \u015bwiat\u0142a, mo\u017cliwo\u015bci powi\u0119kszenia ani pola widzenia.<\/p>\n","protected":false},"featured_media":6029,"template":"","meta":{"_crdt_document":"","advanced_seo_description":"","jetpack_seo_html_title":"","jetpack_seo_noindex":false},"product_brand":[],"product_cat":[189],"product_tag":[183],"class_list":{"0":"post-6043","1":"product","2":"type-product","3":"status-publish","4":"has-post-thumbnail","6":"product_cat-lunety","7":"product_tag-ue","9":"first","10":"outofstock","11":"sale","12":"taxable","13":"shipping-taxable","14":"purchasable","15":"product-type-variable"},"jetpack_sharing_enabled":true,"_links":{"self":[{"href":"https:\/\/immersive-optics.com\/pl\/wp-json\/wp\/v2\/product\/6043","targetHints":{"allow":["GET"]}}],"collection":[{"href":"https:\/\/immersive-optics.com\/pl\/wp-json\/wp\/v2\/product"}],"about":[{"href":"https:\/\/immersive-optics.com\/pl\/wp-json\/wp\/v2\/types\/product"}],"wp:featuredmedia":[{"embeddable":true,"href":"https:\/\/immersive-optics.com\/pl\/wp-json\/wp\/v2\/media\/6029"}],"wp:attachment":[{"href":"https:\/\/immersive-optics.com\/pl\/wp-json\/wp\/v2\/media?parent=6043"}],"wp:term":[{"taxonomy":"product_brand","embeddable":true,"href":"https:\/\/immersive-optics.com\/pl\/wp-json\/wp\/v2\/product_brand?post=6043"},{"taxonomy":"product_cat","embeddable":true,"href":"https:\/\/immersive-optics.com\/pl\/wp-json\/wp\/v2\/product_cat?post=6043"},{"taxonomy":"product_tag","embeddable":true,"href":"https:\/\/immersive-optics.com\/pl\/wp-json\/wp\/v2\/product_tag?post=6043"}],"curies":[{"name":"wp","href":"https:\/\/api.w.org\/{rel}","templated":true}]}}