{"id":5583,"date":"2026-03-13T21:32:08","date_gmt":"2026-03-13T21:32:08","guid":{"rendered":"https:\/\/immersive-optics.com\/product\/zakrywka-okularu-ze-wska-nikiem-pochylenia-lewa\/"},"modified":"2026-03-26T13:05:21","modified_gmt":"2026-03-26T13:05:21","slug":"zakrywka-okularu-ze-wska-nikiem-pochylenia-lewa","status":"publish","type":"product","link":"https:\/\/immersive-optics.com\/pl\/produkt\/zakrywka-okularu-ze-wska-nikiem-pochylenia-lewa\/","title":{"rendered":"Zakrywka na okular ze wska\u017anikiem pochylenia (LEWA)"},"content":{"rendered":"<p data-start=\"178\" data-end=\"319\">Ta innowacyjna zakrywka okularu zmienia spos\u00f3b sprawdzania przechy\u0142u karabinu, \u0142\u0105cz\u0105c solidn\u0105 ochron\u0119 z prawdziwie praktycznym ulepszeniem optycznym.<\/p>\n<p data-start=\"321\" data-end=\"633\">Po zamkni\u0119ciu zakrywka pe\u0142ni funkcj\u0119 trwa\u0142ej os\u0142ony ochronnej okularu celownika optycznego, chroni\u0105c optyk\u0119 przed brudem, zanieczyszczeniami i uderzeniami podczas transportu i u\u017cytkowania w terenie. Po otwarciu jednak ujawnia swoj\u0105 charakterystyczn\u0105 cech\u0119: zintegrowan\u0105 soczewk\u0119 optyczn\u0105 skierowan\u0105 w stron\u0119 strzelca. <\/p>\n<p data-start=\"635\" data-end=\"1134\">Ta dodatkowa soczewka wy\u015bwietla poziomnic\u0119 p\u0119cherzykow\u0105 w tej samej p\u0142aszczy\u017anie ogniskowej, co obraz celu widziany przez lunet\u0119. Dzi\u0119ki temu przechy\u0142 karabinu mo\u017cna sprawdzi\u0107 natychmiast, rzucaj\u0105c okiem w lewo \u2013 bez konieczno\u015bci zmiany ostro\u015bci wzroku, poruszania g\u0142ow\u0105 czy zmiany pozycji strzeleckiej. W przeciwie\u0144stwie do tradycyjnych, montowanych zewn\u0119trznie poziomnic p\u0119cherzykowych, kt\u00f3re wymagaj\u0105 zauwa\u017calnego ruchu g\u0142owy i zmiany ostro\u015bci widzenia, to rozwi\u0105zanie utrzymuje wszystkie kluczowe informacje wizualne tam, gdzie ich miejsce: bezpo\u015brednio w linii wzroku strzelca.  <\/p>\n<p data-start=\"1136\" data-end=\"1545\">Rezultatem jest szybsza weryfikacja, mniejsze rozpraszanie uwagi i poprawiona sp\u00f3jno\u015b\u0107, szczeg\u00f3lnie w scenariuszach strzelectwa precyzyjnego, gdzie b\u0142\u0119dy przechy\u0142u mog\u0105 znacz\u0105co wp\u0142ywa\u0107 na punkt trafienia. Integruj\u0105c wska\u017anik przechy\u0142u ze znanym i niezb\u0119dnym elementem \u2014 zakrywk\u0105 okularu \u2014 ten produkt stanowi czyste, eleganckie ulepszenie w stosunku do konwencjonalnych rozwi\u0105za\u0144, nie zwi\u0119kszaj\u0105c obj\u0119to\u015bci ani z\u0142o\u017cono\u015bci konfiguracji karabinu. <\/p>\n<p data-start=\"1136\" data-end=\"1545\">Nasadka wykonana jest z mocnego polimeru, ze szklanymi elementami optycznymi. W zestawie znajduje si\u0119 zestaw dystans\u00f3w do monta\u017cu nasadki na okularach o \u015brednicy od 41 do 46 mm. <\/p>\n<p data-start=\"1547\" data-end=\"1695\" data-is-last-node=\"\" data-is-only-node=\"\">Kr\u00f3tko m\u00f3wi\u0105c, to nie tylko os\u0142ona ochronna, ale funkcjonalne ulepszenie optyczne zaprojektowane, aby uczyni\u0107 celne strzelanie prostszym, szybszym i bardziej intuicyjnym.<\/p>\n","protected":false},"excerpt":{"rendered":"<p data-start=\"178\" data-end=\"319\">Uda\u0142o nam si\u0119 wbudowa\u0107 zaawansowany modu\u0142 optyczny w konstrukcj\u0119 konwencjonalnej, odchylanej os\u0142ony ochronnej. Modu\u0142 wy\u015bwietla obraz z poziomu p\u0119cherzyka w polu widzenia u\u017cytkownika, umo\u017cliwiaj\u0105c monitorowanie przechy\u0142u bez konieczno\u015bci ponownego ustawiania ostro\u015bci lub zmiany pozycji g\u0142owy podczas celowania przez celownik. <\/p>\n<p data-start=\"178\" data-end=\"319\">Wersja <strong>LEWA<\/strong> przeznaczona jest dla u\u017cytkownik\u00f3w, kt\u00f3rzy wol\u0105, aby os\u0142ona ochronna otwiera\u0142a si\u0119 w lew\u0105 stron\u0119, zapewniaj\u0105c wyra\u017aniejszy widok na wie\u017cyczk\u0119 elewacji celownika.<\/p>\n<p data-start=\"321\" data-end=\"633\">\n","protected":false},"featured_media":5584,"template":"","meta":{"_crdt_document":"","advanced_seo_description":"","jetpack_seo_html_title":"","jetpack_seo_noindex":false},"product_brand":[],"product_cat":[175],"product_tag":[183],"class_list":{"0":"post-5583","1":"product","2":"type-product","3":"status-publish","4":"has-post-thumbnail","6":"product_cat-akcesoria","7":"product_tag-ue","9":"first","10":"outofstock","11":"taxable","12":"shipping-taxable","13":"purchasable","14":"product-type-variable"},"jetpack_sharing_enabled":true,"_links":{"self":[{"href":"https:\/\/immersive-optics.com\/pl\/wp-json\/wp\/v2\/product\/5583","targetHints":{"allow":["GET"]}}],"collection":[{"href":"https:\/\/immersive-optics.com\/pl\/wp-json\/wp\/v2\/product"}],"about":[{"href":"https:\/\/immersive-optics.com\/pl\/wp-json\/wp\/v2\/types\/product"}],"wp:featuredmedia":[{"embeddable":true,"href":"https:\/\/immersive-optics.com\/pl\/wp-json\/wp\/v2\/media\/5584"}],"wp:attachment":[{"href":"https:\/\/immersive-optics.com\/pl\/wp-json\/wp\/v2\/media?parent=5583"}],"wp:term":[{"taxonomy":"product_brand","embeddable":true,"href":"https:\/\/immersive-optics.com\/pl\/wp-json\/wp\/v2\/product_brand?post=5583"},{"taxonomy":"product_cat","embeddable":true,"href":"https:\/\/immersive-optics.com\/pl\/wp-json\/wp\/v2\/product_cat?post=5583"},{"taxonomy":"product_tag","embeddable":true,"href":"https:\/\/immersive-optics.com\/pl\/wp-json\/wp\/v2\/product_tag?post=5583"}],"curies":[{"name":"wp","href":"https:\/\/api.w.org\/{rel}","templated":true}]}}