{"id":5884,"date":"2026-03-26T13:53:08","date_gmt":"2026-03-26T13:53:08","guid":{"rendered":"https:\/\/immersive-optics.com\/polityka-prywatno-ci\/"},"modified":"2026-03-26T13:53:10","modified_gmt":"2026-03-26T13:53:10","slug":"polityka-prywatno-ci","status":"publish","type":"page","link":"https:\/\/immersive-optics.com\/pl\/polityka-prywatno-ci\/","title":{"rendered":"Polityka prywatno\u015bci"},"content":{"rendered":"\t\t<div data-elementor-type=\"wp-page\" data-elementor-id=\"5884\" class=\"elementor elementor-5884 elementor-1694\" data-elementor-post-type=\"page\">\n\t\t\t\t\t\t<section class=\"elementor-section elementor-top-section elementor-element elementor-element-31929323 elementor-section-boxed elementor-section-height-default elementor-section-height-default\" data-id=\"31929323\" data-element_type=\"section\" data-e-type=\"section\">\n\t\t\t\t\t\t<div class=\"elementor-container elementor-column-gap-default\">\n\t\t\t\t\t<div class=\"elementor-column elementor-col-100 elementor-top-column elementor-element elementor-element-6c23bc25\" data-id=\"6c23bc25\" data-element_type=\"column\" data-e-type=\"column\">\n\t\t\t<div class=\"elementor-widget-wrap elementor-element-populated\">\n\t\t\t\t\t\t<div class=\"elementor-element elementor-element-6707783b elementor-widget elementor-widget-image\" data-id=\"6707783b\" data-element_type=\"widget\" data-e-type=\"widget\" data-widget_type=\"image.default\">\n\t\t\t\t<div class=\"elementor-widget-container\">\n\t\t\t\t\t\t\t\t\t\t\t\t\t\t\t<img fetchpriority=\"high\" decoding=\"async\" width=\"1370\" height=\"276\" src=\"https:\/\/immersive-optics.com\/wp-content\/uploads\/2021\/07\/Policy.svg\" class=\"attachment-full size-full wp-image-5885\" alt=\"\" \/>\t\t\t\t\t\t\t\t\t\t\t\t\t\t\t<\/div>\n\t\t\t\t<\/div>\n\t\t\t\t<div class=\"elementor-element elementor-element-3a652b12 elementor-widget elementor-widget-heading\" data-id=\"3a652b12\" data-element_type=\"widget\" data-e-type=\"widget\" data-widget_type=\"heading.default\">\n\t\t\t\t<div class=\"elementor-widget-container\">\n\t\t\t\t\t<h1 class=\"elementor-heading-title elementor-size-default\">    Polityka prywatno\u015bci<\/h1>\t\t\t\t<\/div>\n\t\t\t\t<\/div>\n\t\t\t\t<div class=\"elementor-element elementor-element-16e6747c elementor-widget elementor-widget-text-editor\" data-id=\"16e6747c\" data-element_type=\"widget\" data-e-type=\"widget\" data-widget_type=\"text-editor.default\">\n\t\t\t\t<div class=\"elementor-widget-container\">\n\t\t\t\t\t\t\t\t\t<p>Polityka prywatno\u015bci i plik\u00f3w cookie firmy Immersive Optics Ltd<\/p><p><strong>Cel Polityki.<\/strong><\/p><p>Firma Immersive Optics Limited dok\u0142ada wszelkich stara\u0144, aby chroni\u0107 Twoj\u0105 prywatno\u015b\u0107 i szanuje Twoje prawo do kontroli nad Twoimi danymi osobowymi. Nasza polityka prywatno\u015bci szczeg\u00f3\u0142owo opisuje gromadzone przez nas informacje, spos\u00f3b ich wykorzystania oraz spos\u00f3b ich ochrony. <\/p><p><strong>Informacje, kt\u00f3re mo\u017cemy gromadzi\u0107.<\/strong><\/p><p>Gromadzimy Twoje dane w trakcie \u015bwiadczenia Ci naszych produkt\u00f3w i us\u0142ug, prosz\u0105c Ci\u0119 o informacje lub w inny spos\u00f3b uzyskuj\u0105c informacje, kt\u00f3re mog\u0105 by\u0107 nam w uzasadniony spos\u00f3b potrzebne do \u015bwiadczenia produkt\u00f3w i us\u0142ug zgodnie z prawem i na odpowiednim poziomie.<\/p><p>Mo\u017cemy zbiera\u0107 informacje, kt\u00f3re dobrowolnie nam przekazujesz, takie jak (ale nie wy\u0142\u0105cznie) imi\u0119 i nazwisko, numer telefonu, adres e-mail i informacje finansowe, gdy komunikujesz si\u0119 z nami lub kontaktujesz si\u0119 z nami w jakikolwiek spos\u00f3b.<\/p><p>Mo\u017cemy poprosi\u0107 Ci\u0119 o wype\u0142nienie dokument\u00f3w i formularzy, aby z\u0142o\u017cy\u0107 wniosek o otwarcie rachunku handlowego, poprosi\u0107 o logowanie do witryny dealerskiej, wype\u0142ni\u0107 okazjonalne ankiety w celu poprawy jako\u015bci \u015bwiadczonych us\u0142ug, cho\u0107 nie jest to obowi\u0105zkowe, poprosi\u0107 o otrzymywanie newsletter\u00f3w, informacji o produktach i wydarzeniach, a tak\u017ce o mo\u017cliwo\u015b\u0107 wzi\u0119cia udzia\u0142u w konkursach i dzia\u0142aniach promocyjnych.<\/p><p>Podobnie jak wi\u0119kszo\u015b\u0107 innych stron internetowych, automatycznie gromadzimy i wykorzystujemy dane zawarte w plikach dziennika. Informacje zawarte w plikach dziennika obejmuj\u0105 Tw\u00f3j adres IP (protoko\u0142u internetowego), Twojego dostawc\u0119 us\u0142ug internetowych (ISP), przegl\u0105dark\u0119, kt\u00f3rej u\u017cy\u0142e\u015b do odwiedzenia naszej witryny, czas wizyty na naszej stronie oraz strony, kt\u00f3re odwiedzi\u0142e\u015b w naszej witrynie. <\/p><p>Pliki cookie to pliki tekstowe umieszczane na Twoim komputerze w celu gromadzenia standardowych informacji z dziennika internetowego oraz informacji o zachowaniach odwiedzaj\u0105cych. Informacje te s\u0142u\u017c\u0105 do \u015bledzenia korzystania z witryny przez u\u017cytkownik\u00f3w oraz do tworzenia raport\u00f3w statystycznych dotycz\u0105cych aktywno\u015bci na stronie. Firma Immersive Optics Limited wykorzystuje pliki cookie do \u015bledzenia aktywno\u015bci u\u017cytkownik\u00f3w na naszej stronie internetowej w celu poprawy jej wydajno\u015bci i funkcjonalno\u015bci. Aby uzyska\u0107 wi\u0119cej informacji, odwied\u017a stron\u0119 www.aboutcookies.org lub www.allaboutcookies.org. Mo\u017cesz ustawi\u0107 swoj\u0105 przegl\u0105dark\u0119 tak, aby nie akceptowa\u0142a plik\u00f3w cookie, a powy\u017csze strony internetowe podpowiedz\u0105 Ci, jak usun\u0105\u0107 pliki cookie z przegl\u0105darki. Jednak w niekt\u00f3rych przypadkach niekt\u00f3re funkcje naszej strony internetowej mog\u0105 w\u00f3wczas nie dzia\u0142a\u0107. Mo\u017cemy r\u00f3wnie\u017c otrzymywa\u0107 od Ciebie informacje z medi\u00f3w spo\u0142eczno\u015bciowych, na przyk\u0142ad podczas interakcji z nami za ich po\u015brednictwem.      <\/p><p><strong>Jak mo\u017cemy wykorzystywa\u0107 Twoje dane osobowe<\/strong><\/p><p>Firma Immersive Optics Limited wykorzystuje Twoje dane osobowe, aby dostarcza\u0107 Ci produkty i us\u0142ugi, kt\u00f3re oferujemy, a tak\u017ce w celu ulepszania i personalizacji Twoich do\u015bwiadcze\u0144. Wykorzystujemy Twoje dane osobowe w nast\u0119puj\u0105cy spos\u00f3b: <\/p><ol><li>W celu realizacji zobowi\u0105za\u0144 wynikaj\u0105cych z um\u00f3w lub transakcji handlowych zawartych pomi\u0119dzy nami.<\/li><li>Aby odpowiada\u0107 na Pa\u0144stwa zapytania i \u015bwiadczy\u0107 us\u0142ugi obs\u0142ugi klienta oraz wsparcia.<\/li><li>Aby przesy\u0142a\u0107 Ci newslettery, informacje, ceny, szczeg\u00f3\u0142y produkt\u00f3w i informacje o wydarzeniach, o kt\u00f3re prosi\u0142e\u015b lub kt\u00f3re naszym zdaniem mog\u0105 Ci\u0119 zainteresowa\u0107, pod warunkiem, \u017ce wyrazi\u0142e\u015b zgod\u0119 na otrzymywanie takich informacji.<\/li><li>Aby poinformowa\u0107 Ci\u0119 o wszelkich zmianach w naszych produktach i us\u0142ugach.<\/li><li>W celu opracowywania zbiorczych analiz i informacji biznesowych, kt\u00f3re umo\u017cliwi\u0105 nam prowadzenie dzia\u0142alno\u015bci, jej doskonalenie, ochron\u0119, podejmowanie \u015bwiadomych decyzji i raportowanie wynik\u00f3w biznesowych.<\/li><\/ol><p>Je\u015bli wykorzystamy Twoje dane osobowe w jakimkolwiek celu, kt\u00f3ry nie zosta\u0142 okre\u015blony w niniejszej Polityce prywatno\u015bci, przed przyst\u0105pieniem do dzia\u0142ania i uzyskaniem Twojej zgody, w stosownych przypadkach powiadomimy Ci\u0119 dok\u0142adnie, w jakim celu b\u0119dziemy je wykorzystywa\u0107.<\/p><p><strong>Udost\u0119pnianie Twoich danych osobowych<\/strong><\/p><p>Twoje dane osobowe pozostan\u0105 poufne. Immersive Optics Limited nie sprzedaje \u017cadnych danych osobowych. Nigdy nie ujawnimy Twoich danych osobowych poza nasz\u0105 firm\u0105, z wyj\u0105tkiem podwykonawc\u00f3w, agent\u00f3w, dostawc\u00f3w i us\u0142ugodawc\u00f3w zewn\u0119trznych w celu \u015bwiadczenia us\u0142ug takich jak zarz\u0105dzanie i hosting strony internetowej, wysy\u0142ka, przetwarzanie kart kredytowych i komunikacja. Udost\u0119pnimy dane osobowe agentom lub kontrahentom dzia\u0142aj\u0105cym w naszym imieniu wy\u0142\u0105cznie w zakresie niezb\u0119dnym do realizacji transakcji i dostarczenia produktu lub us\u0142ugi. Przetwarzanie Twoich danych osobowych w tych celach le\u017cy w naszym uzasadnionym interesie.    <\/p><p>Mo\u017cemy by\u0107 r\u00f3wnie\u017c zobowi\u0105zani do ujawnienia Twoich danych osobowych z nast\u0119puj\u0105cych powod\u00f3w:<\/p><ol><li>Gdy jest to wymagane w celu wype\u0142nienia obowi\u0105zku prawnego.<\/li><li>W celu ochrony naszych praw, w\u0142asno\u015bci i bezpiecze\u0144stwa, praw naszych klient\u00f3w i innych os\u00f3b.<\/li><li>Dane osobowe b\u0119d\u0105 stanowi\u0107 jeden z przekazywanych aktyw\u00f3w w przypadku, gdy sprzedamy lub zaproponujemy sprzeda\u017c przedsi\u0119biorstwa i\/lub jego aktyw\u00f3w.<\/li><\/ol><p>Niestety, przesy\u0142anie informacji przez Internet nie jest w pe\u0142ni bezpieczne. Chocia\u017c do\u0142o\u017cymy wszelkich stara\u0144, aby chroni\u0107 Twoje dane osobowe, nie mo\u017cemy zagwarantowa\u0107 bezpiecze\u0144stwa przesy\u0142anych do nas danych. Wszelkie przesy\u0142anie danych odbywa si\u0119 wy\u0142\u0105cznie na Twoje w\u0142asne ryzyko.<\/p><p><strong>Przechowywanie Twoich danych osobowych<\/strong><\/p><p>Wszystkie informacje s\u0105 przechowywane na naszych bezpiecznych serwerach. Dodatkowo mo\u017cemy r\u00f3wnie\u017c korzysta\u0107 z us\u0142ug stron trzecich, dzia\u0142aj\u0105cych w naszym imieniu, kt\u00f3re mog\u0105 przechowywa\u0107 lub przetwarza\u0107 zebrane przez nas informacje o Tobie w krajach spoza Europejskiego Obszaru Gospodarczego. Kraje te mog\u0105 mie\u0107 inne przepisy o ochronie danych ni\u017c Wielka Brytania. Przesy\u0142aj\u0105c swoje dane osobowe, wyra\u017casz zgod\u0119 na ich przekazywanie, przechowywanie lub przetwarzanie. Wdro\u017cyli\u015bmy techniczne i organizacyjne \u015brodki bezpiecze\u0144stwa, aby zapobiec utracie lub nieautoryzowanemu dost\u0119powi do Twoich danych osobowych. Jednak, chocia\u017c do\u0142o\u017cyli\u015bmy wszelkich stara\u0144, aby zapewni\u0107 bezpiecze\u0144stwo Twoich danych, pami\u0119taj, \u017ce nie mo\u017cemy zagwarantowa\u0107 bezpiecze\u0144stwa informacji przesy\u0142anych przez Internet.   <\/p><p>Firma Immersive Optics Limited b\u0119dzie przechowywa\u0107 Twoje dane osobowe tak d\u0142ugo, jak b\u0119dzie to konieczne do cel\u00f3w, dla kt\u00f3rych zosta\u0142y one przekazane. B\u0119dziemy regularnie weryfikowa\u0107 okresy przechowywania i b\u0119dziemy aktualizowa\u0107, archiwizowa\u0107 lub bezpiecznie usuwa\u0107 dane, je\u015bli stan\u0105 si\u0119 nieaktualne i nie b\u0119d\u0105 ju\u017c potrzebne, pod warunkiem, \u017ce b\u0119dzie to zgodne z obowi\u0105zuj\u0105cymi przepisami. <\/p><p><strong>Your rights<\/strong><\/p><p>Masz prawo poprosi\u0107 nas o nieprzetwarzanie Twoich danych osobowych w celach marketingowych.<\/p><p>Mo\u017cesz w ka\u017cdej chwili skorzysta\u0107 ze swoich praw, zmieni\u0107 swoje preferencje lub zrezygnowa\u0107 z otrzymywania komunikat\u00f3w, wysy\u0142aj\u0105c wiadomo\u015b\u0107 e-mail na adres info@immersive-optics.com<\/p><p>Mo\u017cesz poprosi\u0107 nas o udost\u0119pnienie kopii Twoich danych osobowych, kt\u00f3re przechowujemy. Nie naliczymy za to \u017cadnych op\u0142at, chyba \u017ce Twoje \u017c\u0105danie oka\u017ce si\u0119 ewidentnie bezpodstawne lub nadmierne. <\/p><p>Dok\u0142adno\u015b\u0107 Twoich danych jest dla nas wa\u017cna, dlatego je\u015bli uwa\u017casz, \u017ce jakiekolwiek informacje, kt\u00f3re przechowujemy, s\u0105 nieprawid\u0142owe lub chcesz wprowadzi\u0107 jakiekolwiek zmiany, skontaktuj si\u0119 z nami, wysy\u0142aj\u0105c wiadomo\u015b\u0107 e-mail na adres info@immersive-optics.com <\/p><p><strong>Zmiany w naszej polityce prywatno\u015bci<\/strong><\/p><p>Firma Immersive Optics Limited mo\u017ce w razie potrzeby aktualizowa\u0107 lub modyfikowa\u0107 niniejsz\u0105 polityk\u0119, aktualizuj\u0105c dat\u0119 aktualizacji widoczn\u0105 na dole dokumentu. Zalecamy regularne zapoznawanie si\u0119 z niniejsz\u0105 polityk\u0105. <\/p>\t\t\t\t\t\t\t\t<\/div>\n\t\t\t\t<\/div>\n\t\t\t\t\t<\/div>\n\t\t<\/div>\n\t\t\t\t\t<\/div>\n\t\t<\/section>\n\t\t\t\t<\/div>\n\t\t","protected":false},"excerpt":{"rendered":"<p>Polityka prywatno\u015bci Polityka prywatno\u015bci i plik\u00f3w cookie firmy Immersive Optics Ltd Cel Polityki. Firma Immersive Optics Limited dok\u0142ada wszelkich stara\u0144, aby chroni\u0107 Twoj\u0105 prywatno\u015b\u0107 i szanuje Twoje prawo do kontroli nad Twoimi danymi osobowymi. Nasza polityka prywatno\u015bci szczeg\u00f3\u0142owo opisuje gromadzone przez nas informacje, spos\u00f3b ich wykorzystania oraz spos\u00f3b ich ochrony. Informacje, kt\u00f3re mo\u017cemy gromadzi\u0107. Gromadzimy [&hellip;]<\/p>\n","protected":false},"author":3,"featured_media":0,"parent":0,"menu_order":0,"comment_status":"closed","ping_status":"closed","template":"","meta":{"_crdt_document":"","advanced_seo_description":"","jetpack_seo_html_title":"","jetpack_seo_noindex":false,"footnotes":""},"class_list":["post-5884","page","type-page","status-publish","hentry"],"jetpack_sharing_enabled":true,"jetpack_shortlink":"https:\/\/wp.me\/Ph9FcQ-1wU","_links":{"self":[{"href":"https:\/\/immersive-optics.com\/pl\/wp-json\/wp\/v2\/pages\/5884","targetHints":{"allow":["GET"]}}],"collection":[{"href":"https:\/\/immersive-optics.com\/pl\/wp-json\/wp\/v2\/pages"}],"about":[{"href":"https:\/\/immersive-optics.com\/pl\/wp-json\/wp\/v2\/types\/page"}],"author":[{"embeddable":true,"href":"https:\/\/immersive-optics.com\/pl\/wp-json\/wp\/v2\/users\/3"}],"replies":[{"embeddable":true,"href":"https:\/\/immersive-optics.com\/pl\/wp-json\/wp\/v2\/comments?post=5884"}],"version-history":[{"count":0,"href":"https:\/\/immersive-optics.com\/pl\/wp-json\/wp\/v2\/pages\/5884\/revisions"}],"wp:attachment":[{"href":"https:\/\/immersive-optics.com\/pl\/wp-json\/wp\/v2\/media?parent=5884"}],"curies":[{"name":"wp","href":"https:\/\/api.w.org\/{rel}","templated":true}]}}