{"id":6497,"date":"2026-03-13T20:08:08","date_gmt":"2026-03-13T20:08:08","guid":{"rendered":"https:\/\/immersive-optics.com\/product\/anneaux-de-lunette-qr-swiftlock-bas-2\/"},"modified":"2026-03-29T15:34:37","modified_gmt":"2026-03-29T14:34:37","slug":"anneaux-de-lunette-qr-swiftlock-bas-2","status":"publish","type":"product","link":"https:\/\/immersive-optics.com\/fr\/produit\/anneaux-de-lunette-qr-swiftlock-bas-2\/","title":{"rendered":"Anneaux de Lunette QR SwiftLock\u00ae (Bas)"},"content":{"rendered":"<p>Dot\u00e9s du syst\u00e8me de d\u00e9montage rapide le plus pratique du march\u00e9.<\/p>\n<p>Le m\u00e9canisme SwiftLock\u00ae offre une force de serrage et une pr\u00e9cision \u00e9quivalentes \u00e0 celles d\u2019anneaux de montage fixes.<\/p>\n<p>Le corps principal est usin\u00e9 CNC \u00e0 partir d\u2019un seul bloc d\u2019aluminium 7075. Les \u00e9l\u00e9ments de montage sont usin\u00e9s CNC en acier inoxydable 416 tremp\u00e9, avec une duret\u00e9 de 36 HRC. Les anneaux sont appair\u00e9s en usine et al\u00e9s\u00e9s avec pr\u00e9cision afin de garantir un alignement parfait de la lunette.  <\/p>\n<p>Finition Cerakote\u00ae, disponible en plusieurs couleurs.<\/p>\n","protected":false},"excerpt":{"rendered":"<p>SwiftLock\u00ae est une solution unique qui \u00e9tablit une nouvelle r\u00e9f\u00e9rence en mati\u00e8re d\u2019ergonomie et de fiabilit\u00e9. Sa poign\u00e9e t\u00e9lescopique verticale offre non seulement un effet de levier suppl\u00e9mentaire pour un verrouillage plus ferme et mieux ma\u00eetris\u00e9, mais elle permet \u00e9galement un acc\u00e8s d\u00e9gag\u00e9 \u2014 r\u00e9solvant ainsi un probl\u00e8me courant des montages QR conventionnels, o\u00f9 les leviers de verrouillage positionn\u00e9s horizontalement sont souvent difficiles d\u2019acc\u00e8s dans l\u2019espace encombr\u00e9 entre la lunette et l\u2019arme. <\/p>\n<p>&nbsp;<\/p>\n","protected":false},"featured_media":6392,"template":"","meta":{"_crdt_document":"","advanced_seo_description":"","jetpack_seo_html_title":"","jetpack_seo_noindex":false},"product_brand":[],"product_cat":[202],"product_tag":[168],"class_list":{"0":"post-6497","1":"product","2":"type-product","3":"status-publish","4":"has-post-thumbnail","6":"product_cat-montages","7":"product_tag-uk","9":"first","10":"instock","11":"taxable","12":"shipping-taxable","13":"purchasable","14":"product-type-variable","15":"has-default-attributes"},"jetpack_sharing_enabled":true,"_links":{"self":[{"href":"https:\/\/immersive-optics.com\/fr\/wp-json\/wp\/v2\/product\/6497","targetHints":{"allow":["GET"]}}],"collection":[{"href":"https:\/\/immersive-optics.com\/fr\/wp-json\/wp\/v2\/product"}],"about":[{"href":"https:\/\/immersive-optics.com\/fr\/wp-json\/wp\/v2\/types\/product"}],"wp:featuredmedia":[{"embeddable":true,"href":"https:\/\/immersive-optics.com\/fr\/wp-json\/wp\/v2\/media\/6392"}],"wp:attachment":[{"href":"https:\/\/immersive-optics.com\/fr\/wp-json\/wp\/v2\/media?parent=6497"}],"wp:term":[{"taxonomy":"product_brand","embeddable":true,"href":"https:\/\/immersive-optics.com\/fr\/wp-json\/wp\/v2\/product_brand?post=6497"},{"taxonomy":"product_cat","embeddable":true,"href":"https:\/\/immersive-optics.com\/fr\/wp-json\/wp\/v2\/product_cat?post=6497"},{"taxonomy":"product_tag","embeddable":true,"href":"https:\/\/immersive-optics.com\/fr\/wp-json\/wp\/v2\/product_tag?post=6497"}],"curies":[{"name":"wp","href":"https:\/\/api.w.org\/{rel}","templated":true}]}}