{"id":6134,"date":"2025-12-31T19:33:57","date_gmt":"2025-12-31T19:33:57","guid":{"rendered":"https:\/\/immersive-optics.com\/product\/lunette-prismatique-10x24-2\/"},"modified":"2026-03-28T07:47:30","modified_gmt":"2026-03-28T07:47:30","slug":"lunette-prismatique-10x24-2","status":"publish","type":"product","link":"https:\/\/immersive-optics.com\/fr\/produit\/lunette-prismatique-10x24-2\/","title":{"rendered":"Lunette prismatique 10X24"},"content":{"rendered":"<p>Parfaite pour une utilisation sur des carabines compactes ou des carabines \u00e0 air \u00e0 recul mod\u00e9r\u00e9 \u00e0 faible, la 10X24 \u00e0 syst\u00e8me optique \u00e0 prisme r\u00e9duit son encombrement en \u00e9liminant le grand objectif, le long bo\u00eetier et le d\u00e9gagement oculaire typiques des lunettes traditionnelles, sans compromettre les performances de collecte de lumi\u00e8re, les capacit\u00e9s de grossissement ni le champ de vision.<\/p>\n<p>Cette conception prismatique permet \u00e9galement \u00e0 la 10X24 de b\u00e9n\u00e9ficier d\u2019une r\u00e9duction significative de l\u2019encombrement et du poids, offrant une meilleure mobilit\u00e9 au tireur ainsi qu\u2019une r\u00e9partition plus \u00e9quilibr\u00e9e du poids entre la lunette et la carabine sur laquelle elle est mont\u00e9e, pour une exp\u00e9rience de tir plus confortable permettant de viser plus longtemps sans fatigue.<\/p>\n<p>Compar\u00e9e aux lunettes de vis\u00e9e traditionnelles, cette lunette Immersive Optics offre un champ de vision 4x plus large. Gr\u00e2ce \u00e0 une mise au point possible jusqu\u2019\u00e0 6 m sans parallaxe, la 10X24 constitue une solution id\u00e9ale pour ceux qui recherchent des performances optiques \u00e9lev\u00e9es, m\u00eame \u00e0 courte distance.<\/p>\n<p>\u00c9quip\u00e9e de verre \u00e0 dispersion extra-faible, la 10X24 conserve une reproduction naturelle des couleurs dans le champ de vision, minimise l\u2019aberration chromatique (franges color\u00e9es) et offre une excellente nettet\u00e9 avec une image parfaitement d\u00e9finie \u00e0 longue distance.<\/p>\n<p>Pour une qualit\u00e9 d\u2019utilisation maximale, le bo\u00eetier usin\u00e9 CNC de cette lunette innovante garantit un tir sans erreur, tandis que les canaux optiques remplis d\u2019azote assurent une protection antibu\u00e9e et que l\u2019\u00e9tanch\u00e9it\u00e9 renforc\u00e9e la rend r\u00e9sistante \u00e0 l\u2019humidit\u00e9. Elle est \u00e9galement dot\u00e9e d\u2019un syst\u00e8me ing\u00e9nieux de retenue du capuchon, maintenant celui-ci sur le c\u00f4t\u00e9 de la lunette afin d\u2019\u00e9viter toute g\u00eane pendant le tir.<\/p>\n<p>Selon le mod\u00e8le choisi, la lunette prismatique 10X24 est \u00e9quip\u00e9e soit d\u2019un r\u00e9ticule Mildot illumin\u00e9 grav\u00e9 sur verre, soit d\u2019un r\u00e9ticule Mildot Extended, avec des r\u00e9glages de d\u00e9rive et d\u2019\u00e9l\u00e9vation de haute pr\u00e9cision, et est fournie avec un montage MOA r\u00e9glable.<\/p>\n<table class=\"pp-table tablesaw\">\n<thead>\n<tr>\n<th>Param\u00e8tre<\/th>\n<th>10&#215;24<\/th>\n<\/tr>\n<\/thead>\n<tbody>\n<tr>\n<td>Grossissement, X<\/td>\n<td>10<\/td>\n<\/tr>\n<tr>\n<td>Diam\u00e8tre de l\u2019objectif, mm<\/td>\n<td>24<\/td>\n<\/tr>\n<tr>\n<td>D\u00e9gagement oculaire, pouces \/ mm<\/td>\n<td>0.55 \/ 14<\/td>\n<\/tr>\n<tr>\n<td>Diam\u00e8tre du tube, mm<\/td>\n<td>30<\/td>\n<\/tr>\n<tr>\n<td>Champ de vision, ft@100yds\/ m@100m<\/td>\n<td>32 \/ 10.6<\/td>\n<\/tr>\n<tr>\n<td>Mise au point minimale, m<\/td>\n<td>6<\/td>\n<\/tr>\n<tr>\n<td>Valeur de clic (MIL \/ MOA \/ cm@100m)<\/td>\n<td>0.1 \/ 0.338 \/ 1<\/td>\n<\/tr>\n<tr>\n<td>Clics par r\u00e9volution<\/td>\n<td>50<\/td>\n<\/tr>\n<tr>\n<td>Course par rotation (MIL \/ MOA)<\/td>\n<td>5 \/ 15<\/td>\n<\/tr>\n<tr>\n<td>R\u00e9glage maximal en \u00e9l\u00e9vation (MIL \/ MOA)<\/td>\n<td>28 \/ 83<\/td>\n<\/tr>\n<tr>\n<td>R\u00e9glage maximal en d\u00e9rive (MIL \/ MOA)<\/td>\n<td>28 \/ 83<\/td>\n<\/tr>\n<tr>\n<td>Dimensions de la lunette, mm<\/td>\n<td>72 x 51 x 122<\/td>\n<\/tr>\n<tr>\n<td>Dimensions de la lunette, in<\/td>\n<td>2,8 x 2 x 4,8<\/td>\n<\/tr>\n<tr>\n<td>Poids (sans montages) oz \/ g<\/td>\n<td>8.74 \/ 248<\/td>\n<\/tr>\n<tr>\n<td>Poids (avec montages MOA r\u00e9glables) oz \/ g<\/td>\n<td>13 \/ 370<\/td>\n<\/tr>\n<tr>\n<td>\u00c9tanche et remplie d\u2019azote<\/td>\n<td>OUI<\/td>\n<\/tr>\n<tr>\n<td>R\u00e9sistance aux chocs (jusqu\u2019\u00e0 600G)<\/td>\n<td>N\/A<\/td>\n<\/tr>\n<\/tbody>\n<\/table>\n","protected":false},"excerpt":{"rendered":"<p>La lunette de vis\u00e9e x10 la plus compacte et la plus l\u00e9g\u00e8re au monde.<\/p>\n","protected":false},"featured_media":6118,"template":"","meta":{"_crdt_document":"","advanced_seo_description":"","jetpack_seo_html_title":"","jetpack_seo_noindex":false},"product_brand":[],"product_cat":[191],"product_tag":[188],"class_list":{"0":"post-6134","1":"product","2":"type-product","3":"status-publish","4":"has-post-thumbnail","6":"product_cat-lunettes","7":"product_tag-ue","9":"first","10":"outofstock","11":"sale","12":"taxable","13":"shipping-taxable","14":"purchasable","15":"product-type-variable"},"jetpack_sharing_enabled":true,"_links":{"self":[{"href":"https:\/\/immersive-optics.com\/fr\/wp-json\/wp\/v2\/product\/6134","targetHints":{"allow":["GET"]}}],"collection":[{"href":"https:\/\/immersive-optics.com\/fr\/wp-json\/wp\/v2\/product"}],"about":[{"href":"https:\/\/immersive-optics.com\/fr\/wp-json\/wp\/v2\/types\/product"}],"wp:featuredmedia":[{"embeddable":true,"href":"https:\/\/immersive-optics.com\/fr\/wp-json\/wp\/v2\/media\/6118"}],"wp:attachment":[{"href":"https:\/\/immersive-optics.com\/fr\/wp-json\/wp\/v2\/media?parent=6134"}],"wp:term":[{"taxonomy":"product_brand","embeddable":true,"href":"https:\/\/immersive-optics.com\/fr\/wp-json\/wp\/v2\/product_brand?post=6134"},{"taxonomy":"product_cat","embeddable":true,"href":"https:\/\/immersive-optics.com\/fr\/wp-json\/wp\/v2\/product_cat?post=6134"},{"taxonomy":"product_tag","embeddable":true,"href":"https:\/\/immersive-optics.com\/fr\/wp-json\/wp\/v2\/product_tag?post=6134"}],"curies":[{"name":"wp","href":"https:\/\/api.w.org\/{rel}","templated":true}]}}