{"id":6128,"date":"2025-12-31T19:52:04","date_gmt":"2025-12-31T19:52:04","guid":{"rendered":"https:\/\/immersive-optics.com\/product\/lunette-prismatique-14x50-2\/"},"modified":"2026-03-28T07:47:04","modified_gmt":"2026-03-28T07:47:04","slug":"lunette-prismatique-14x50-2","status":"publish","type":"product","link":"https:\/\/immersive-optics.com\/fr\/produit\/lunette-prismatique-14x50-2\/","title":{"rendered":"Lunette prismatique 14X50"},"content":{"rendered":"<p>Notre lunette \u00e0 faible d\u00e9gagement oculaire la plus vendue, un v\u00e9ritable concentr\u00e9 de technologie pour les carabines \u00e0 faible recul.<\/p>\n<h2>Pr\u00e9cision de tir am\u00e9lior\u00e9e<\/h2>\n<p>Parfaite pour une utilisation sur des carabines compactes ou des carabines \u00e0 air \u00e0 recul mod\u00e9r\u00e9 ou faible, gr\u00e2ce \u00e0 un syst\u00e8me optique \u00e0 prisme permettant une conception beaucoup plus compacte que les optiques traditionnelles, en \u00e9liminant le grand objectif, le bo\u00eetier allong\u00e9 et le long d\u00e9gagement oculaire, cette lunette ne compromet en rien ses performances de collecte de lumi\u00e8re, ses capacit\u00e9s de grossissement ni son champ de vision.<\/p>\n<h2>Meilleure r\u00e9partition du poids<\/h2>\n<p>La conception compacte permet une r\u00e9duction significative du poids, offrant une plus grande mobilit\u00e9 au tireur ainsi qu\u2019une r\u00e9partition plus \u00e9quilibr\u00e9e du poids entre la 14X50 et la carabine sur laquelle elle est mont\u00e9e, garantissant une exp\u00e9rience de tir particuli\u00e8rement confortable et permettant de viser pendant de longues p\u00e9riodes sans fatigue ni inconfort.<\/p>\n<h2>Champ de vision \u00e9largi<\/h2>\n<p>L\u2019Immersive Optics 14X50 offre un champ de vision 4x plus large que celui des lunettes de vis\u00e9e traditionnelles et permet une mise au point jusqu\u2019\u00e0 6 m sans parallaxe, constituant ainsi une solution id\u00e9ale pour les tireurs recherchant une optique performante, m\u00eame \u00e0 courte distance.<\/p>\n<h2>Reproduction fid\u00e8le des couleurs<\/h2>\n<p>Le verre \u00e0 dispersion extra-faible permet \u00e0 cette lunette prismatique de conserver une reproduction naturelle des couleurs dans le champ de vision, de minimiser l\u2019aberration chromatique (franges color\u00e9es) et d\u2019offrir une excellente nettet\u00e9 ainsi qu\u2019une image parfaitement d\u00e9finie \u00e0 longue distance.<\/p>\n<h2>Clart\u00e9 en toutes conditions<\/h2>\n<p>Un bo\u00eetier usin\u00e9 CNC garantit un tir constant et sans erreur ; les canaux optiques remplis d\u2019azote offrent une protection antibu\u00e9e assurant une image parfaitement nette quelles que soient les conditions environnementales ; et l\u2019\u00e9tanch\u00e9it\u00e9 renforc\u00e9e garantit une r\u00e9sistance \u00e0 l\u2019humidit\u00e9. Elle dispose \u00e9galement d\u2019un syst\u00e8me ing\u00e9nieux de retenue du capuchon qui maintient celui-ci sur le c\u00f4t\u00e9 de la lunette, hors du champ d\u2019action, afin de limiter toute distraction lors du tir.<\/p>\n<h2>Plusieurs options de r\u00e9ticule<\/h2>\n<p>Selon le mod\u00e8le choisi, la lunette prismatique 14X50 est \u00e9quip\u00e9e soit d\u2019un r\u00e9ticule Mildot illumin\u00e9 grav\u00e9 sur verre, soit d\u2019un r\u00e9ticule Mildot Extended, avec des r\u00e9glages de d\u00e9rive et d\u2019\u00e9l\u00e9vation de haute pr\u00e9cision, et est fournie avec un montage MOA r\u00e9glable.<\/p>\n<table class=\"pp-table tablesaw\">\n<thead>\n<tr>\n<th>Param\u00e8tre<\/th>\n<th>Valeur<\/th>\n<\/tr>\n<\/thead>\n<tbody>\n<tr>\n<td>Grossissement, X<\/td>\n<td>14<\/td>\n<\/tr>\n<tr>\n<td>Diam\u00e8tre de l\u2019objectif, mm<\/td>\n<td>50<\/td>\n<\/tr>\n<tr>\n<td>D\u00e9gagement oculaire, pouces \/ mm<\/td>\n<td>0.7 \/ 18<\/td>\n<\/tr>\n<tr>\n<td>Diam\u00e8tre du tube, mm<\/td>\n<td>N\/A<\/td>\n<\/tr>\n<tr>\n<td>Champ de vision, ft@100yds\/ m@100m<\/td>\n<td>28 \/ 9.6<\/td>\n<\/tr>\n<tr>\n<td>Mise au point minimale, m<\/td>\n<td>6<\/td>\n<\/tr>\n<tr>\n<td>Valeur de clic (MIL \/ MOA \/ cm@100m)<\/td>\n<td>0.1 \/ 0.338 \/ 1<\/td>\n<\/tr>\n<tr>\n<td>Clics par r\u00e9volution<\/td>\n<td>50<\/td>\n<\/tr>\n<tr>\n<td>Course par rotation (MIL \/ MOA)<\/td>\n<td>5 \/ 15<\/td>\n<\/tr>\n<tr>\n<td>R\u00e9glage maximal en \u00e9l\u00e9vation (MIL \/ MOA)<\/td>\n<td>28 \/ 83<\/td>\n<\/tr>\n<tr>\n<td>R\u00e9glage maximal en d\u00e9rive (MIL \/ MOA)<\/td>\n<td>28 \/ 83<\/td>\n<\/tr>\n<tr>\n<td>Dimensions de la lunette, mm<\/td>\n<td>80 x 64 x 154<\/td>\n<\/tr>\n<tr>\n<td>Dimensions de la lunette, en<\/td>\n<td>3,1 x 2,5 x 6,1<\/td>\n<\/tr>\n<tr>\n<td>Poids (sans montages) oz \/ g<\/td>\n<td>N\/A<\/td>\n<\/tr>\n<tr>\n<td>Poids (avec montages MOA r\u00e9glables) oz \/ g<\/td>\n<td>19,5 \/ 554<\/td>\n<\/tr>\n<tr>\n<td>\u00c9tanche et remplie d\u2019azote<\/td>\n<td>OUI<\/td>\n<\/tr>\n<tr>\n<td>R\u00e9sistance aux chocs (jusqu\u2019\u00e0 600G)<\/td>\n<td>N\/A<\/td>\n<\/tr>\n<\/tbody>\n<\/table>\n","protected":false},"excerpt":{"rendered":"<p>Notre lunette \u00e0 faible d\u00e9gagement oculaire la plus vendue, un v\u00e9ritable concentr\u00e9 de technologie pour les carabines \u00e0 faible recul.<\/p>\n","protected":false},"featured_media":6105,"template":"","meta":{"_crdt_document":"","advanced_seo_description":"","jetpack_seo_html_title":"","jetpack_seo_noindex":false},"product_brand":[],"product_cat":[191],"product_tag":[188],"class_list":{"0":"post-6128","1":"product","2":"type-product","3":"status-publish","4":"has-post-thumbnail","6":"product_cat-lunettes","7":"product_tag-ue","9":"first","10":"outofstock","11":"sale","12":"taxable","13":"shipping-taxable","14":"purchasable","15":"product-type-variable"},"jetpack_sharing_enabled":true,"_links":{"self":[{"href":"https:\/\/immersive-optics.com\/fr\/wp-json\/wp\/v2\/product\/6128","targetHints":{"allow":["GET"]}}],"collection":[{"href":"https:\/\/immersive-optics.com\/fr\/wp-json\/wp\/v2\/product"}],"about":[{"href":"https:\/\/immersive-optics.com\/fr\/wp-json\/wp\/v2\/types\/product"}],"wp:featuredmedia":[{"embeddable":true,"href":"https:\/\/immersive-optics.com\/fr\/wp-json\/wp\/v2\/media\/6105"}],"wp:attachment":[{"href":"https:\/\/immersive-optics.com\/fr\/wp-json\/wp\/v2\/media?parent=6128"}],"wp:term":[{"taxonomy":"product_brand","embeddable":true,"href":"https:\/\/immersive-optics.com\/fr\/wp-json\/wp\/v2\/product_brand?post=6128"},{"taxonomy":"product_cat","embeddable":true,"href":"https:\/\/immersive-optics.com\/fr\/wp-json\/wp\/v2\/product_cat?post=6128"},{"taxonomy":"product_tag","embeddable":true,"href":"https:\/\/immersive-optics.com\/fr\/wp-json\/wp\/v2\/product_tag?post=6128"}],"curies":[{"name":"wp","href":"https:\/\/api.w.org\/{rel}","templated":true}]}}