{"id":5702,"date":"2025-12-08T14:51:28","date_gmt":"2025-12-08T14:51:28","guid":{"rendered":"https:\/\/immersive-optics.com\/product\/viseur-prismatique-5x30-2\/"},"modified":"2026-03-27T00:11:23","modified_gmt":"2026-03-27T00:11:23","slug":"viseur-prismatique-5x30-2","status":"publish","type":"product","link":"https:\/\/immersive-optics.com\/fr\/produit\/viseur-prismatique-5x30-2\/","title":{"rendered":"Lunette prismatique 5X30"},"content":{"rendered":"<p>Viseur de style CQB l\u00e9ger et compact avec un d\u00e9gagement oculaire moyen (45 mm) pour s\u2019adapter \u00e0 divers calibres. Champ de vision au moins 2x plus large que les lunettes traditionnelles. <\/p>\n<p>Un viseur compact offrant l\u2019image la plus nette et une transmission lumineuse am\u00e9lior\u00e9e. Image lumineuse utilisable du lever au coucher du soleil.<\/p>\n<p>Livr\u00e9 avec un ensemble de supports r\u00e9glables en MOA.<\/p>\n<p>La conception prismatique nous permet de fabriquer des viseurs beaucoup plus compacts et l\u00e9gers avec des performances optiques sup\u00e9rieures. La compacit\u00e9 permet une bien meilleure r\u00e9partition du poids entre l&rsquo;arme et la lunette, le poids \u00e9tant plus en arri\u00e8re r\u00e9duit consid\u00e9rablement la fatigue, ce qui permet au tireur de rester plus longtemps sur le terrain et de tirer avec plus de pr\u00e9cision.<\/p>\n<p>Caract\u00e9ristiques principales :<\/p>\n<ul>\n<li>champ de vision au moins 2X plus large que celui des viseurs traditionnels<\/li>\n<li>seulement 130 mm de long<\/li>\n<li>mise au point jusqu&rsquo;\u00e0 6 m\u00e8tres<\/li>\n<li>Verre ED (faible dispersion) et m\u00e9canique de pr\u00e9cision usin\u00e9e CNC<\/li>\n<li>Tourelles 0,1 MRAD assorties aux r\u00e9ticules MILDOT<\/li>\n<\/ul>\n<table class=\"pp-table tablesaw\">\n<colgroup>\n<col class=\"elementor-repeater-item-8646819\" span=\"1\"><\/colgroup>\n<thead>\n<tr class=\"pp-table-row\">\n<th class=\"pp-table-cell pp-table-cell-683315e\"><span class=\"pp-table-cell-content\"><span class=\"pp-table-cell-text\">Param\u00e8tre<\/span><\/span><\/th>\n<th class=\"pp-table-cell pp-table-cell-73977f6\"><span class=\"pp-table-cell-content\"><span class=\"pp-table-cell-text\">Valeur<\/span><\/span><\/th>\n<\/tr>\n<\/thead>\n<tfoot><\/tfoot>\n<tbody>\n<tr>\n<td class=\"pp-table-cell pp-table-cell-33971f9\"><span class=\"pp-table-cell-content\"><span class=\"pp-table-cell-text\">Grossissement, X<\/span><\/span><\/td>\n<td class=\"pp-table-cell pp-table-cell-3971dda\"><span class=\"pp-table-cell-content\"><span class=\"pp-table-cell-text\">5<\/span><\/span><\/td>\n<\/tr>\n<tr>\n<td class=\"pp-table-cell pp-table-cell-3c2214f\"><span class=\"pp-table-cell-content\"><span class=\"pp-table-cell-text\">Diam\u00e8tre de l\u2019objectif, mm<\/span><\/span><\/td>\n<td class=\"pp-table-cell pp-table-cell-aa7e809\"><span class=\"pp-table-cell-content\"><span class=\"pp-table-cell-text\">30<\/span><\/span><\/td>\n<\/tr>\n<tr>\n<td class=\"pp-table-cell pp-table-cell-1f25865\"><span class=\"pp-table-cell-content\"><span class=\"pp-table-cell-text\">D\u00e9gagement oculaire, pouces \/ mm<\/span><\/span><\/td>\n<td class=\"pp-table-cell pp-table-cell-c7fe3cd\"><span class=\"pp-table-cell-content\"><span class=\"pp-table-cell-text\">1,77 \/ 45<\/span><\/span><\/td>\n<\/tr>\n<tr>\n<td class=\"pp-table-cell pp-table-cell-cc62bce\"><span class=\"pp-table-cell-content\"><span class=\"pp-table-cell-text\">Taille du tube, mm<\/span><\/span><\/td>\n<td class=\"pp-table-cell pp-table-cell-0ecaf37\"><span class=\"pp-table-cell-content\"><span class=\"pp-table-cell-text\">34<\/span><\/span><\/td>\n<\/tr>\n<tr>\n<td class=\"pp-table-cell pp-table-cell-dbff3e9\"><span class=\"pp-table-cell-content\"><span class=\"pp-table-cell-text\">Champ de vision, ft@100yds \/ m@100m<\/span><\/span><\/td>\n<td class=\"pp-table-cell pp-table-cell-d33d8ef\"><span class=\"pp-table-cell-content\"><span class=\"pp-table-cell-text\">37 \/ 12<\/span><\/span><\/td>\n<\/tr>\n<tr>\n<td class=\"pp-table-cell pp-table-cell-c0c63c5\"><span class=\"pp-table-cell-content\"><span class=\"pp-table-cell-text\">Mise au point minimale, m<\/span><\/span><\/td>\n<td class=\"pp-table-cell pp-table-cell-cd99b46\"><span class=\"pp-table-cell-content\"><span class=\"pp-table-cell-text\">6<\/span><\/span><\/td>\n<\/tr>\n<tr>\n<td class=\"pp-table-cell pp-table-cell-c0ff221\"><span class=\"pp-table-cell-content\"><span class=\"pp-table-cell-text\">Valeur de clic (MIL \/ MOA \/ cm@100m)<\/span><\/span><\/td>\n<td class=\"pp-table-cell pp-table-cell-59f23db\"><span class=\"pp-table-cell-content\"><span class=\"pp-table-cell-text\">0,1 \/ 0,338 \/ 1<\/span><\/span><\/td>\n<\/tr>\n<tr>\n<td class=\"pp-table-cell pp-table-cell-c0f286a\"><span class=\"pp-table-cell-content\"><span class=\"pp-table-cell-text\">Clics par r\u00e9volution<\/span><\/span><\/td>\n<td class=\"pp-table-cell pp-table-cell-e48b19d\"><span class=\"pp-table-cell-content\"><span class=\"pp-table-cell-text\">50<\/span><\/span><\/td>\n<\/tr>\n<tr>\n<td class=\"pp-table-cell pp-table-cell-7796840\"><span class=\"pp-table-cell-content\"><span class=\"pp-table-cell-text\">Course par rotation (MIL \/ MOA)<\/span><\/span><\/td>\n<td class=\"pp-table-cell pp-table-cell-aa44a69\"><span class=\"pp-table-cell-content\"><span class=\"pp-table-cell-text\">5 \/ 15<\/span><\/span><\/td>\n<\/tr>\n<tr>\n<td class=\"pp-table-cell pp-table-cell-8d83140\"><span class=\"pp-table-cell-content\"><span class=\"pp-table-cell-text\">R\u00e9glage d\u2019\u00e9l\u00e9vation max (MIL \/ MOA)<\/span><\/span><\/td>\n<td class=\"pp-table-cell pp-table-cell-5a3029e\"><span class=\"pp-table-cell-content\"><span class=\"pp-table-cell-text\">28 \/ 83<\/span><\/span><\/td>\n<\/tr>\n<tr>\n<td class=\"pp-table-cell pp-table-cell-e237808\"><span class=\"pp-table-cell-content\"><span class=\"pp-table-cell-text\">R\u00e9glage de d\u00e9rive max (MIL \/ MOA)<\/span><\/span><\/td>\n<td class=\"pp-table-cell pp-table-cell-8f0cd12\"><span class=\"pp-table-cell-content\"><span class=\"pp-table-cell-text\">28 \/ 83<\/span><\/span><\/td>\n<\/tr>\n<tr>\n<td class=\"pp-table-cell pp-table-cell-87ac0ba\"><span class=\"pp-table-cell-content\"><span class=\"pp-table-cell-text\">Dimensions du viseur, mm<\/span><\/span><\/td>\n<td class=\"pp-table-cell pp-table-cell-517ac24\"><span class=\"pp-table-cell-content\"><span class=\"pp-table-cell-text\">72 x 53 x 130<\/span><\/span><\/td>\n<\/tr>\n<tr>\n<td class=\"pp-table-cell pp-table-cell-38119a6\"><span class=\"pp-table-cell-content\"><span class=\"pp-table-cell-text\">Dimensions du viseur, pouces<\/span><\/span><\/td>\n<td class=\"pp-table-cell pp-table-cell-2fd6ab1\"><span class=\"pp-table-cell-content\"><span class=\"pp-table-cell-text\">2,8 x 2,1 x 5,1<\/span><\/span><\/td>\n<\/tr>\n<tr>\n<td class=\"pp-table-cell pp-table-cell-a95e72b\"><span class=\"pp-table-cell-content\"><span class=\"pp-table-cell-text\">Poids (sans montages) oz \/ g<\/span><\/span><\/td>\n<td class=\"pp-table-cell pp-table-cell-ca26eb7\"><span class=\"pp-table-cell-content\"><span class=\"pp-table-cell-text\">11,8 \/ 336<\/span><\/span><\/td>\n<\/tr>\n<tr>\n<td class=\"pp-table-cell pp-table-cell-fffcbff\"><span class=\"pp-table-cell-content\"><span class=\"pp-table-cell-text\">Poids (avec montages r\u00e9glables MOA) oz \/ g<\/span><\/span><\/td>\n<td class=\"pp-table-cell pp-table-cell-855f0d6\"><span class=\"pp-table-cell-content\"><span class=\"pp-table-cell-text\">15,8 \/ 450<\/span><\/span><\/td>\n<\/tr>\n<tr>\n<td class=\"pp-table-cell pp-table-cell-d423717\"><span class=\"pp-table-cell-content\"><span class=\"pp-table-cell-text\">\u00c9tanche et purg\u00e9 \u00e0 l\u2019azote<\/span><\/span><\/td>\n<td class=\"pp-table-cell pp-table-cell-4bc21ae\"><span class=\"pp-table-cell-content\"><span class=\"pp-table-cell-text\">OUI<\/span><\/span><\/td>\n<\/tr>\n<tr>\n<td class=\"pp-table-cell pp-table-cell-defa67d\"><span class=\"pp-table-cell-content\"><span class=\"pp-table-cell-text\">R\u00e9sistant aux chocs (jusqu\u2019\u00e0 600G)<\/span><\/span><\/td>\n<td class=\"pp-table-cell pp-table-cell-77fbf3a\"><span class=\"pp-table-cell-content\"><span class=\"pp-table-cell-text\">OUI<\/span><\/span><\/td>\n<\/tr>\n<\/tbody>\n<\/table>\n","protected":false},"excerpt":{"rendered":"<p>Un viseur compact offrant l\u2019image la plus nette et une transmission lumineuse am\u00e9lior\u00e9e.<\/p>\n","protected":false},"featured_media":3658,"template":"","meta":{"_crdt_document":"","advanced_seo_description":"","jetpack_seo_html_title":"","jetpack_seo_noindex":false},"product_brand":[],"product_cat":[191],"product_tag":[188],"class_list":{"0":"post-5702","1":"product","2":"type-product","3":"status-publish","4":"has-post-thumbnail","6":"product_cat-lunettes","7":"product_tag-ue","9":"first","10":"outofstock","11":"sale","12":"taxable","13":"shipping-taxable","14":"purchasable","15":"product-type-variable"},"jetpack_sharing_enabled":true,"_links":{"self":[{"href":"https:\/\/immersive-optics.com\/fr\/wp-json\/wp\/v2\/product\/5702","targetHints":{"allow":["GET"]}}],"collection":[{"href":"https:\/\/immersive-optics.com\/fr\/wp-json\/wp\/v2\/product"}],"about":[{"href":"https:\/\/immersive-optics.com\/fr\/wp-json\/wp\/v2\/types\/product"}],"wp:featuredmedia":[{"embeddable":true,"href":"https:\/\/immersive-optics.com\/fr\/wp-json\/wp\/v2\/media\/3658"}],"wp:attachment":[{"href":"https:\/\/immersive-optics.com\/fr\/wp-json\/wp\/v2\/media?parent=5702"}],"wp:term":[{"taxonomy":"product_brand","embeddable":true,"href":"https:\/\/immersive-optics.com\/fr\/wp-json\/wp\/v2\/product_brand?post=5702"},{"taxonomy":"product_cat","embeddable":true,"href":"https:\/\/immersive-optics.com\/fr\/wp-json\/wp\/v2\/product_cat?post=5702"},{"taxonomy":"product_tag","embeddable":true,"href":"https:\/\/immersive-optics.com\/fr\/wp-json\/wp\/v2\/product_tag?post=5702"}],"curies":[{"name":"wp","href":"https:\/\/api.w.org\/{rel}","templated":true}]}}