{"id":5604,"date":"2026-03-13T21:32:08","date_gmt":"2026-03-13T21:32:08","guid":{"rendered":"https:\/\/immersive-optics.com\/product\/cache-oculaire-indicateur-d-inclinaison-gauche\/"},"modified":"2026-03-26T13:16:45","modified_gmt":"2026-03-26T13:16:45","slug":"cache-oculaire-indicateur-d-inclinaison-gauche","status":"publish","type":"product","link":"https:\/\/immersive-optics.com\/fr\/produit\/cache-oculaire-indicateur-d-inclinaison-gauche\/","title":{"rendered":"Cache-oculaire avec indicateur d&rsquo;inclinaison (GAUCHE)"},"content":{"rendered":"<p data-start=\"178\" data-end=\"319\">Ce bouchon d&rsquo;oculaire innovant red\u00e9finit la v\u00e9rification de l&rsquo;inclinaison de la carabine, combinant une protection robuste avec une am\u00e9lioration optique v\u00e9ritablement pratique.<\/p>\n<p data-start=\"321\" data-end=\"633\">Ferm\u00e9, le bouchon fonctionne comme un couvercle de protection durable pour l&rsquo;oculaire d&rsquo;une lunette de tir, prot\u00e9geant l&rsquo;optique de la salet\u00e9, des d\u00e9bris et des chocs pendant le transport et l&rsquo;utilisation sur le terrain. Ouvert, il r\u00e9v\u00e8le sa caract\u00e9ristique distinctive : une lentille optique int\u00e9gr\u00e9e positionn\u00e9e face au tireur. <\/p>\n<p data-start=\"635\" data-end=\"1134\">Cette lentille additionnelle projette un niveau \u00e0 bulle dans le m\u00eame plan focal que l&rsquo;image de la cible observ\u00e9e \u00e0 travers la lunette. Ainsi, l&rsquo;inclinaison du fusil peut \u00eatre v\u00e9rifi\u00e9e instantan\u00e9ment d&rsquo;un simple coup d&rsquo;\u0153il \u00e0 gauche, sans avoir \u00e0 refaire la mise au point, \u00e0 bouger la t\u00eate ni \u00e0 modifier sa position de tir. Contrairement aux niveaux \u00e0 bulle externes traditionnels, qui n\u00e9cessitent un mouvement de t\u00eate notable et une modification de la mise au point visuelle, cette solution maintient toutes les informations visuelles essentielles l\u00e0 o\u00f9 elles doivent \u00eatre : directement dans le champ de vision du tireur.  <\/p>\n<p data-start=\"1136\" data-end=\"1545\">Le r\u00e9sultat est une v\u00e9rification plus rapide, moins de distraction et une meilleure coh\u00e9rence, particuli\u00e8rement dans les sc\u00e9narios de tir de pr\u00e9cision o\u00f9 les erreurs d&rsquo;inclinaison peuvent affecter significativement le point d&rsquo;impact. En int\u00e9grant l&rsquo;indication d&rsquo;inclinaison dans un composant familier et n\u00e9cessaire\u2014le bouchon d&rsquo;oculaire\u2014ce produit offre une am\u00e9lioration \u00e9l\u00e9gante et \u00e9pur\u00e9e par rapport aux solutions conventionnelles, sans ajouter de volume ou de complexit\u00e9 \u00e0 la configuration de la carabine. <\/p>\n<p data-start=\"1136\" data-end=\"1545\">Le capuchon est fabriqu\u00e9 en polym\u00e8re r\u00e9sistant et comporte des \u00e9l\u00e9ments optiques en verre. Il est fourni avec un jeu d&rsquo;entretoises permettant de l&rsquo;installer sur des oculaires de 41 \u00e0 46 mm de diam\u00e8tre. <\/p>\n<p data-start=\"1547\" data-end=\"1695\" data-is-last-node=\"\" data-is-only-node=\"\">En bref, ce n&rsquo;est pas qu&rsquo;un simple bouchon de protection, mais une am\u00e9lioration optique fonctionnelle con\u00e7ue pour rendre le tir pr\u00e9cis plus simple, plus rapide et plus intuitif.<\/p>\n","protected":false},"excerpt":{"rendered":"<p data-start=\"178\" data-end=\"319\">Nous avons r\u00e9ussi \u00e0 int\u00e9grer un module optique avanc\u00e9 dans le format d&rsquo;une casquette de protection relevable classique. Ce module projette une image \u00e0 niveau \u00e0 bulle dans le champ de vision de l&rsquo;utilisateur, permettant ainsi de contr\u00f4ler l&rsquo;inclinaison sans avoir \u00e0 refaire la mise au point ni \u00e0 modifier la position de la t\u00eate lors de la vis\u00e9e. <\/p>\n<p data-start=\"178\" data-end=\"319\">Cette variante <strong>GAUCHE<\/strong> est destin\u00e9e aux utilisateurs qui pr\u00e9f\u00e8rent que le capuchon de protection s&rsquo;ouvre vers la gauche, offrant ainsi une vue plus d\u00e9gag\u00e9e de la tourelle de r\u00e9glage en \u00e9l\u00e9vation du viseur.<\/p>\n<p data-start=\"321\" data-end=\"633\">\n","protected":false},"featured_media":5605,"template":"","meta":{"_crdt_document":"","advanced_seo_description":"","jetpack_seo_html_title":"","jetpack_seo_noindex":false},"product_brand":[],"product_cat":[167],"product_tag":[188],"class_list":{"0":"post-5604","1":"product","2":"type-product","3":"status-publish","4":"has-post-thumbnail","6":"product_cat-accessoires","7":"product_tag-ue","9":"first","10":"outofstock","11":"taxable","12":"shipping-taxable","13":"purchasable","14":"product-type-variable"},"jetpack_sharing_enabled":true,"_links":{"self":[{"href":"https:\/\/immersive-optics.com\/fr\/wp-json\/wp\/v2\/product\/5604","targetHints":{"allow":["GET"]}}],"collection":[{"href":"https:\/\/immersive-optics.com\/fr\/wp-json\/wp\/v2\/product"}],"about":[{"href":"https:\/\/immersive-optics.com\/fr\/wp-json\/wp\/v2\/types\/product"}],"wp:featuredmedia":[{"embeddable":true,"href":"https:\/\/immersive-optics.com\/fr\/wp-json\/wp\/v2\/media\/5605"}],"wp:attachment":[{"href":"https:\/\/immersive-optics.com\/fr\/wp-json\/wp\/v2\/media?parent=5604"}],"wp:term":[{"taxonomy":"product_brand","embeddable":true,"href":"https:\/\/immersive-optics.com\/fr\/wp-json\/wp\/v2\/product_brand?post=5604"},{"taxonomy":"product_cat","embeddable":true,"href":"https:\/\/immersive-optics.com\/fr\/wp-json\/wp\/v2\/product_cat?post=5604"},{"taxonomy":"product_tag","embeddable":true,"href":"https:\/\/immersive-optics.com\/fr\/wp-json\/wp\/v2\/product_tag?post=5604"}],"curies":[{"name":"wp","href":"https:\/\/api.w.org\/{rel}","templated":true}]}}