{"id":5890,"date":"2026-03-26T14:57:51","date_gmt":"2026-03-26T14:57:51","guid":{"rendered":"https:\/\/immersive-optics.com\/politique-de-confidentialit\/"},"modified":"2026-03-26T14:57:53","modified_gmt":"2026-03-26T14:57:53","slug":"politique-de-confidentialit","status":"publish","type":"page","link":"https:\/\/immersive-optics.com\/fr\/politique-de-confidentialit\/","title":{"rendered":"Politique de Confidentialit\u00e9"},"content":{"rendered":"\t\t<div data-elementor-type=\"wp-page\" data-elementor-id=\"5890\" class=\"elementor elementor-5890 elementor-1694\" data-elementor-post-type=\"page\">\n\t\t\t\t\t\t<section class=\"elementor-section elementor-top-section elementor-element elementor-element-31929323 elementor-section-boxed elementor-section-height-default elementor-section-height-default\" data-id=\"31929323\" data-element_type=\"section\" data-e-type=\"section\">\n\t\t\t\t\t\t<div class=\"elementor-container elementor-column-gap-default\">\n\t\t\t\t\t<div class=\"elementor-column elementor-col-100 elementor-top-column elementor-element elementor-element-6c23bc25\" data-id=\"6c23bc25\" data-element_type=\"column\" data-e-type=\"column\">\n\t\t\t<div class=\"elementor-widget-wrap elementor-element-populated\">\n\t\t\t\t\t\t<div class=\"elementor-element elementor-element-6707783b elementor-widget elementor-widget-image\" data-id=\"6707783b\" data-element_type=\"widget\" data-e-type=\"widget\" data-widget_type=\"image.default\">\n\t\t\t\t<div class=\"elementor-widget-container\">\n\t\t\t\t\t\t\t\t\t\t\t\t\t\t\t<img fetchpriority=\"high\" decoding=\"async\" width=\"1370\" height=\"276\" src=\"https:\/\/immersive-optics.com\/wp-content\/uploads\/2021\/07\/Policy.svg\" class=\"attachment-full size-full wp-image-5891\" alt=\"\" \/>\t\t\t\t\t\t\t\t\t\t\t\t\t\t\t<\/div>\n\t\t\t\t<\/div>\n\t\t\t\t<div class=\"elementor-element elementor-element-3a652b12 elementor-widget elementor-widget-heading\" data-id=\"3a652b12\" data-element_type=\"widget\" data-e-type=\"widget\" data-widget_type=\"heading.default\">\n\t\t\t\t<div class=\"elementor-widget-container\">\n\t\t\t\t\t<h1 class=\"elementor-heading-title elementor-size-default\">    Politique de Confidentialit\u00e9<\/h1>\t\t\t\t<\/div>\n\t\t\t\t<\/div>\n\t\t\t\t<div class=\"elementor-element elementor-element-16e6747c elementor-widget elementor-widget-text-editor\" data-id=\"16e6747c\" data-element_type=\"widget\" data-e-type=\"widget\" data-widget_type=\"text-editor.default\">\n\t\t\t\t<div class=\"elementor-widget-container\">\n\t\t\t\t\t\t\t\t\t<p>Politique de confidentialit\u00e9 et de cookies d&rsquo;Immersive Optics Ltd<\/p><p><strong>Objectif de la politique.<\/strong><\/p><p>Immersive Optics Limited s&rsquo;engage \u00e0 pr\u00e9server votre vie priv\u00e9e et \u00e0 respecter votre droit de contr\u00f4ler vos donn\u00e9es personnelles. Notre politique de confidentialit\u00e9 d\u00e9taille les informations que nous recueillons, la mani\u00e8re dont nous les utilisons et les mesures que nous prenons pour les prot\u00e9ger. <\/p><p><strong>Informations que nous pouvons collecter.<\/strong><\/p><p>Nous recueillons des informations vous concernant dans le cadre de la fourniture de nos produits et services, en vous demandant ou en obtenant par d&rsquo;autres moyens les informations que nous pouvons raisonnablement avoir besoin de conna\u00eetre afin de pouvoir vous fournir les produits et services l\u00e9galement et selon une norme appropri\u00e9e.<\/p><p>Nous pouvons collecter les informations que vous nous fournissez volontairement, telles que, sans toutefois s&rsquo;y limiter, votre nom, votre num\u00e9ro de t\u00e9l\u00e9phone, votre adresse \u00e9lectronique et vos informations financi\u00e8res, lorsque vous communiquez ou nous contactez par quelque moyen que ce soit.<\/p><p>Nous pouvons vous demander de remplir des documents et des formulaires afin d&rsquo;ouvrir un compte de trading; de demander un acc\u00e8s au site web du revendeur; de r\u00e9pondre \u00e0 des enqu\u00eates ponctuelles afin d&rsquo;am\u00e9liorer nos services, bien que cela ne soit pas obligatoire ; de demander \u00e0 recevoir des newsletters, des informations sur les produits et les \u00e9v\u00e9nements; de participer \u00e0 des concours et des activit\u00e9s promotionnelles.<\/p><p>Comme la plupart des sites web, nous collectons et utilisons automatiquement les donn\u00e9es contenues dans les fichiers journaux. Ces informations comprennent votre adresse IP (protocole Internet), votre fournisseur d&rsquo;acc\u00e8s \u00e0 Internet, le navigateur utilis\u00e9 pour visiter notre site, l&rsquo;heure de votre visite et les pages consult\u00e9es. <\/p><p>Les cookies sont des fichiers texte plac\u00e9s sur votre ordinateur pour recueillir des informations de connexion standard et des donn\u00e9es relatives au comportement des visiteurs. Ces informations servent \u00e0 analyser l&rsquo;utilisation du site web et \u00e0 \u00e9tablir des rapports statistiques sur son activit\u00e9. Immersive Optics Limited utilise des cookies pour suivre l&rsquo;activit\u00e9 des utilisateurs sur son site web afin d&rsquo;en am\u00e9liorer les performances et les fonctionnalit\u00e9s. Pour plus d&rsquo;informations, veuillez consulter www.aboutcookies.org ou www.allaboutcookies.org. Vous pouvez configurer votre navigateur pour qu&rsquo;il n&rsquo;accepte pas les cookies ; les sites web mentionn\u00e9s ci-dessus vous expliquent comment les supprimer. Toutefois, dans certains cas, certaines fonctionnalit\u00e9s de notre site web pourraient ne pas fonctionner correctement. Nous pouvons \u00e9galement recevoir des informations vous concernant via les r\u00e9seaux sociaux, par exemple lorsque vous interagissez avec nous sur ces plateformes.      <\/p><p><strong>Comment nous pouvons utiliser vos donn\u00e9es personnelles<\/strong><\/p><p>Immersive Optics Limited utilise vos donn\u00e9es personnelles pour vous fournir les produits et services que nous proposons, ainsi que pour am\u00e9liorer et personnaliser votre exp\u00e9rience. Nous utilisons vos donn\u00e9es personnelles de la mani\u00e8re suivante : <\/p><ol><li>Pour ex\u00e9cuter les obligations d\u00e9coulant des contrats ou des transactions commerciales conclus entre nous.<\/li><li>Pour r\u00e9pondre \u00e0 vos demandes et vous fournir des services d&rsquo;assistance et de support client.<\/li><li>Pour vous fournir des newsletters, des informations, des prix, des d\u00e9tails sur les produits et des informations sur les \u00e9v\u00e9nements que vous avez demand\u00e9s ou qui, selon nous, pourraient vous int\u00e9resser, \u00e0 condition que vous ayez consenti \u00e0 recevoir ces informations.<\/li><li>Pour vous informer de toute modification apport\u00e9e \u00e0 nos produits et services.<\/li><li>D\u00e9velopper des analyses agr\u00e9g\u00e9es et des informations strat\u00e9giques qui nous permettent d&rsquo;op\u00e9rer, d&rsquo;am\u00e9liorer, de prot\u00e9ger, de prendre des d\u00e9cisions \u00e9clair\u00e9es et de rendre compte des performances de l&rsquo;entreprise.<\/li><\/ol><p>Si nous utilisons vos renseignements personnels \u00e0 des fins non mentionn\u00e9es dans la pr\u00e9sente politique de confidentialit\u00e9, nous vous indiquerons pr\u00e9cis\u00e9ment \u00e0 quelles fins nous les utiliserons avant de proc\u00e9der et d&rsquo;obtenir votre consentement, le cas \u00e9ch\u00e9ant.<\/p><p><strong>Partage de vos donn\u00e9es personnelles<\/strong><\/p><p>Nous garantissons la confidentialit\u00e9 de vos donn\u00e9es personnelles. Immersive Optics Limited ne vend aucune information personnelle. Nous ne divulguerons jamais vos donn\u00e9es personnelles \u00e0 des tiers, sauf \u00e0 nos sous-traitants, agents, fournisseurs et prestataires de services tiers pour la r\u00e9alisation de prestations telles que la gestion et l&rsquo;h\u00e9bergement de sites web, l&rsquo;exp\u00e9dition, le traitement des paiements par carte bancaire et la communication. Nous ne partagerons vos donn\u00e9es personnelles avec les agents ou sous-traitants agissant pour notre compte que dans la mesure n\u00e9cessaire \u00e0 la r\u00e9alisation d&rsquo;une transaction et \u00e0 la fourniture d&rsquo;un produit ou d&rsquo;un service. Le traitement de vos donn\u00e9es personnelles \u00e0 ces fins rel\u00e8ve de notre int\u00e9r\u00eat l\u00e9gitime.    <\/p><p>Nous pouvons \u00e9galement \u00eatre tenus de divulguer vos renseignements personnels pour les raisons suivantes:<\/p><ol><li>Lorsque nous y sommes tenus afin de nous conformer \u00e0 une obligation l\u00e9gale.<\/li><li>Afin de prot\u00e9ger nos droits, ceux de nos clients ou ceux d&rsquo;autres personnes, nos biens ou notre s\u00e9curit\u00e9.<\/li><li>Les donn\u00e9es personnelles feraient partie des actifs transf\u00e9r\u00e9s en cas de vente ou de projet de vente de l&rsquo;entreprise et\/ou de ses actifs.<\/li><\/ol><p>Malheureusement, la transmission d&rsquo;informations via Internet n&rsquo;est pas totalement s\u00e9curis\u00e9e et, bien que nous prenions toutes les mesures raisonnables pour prot\u00e9ger vos donn\u00e9es personnelles, nous ne pouvons garantir la s\u00e9curit\u00e9 des donn\u00e9es qui nous sont transmises et toute transmission se fait enti\u00e8rement \u00e0 vos risques et p\u00e9rils.<\/p><p><strong>Conservation de vos donn\u00e9es personnelles<\/strong><\/p><p>Toutes les informations sont stock\u00e9es sur nos serveurs s\u00e9curis\u00e9s. Cependant, nous pouvons \u00e9galement faire appel \u00e0 des tiers, agissant pour notre compte, qui peuvent stocker ou traiter les informations que nous recueillons vous concernant dans des pays situ\u00e9s en dehors de l&rsquo;Espace \u00e9conomique europ\u00e9en. La l\u00e9gislation de ces pays en mati\u00e8re de protection des donn\u00e9es peut diff\u00e9rer de celle du Royaume-Uni. En soumettant vos donn\u00e9es personnelles, vous consentez \u00e0 ce transfert, \u00e0 ce stockage et \u00e0 ce traitement. Nous avons mis en place des mesures de s\u00e9curit\u00e9 techniques et organisationnelles afin de pr\u00e9venir la perte ou l&rsquo;acc\u00e8s non autoris\u00e9 \u00e0 vos informations personnelles. Toutefois, malgr\u00e9 tous nos efforts pour assurer la s\u00e9curit\u00e9 de vos donn\u00e9es, veuillez noter que nous ne pouvons garantir la s\u00e9curit\u00e9 des informations transmises sur Internet.   <\/p><p>Immersive Optics Limited conservera vos donn\u00e9es personnelles aussi longtemps que n\u00e9cessaire aux fins pour lesquelles elles ont \u00e9t\u00e9 collect\u00e9es. Nous r\u00e9viserons r\u00e9guli\u00e8rement les dur\u00e9es de conservation et mettrons \u00e0 jour, archiverons ou supprimerons de mani\u00e8re s\u00e9curis\u00e9e les informations obsol\u00e8tes ou devenues inutiles, conform\u00e9ment \u00e0 la l\u00e9gislation en vigueur. <\/p><p><strong>Vos droits<\/strong><\/p><p>Vous avez le droit de nous demander de ne pas traiter vos donn\u00e9es personnelles \u00e0 des fins de marketing.<\/p><p>Vous pouvez exercer vos droits \u00e0 tout moment pour modifier vos pr\u00e9f\u00e9rences ou vous d\u00e9sabonner des communications en envoyant un courriel \u00e0 info@immersive-optics.co.uk<\/p><p>Vous pouvez nous demander une copie des donn\u00e9es personnelles que nous d\u00e9tenons vous concernant. Ce service est gratuit, sauf si votre demande est jug\u00e9e manifestement infond\u00e9e ou excessive. <\/p><p>L&rsquo;exactitude de vos informations est importante pour nous. Par cons\u00e9quent, si vous estimez que les informations que nous d\u00e9tenons sont inexactes ou si vous souhaitez les modifier, veuillez nous contacter par courriel \u00e0 l&rsquo;adresse info@immersive-optics.com. <\/p><p><strong>Modifications apport\u00e9es \u00e0 notre politique de confidentialit\u00e9<\/strong><\/p><p>Immersive Optics Limited se r\u00e9serve le droit de modifier ou de mettre \u00e0 jour cette politique en cas de besoin et actualisera la date de r\u00e9vision figurant au bas du document. Nous vous recommandons de consulter r\u00e9guli\u00e8rement cette politique. <\/p>\t\t\t\t\t\t\t\t<\/div>\n\t\t\t\t<\/div>\n\t\t\t\t\t<\/div>\n\t\t<\/div>\n\t\t\t\t\t<\/div>\n\t\t<\/section>\n\t\t\t\t<\/div>\n\t\t","protected":false},"excerpt":{"rendered":"<p>Politique de Confidentialit\u00e9 Politique de confidentialit\u00e9 et de cookies d&rsquo;Immersive Optics Ltd Objectif de la politique. Immersive Optics Limited s&rsquo;engage \u00e0 pr\u00e9server votre vie priv\u00e9e et \u00e0 respecter votre droit de contr\u00f4ler vos donn\u00e9es personnelles. Notre politique de confidentialit\u00e9 d\u00e9taille les informations que nous recueillons, la mani\u00e8re dont nous les utilisons et les mesures que [&hellip;]<\/p>\n","protected":false},"author":3,"featured_media":0,"parent":0,"menu_order":0,"comment_status":"closed","ping_status":"closed","template":"","meta":{"_crdt_document":"","advanced_seo_description":"","jetpack_seo_html_title":"","jetpack_seo_noindex":false,"footnotes":""},"class_list":["post-5890","page","type-page","status-publish","hentry"],"jetpack_sharing_enabled":true,"jetpack_shortlink":"https:\/\/wp.me\/Ph9FcQ-1x0","_links":{"self":[{"href":"https:\/\/immersive-optics.com\/fr\/wp-json\/wp\/v2\/pages\/5890","targetHints":{"allow":["GET"]}}],"collection":[{"href":"https:\/\/immersive-optics.com\/fr\/wp-json\/wp\/v2\/pages"}],"about":[{"href":"https:\/\/immersive-optics.com\/fr\/wp-json\/wp\/v2\/types\/page"}],"author":[{"embeddable":true,"href":"https:\/\/immersive-optics.com\/fr\/wp-json\/wp\/v2\/users\/3"}],"replies":[{"embeddable":true,"href":"https:\/\/immersive-optics.com\/fr\/wp-json\/wp\/v2\/comments?post=5890"}],"version-history":[{"count":0,"href":"https:\/\/immersive-optics.com\/fr\/wp-json\/wp\/v2\/pages\/5890\/revisions"}],"wp:attachment":[{"href":"https:\/\/immersive-optics.com\/fr\/wp-json\/wp\/v2\/media?parent=5890"}],"curies":[{"name":"wp","href":"https:\/\/api.w.org\/{rel}","templated":true}]}}