{"id":4503,"date":"2026-03-23T21:21:57","date_gmt":"2026-03-23T21:21:57","guid":{"rendered":"https:\/\/immersive-optics.com\/services\/"},"modified":"2026-03-23T21:21:59","modified_gmt":"2026-03-23T21:21:59","slug":"services","status":"publish","type":"page","link":"https:\/\/immersive-optics.com\/fr\/services\/","title":{"rendered":"Services"},"content":{"rendered":"\t\t<div data-elementor-type=\"wp-page\" data-elementor-id=\"4503\" class=\"elementor elementor-4503 elementor-3551\" data-elementor-post-type=\"page\">\n\t\t\t\t\t\t<section class=\"elementor-section elementor-top-section elementor-element elementor-element-4964b02 elementor-section-boxed elementor-section-height-default elementor-section-height-default\" data-id=\"4964b02\" data-element_type=\"section\" data-e-type=\"section\">\n\t\t\t\t\t\t<div class=\"elementor-container elementor-column-gap-default\">\n\t\t\t\t\t<div class=\"elementor-column elementor-col-100 elementor-top-column elementor-element elementor-element-cf67bf7\" data-id=\"cf67bf7\" data-element_type=\"column\" data-e-type=\"column\">\n\t\t\t<div class=\"elementor-widget-wrap elementor-element-populated\">\n\t\t\t\t\t\t<div class=\"elementor-element elementor-element-240efb0 elementor-widget elementor-widget-heading\" data-id=\"240efb0\" data-element_type=\"widget\" data-e-type=\"widget\" data-widget_type=\"heading.default\">\n\t\t\t\t<div class=\"elementor-widget-container\">\n\t\t\t\t\t<h3 class=\"elementor-heading-title elementor-size-default\">SERVICES  <\/h3>\t\t\t\t<\/div>\n\t\t\t\t<\/div>\n\t\t\t\t\t<\/div>\n\t\t<\/div>\n\t\t\t\t\t<\/div>\n\t\t<\/section>\n\t\t\t\t<section class=\"elementor-section elementor-top-section elementor-element elementor-element-8793d95 elementor-section-content-top elementor-section-boxed elementor-section-height-default elementor-section-height-default\" data-id=\"8793d95\" data-element_type=\"section\" data-e-type=\"section\">\n\t\t\t\t\t\t<div class=\"elementor-container elementor-column-gap-narrow\">\n\t\t\t\t\t<div class=\"elementor-column elementor-col-50 elementor-top-column elementor-element elementor-element-382e0d9\" data-id=\"382e0d9\" data-element_type=\"column\" data-e-type=\"column\">\n\t\t\t<div class=\"elementor-widget-wrap elementor-element-populated\">\n\t\t\t\t\t\t<div class=\"elementor-element elementor-element-fb85785 elementor-widget elementor-widget-heading\" data-id=\"fb85785\" data-element_type=\"widget\" data-e-type=\"widget\" data-widget_type=\"heading.default\">\n\t\t\t\t<div class=\"elementor-widget-container\">\n\t\t\t\t\t<h5 class=\"elementor-heading-title elementor-size-default\">Conception et fabrication<\/h5>\t\t\t\t<\/div>\n\t\t\t\t<\/div>\n\t\t\t\t<div class=\"elementor-element elementor-element-a879a72 elementor-widget elementor-widget-text-editor\" data-id=\"a879a72\" data-element_type=\"widget\" data-e-type=\"widget\" data-widget_type=\"text-editor.default\">\n\t\t\t\t<div class=\"elementor-widget-container\">\n\t\t\t\t\t\t\t\t\t<p style=\"font-weight: 400;\">Nous sommes sp\u00e9cialis\u00e9s dans la conception et la fabrication de solutions m\u00e9caniques, opto-m\u00e9caniques et optroniques \u2014 des composants individuels aux assemblages enti\u00e8rement int\u00e9gr\u00e9s et aux dispositifs complets.<\/p>\t\t\t\t\t\t\t\t<\/div>\n\t\t\t\t<\/div>\n\t\t\t\t<div class=\"elementor-element elementor-element-1f765b6 elementor-grid-3 elementor-grid-tablet-2 elementor-grid-mobile-1 pp-ins-normal elementor-widget elementor-widget-pp-image-gallery\" data-id=\"1f765b6\" data-element_type=\"widget\" data-e-type=\"widget\" data-widget_type=\"pp-image-gallery.default\">\n\t\t\t\t<div class=\"elementor-widget-container\">\n\t\t\t\t\t\t\t<div class=\"pp-image-gallery-container\" data-settings=\"{&quot;tilt_enable&quot;:&quot;no&quot;,&quot;layout&quot;:&quot;grid&quot;,&quot;post_id&quot;:4503,&quot;template_id&quot;:4503,&quot;widget_id&quot;:&quot;1f765b6&quot;}\">\n\t\t\t\t\t\t\t\t\t\t\t<div class=\"pp-image-gallery pp-elementor-grid\" id=\"pp-image-gallery-1f765b6\">\n\t\t\t\t\t\t\t\t<div class=\"pp-grid-item-wrap \" data-item-id=\"4451\">\n\t\t\t\t<div class=\"pp-grid-item pp-image\">\n\t\t\t\t\t<div class=\"pp-image-gallery-thumbnail-wrap pp-ins-filter-hover\">\n\t\t\t\t\t\t<a data-elementor-open-lightbox=\"yes\" data-elementor-lightbox-slideshow=\"1f765b6\" data-elementor-lightbox-title=\"Example of our design\" data-e-action-hash=\"#elementor-action%3Aaction%3Dlightbox%26settings%3DeyJpZCI6NDQ1MSwidXJsIjoiaHR0cHM6XC9cL2ltbWVyc2l2ZS1vcHRpY3MuY29tXC93cC1jb250ZW50XC91cGxvYWRzXC8yMDI2XC8wM1wvc2VyMS5wbmciLCJzbGlkZXNob3ciOiIxZjc2NWI2In0%3D\" class=\"elementor-clickable pp-image-gallery-item-link\" href=\"https:\/\/immersive-optics.com\/wp-content\/uploads\/2026\/03\/ser1.png\"><div class=\"pp-ins-filter-target pp-image-gallery-thumbnail\"><img decoding=\"async\" class=\"pp-gallery-slide-image\" src=\"https:\/\/immersive-optics.com\/wp-content\/uploads\/2026\/03\/ser1.png\" alt=\"Example of our design\" data-no-lazy=\"1\"\/><\/div><div class=\"pp-image-overlay pp-media-overlay\"><\/div><div class=\"pp-gallery-image-content pp-media-content\"><\/div><\/a>\t\t\t\t\t<\/div>\n\t\t\t\t<\/div>\n\t\t\t<\/div>\n\t\t\t\t\t\t<div class=\"pp-grid-item-wrap \" data-item-id=\"4456\">\n\t\t\t\t<div class=\"pp-grid-item pp-image\">\n\t\t\t\t\t<div class=\"pp-image-gallery-thumbnail-wrap pp-ins-filter-hover\">\n\t\t\t\t\t\t<a data-elementor-open-lightbox=\"yes\" data-elementor-lightbox-slideshow=\"1f765b6\" data-elementor-lightbox-title=\"Example of our design\" data-e-action-hash=\"#elementor-action%3Aaction%3Dlightbox%26settings%3DeyJpZCI6NDQ1NiwidXJsIjoiaHR0cHM6XC9cL2ltbWVyc2l2ZS1vcHRpY3MuY29tXC93cC1jb250ZW50XC91cGxvYWRzXC8yMDI2XC8wM1wvc2VyMy5wbmciLCJzbGlkZXNob3ciOiIxZjc2NWI2In0%3D\" class=\"elementor-clickable pp-image-gallery-item-link\" href=\"https:\/\/immersive-optics.com\/wp-content\/uploads\/2026\/03\/ser3.png\"><div class=\"pp-ins-filter-target pp-image-gallery-thumbnail\"><img decoding=\"async\" class=\"pp-gallery-slide-image\" src=\"https:\/\/immersive-optics.com\/wp-content\/uploads\/2026\/03\/ser3.png\" alt=\"Example of our design\" data-no-lazy=\"1\"\/><\/div><div class=\"pp-image-overlay pp-media-overlay\"><\/div><div class=\"pp-gallery-image-content pp-media-content\"><\/div><\/a>\t\t\t\t\t<\/div>\n\t\t\t\t<\/div>\n\t\t\t<\/div>\n\t\t\t\t\t\t<div class=\"pp-grid-item-wrap \" data-item-id=\"4457\">\n\t\t\t\t<div class=\"pp-grid-item pp-image\">\n\t\t\t\t\t<div class=\"pp-image-gallery-thumbnail-wrap pp-ins-filter-hover\">\n\t\t\t\t\t\t<a data-elementor-open-lightbox=\"yes\" data-elementor-lightbox-slideshow=\"1f765b6\" data-elementor-lightbox-title=\"Example of our design\" data-e-action-hash=\"#elementor-action%3Aaction%3Dlightbox%26settings%3DeyJpZCI6NDQ1NywidXJsIjoiaHR0cHM6XC9cL2ltbWVyc2l2ZS1vcHRpY3MuY29tXC93cC1jb250ZW50XC91cGxvYWRzXC8yMDI2XC8wM1wvc2VyMi5wbmciLCJzbGlkZXNob3ciOiIxZjc2NWI2In0%3D\" class=\"elementor-clickable pp-image-gallery-item-link\" href=\"https:\/\/immersive-optics.com\/wp-content\/uploads\/2026\/03\/ser2.png\"><div class=\"pp-ins-filter-target pp-image-gallery-thumbnail\"><img decoding=\"async\" class=\"pp-gallery-slide-image\" src=\"https:\/\/immersive-optics.com\/wp-content\/uploads\/2026\/03\/ser2.png\" alt=\"Example of our design\" data-no-lazy=\"1\"\/><\/div><div class=\"pp-image-overlay pp-media-overlay\"><\/div><div class=\"pp-gallery-image-content pp-media-content\"><\/div><\/a>\t\t\t\t\t<\/div>\n\t\t\t\t<\/div>\n\t\t\t<\/div>\n\t\t\t\t\t\t\t<\/div>\n\t\t\t\t\t\t<\/div>\n\t\t\t\t\t\t<\/div>\n\t\t\t\t<\/div>\n\t\t\t\t<div class=\"elementor-element elementor-element-df4a95f elementor-widget elementor-widget-text-editor\" data-id=\"df4a95f\" data-element_type=\"widget\" data-e-type=\"widget\" data-widget_type=\"text-editor.default\">\n\t\t\t\t<div class=\"elementor-widget-container\">\n\t\t\t\t\t\t\t\t\t<p style=\"font-weight: 400;\">Au fil des ans, nous avons con\u00e7u et livr\u00e9 une large gamme de produits pour des marques partenaires, dont beaucoup ont obtenu une forte reconnaissance sur le march\u00e9 et une forte demande des clients. Notre \u00e9quipe apporte une expertise approfondie dans les syst\u00e8mes m\u00e9caniques, les solutions de vis\u00e9e et les dispositifs d&rsquo;observation, avec une solide exp\u00e9rience dans la cr\u00e9ation de produits qui combinent fonctionnalit\u00e9, innovation, distinction visuelle et \u00e9volutivit\u00e9 pour la production en volume. <\/p><p style=\"font-weight: 400;\">Nous soutenons le d\u00e9veloppement de composants autonomes et de syst\u00e8mes int\u00e9gr\u00e9s complets, notamment :<\/p><ul style=\"font-weight: 400;\"><li>Modules, produits et interfaces m\u00e9caniques<\/li><li>Viseurs traditionnels transparents, viseurs hybrides et syst\u00e8mes point rouge<\/li><li>Instruments d&rsquo;observation num\u00e9riques et thermiques<\/li><li>T\u00e9l\u00e9m\u00e8tres laser autonomes et int\u00e9gr\u00e9s<\/li><li>Modules de combinaison de faisceaux pour les applications de superposition d&rsquo;images, y compris les guides d&rsquo;ondes<\/li><li>Solutions balistiques plug-and-play<\/li><\/ul>\t\t\t\t\t\t\t\t<\/div>\n\t\t\t\t<\/div>\n\t\t\t\t<div class=\"elementor-element elementor-element-5ed1838 gallery-spacing-custom elementor-widget elementor-widget-image-gallery\" data-id=\"5ed1838\" data-element_type=\"widget\" data-e-type=\"widget\" data-widget_type=\"image-gallery.default\">\n\t\t\t\t<div class=\"elementor-widget-container\">\n\t\t\t\t\t\t\t<div class=\"elementor-image-gallery\">\n\t\t\t<div id='gallery-1' class='gallery galleryid-4503 gallery-columns-2 gallery-size-medium_large'><figure class='gallery-item'>\n\t\t\t<div class='gallery-icon landscape'>\n\t\t\t\t<a data-elementor-open-lightbox=\"yes\" data-elementor-lightbox-slideshow=\"5ed1838\" data-elementor-lightbox-title=\"Installations de production CNC\" data-e-action-hash=\"#elementor-action%3Aaction%3Dlightbox%26settings%3DeyJpZCI6NDUxMSwidXJsIjoiaHR0cHM6XC9cL2ltbWVyc2l2ZS1vcHRpY3MuY29tXC93cC1jb250ZW50XC91cGxvYWRzXC8yMDI2XC8wM1wvc2VyNC5wbmciLCJzbGlkZXNob3ciOiI1ZWQxODM4In0%3D\" href='https:\/\/immersive-optics.com\/wp-content\/uploads\/2026\/03\/ser4.png'><img fetchpriority=\"high\" decoding=\"async\" width=\"768\" height=\"577\" src=\"https:\/\/immersive-optics.com\/wp-content\/uploads\/2026\/03\/ser4-768x577.png\" class=\"attachment-medium_large size-medium_large\" alt=\"Installations de production CNC\" aria-describedby=\"gallery-1-4511\" srcset=\"https:\/\/immersive-optics.com\/wp-content\/uploads\/2026\/03\/ser4-768x577.png 768w, https:\/\/immersive-optics.com\/wp-content\/uploads\/2026\/03\/ser4-300x225.png 300w, https:\/\/immersive-optics.com\/wp-content\/uploads\/2026\/03\/ser4-1024x769.png 1024w, https:\/\/immersive-optics.com\/wp-content\/uploads\/2026\/03\/ser4-600x451.png 600w, https:\/\/immersive-optics.com\/wp-content\/uploads\/2026\/03\/ser4.png 1069w\" sizes=\"(max-width: 768px) 100vw, 768px\" \/><\/a>\n\t\t\t<\/div>\n\t\t\t\t<figcaption class='wp-caption-text gallery-caption' id='gallery-1-4511'>\n\t\t\t\tInstallations de production CNC\n\t\t\t\t<\/figcaption><\/figure><figure class='gallery-item'>\n\t\t\t<div class='gallery-icon landscape'>\n\t\t\t\t<a data-elementor-open-lightbox=\"yes\" data-elementor-lightbox-slideshow=\"5ed1838\" data-elementor-lightbox-title=\"Finition Cerakote\u00ae\" data-e-action-hash=\"#elementor-action%3Aaction%3Dlightbox%26settings%3DeyJpZCI6NDUxMiwidXJsIjoiaHR0cHM6XC9cL2ltbWVyc2l2ZS1vcHRpY3MuY29tXC93cC1jb250ZW50XC91cGxvYWRzXC8yMDI2XC8wM1wvc2VyNS5wbmciLCJzbGlkZXNob3ciOiI1ZWQxODM4In0%3D\" href='https:\/\/immersive-optics.com\/wp-content\/uploads\/2026\/03\/ser5.png'><img decoding=\"async\" width=\"482\" height=\"430\" src=\"https:\/\/immersive-optics.com\/wp-content\/uploads\/2026\/03\/ser5.png\" class=\"attachment-medium_large size-medium_large\" alt=\"Finition Cerakote\u00ae\" aria-describedby=\"gallery-1-4512\" srcset=\"https:\/\/immersive-optics.com\/wp-content\/uploads\/2026\/03\/ser5.png 482w, https:\/\/immersive-optics.com\/wp-content\/uploads\/2026\/03\/ser5-300x268.png 300w\" sizes=\"(max-width: 482px) 100vw, 482px\" \/><\/a>\n\t\t\t<\/div>\n\t\t\t\t<figcaption class='wp-caption-text gallery-caption' id='gallery-1-4512'>\n\t\t\t\tFinition Cerakote\u00ae\n\t\t\t\t<\/figcaption><\/figure>\n\t\t<\/div>\n\t\t<\/div>\n\t\t\t\t\t\t<\/div>\n\t\t\t\t<\/div>\n\t\t\t\t<div class=\"elementor-element elementor-element-8a47054 elementor-widget elementor-widget-text-editor\" data-id=\"8a47054\" data-element_type=\"widget\" data-e-type=\"widget\" data-widget_type=\"text-editor.default\">\n\t\t\t\t<div class=\"elementor-widget-container\">\n\t\t\t\t\t\t\t\t\t<p style=\"font-weight: 400;\">En plus du d\u00e9veloppement de produits, nous proposons des solutions de fabrication cl\u00e9s en main qui offrent aux clients la flexibilit\u00e9 de fabriquer de mani\u00e8re ind\u00e9pendante ou de s&rsquo;appuyer sur nos installations pour une gestion compl\u00e8te de la production.<\/p><p style=\"font-weight: 400;\">Nos capacit\u00e9s de fabrication comprennent :<\/p><ul style=\"font-weight: 400;\"><li>Usinage CNC<\/li><li>Traitement thermique des m\u00e9taux<\/li><li>Rev\u00eatement Cerakote\u00ae<\/li><li>Tests de recul et de choc<\/li><li>D\u00e9coupe d&rsquo;\u00e9l\u00e9ments optiques \u00e0 une forme sp\u00e9cifique<\/li><\/ul>\t\t\t\t\t\t\t\t<\/div>\n\t\t\t\t<\/div>\n\t\t\t\t\t<\/div>\n\t\t<\/div>\n\t\t\t\t<div class=\"elementor-column elementor-col-50 elementor-top-column elementor-element elementor-element-005fdc7\" data-id=\"005fdc7\" data-element_type=\"column\" data-e-type=\"column\">\n\t\t\t<div class=\"elementor-widget-wrap elementor-element-populated\">\n\t\t\t\t\t\t<div class=\"elementor-element elementor-element-9d4fecb elementor-widget elementor-widget-heading\" data-id=\"9d4fecb\" data-element_type=\"widget\" data-e-type=\"widget\" data-widget_type=\"heading.default\">\n\t\t\t\t<div class=\"elementor-widget-container\">\n\t\t\t\t\t<h5 class=\"elementor-heading-title elementor-size-default\">Partenariat<\/h5>\t\t\t\t<\/div>\n\t\t\t\t<\/div>\n\t\t\t\t<div class=\"elementor-element elementor-element-c5037d1 elementor-widget elementor-widget-text-editor\" data-id=\"c5037d1\" data-element_type=\"widget\" data-e-type=\"widget\" data-widget_type=\"text-editor.default\">\n\t\t\t\t<div class=\"elementor-widget-container\">\n\t\t\t\t\t\t\t\t\t<p style=\"font-weight: 400;\">Nous avons cr\u00e9\u00e9 un certain nombre de concepts de produits innovants avec un fort potentiel commercial. Nous recherchons des partenaires industriels dont l&rsquo;expertise, l&rsquo;acc\u00e8s au march\u00e9 ou les capacit\u00e9s de fabrication s&rsquo;alignent sur ces innovations et peuvent aider \u00e0 acc\u00e9l\u00e9rer leur mise sur le march\u00e9. <\/p><p style=\"font-weight: 400;\">En vous associant \u00e0 nous, vous acc\u00e9dez \u00e0 une expertise \u00e9prouv\u00e9e en mati\u00e8re de conception et d&rsquo;ing\u00e9nierie, \u00e0 des capacit\u00e9s de fabrication pratiques et \u00e0 une \u00e9quipe de d\u00e9veloppement ax\u00e9e sur la cr\u00e9ation de solutions robustes et pr\u00eates pour la production. Que l&rsquo;objectif soit le co-d\u00e9veloppement, un partenariat de fabrication, une collaboration en marque blanche ou un soutien au lancement sur le march\u00e9, nous sommes ouverts \u00e0 la construction du mod\u00e8le adapt\u00e9 \u00e0 l&rsquo;opportunit\u00e9. Nous veillons \u00e0 prot\u00e9ger notre propri\u00e9t\u00e9 intellectuelle.  <\/p>\t\t\t\t\t\t\t\t<\/div>\n\t\t\t\t<\/div>\n\t\t\t\t<div class=\"elementor-element elementor-element-b67af97 elementor-widget elementor-widget-image-gallery\" data-id=\"b67af97\" data-element_type=\"widget\" data-e-type=\"widget\" data-widget_type=\"image-gallery.default\">\n\t\t\t\t<div class=\"elementor-widget-container\">\n\t\t\t\t\t\t\t<div class=\"elementor-image-gallery\">\n\t\t\t<div id='gallery-2' class='gallery galleryid-4503 gallery-columns-2 gallery-size-thumbnail'><figure class='gallery-item'>\n\t\t\t<div class='gallery-icon landscape'>\n\t\t\t\t<a data-elementor-open-lightbox=\"yes\" data-elementor-lightbox-slideshow=\"b67af97\" data-elementor-lightbox-title=\"Puce balistique Plug &amp; Play\" data-e-action-hash=\"#elementor-action%3Aaction%3Dlightbox%26settings%3DeyJpZCI6NDUxMywidXJsIjoiaHR0cHM6XC9cL2ltbWVyc2l2ZS1vcHRpY3MuY29tXC93cC1jb250ZW50XC91cGxvYWRzXC8yMDI2XC8wM1wvc2VyMTIucG5nIiwic2xpZGVzaG93IjoiYjY3YWY5NyJ9\" href='https:\/\/immersive-optics.com\/wp-content\/uploads\/2026\/03\/ser12.png'><img decoding=\"async\" width=\"150\" height=\"150\" src=\"https:\/\/immersive-optics.com\/wp-content\/uploads\/2026\/03\/ser12-150x150.png\" class=\"attachment-thumbnail size-thumbnail\" alt=\"Puce balistique Plug &amp; Play\" aria-describedby=\"gallery-2-4513\" srcset=\"https:\/\/immersive-optics.com\/wp-content\/uploads\/2026\/03\/ser12-150x150.png 150w, https:\/\/immersive-optics.com\/wp-content\/uploads\/2026\/03\/ser12-100x100.png 100w\" sizes=\"(max-width: 150px) 100vw, 150px\" \/><\/a>\n\t\t\t<\/div>\n\t\t\t\t<figcaption class='wp-caption-text gallery-caption' id='gallery-2-4513'>\n\t\t\t\tPuce balistique Plug &amp; Play\n\t\t\t\t<\/figcaption><\/figure><figure class='gallery-item'>\n\t\t\t<div class='gallery-icon landscape'>\n\t\t\t\t<a data-elementor-open-lightbox=\"yes\" data-elementor-lightbox-slideshow=\"b67af97\" data-elementor-lightbox-title=\"Module de superposition \u00e9conome en \u00e9nergie\" data-e-action-hash=\"#elementor-action%3Aaction%3Dlightbox%26settings%3DeyJpZCI6NDUxNCwidXJsIjoiaHR0cHM6XC9cL2ltbWVyc2l2ZS1vcHRpY3MuY29tXC93cC1jb250ZW50XC91cGxvYWRzXC8yMDI2XC8wM1wvc2VyMTEucG5nIiwic2xpZGVzaG93IjoiYjY3YWY5NyJ9\" href='https:\/\/immersive-optics.com\/wp-content\/uploads\/2026\/03\/ser11.png'><img loading=\"lazy\" decoding=\"async\" width=\"150\" height=\"150\" src=\"https:\/\/immersive-optics.com\/wp-content\/uploads\/2026\/03\/ser11-150x150.png\" class=\"attachment-thumbnail size-thumbnail\" alt=\"Module de superposition \u00e9conome en \u00e9nergie\" aria-describedby=\"gallery-2-4514\" srcset=\"https:\/\/immersive-optics.com\/wp-content\/uploads\/2026\/03\/ser11-150x150.png 150w, https:\/\/immersive-optics.com\/wp-content\/uploads\/2026\/03\/ser11-100x100.png 100w\" sizes=\"(max-width: 150px) 100vw, 150px\" \/><\/a>\n\t\t\t<\/div>\n\t\t\t\t<figcaption class='wp-caption-text gallery-caption' id='gallery-2-4514'>\n\t\t\t\tModule de superposition \u00e9conome en \u00e9nergie\n\t\t\t\t<\/figcaption><\/figure>\n\t\t<\/div>\n\t\t<\/div>\n\t\t\t\t\t\t<\/div>\n\t\t\t\t<\/div>\n\t\t\t\t<div class=\"elementor-element elementor-element-90a5107 elementor-widget elementor-widget-text-editor\" data-id=\"90a5107\" data-element_type=\"widget\" data-e-type=\"widget\" data-widget_type=\"text-editor.default\">\n\t\t\t\t<div class=\"elementor-widget-container\">\n\t\t\t\t\t\t\t\t\t<p style=\"font-weight: 400;\">Nous sommes actuellement \u00e0 un stade avanc\u00e9 de d\u00e9veloppement dans les domaines suivants :<\/p><ul style=\"font-weight: 400;\"><li>Gamme de produits d&rsquo;\u00e9cosyst\u00e8me de vis\u00e9e hybride<\/li><li>Solution de vis\u00e9e balistique int\u00e9gr\u00e9e avanc\u00e9e<\/li><li>Modules de guidage d&rsquo;ondes pour la combinaison de faisceaux optiques dans les syst\u00e8mes de vis\u00e9e<\/li><li>Module de surveillance et d&rsquo;ajustement de la vitesse des projectiles<\/li><li>Supports amortisseurs multi-vecteurs pour syst\u00e8mes \u00e0 fort recul<\/li><\/ul><p> <\/p><p style=\"font-weight: 400;\">Si vous recherchez un partenaire de d\u00e9veloppement et de fabrication comp\u00e9tent pour des produits de nouvelle g\u00e9n\u00e9ration, nous serions ravis d&rsquo;explorer comment nous pouvons travailler ensemble.<\/p><p>Contactez-nous en \u00e9crivant \u00e0 <a href=\"mailto:info@immersive-optics.com\">info@immersive-optics.com<\/a><\/p>\t\t\t\t\t\t\t\t<\/div>\n\t\t\t\t<\/div>\n\t\t\t\t\t<\/div>\n\t\t<\/div>\n\t\t\t\t\t<\/div>\n\t\t<\/section>\n\t\t\t\t<\/div>\n\t\t","protected":false},"excerpt":{"rendered":"<p>SERVICES Conception et fabrication Nous sommes sp\u00e9cialis\u00e9s dans la conception et la fabrication de solutions m\u00e9caniques, opto-m\u00e9caniques et optroniques \u2014 des composants individuels aux assemblages enti\u00e8rement int\u00e9gr\u00e9s et aux dispositifs complets. Au fil des ans, nous avons con\u00e7u et livr\u00e9 une large gamme de produits pour des marques partenaires, dont beaucoup ont obtenu une forte [&hellip;]<\/p>\n","protected":false},"author":3,"featured_media":0,"parent":0,"menu_order":0,"comment_status":"closed","ping_status":"closed","template":"","meta":{"_crdt_document":"","advanced_seo_description":"","jetpack_seo_html_title":"","jetpack_seo_noindex":false,"footnotes":""},"class_list":["post-4503","page","type-page","status-publish","hentry"],"jetpack_sharing_enabled":true,"jetpack_shortlink":"https:\/\/wp.me\/Ph9FcQ-1aD","_links":{"self":[{"href":"https:\/\/immersive-optics.com\/fr\/wp-json\/wp\/v2\/pages\/4503","targetHints":{"allow":["GET"]}}],"collection":[{"href":"https:\/\/immersive-optics.com\/fr\/wp-json\/wp\/v2\/pages"}],"about":[{"href":"https:\/\/immersive-optics.com\/fr\/wp-json\/wp\/v2\/types\/page"}],"author":[{"embeddable":true,"href":"https:\/\/immersive-optics.com\/fr\/wp-json\/wp\/v2\/users\/3"}],"replies":[{"embeddable":true,"href":"https:\/\/immersive-optics.com\/fr\/wp-json\/wp\/v2\/comments?post=4503"}],"version-history":[{"count":0,"href":"https:\/\/immersive-optics.com\/fr\/wp-json\/wp\/v2\/pages\/4503\/revisions"}],"wp:attachment":[{"href":"https:\/\/immersive-optics.com\/fr\/wp-json\/wp\/v2\/media?parent=4503"}],"curies":[{"name":"wp","href":"https:\/\/api.w.org\/{rel}","templated":true}]}}