{"id":6447,"date":"2026-03-13T20:08:08","date_gmt":"2026-03-13T20:08:08","guid":{"rendered":"https:\/\/immersive-optics.com\/product\/swiftlock-qr-kiikarit-ht-imen-renkaat-matalat-2\/"},"modified":"2026-03-29T14:12:37","modified_gmt":"2026-03-29T13:12:37","slug":"swiftlock-qr-kiikarit-ht-imen-renkaat-matalat-2","status":"publish","type":"product","link":"https:\/\/immersive-optics.com\/fi\/tuote\/swiftlock-qr-kiikarit-ht-imen-renkaat-matalat-2\/","title":{"rendered":"SwiftLock\u00ae QR -kiikarit\u00e4ht\u00e4imen renkaat (matalat)"},"content":{"rendered":"<p>Varustettu markkinoiden k\u00e4yt\u00e4nn\u00f6llisimm\u00e4ll\u00e4 pikairrotusj\u00e4rjestelm\u00e4ll\u00e4.<\/p>\n<p>SwiftLock\u00ae-mekanismi tarjoaa kiinnitysvoiman ja tarkkuuden, jotka vastaavat kiinteiden asennusrenkaiden tasoa.<\/p>\n<p>Runko on CNC-koneistettu yhdest\u00e4 7075-alumiiniaihiosta. Kiinnityskomponentit on CNC-koneistettu karkaistusta 416-ruostumattomasta ter\u00e4ksest\u00e4, jonka kovuus on 36 HRC. Renkaat on sovitettu tehtaalla pareittain ja tarkkuusporattu t\u00e4ydellisen kiikarit\u00e4ht\u00e4imen linjauksen varmistamiseksi.  <\/p>\n<p>Cerakote\u00ae-pinnoitettu, saatavana useissa v\u00e4reiss\u00e4.<\/p>\n","protected":false},"excerpt":{"rendered":"<p>SwiftLock\u00ae on ainutlaatuinen ratkaisu, joka asettaa uuden standardin ergonomialle ja toimintavarmuudelle. Sen pystysuuntainen teleskooppikahva ei ainoastaan tarjoa lis\u00e4vipuvoimaa vahvempaa ja hallitumpaa lukitusta varten, vaan mahdollistaa my\u00f6s esteett\u00f6m\u00e4n k\u00e4yt\u00f6n \u2014 ratkaisten perinteisiss\u00e4 QR-kiinnikkeiss\u00e4 yleisen ongelman, jossa vaakasuoraan sijoitettuihin lukitusvipuihin on usein vaikea p\u00e4\u00e4st\u00e4 k\u00e4siksi ahtaassa kiikarit\u00e4ht\u00e4imen ja aseen v\u00e4lisess\u00e4 tilassa. <\/p>\n<p>&nbsp;<\/p>\n","protected":false},"featured_media":6411,"template":"","meta":{"_crdt_document":"","advanced_seo_description":"","jetpack_seo_html_title":"","jetpack_seo_noindex":false},"product_brand":[],"product_cat":[203],"product_tag":[178],"class_list":{"0":"post-6447","1":"product","2":"type-product","3":"status-publish","4":"has-post-thumbnail","6":"product_cat-kiinnikkeet","7":"product_tag-uk","9":"first","10":"instock","11":"taxable","12":"shipping-taxable","13":"purchasable","14":"product-type-variable","15":"has-default-attributes"},"jetpack_sharing_enabled":true,"_links":{"self":[{"href":"https:\/\/immersive-optics.com\/fi\/wp-json\/wp\/v2\/product\/6447","targetHints":{"allow":["GET"]}}],"collection":[{"href":"https:\/\/immersive-optics.com\/fi\/wp-json\/wp\/v2\/product"}],"about":[{"href":"https:\/\/immersive-optics.com\/fi\/wp-json\/wp\/v2\/types\/product"}],"wp:featuredmedia":[{"embeddable":true,"href":"https:\/\/immersive-optics.com\/fi\/wp-json\/wp\/v2\/media\/6411"}],"wp:attachment":[{"href":"https:\/\/immersive-optics.com\/fi\/wp-json\/wp\/v2\/media?parent=6447"}],"wp:term":[{"taxonomy":"product_brand","embeddable":true,"href":"https:\/\/immersive-optics.com\/fi\/wp-json\/wp\/v2\/product_brand?post=6447"},{"taxonomy":"product_cat","embeddable":true,"href":"https:\/\/immersive-optics.com\/fi\/wp-json\/wp\/v2\/product_cat?post=6447"},{"taxonomy":"product_tag","embeddable":true,"href":"https:\/\/immersive-optics.com\/fi\/wp-json\/wp\/v2\/product_tag?post=6447"}],"curies":[{"name":"wp","href":"https:\/\/api.w.org\/{rel}","templated":true}]}}