{"id":5705,"date":"2025-12-08T14:51:28","date_gmt":"2025-12-08T14:51:28","guid":{"rendered":"https:\/\/immersive-optics.com\/product\/5x30-prismaattinen-t-ht-in\/"},"modified":"2026-03-27T00:15:37","modified_gmt":"2026-03-27T00:15:37","slug":"5x30-prismaattinen-t-ht-in","status":"publish","type":"product","link":"https:\/\/immersive-optics.com\/fi\/tuote\/5x30-prismaattinen-t-ht-in\/","title":{"rendered":"5X30 Prismaattinen T\u00e4ht\u00e4in"},"content":{"rendered":"<p>Kevyt ja kompakti CQB-tyyppinen t\u00e4ht\u00e4in keskipitk\u00e4ll\u00e4 (45 mm) silm\u00e4et\u00e4isyydell\u00e4 sopimaan useisiin kaliibereihin. N\u00e4k\u00f6kentt\u00e4 v\u00e4hint\u00e4\u00e4n 2x leve\u00e4mpi kuin perinteisiss\u00e4 t\u00e4ht\u00e4imiss\u00e4. <\/p>\n<p>Kompakti t\u00e4ht\u00e4in ter\u00e4vimm\u00e4ll\u00e4 kuvalla ja parannetulla valonl\u00e4p\u00e4isyll\u00e4. Kirkas kuva k\u00e4ytett\u00e4v\u00e4ksi aamusta iltaan.<\/p>\n<p>Toimitetaan MOA-s\u00e4\u00e4dett\u00e4vien kiinnikkeiden kanssa.<\/p>\n<p>Prismaattinen rakenne mahdollistaa huomattavasti kompaktimpien ja kevyempien t\u00e4ht\u00e4inten valmistamisen ylivoimaisella optisella suorituskyvyll\u00e4. Kompakti koko mahdollistaa paljon paremman aseen ja t\u00e4ht\u00e4imen painonjakauman. Painon sijoittuminen taaksep\u00e4in v\u00e4hent\u00e4\u00e4 v\u00e4symyst\u00e4 merkitt\u00e4v\u00e4sti, mik\u00e4 antaa ampujalle mahdollisuuden pysy\u00e4 pidemp\u00e4\u00e4n liikkeell\u00e4 ja ampua tarkemmin.<\/p>\n<p>P\u00e4\u00e4ominaisuudet:<\/p>\n<ul>\n<li>v\u00e4hint\u00e4\u00e4n 2x leve\u00e4mpi n\u00e4k\u00f6kentt\u00e4 verrattuna perinteisiin t\u00e4ht\u00e4imiin<\/li>\n<li>vain 130 mm pitk\u00e4<\/li>\n<li>tarkennus 6 metriin asti<\/li>\n<li>ED (matala dispersio) -lasi ja CNC-koneistettu tarkkuusmekaniikka<\/li>\n<li>0,1 MRAD-rullat MILDOT-ristikkoja varten<\/li>\n<\/ul>\n<table class=\"pp-table tablesaw\">\n<colgroup>\n<col class=\"elementor-repeater-item-8646819\" span=\"1\"><\/colgroup>\n<thead>\n<tr class=\"pp-table-row\">\n<th class=\"pp-table-cell pp-table-cell-683315e\"><span class=\"pp-table-cell-content\"><span class=\"pp-table-cell-text\">Parametri<\/span><\/span><\/th>\n<th class=\"pp-table-cell pp-table-cell-73977f6\"><span class=\"pp-table-cell-content\"><span class=\"pp-table-cell-text\">Arvo<\/span><\/span><\/th>\n<\/tr>\n<\/thead>\n<tfoot><\/tfoot>\n<tbody>\n<tr>\n<td class=\"pp-table-cell pp-table-cell-33971f9\"><span class=\"pp-table-cell-content\"><span class=\"pp-table-cell-text\">Suurennus, X<\/span><\/span><\/td>\n<td class=\"pp-table-cell pp-table-cell-3971dda\"><span class=\"pp-table-cell-content\"><span class=\"pp-table-cell-text\">5<\/span><\/span><\/td>\n<\/tr>\n<tr>\n<td class=\"pp-table-cell pp-table-cell-3c2214f\"><span class=\"pp-table-cell-content\"><span class=\"pp-table-cell-text\">Objektiivilinssin halkaisija, mm<\/span><\/span><\/td>\n<td class=\"pp-table-cell pp-table-cell-aa7e809\"><span class=\"pp-table-cell-content\"><span class=\"pp-table-cell-text\">30<\/span><\/span><\/td>\n<\/tr>\n<tr>\n<td class=\"pp-table-cell pp-table-cell-1f25865\"><span class=\"pp-table-cell-content\"><span class=\"pp-table-cell-text\">Silm\u00e4et\u00e4isyys, tuumaa \/ mm<\/span><\/span><\/td>\n<td class=\"pp-table-cell pp-table-cell-c7fe3cd\"><span class=\"pp-table-cell-content\"><span class=\"pp-table-cell-text\">1,77 \/ 45<\/span><\/span><\/td>\n<\/tr>\n<tr>\n<td class=\"pp-table-cell pp-table-cell-cc62bce\"><span class=\"pp-table-cell-content\"><span class=\"pp-table-cell-text\">Rungon koko, mm<\/span><\/span><\/td>\n<td class=\"pp-table-cell pp-table-cell-0ecaf37\"><span class=\"pp-table-cell-content\"><span class=\"pp-table-cell-text\">34<\/span><\/span><\/td>\n<\/tr>\n<tr>\n<td class=\"pp-table-cell pp-table-cell-dbff3e9\"><span class=\"pp-table-cell-content\"><span class=\"pp-table-cell-text\">N\u00e4k\u00f6kentt\u00e4, ft@100 jaardia \/ m@100 m<\/span><\/span><\/td>\n<td class=\"pp-table-cell pp-table-cell-d33d8ef\"><span class=\"pp-table-cell-content\"><span class=\"pp-table-cell-text\">37 \/ 12<\/span><\/span><\/td>\n<\/tr>\n<tr>\n<td class=\"pp-table-cell pp-table-cell-c0c63c5\"><span class=\"pp-table-cell-content\"><span class=\"pp-table-cell-text\">Minimiet\u00e4isyys, m<\/span><\/span><\/td>\n<td class=\"pp-table-cell pp-table-cell-cd99b46\"><span class=\"pp-table-cell-content\"><span class=\"pp-table-cell-text\">6<\/span><\/span><\/td>\n<\/tr>\n<tr>\n<td class=\"pp-table-cell pp-table-cell-c0ff221\"><span class=\"pp-table-cell-content\"><span class=\"pp-table-cell-text\">Klikkiarvo (MIL \/ MOA \/ cm@100 m)<\/span><\/span><\/td>\n<td class=\"pp-table-cell pp-table-cell-59f23db\"><span class=\"pp-table-cell-content\"><span class=\"pp-table-cell-text\">0,1 \/ 0,338 \/ 1<\/span><\/span><\/td>\n<\/tr>\n<tr>\n<td class=\"pp-table-cell pp-table-cell-c0f286a\"><span class=\"pp-table-cell-content\"><span class=\"pp-table-cell-text\">Klikkausta per kierros<\/span><\/span><\/td>\n<td class=\"pp-table-cell pp-table-cell-e48b19d\"><span class=\"pp-table-cell-content\"><span class=\"pp-table-cell-text\">50<\/span><\/span><\/td>\n<\/tr>\n<tr>\n<td class=\"pp-table-cell pp-table-cell-7796840\"><span class=\"pp-table-cell-content\"><span class=\"pp-table-cell-text\">S\u00e4\u00e4t\u00f6vara per kierros (MIL \/ MOA)<\/span><\/span><\/td>\n<td class=\"pp-table-cell pp-table-cell-aa44a69\"><span class=\"pp-table-cell-content\"><span class=\"pp-table-cell-text\">5 \/ 15<\/span><\/span><\/td>\n<\/tr>\n<tr>\n<td class=\"pp-table-cell pp-table-cell-8d83140\"><span class=\"pp-table-cell-content\"><span class=\"pp-table-cell-text\">Maks. korkeuss\u00e4\u00e4t\u00f6 (MIL \/ MOA)<\/span><\/span><\/td>\n<td class=\"pp-table-cell pp-table-cell-5a3029e\"><span class=\"pp-table-cell-content\"><span class=\"pp-table-cell-text\">28 \/ 83<\/span><\/span><\/td>\n<\/tr>\n<tr>\n<td class=\"pp-table-cell pp-table-cell-e237808\"><span class=\"pp-table-cell-content\"><span class=\"pp-table-cell-text\">Maks. sivus\u00e4\u00e4t\u00f6 (MIL \/ MOA)<\/span><\/span><\/td>\n<td class=\"pp-table-cell pp-table-cell-8f0cd12\"><span class=\"pp-table-cell-content\"><span class=\"pp-table-cell-text\">28 \/ 83<\/span><\/span><\/td>\n<\/tr>\n<tr>\n<td class=\"pp-table-cell pp-table-cell-87ac0ba\"><span class=\"pp-table-cell-content\"><span class=\"pp-table-cell-text\">T\u00e4ht\u00e4imen mitat, mm<\/span><\/span><\/td>\n<td class=\"pp-table-cell pp-table-cell-517ac24\"><span class=\"pp-table-cell-content\"><span class=\"pp-table-cell-text\">72 x 53 x 130<\/span><\/span><\/td>\n<\/tr>\n<tr>\n<td class=\"pp-table-cell pp-table-cell-38119a6\"><span class=\"pp-table-cell-content\"><span class=\"pp-table-cell-text\">T\u00e4ht\u00e4imen mitat, tuumaa<\/span><\/span><\/td>\n<td class=\"pp-table-cell pp-table-cell-2fd6ab1\"><span class=\"pp-table-cell-content\"><span class=\"pp-table-cell-text\">2,8 x 2,1 x 5,1<\/span><\/span><\/td>\n<\/tr>\n<tr>\n<td class=\"pp-table-cell pp-table-cell-a95e72b\"><span class=\"pp-table-cell-content\"><span class=\"pp-table-cell-text\">Paino (ilman kiinnikkeit\u00e4) oz \/ g<\/span><\/span><\/td>\n<td class=\"pp-table-cell pp-table-cell-ca26eb7\"><span class=\"pp-table-cell-content\"><span class=\"pp-table-cell-text\">11,8 \/ 336<\/span><\/span><\/td>\n<\/tr>\n<tr>\n<td class=\"pp-table-cell pp-table-cell-fffcbff\"><span class=\"pp-table-cell-content\"><span class=\"pp-table-cell-text\">Paino (MOA-s\u00e4\u00e4dett\u00e4vien kiinnikkeiden kanssa) oz \/ g<\/span><\/span><\/td>\n<td class=\"pp-table-cell pp-table-cell-855f0d6\"><span class=\"pp-table-cell-content\"><span class=\"pp-table-cell-text\">15,8 \/ 450<\/span><\/span><\/td>\n<\/tr>\n<tr>\n<td class=\"pp-table-cell pp-table-cell-d423717\"><span class=\"pp-table-cell-content\"><span class=\"pp-table-cell-text\">Vedenpit\u00e4v\u00e4 ja typell\u00e4 t\u00e4ytetty<\/span><\/span><\/td>\n<td class=\"pp-table-cell pp-table-cell-4bc21ae\"><span class=\"pp-table-cell-content\"><span class=\"pp-table-cell-text\">KYLL\u00c4<\/span><\/span><\/td>\n<\/tr>\n<tr>\n<td class=\"pp-table-cell pp-table-cell-defa67d\"><span class=\"pp-table-cell-content\"><span class=\"pp-table-cell-text\">Iskunkest\u00e4v\u00e4 (jopa 600G)<\/span><\/span><\/td>\n<td class=\"pp-table-cell pp-table-cell-77fbf3a\"><span class=\"pp-table-cell-content\"><span class=\"pp-table-cell-text\">KYLL\u00c4<\/span><\/span><\/td>\n<\/tr>\n<\/tbody>\n<\/table>\n","protected":false},"excerpt":{"rendered":"<p>Kompakti t\u00e4ht\u00e4in ter\u00e4vimm\u00e4ll\u00e4 kuvalla ja parannetulla valonl\u00e4p\u00e4isyll\u00e4.<\/p>\n","protected":false},"featured_media":5706,"template":"","meta":{"_crdt_document":"","advanced_seo_description":"","jetpack_seo_html_title":"","jetpack_seo_noindex":false},"product_brand":[],"product_cat":[192],"product_tag":[185],"class_list":{"0":"post-5705","1":"product","2":"type-product","3":"status-publish","4":"has-post-thumbnail","6":"product_cat-t-ht-imet","7":"product_tag-eu","9":"first","10":"outofstock","11":"sale","12":"taxable","13":"shipping-taxable","14":"purchasable","15":"product-type-variable"},"jetpack_sharing_enabled":true,"_links":{"self":[{"href":"https:\/\/immersive-optics.com\/fi\/wp-json\/wp\/v2\/product\/5705","targetHints":{"allow":["GET"]}}],"collection":[{"href":"https:\/\/immersive-optics.com\/fi\/wp-json\/wp\/v2\/product"}],"about":[{"href":"https:\/\/immersive-optics.com\/fi\/wp-json\/wp\/v2\/types\/product"}],"wp:featuredmedia":[{"embeddable":true,"href":"https:\/\/immersive-optics.com\/fi\/wp-json\/wp\/v2\/media\/5706"}],"wp:attachment":[{"href":"https:\/\/immersive-optics.com\/fi\/wp-json\/wp\/v2\/media?parent=5705"}],"wp:term":[{"taxonomy":"product_brand","embeddable":true,"href":"https:\/\/immersive-optics.com\/fi\/wp-json\/wp\/v2\/product_brand?post=5705"},{"taxonomy":"product_cat","embeddable":true,"href":"https:\/\/immersive-optics.com\/fi\/wp-json\/wp\/v2\/product_cat?post=5705"},{"taxonomy":"product_tag","embeddable":true,"href":"https:\/\/immersive-optics.com\/fi\/wp-json\/wp\/v2\/product_tag?post=5705"}],"curies":[{"name":"wp","href":"https:\/\/api.w.org\/{rel}","templated":true}]}}