{"id":5384,"date":"2026-03-13T21:29:10","date_gmt":"2026-03-13T21:29:10","guid":{"rendered":"https:\/\/immersive-optics.com\/product\/in-sight-cant-indicator-okulaarisuojus-up\/"},"modified":"2026-03-26T12:51:41","modified_gmt":"2026-03-26T12:51:41","slug":"in-sight-cant-indicator-okulaarisuojus-up","status":"publish","type":"product","link":"https:\/\/immersive-optics.com\/fi\/tuote\/in-sight-cant-indicator-okulaarisuojus-up\/","title":{"rendered":"Kallistusilmaisimen Okulaarin Suojus (PYSTYSUORA)"},"content":{"rendered":"<p data-start=\"178\" data-end=\"319\">T\u00e4m\u00e4 innovatiivinen okulaarisuojus m\u00e4\u00e4rittelee uudelleen aseen kallistuksen tarkistamisen yhdist\u00e4en vankan suojan aidosti k\u00e4yt\u00e4nn\u00f6lliseen optiseen parannukseen.<\/p>\n<p data-start=\"321\" data-end=\"633\">Suljettuna suojus toimii kest\u00e4v\u00e4n\u00e4 suojakansiona kiikarit\u00e4ht\u00e4imen okulaarille suojaten optiikkaa lialta, roskalta ja iskuilta kuljetuksen ja maastok\u00e4yt\u00f6n aikana. Avattuna se kuitenkin paljastaa erottuvan ominaisuutensa: integroidun optisen linssin, joka on sijoitettu ampujaan p\u00e4in. <\/p>\n<p data-start=\"635\" data-end=\"1134\">T\u00e4m\u00e4 lis\u00e4linssi projisoi vatupassin samaan tarkennustasoon kuin kiikarissa n\u00e4kyv\u00e4n kohteen kuvan. T\u00e4m\u00e4n ansiosta aseen kallistus voidaan tarkistaa v\u00e4litt\u00f6m\u00e4sti pienell\u00e4 yl\u00f6sp\u00e4in suuntautuvalla vilkaisulla \u2013 ilman silm\u00e4n uudelleentarkennusta, p\u00e4\u00e4n liikuttamista tai ampuma-asennon rikkomista. Toisin kuin perinteiset ulkoisesti asennetut vatupassit, jotka vaativat huomattavaa p\u00e4\u00e4n liikett\u00e4 ja visuaalisen tarkennuksen siirtoa, t\u00e4m\u00e4 ratkaisu pit\u00e4\u00e4 kaiken kriittisen visuaalisen informaation siell\u00e4 miss\u00e4 sen kuuluukin olla: suoraan ampujan n\u00e4k\u00f6kent\u00e4ss\u00e4.  <\/p>\n<p data-start=\"1136\" data-end=\"1545\">Lopputuloksena on nopeampi varmistus, v\u00e4hemm\u00e4n h\u00e4iri\u00f6tekij\u00f6it\u00e4 ja parempi johdonmukaisuus erityisesti tarkkuusampumistilanteissa, joissa kallistusvirheet voivat merkitt\u00e4v\u00e4sti vaikuttaa osumakohdan. Integroimalla kallistuksen ilmaisun tuttuun ja v\u00e4ltt\u00e4m\u00e4tt\u00f6m\u00e4\u00e4n komponenttiin \u2013 okulaarisuojukseen \u2013 t\u00e4m\u00e4 tuote tarjoaa siistin, elegantin parannuksen perinteisiin ratkaisuihin lis\u00e4\u00e4m\u00e4tt\u00e4 massaa tai monimutkaisuutta aseen kokoonpanoon. <\/p>\n<p data-start=\"1136\" data-end=\"1545\">Suojus on valmistettu vahvasta polymeerist\u00e4 ja siin\u00e4 on lasiset optiset elementit. Mukana toimitetaan v\u00e4likappaleet suojuksen asentamiseksi okulaareihin, joiden halkaisija on 41\u201346 mm. <\/p>\n<p data-start=\"1547\" data-end=\"1695\" data-is-last-node=\"\" data-is-only-node=\"\">Lyhyesti sanottuna se ei ole vain suojakansi, vaan toiminnallinen optinen p\u00e4ivitys, joka on suunniteltu tekem\u00e4\u00e4n tarkasta ampumisesta yksinkertaisempaa, nopeampaa ja intuitiivisempaa.<\/p>\n","protected":false},"excerpt":{"rendered":"<p data-start=\"178\" data-end=\"319\">Olemme onnistuneet sis\u00e4llytt\u00e4m\u00e4\u00e4n edistyneen optisen moduulin perinteisen yl\u00f6snostettavan suojakorkin muotoon. Se heijastaa vatupassin k\u00e4ytt\u00e4j\u00e4n n\u00e4k\u00f6kentt\u00e4\u00e4n, jolloin kallistusta voidaan seurata ilman uudelleentarkennusta tai p\u00e4\u00e4n asennon muuttamista t\u00e4ht\u00e4imell\u00e4 t\u00e4hd\u00e4tt\u00e4ess\u00e4. <\/p>\n<p data-start=\"178\" data-end=\"319\">T\u00e4m\u00e4 <strong>PYSTYSUORA<\/strong>-versio on tarkoitettu k\u00e4ytt\u00e4jille, jotka haluavat suojakorkin avautuvan yl\u00f6sp\u00e4in.<\/p>\n<p data-start=\"321\" data-end=\"633\">\n","protected":false},"featured_media":5385,"template":"","meta":{"_crdt_document":"","advanced_seo_description":"","jetpack_seo_html_title":"","jetpack_seo_noindex":false},"product_brand":[],"product_cat":[177],"product_tag":[178],"class_list":{"0":"post-5384","1":"product","2":"type-product","3":"status-publish","4":"has-post-thumbnail","6":"product_cat-lis-varusteet","7":"product_tag-uk","9":"first","10":"instock","11":"taxable","12":"shipping-taxable","13":"purchasable","14":"product-type-variable"},"jetpack_sharing_enabled":true,"_links":{"self":[{"href":"https:\/\/immersive-optics.com\/fi\/wp-json\/wp\/v2\/product\/5384","targetHints":{"allow":["GET"]}}],"collection":[{"href":"https:\/\/immersive-optics.com\/fi\/wp-json\/wp\/v2\/product"}],"about":[{"href":"https:\/\/immersive-optics.com\/fi\/wp-json\/wp\/v2\/types\/product"}],"wp:featuredmedia":[{"embeddable":true,"href":"https:\/\/immersive-optics.com\/fi\/wp-json\/wp\/v2\/media\/5385"}],"wp:attachment":[{"href":"https:\/\/immersive-optics.com\/fi\/wp-json\/wp\/v2\/media?parent=5384"}],"wp:term":[{"taxonomy":"product_brand","embeddable":true,"href":"https:\/\/immersive-optics.com\/fi\/wp-json\/wp\/v2\/product_brand?post=5384"},{"taxonomy":"product_cat","embeddable":true,"href":"https:\/\/immersive-optics.com\/fi\/wp-json\/wp\/v2\/product_cat?post=5384"},{"taxonomy":"product_tag","embeddable":true,"href":"https:\/\/immersive-optics.com\/fi\/wp-json\/wp\/v2\/product_tag?post=5384"}],"curies":[{"name":"wp","href":"https:\/\/api.w.org\/{rel}","templated":true}]}}