{"id":5893,"date":"2026-03-26T15:03:48","date_gmt":"2026-03-26T15:03:48","guid":{"rendered":"https:\/\/immersive-optics.com\/tietosuojak-yt-nt\/"},"modified":"2026-03-26T15:03:50","modified_gmt":"2026-03-26T15:03:50","slug":"tietosuojak-yt-nt","status":"publish","type":"page","link":"https:\/\/immersive-optics.com\/fi\/tietosuojak-yt-nt\/","title":{"rendered":"Tietosuojak\u00e4yt\u00e4nt\u00f6"},"content":{"rendered":"\t\t<div data-elementor-type=\"wp-page\" data-elementor-id=\"5893\" class=\"elementor elementor-5893 elementor-1694\" data-elementor-post-type=\"page\">\n\t\t\t\t\t\t<section class=\"elementor-section elementor-top-section elementor-element elementor-element-31929323 elementor-section-boxed elementor-section-height-default elementor-section-height-default\" data-id=\"31929323\" data-element_type=\"section\" data-e-type=\"section\">\n\t\t\t\t\t\t<div class=\"elementor-container elementor-column-gap-default\">\n\t\t\t\t\t<div class=\"elementor-column elementor-col-100 elementor-top-column elementor-element elementor-element-6c23bc25\" data-id=\"6c23bc25\" data-element_type=\"column\" data-e-type=\"column\">\n\t\t\t<div class=\"elementor-widget-wrap elementor-element-populated\">\n\t\t\t\t\t\t<div class=\"elementor-element elementor-element-6707783b elementor-widget elementor-widget-image\" data-id=\"6707783b\" data-element_type=\"widget\" data-e-type=\"widget\" data-widget_type=\"image.default\">\n\t\t\t\t<div class=\"elementor-widget-container\">\n\t\t\t\t\t\t\t\t\t\t\t\t\t\t\t<img fetchpriority=\"high\" decoding=\"async\" width=\"1370\" height=\"276\" src=\"https:\/\/immersive-optics.com\/wp-content\/uploads\/2021\/07\/Policy.svg\" class=\"attachment-full size-full wp-image-5894\" alt=\"\" \/>\t\t\t\t\t\t\t\t\t\t\t\t\t\t\t<\/div>\n\t\t\t\t<\/div>\n\t\t\t\t<div class=\"elementor-element elementor-element-3a652b12 elementor-widget elementor-widget-heading\" data-id=\"3a652b12\" data-element_type=\"widget\" data-e-type=\"widget\" data-widget_type=\"heading.default\">\n\t\t\t\t<div class=\"elementor-widget-container\">\n\t\t\t\t\t<h1 class=\"elementor-heading-title elementor-size-default\">    Tietosuojak\u00e4yt\u00e4nt\u00f6<\/h1>\t\t\t\t<\/div>\n\t\t\t\t<\/div>\n\t\t\t\t<div class=\"elementor-element elementor-element-16e6747c elementor-widget elementor-widget-text-editor\" data-id=\"16e6747c\" data-element_type=\"widget\" data-e-type=\"widget\" data-widget_type=\"text-editor.default\">\n\t\t\t\t<div class=\"elementor-widget-container\">\n\t\t\t\t\t\t\t\t\t<p>Immersive Optics Ltd tietosuoja- ja ev\u00e4stek\u00e4yt\u00e4nt\u00f6<\/p><p><strong>K\u00e4yt\u00e4nn\u00f6n tarkoitus.<\/strong><\/p><p>Immersive Optics Limited on sitoutunut suojaamaan yksityisyytt\u00e4si ja kunnioittaa oikeuttasi hallita henkil\u00f6tietojasi. Tietosuojak\u00e4yt\u00e4nt\u00f6mme kuvaa yksityiskohtaisesti ker\u00e4\u00e4m\u00e4mme tiedot, miten niit\u00e4 k\u00e4yt\u00e4mme ja miten suojaamme tietoja. <\/p><p><strong>Tiedot, joita saatamme ker\u00e4t\u00e4.<\/strong><\/p><p>Ker\u00e4\u00e4mme sinusta tietoja tarjotessamme sinulle tuotteitamme ja palveluitamme pyyt\u00e4m\u00e4ll\u00e4 tai muutoin hankkimalla tietoja, joita saatamme kohtuudella tarvita tiet\u00e4\u00e4ksemme, jotta voimme tarjota tuotteita ja palveluita laillisesti ja asianmukaisen standardin mukaisesti.<\/p><p>Saatamme ker\u00e4t\u00e4 tietoja, jotka annat meille vapaaehtoisesti, kuten, mutta ei rajoittuen, nimesi, puhelinnumerosi, s\u00e4hk\u00f6postiosoitteesi ja taloudelliset tietosi, kun kommunikoit tai otat meihin yhteytt\u00e4 mill\u00e4 tahansa tavalla.<\/p><p>Saatamme pyyt\u00e4\u00e4 sinua t\u00e4ytt\u00e4m\u00e4\u00e4n asiakirjoja ja lomakkeita kaupank\u00e4yntitilin hakemiseksi; pyyt\u00e4m\u00e4\u00e4n j\u00e4lleenmyyj\u00e4n verkkosivuston kirjautumistietoja; t\u00e4ytt\u00e4m\u00e4\u00e4n satunnaisia \u200b\u200bkyselyit\u00e4 parantaaksemme palveluitamme sinulle, vaikka t\u00e4m\u00e4 ei ole pakollista; pyyt\u00e4m\u00e4\u00e4n uutiskirjeiden, tuotetietojen ja tapahtumatietojen vastaanottamista sek\u00e4 osallistumaan kilpailuihin ja myynninedist\u00e4mistoimintoihin.<\/p><p>Kuten useimmilla muillakin verkkosivustoilla, ker\u00e4\u00e4mme ja k\u00e4yt\u00e4mme lokitiedostoissa olevia tietoja automaattisesti. Lokitiedostojen tiedot sis\u00e4lt\u00e4v\u00e4t IP-osoitteesi (Internet Protocol) -osoitteesi, internetpalveluntarjoajasi (ISP), sivustollamme vierailuun k\u00e4ytt\u00e4m\u00e4si selaimen, vierailuaikasi ja vierailemasi sivut. <\/p><p>Ev\u00e4steet ovat tekstitiedostoja, jotka tallennetaan tietokoneellesi ja jotka ker\u00e4\u00e4v\u00e4t internet-lokitietoja ja k\u00e4vij\u00f6iden k\u00e4ytt\u00e4ytymistietoja. N\u00e4it\u00e4 tietoja k\u00e4ytet\u00e4\u00e4n verkkosivuston k\u00e4vij\u00f6iden k\u00e4yt\u00f6n seuraamiseen ja verkkosivuston toiminnasta tilastollisten raporttien laatimiseen. Immersive Optics Limited k\u00e4ytt\u00e4\u00e4 ev\u00e4steit\u00e4 k\u00e4ytt\u00e4jien toiminnan seuraamiseen verkkosivustollamme parantaakseen sen suorituskyky\u00e4 ja toimivuutta. Lis\u00e4tietoja on osoitteissa www.aboutcookies.org tai www.allaboutcookies.org. Voit asettaa selaimesi olemaan hyv\u00e4ksym\u00e4tt\u00e4 ev\u00e4steit\u00e4, ja yll\u00e4 mainitut verkkosivustot kertovat, kuinka ev\u00e4steet poistetaan selaimestasi. Joissakin tapauksissa jotkin verkkosivustomme ominaisuudet eiv\u00e4t kuitenkaan v\u00e4ltt\u00e4m\u00e4tt\u00e4 toimi t\u00e4m\u00e4n seurauksena. Saatamme my\u00f6s saada sinulta tietoja sosiaalisen median alustoilta, esimerkiksi kun olet vuorovaikutuksessa kanssamme sosiaalisen median alustoilla.      <\/p><p><strong>Kuinka voimme k\u00e4ytt\u00e4\u00e4 henkil\u00f6tietojasi<\/strong><\/p><p>Immersive Optics Limited k\u00e4ytt\u00e4\u00e4 henkil\u00f6tietojasi tarjotakseen sinulle tarjoamiamme tuotteita ja palveluita sek\u00e4 parantaakseen ja personoidakseen k\u00e4ytt\u00f6kokemuksiasi. K\u00e4yt\u00e4mme henkil\u00f6tietojasi seuraavilla tavoilla: <\/p><ol><li>Suorittaaksemme velvoitteet, jotka johtuvat v\u00e4lill\u00e4mme tehdyist\u00e4 sopimuksista tai liiketoimista.<\/li><li>Vastataksemme tiedusteluihisi ja tarjotaksemme asiakaspalvelua ja tukipalveluita.<\/li><li>Voidaksemme tarjota sinulle pyyt\u00e4mi\u00e4si uutiskirjeit\u00e4, tietoja, hintoja, tuotetietoja ja tapahtumatietoja tai tietoja, joiden uskomme olevan sinulle kiinnostavia, edellytt\u00e4en, ett\u00e4 olet antanut suostumuksesi t\u00e4llaisten tietojen vastaanottamiseen.<\/li><li>Ilmoittaaksemme sinulle tuotteisiimme ja palveluihimme teht\u00e4vist\u00e4 muutoksista.<\/li><li>Kehitt\u00e4\u00e4ksemme koostettua analyysia ja liiketoimintatietoa, jonka avulla voimme toimia, parantaa, suojata, tehd\u00e4 tietoon perustuvia p\u00e4\u00e4t\u00f6ksi\u00e4 ja raportoida liiketoiminnan suorituskyvyst\u00e4.<\/li><\/ol><p>Jos k\u00e4yt\u00e4mme henkil\u00f6tietojasi mihin tahansa tarkoitukseen, jota ei ole m\u00e4\u00e4ritelty t\u00e4ss\u00e4 tietosuojak\u00e4yt\u00e4nn\u00f6ss\u00e4, ilmoitamme sinulle tarkalleen, mihin aiomme k\u00e4ytt\u00e4\u00e4 tietoja, ennen kuin jatkamme, ja pyyd\u00e4mme tarvittaessa suostumuksesi.<\/p><p><strong>Henkil\u00f6tietojesi jakaminen<\/strong><\/p><p>Pid\u00e4mme henkil\u00f6tietosi luottamuksellisina. Immersive Optics Limited ei myy mit\u00e4\u00e4n henkil\u00f6tietoja. Emme koskaan luovuta henkil\u00f6tietojasi liiketoimintamme ulkopuolelle, paitsi alihankkijoille, edustajille, toimittajille ja kolmannen osapuolen myyjille sellaisten palveluiden suorittamiseksi, kuten verkkosivuston hallinta ja yll\u00e4pito, toimitus, luottokorttimaksujen k\u00e4sittely ja viestint\u00e4. Jaamme henkil\u00f6tietoja vain puolestamme toimivien edustajien tai urakoitsijoiden kanssa, jos se on tarpeen tapahtuman suorittamiseksi ja tuotteen tai palvelun toimittamiseksi. On oikeutettu etumme k\u00e4sitell\u00e4 henkil\u00f6tietojasi n\u00e4ihin tarkoituksiin.    <\/p><p>Saatamme my\u00f6s olla velvollisia luovuttamaan henkil\u00f6tietojasi seuraavista syist\u00e4:<\/p><ol><li>Kun meid\u00e4n on noudatettava lakis\u00e4\u00e4teist\u00e4 velvoitetta.<\/li><li>Suojellaksemme omia, asiakkaidemme tai muita oikeuksia, omaisuutta tai turvallisuutta.<\/li><li>Henkil\u00f6tiedot olisivat osa siirrett\u00e4vist\u00e4 varoista, jos myymme tai aiomme myyd\u00e4 yrityksen ja\/tai sen varat.<\/li><\/ol><p>Valitettavasti tiedonsiirto internetin kautta ei ole t\u00e4ysin turvallista, ja vaikka ryhdymme kaikkiin kohtuullisiin toimenpiteisiin henkil\u00f6tietojesi suojaamiseksi, emme voi taata meille l\u00e4hetettyjen tietojen turvallisuutta, ja kaikki tiedonsiirto tapahtuu kokonaan omalla vastuullasi.<\/p><p><strong>Henkil\u00f6tietojesi tallentaminen<\/strong><\/p><p>Kaikki tiedot tallennetaan suojatuille palvelimillemme, mutta lis\u00e4ksi voimme k\u00e4ytt\u00e4\u00e4 puolestamme toimivia kolmansia osapuolia, jotka voivat tallentaa tai k\u00e4sitell\u00e4 sinusta ker\u00e4\u00e4mi\u00e4mme tietoja Euroopan talousalueen ulkopuolisissa maissa. N\u00e4ill\u00e4 mailla ei v\u00e4ltt\u00e4m\u00e4tt\u00e4 ole samoja tietosuojalakeja kuin Yhdistyneell\u00e4 kuningaskunnalla. L\u00e4hett\u00e4m\u00e4ll\u00e4 henkil\u00f6tietosi hyv\u00e4ksyt t\u00e4m\u00e4n siirron, tallentamisen tai k\u00e4sittelyn. Olemme ottaneet k\u00e4ytt\u00f6\u00f6n teknisi\u00e4 ja organisatorisia turvatoimenpiteit\u00e4 est\u00e4\u00e4ksemme henkil\u00f6tietojesi katoamisen tai luvattoman k\u00e4yt\u00f6n. Vaikka olemmekin tehneet parhaamme varmistaaksemme tietojesi turvallisuuden, huomaa, ett\u00e4 emme voi taata internetin kautta l\u00e4hetettyjen tietojen turvallisuutta.   <\/p><p>Immersive Optics Limited s\u00e4ilytt\u00e4\u00e4 henkil\u00f6tietojasi niin kauan kuin on tarpeen niiden k\u00e4ytt\u00f6tarkoitusten toteuttamiseksi, joita varten ne on toimitettu. Tarkistamme s\u00e4ilytysajat s\u00e4\u00e4nn\u00f6llisesti ja p\u00e4ivit\u00e4mme, arkistoimme tai poistamme tiedot turvallisesti, jos ne vanhenevat eik\u00e4 niit\u00e4 en\u00e4\u00e4 tarvita, edellytt\u00e4en, ett\u00e4 t\u00e4m\u00e4 on asiaankuuluvan lains\u00e4\u00e4d\u00e4nn\u00f6n mukaista. <\/p><p><strong>Sinun oikeutesi<\/strong><\/p><p>Sinulla on oikeus pyyt\u00e4\u00e4 meit\u00e4 olemaan k\u00e4sittelem\u00e4tt\u00e4 henkil\u00f6tietojasi markkinointitarkoituksiin.<\/p><p>Voit milloin tahansa k\u00e4ytt\u00e4\u00e4 oikeuksiasi muuttaaksesi asetuksiasi tai peruuttaaksesi tilauksen viesteist\u00e4 l\u00e4hett\u00e4m\u00e4ll\u00e4 s\u00e4hk\u00f6postia osoitteeseen info@immersive-optics.com.<\/p><p>Voit pyyt\u00e4\u00e4 meit\u00e4 toimittamaan sinulle kopion hallussamme olevista sinua koskevista henkil\u00f6tiedoista. Emme veloita t\u00e4st\u00e4 maksua, paitsi jos pyynt\u00f6si katsotaan ilmeisen perusteettomaksi tai kohtuuttomaksi. <\/p><p>Tietojesi oikeellisuus on meille t\u00e4rke\u00e4\u00e4, joten jos mielest\u00e4si hallussamme olevat tiedot ovat virheellisi\u00e4 tai tarvitset niihin muutoksia, ota meihin yhteytt\u00e4 s\u00e4hk\u00f6postitse osoitteeseen info@immersive-optics.com <\/p><p><strong>Muutokset tietosuojak\u00e4yt\u00e4nt\u00f6\u00f6mme<\/strong><\/p><p>Immersive Optics Limited voi p\u00e4ivitt\u00e4\u00e4 tai muokata t\u00e4t\u00e4 k\u00e4yt\u00e4nt\u00f6\u00e4 tarvittaessa ja p\u00e4ivitt\u00e4\u00e4 asiakirjan alareunassa n\u00e4kyv\u00e4n tarkistusp\u00e4iv\u00e4m\u00e4\u00e4r\u00e4n. Suosittelemme, ett\u00e4 tarkistat t\u00e4m\u00e4n k\u00e4yt\u00e4nn\u00f6n s\u00e4\u00e4nn\u00f6llisesti. <\/p>\t\t\t\t\t\t\t\t<\/div>\n\t\t\t\t<\/div>\n\t\t\t\t\t<\/div>\n\t\t<\/div>\n\t\t\t\t\t<\/div>\n\t\t<\/section>\n\t\t\t\t<\/div>\n\t\t","protected":false},"excerpt":{"rendered":"<p>Tietosuojak\u00e4yt\u00e4nt\u00f6 Immersive Optics Ltd tietosuoja- ja ev\u00e4stek\u00e4yt\u00e4nt\u00f6 K\u00e4yt\u00e4nn\u00f6n tarkoitus. Immersive Optics Limited on sitoutunut suojaamaan yksityisyytt\u00e4si ja kunnioittaa oikeuttasi hallita henkil\u00f6tietojasi. Tietosuojak\u00e4yt\u00e4nt\u00f6mme kuvaa yksityiskohtaisesti ker\u00e4\u00e4m\u00e4mme tiedot, miten niit\u00e4 k\u00e4yt\u00e4mme ja miten suojaamme tietoja. Tiedot, joita saatamme ker\u00e4t\u00e4. Ker\u00e4\u00e4mme sinusta tietoja tarjotessamme sinulle tuotteitamme ja palveluitamme pyyt\u00e4m\u00e4ll\u00e4 tai muutoin hankkimalla tietoja, joita saatamme kohtuudella tarvita tiet\u00e4\u00e4ksemme, [&hellip;]<\/p>\n","protected":false},"author":3,"featured_media":0,"parent":0,"menu_order":0,"comment_status":"closed","ping_status":"closed","template":"","meta":{"_crdt_document":"","advanced_seo_description":"","jetpack_seo_html_title":"","jetpack_seo_noindex":false,"footnotes":""},"class_list":["post-5893","page","type-page","status-publish","hentry"],"jetpack_sharing_enabled":true,"jetpack_shortlink":"https:\/\/wp.me\/Ph9FcQ-1x3","_links":{"self":[{"href":"https:\/\/immersive-optics.com\/fi\/wp-json\/wp\/v2\/pages\/5893","targetHints":{"allow":["GET"]}}],"collection":[{"href":"https:\/\/immersive-optics.com\/fi\/wp-json\/wp\/v2\/pages"}],"about":[{"href":"https:\/\/immersive-optics.com\/fi\/wp-json\/wp\/v2\/types\/page"}],"author":[{"embeddable":true,"href":"https:\/\/immersive-optics.com\/fi\/wp-json\/wp\/v2\/users\/3"}],"replies":[{"embeddable":true,"href":"https:\/\/immersive-optics.com\/fi\/wp-json\/wp\/v2\/comments?post=5893"}],"version-history":[{"count":0,"href":"https:\/\/immersive-optics.com\/fi\/wp-json\/wp\/v2\/pages\/5893\/revisions"}],"wp:attachment":[{"href":"https:\/\/immersive-optics.com\/fi\/wp-json\/wp\/v2\/media?parent=5893"}],"curies":[{"name":"wp","href":"https:\/\/api.w.org\/{rel}","templated":true}]}}