{"id":5639,"date":"2026-03-13T21:35:56","date_gmt":"2026-03-13T21:35:56","guid":{"rendered":"https:\/\/immersive-optics.com\/product\/in-sight-cant-indicator-eyepiece-cap-left\/"},"modified":"2026-03-26T13:02:02","modified_gmt":"2026-03-26T13:02:02","slug":"in-sight-cant-indicator-eyepiece-cap-left","status":"publish","type":"product","link":"https:\/\/immersive-optics.com\/es\/producto\/in-sight-cant-indicator-eyepiece-cap-left\/","title":{"rendered":"Tapa del ocular con indicador de inclinaci\u00f3n (IZQUIERDA)"},"content":{"rendered":"<p data-start=\"178\" data-end=\"319\">Esta innovadora tapa de ocular redefine c\u00f3mo se comprueba la inclinaci\u00f3n del rifle, combinando una protecci\u00f3n robusta con una mejora \u00f3ptica realmente pr\u00e1ctica.<\/p>\n<p data-start=\"321\" data-end=\"633\">Cuando est\u00e1 cerrada, la tapa funciona como una cubierta protectora resistente para el ocular de una mira telesc\u00f3pica, protegiendo la \u00f3ptica de la suciedad, los residuos y los impactos durante el transporte y el uso en el campo. Sin embargo, al abrirla, revela su caracter\u00edstica distintiva: una lente \u00f3ptica integrada colocada para quedar orientada hacia el tirador. <\/p>\n<p data-start=\"635\" data-end=\"1134\">Esta lente adicional proyecta un nivel de burbuja en el mismo plano focal que la imagen del objetivo que ves a trav\u00e9s de la mira. Como resultado, la inclinaci\u00f3n del rifle se puede comprobar al instante con una ligera mirada hacia la izquierda, sin necesidad de reenfocar la vista, mover la cabeza ni romper la posici\u00f3n de tiro. A diferencia de los niveles de burbuja tradicionales montados externamente, que requieren un movimiento notable de la cabeza y un cambio en el enfoque visual, esta soluci\u00f3n mantiene toda la informaci\u00f3n visual cr\u00edtica donde debe estar: directamente en tu l\u00ednea de visi\u00f3n.<\/p>\n<p data-start=\"1136\" data-end=\"1545\">El resultado es una verificaci\u00f3n m\u00e1s r\u00e1pida, menos distracciones y una mayor consistencia, especialmente en escenarios de tiro de precisi\u00f3n donde los errores de inclinaci\u00f3n pueden afectar significativamente al punto de impacto. Al integrar la indicaci\u00f3n de inclinaci\u00f3n en un componente familiar y necesario \u2014la tapa del ocular\u2014, este producto ofrece una mejora limpia y elegante frente a las soluciones convencionales, sin a\u00f1adir volumen ni complejidad a la configuraci\u00f3n del rifle. <\/p>\n<p data-start=\"1136\" data-end=\"1545\">La tapa est\u00e1 fabricada en pol\u00edmero resistente, con elementos \u00f3pticos de vidrio. Se suministra con un juego de espaciadores para su instalaci\u00f3n en oculares con di\u00e1metros de 41 a 46 mm. <\/p>\n<p data-start=\"1547\" data-end=\"1695\" data-is-last-node=\"\" data-is-only-node=\"\">En resumen, no es solo una tapa protectora, sino una mejora \u00f3ptica funcional dise\u00f1ada para que el tiro preciso sea m\u00e1s sencillo, r\u00e1pido e intuitivo.<\/p>\n","protected":false},"excerpt":{"rendered":"<p data-start=\"178\" data-end=\"319\">Hemos logrado incorporar un m\u00f3dulo \u00f3ptico avanzado en el formato de una tapa protectora abatible convencional. Este m\u00f3dulo proyecta una imagen de nivel de burbuja en el campo de visi\u00f3n del usuario, lo que permite controlar la inclinaci\u00f3n sin necesidad de reenfocar ni cambiar la posici\u00f3n de la cabeza al apuntar a trav\u00e9s de la mira. <\/p>\n<p data-start=\"178\" data-end=\"319\">Esta variante <strong>IZQUIERDA<\/strong> est\u00e1 pensada para los usuarios que prefieren que la tapa protectora se abra hacia la izquierda, lo que proporciona una visi\u00f3n m\u00e1s clara de la torreta de elevaci\u00f3n de la mira.<\/p>\n<p data-start=\"321\" data-end=\"633\">\n","protected":false},"featured_media":5597,"template":"","meta":{"_crdt_document":"","advanced_seo_description":"","jetpack_seo_html_title":"","jetpack_seo_noindex":false},"product_brand":[],"product_cat":[173],"product_tag":[174],"class_list":{"0":"post-5639","1":"product","2":"type-product","3":"status-publish","4":"has-post-thumbnail","6":"product_cat-accesorios","7":"product_tag-reino-unido","9":"first","10":"instock","11":"taxable","12":"shipping-taxable","13":"purchasable","14":"product-type-variable"},"jetpack_sharing_enabled":true,"_links":{"self":[{"href":"https:\/\/immersive-optics.com\/es\/wp-json\/wp\/v2\/product\/5639","targetHints":{"allow":["GET"]}}],"collection":[{"href":"https:\/\/immersive-optics.com\/es\/wp-json\/wp\/v2\/product"}],"about":[{"href":"https:\/\/immersive-optics.com\/es\/wp-json\/wp\/v2\/types\/product"}],"wp:featuredmedia":[{"embeddable":true,"href":"https:\/\/immersive-optics.com\/es\/wp-json\/wp\/v2\/media\/5597"}],"wp:attachment":[{"href":"https:\/\/immersive-optics.com\/es\/wp-json\/wp\/v2\/media?parent=5639"}],"wp:term":[{"taxonomy":"product_brand","embeddable":true,"href":"https:\/\/immersive-optics.com\/es\/wp-json\/wp\/v2\/product_brand?post=5639"},{"taxonomy":"product_cat","embeddable":true,"href":"https:\/\/immersive-optics.com\/es\/wp-json\/wp\/v2\/product_cat?post=5639"},{"taxonomy":"product_tag","embeddable":true,"href":"https:\/\/immersive-optics.com\/es\/wp-json\/wp\/v2\/product_tag?post=5639"}],"curies":[{"name":"wp","href":"https:\/\/api.w.org\/{rel}","templated":true}]}}