{"id":5881,"date":"2026-03-26T13:46:47","date_gmt":"2026-03-26T13:46:47","guid":{"rendered":"https:\/\/immersive-optics.com\/pol-tica-de-privacidad\/"},"modified":"2026-03-26T13:46:49","modified_gmt":"2026-03-26T13:46:49","slug":"pol-tica-de-privacidad","status":"publish","type":"page","link":"https:\/\/immersive-optics.com\/es\/pol-tica-de-privacidad\/","title":{"rendered":"Pol\u00edtica de privacidad"},"content":{"rendered":"\t\t<div data-elementor-type=\"wp-page\" data-elementor-id=\"5881\" class=\"elementor elementor-5881 elementor-1694\" data-elementor-post-type=\"page\">\n\t\t\t\t\t\t<section class=\"elementor-section elementor-top-section elementor-element elementor-element-31929323 elementor-section-boxed elementor-section-height-default elementor-section-height-default\" data-id=\"31929323\" data-element_type=\"section\" data-e-type=\"section\">\n\t\t\t\t\t\t<div class=\"elementor-container elementor-column-gap-default\">\n\t\t\t\t\t<div class=\"elementor-column elementor-col-100 elementor-top-column elementor-element elementor-element-6c23bc25\" data-id=\"6c23bc25\" data-element_type=\"column\" data-e-type=\"column\">\n\t\t\t<div class=\"elementor-widget-wrap elementor-element-populated\">\n\t\t\t\t\t\t<div class=\"elementor-element elementor-element-6707783b elementor-widget elementor-widget-image\" data-id=\"6707783b\" data-element_type=\"widget\" data-e-type=\"widget\" data-widget_type=\"image.default\">\n\t\t\t\t<div class=\"elementor-widget-container\">\n\t\t\t\t\t\t\t\t\t\t\t\t\t\t\t<img fetchpriority=\"high\" decoding=\"async\" width=\"1370\" height=\"276\" src=\"https:\/\/immersive-optics.com\/wp-content\/uploads\/2021\/07\/Policy.svg\" class=\"attachment-full size-full wp-image-5882\" alt=\"\" \/>\t\t\t\t\t\t\t\t\t\t\t\t\t\t\t<\/div>\n\t\t\t\t<\/div>\n\t\t\t\t<div class=\"elementor-element elementor-element-3a652b12 elementor-widget elementor-widget-heading\" data-id=\"3a652b12\" data-element_type=\"widget\" data-e-type=\"widget\" data-widget_type=\"heading.default\">\n\t\t\t\t<div class=\"elementor-widget-container\">\n\t\t\t\t\t<h1 class=\"elementor-heading-title elementor-size-default\">    Pol\u00edtica de privacidad<\/h1>\t\t\t\t<\/div>\n\t\t\t\t<\/div>\n\t\t\t\t<div class=\"elementor-element elementor-element-16e6747c elementor-widget elementor-widget-text-editor\" data-id=\"16e6747c\" data-element_type=\"widget\" data-e-type=\"widget\" data-widget_type=\"text-editor.default\">\n\t\t\t\t<div class=\"elementor-widget-container\">\n\t\t\t\t\t\t\t\t\t<p>Pol\u00edtica de privacidad y cookies de Immersive Optics Ltd.<\/p><p><strong>Finalidad de la Pol\u00edtica.<\/strong><\/p><p>Immersive Optics Limited se compromete a proteger su privacidad y respeta su derecho a controlar sus datos personales. Nuestra pol\u00edtica de privacidad detalla la informaci\u00f3n que recopilamos, c\u00f3mo la utilizaremos y c\u00f3mo la protegeremos. <\/p><p><strong>Informaci\u00f3n que podemos recopilar.<\/strong><\/p><p>Recopilamos informaci\u00f3n sobre usted durante el proceso de prestaci\u00f3n de nuestros productos y servicios, solicit\u00e1ndole u obteniendo de otro modo la informaci\u00f3n que razonablemente podamos necesitar para poder ofrecerle dichos productos y servicios de forma legal y con un nivel de calidad adecuado.<\/p><p>Podemos recopilar informaci\u00f3n que usted nos proporcione voluntariamente, como por ejemplo su nombre, n\u00famero de tel\u00e9fono, direcci\u00f3n de correo electr\u00f3nico e informaci\u00f3n financiera, cuando se comunique o se ponga en contacto con nosotros por cualquier medio.<\/p><p>Es posible que le solicitemos que complete documentos y formularios para solicitar una cuenta de operaciones; para solicitar un acceso al sitio web del distribuidor; para completar encuestas ocasionales con el fin de mejorar nuestros servicios, aunque esto no es obligatorio; para solicitar recibir boletines informativos, informaci\u00f3n sobre productos y actividades de eventos; para participar en concursos y actividades promocionales.<\/p><p>Al igual que la mayor\u00eda de los sitios web, recopilamos y utilizamos autom\u00e1ticamente los datos contenidos en los archivos de registro. La informaci\u00f3n de estos archivos incluye su direcci\u00f3n IP (Protocolo de Internet), su proveedor de servicios de Internet (ISP), el navegador que utiliz\u00f3 para visitar nuestro sitio, la hora de su visita y las p\u00e1ginas que visit\u00f3. <\/p><p>Las cookies son archivos de texto que se almacenan en su ordenador para recopilar informaci\u00f3n est\u00e1ndar de registro de Internet e informaci\u00f3n sobre el comportamiento del visitante. Esta informaci\u00f3n se utiliza para realizar un seguimiento del uso del sitio web por parte de los visitantes y para elaborar informes estad\u00edsticos sobre la actividad del sitio. Immersive Optics Limited utiliza cookies para realizar un seguimiento de la actividad de los usuarios en nuestro sitio web con el fin de mejorar su rendimiento y funcionalidad. Para obtener m\u00e1s informaci\u00f3n, visite www.aboutcookies.org o www.allaboutcookies.org. Puede configurar su navegador para que no acepte cookies; los sitios web mencionados anteriormente le indican c\u00f3mo eliminarlas. Sin embargo, en algunos casos, es posible que algunas funciones de nuestro sitio web no funcionen correctamente. Tambi\u00e9n podemos recibir informaci\u00f3n suya de las redes sociales, por ejemplo, cuando interact\u00faa con nosotros en ellas.      <\/p><p><strong>C\u00f3mo podemos utilizar sus datos personales<\/strong><\/p><p>Immersive Optics Limited utiliza sus datos personales para proporcionarle los productos y servicios que ofrecemos, as\u00ed como para mejorar y personalizar su experiencia. Utilizamos sus datos personales de las siguientes maneras: <\/p><ol><li>Para cumplir con las obligaciones derivadas de los contratos o transacciones comerciales celebradas entre nosotros.<\/li><li>Para responder a sus consultas y brindarle servicios de atenci\u00f3n y soporte al cliente.<\/li><li>Para proporcionarle boletines informativos, informaci\u00f3n, precios, detalles de productos e informaci\u00f3n sobre eventos que haya solicitado o que consideremos que puedan ser de su inter\u00e9s, siempre que haya dado su consentimiento para recibir dicha informaci\u00f3n.<\/li><li>Para informarle sobre cualquier cambio en nuestros productos y servicios.<\/li><li>Desarrollar an\u00e1lisis agregados e inteligencia empresarial que nos permitan operar, mejorar, proteger, tomar decisiones informadas e informar sobre el desempe\u00f1o del negocio.<\/li><\/ol><p>Si utilizamos su informaci\u00f3n personal para alg\u00fan fin que no est\u00e9 establecido en esta Pol\u00edtica de Privacidad, le informaremos exactamente para qu\u00e9 la utilizaremos antes de proceder y, cuando corresponda, obtendremos su consentimiento.<\/p><p><strong>Compartir tus datos personales<\/strong><\/p><p>Mantendremos la confidencialidad de sus datos personales. Immersive Optics Limited no vende informaci\u00f3n personal. Nunca divulgaremos sus datos personales fuera de nuestra empresa, salvo a subcontratistas, agentes, proveedores y terceros para la prestaci\u00f3n de servicios como la gesti\u00f3n y el alojamiento web, el env\u00edo, el procesamiento de tarjetas de cr\u00e9dito y la comunicaci\u00f3n. Solo compartiremos datos personales con agentes o contratistas que trabajen en nuestro nombre cuando sea necesario para completar una transacci\u00f3n y proporcionar un producto o servicio. El tratamiento de sus datos personales para estos fines constituye un inter\u00e9s leg\u00edtimo para nosotros.    <\/p><p>Tambi\u00e9n podr\u00edamos vernos obligados a revelar su informaci\u00f3n personal por los siguientes motivos:<\/p><ol><li>Cuando estemos obligados a hacerlo para cumplir con una obligaci\u00f3n legal.<\/li><li>In order to protect our, our customers\u2019 or other rights, property or safety.<\/li><li>Los datos personales ser\u00edan uno de los activos transferidos en caso de que vendamos o nos propongamos vender el negocio y\/o sus activos.<\/li><\/ol><p>Lamentablemente, la transmisi\u00f3n de informaci\u00f3n a trav\u00e9s de Internet no es completamente segura y, si bien tomaremos todas las medidas razonables para proteger sus datos personales, no podemos garantizar la seguridad de los datos que nos transmita, y cualquier transmisi\u00f3n se realiza bajo su propia responsabilidad.<\/p><p><strong>Almacenamiento de sus datos personales<\/strong><\/p><p>Toda la informaci\u00f3n se almacena en nuestros servidores seguros; sin embargo, tambi\u00e9n podemos utilizar terceros que, actuando en nuestro nombre, almacenen o procesen la informaci\u00f3n que recopilamos sobre usted en pa\u00edses fuera del Espacio Econ\u00f3mico Europeo. Es posible que estos pa\u00edses no cuenten con las mismas leyes de protecci\u00f3n de datos que el Reino Unido. Al enviar sus datos personales, usted acepta esta transferencia, almacenamiento y procesamiento. Hemos implementado medidas de seguridad t\u00e9cnicas y organizativas para prevenir la p\u00e9rdida o el acceso no autorizado a su informaci\u00f3n personal; no obstante, si bien hemos hecho todo lo posible para garantizar la seguridad de sus datos, tenga en cuenta que no podemos garantizar la seguridad de la informaci\u00f3n transmitida a trav\u00e9s de internet.   <\/p><p>Immersive Optics Limited conservar\u00e1 su informaci\u00f3n personal durante el tiempo necesario para los fines para los que fue proporcionada. Revisaremos peri\u00f3dicamente los periodos de conservaci\u00f3n y actualizaremos, archivaremos o eliminaremos de forma segura la informaci\u00f3n si queda obsoleta y ya no es necesaria, siempre que esto cumpla con la legislaci\u00f3n vigente. <\/p><p><strong>Tus derechos<\/strong><\/p><p>Usted tiene derecho a solicitarnos que no procesemos sus datos personales con fines de marketing.<\/p><p>Puedes ejercer tus derechos en cualquier momento para cambiar tus preferencias o darte de baja de las comunicaciones enviando un correo electr\u00f3nico a info@immersive-optics.com.<\/p><p>Puedes solicitarnos una copia de los datos personales que tenemos sobre ti. Este servicio es gratuito, salvo que tu solicitud se considere manifiestamente infundada o excesiva. <\/p><p>La exactitud de su informaci\u00f3n es importante para nosotros; por lo tanto, si considera que alguna informaci\u00f3n que tenemos es incorrecta o necesita realizar alg\u00fan cambio, p\u00f3ngase en contacto con nosotros enviando un correo electr\u00f3nico a info@immersive-optics.com. <\/p><p><strong>Cambios en nuestra pol\u00edtica de privacidad<\/strong><\/p><p>Immersive Optics Limited podr\u00e1 actualizar o modificar esta pol\u00edtica cuando sea necesario y actualizar\u00e1 la fecha de revisi\u00f3n que aparece al final del documento. Le recomendamos que revise esta pol\u00edtica peri\u00f3dicamente. <\/p>\t\t\t\t\t\t\t\t<\/div>\n\t\t\t\t<\/div>\n\t\t\t\t\t<\/div>\n\t\t<\/div>\n\t\t\t\t\t<\/div>\n\t\t<\/section>\n\t\t\t\t<\/div>\n\t\t","protected":false},"excerpt":{"rendered":"<p>Pol\u00edtica de privacidad Pol\u00edtica de privacidad y cookies de Immersive Optics Ltd. Finalidad de la Pol\u00edtica. Immersive Optics Limited se compromete a proteger su privacidad y respeta su derecho a controlar sus datos personales. Nuestra pol\u00edtica de privacidad detalla la informaci\u00f3n que recopilamos, c\u00f3mo la utilizaremos y c\u00f3mo la protegeremos. Informaci\u00f3n que podemos recopilar. Recopilamos [&hellip;]<\/p>\n","protected":false},"author":3,"featured_media":0,"parent":0,"menu_order":0,"comment_status":"closed","ping_status":"closed","template":"","meta":{"_crdt_document":"","advanced_seo_description":"","jetpack_seo_html_title":"","jetpack_seo_noindex":false,"footnotes":""},"class_list":["post-5881","page","type-page","status-publish","hentry"],"jetpack_sharing_enabled":true,"jetpack_shortlink":"https:\/\/wp.me\/Ph9FcQ-1wR","_links":{"self":[{"href":"https:\/\/immersive-optics.com\/es\/wp-json\/wp\/v2\/pages\/5881","targetHints":{"allow":["GET"]}}],"collection":[{"href":"https:\/\/immersive-optics.com\/es\/wp-json\/wp\/v2\/pages"}],"about":[{"href":"https:\/\/immersive-optics.com\/es\/wp-json\/wp\/v2\/types\/page"}],"author":[{"embeddable":true,"href":"https:\/\/immersive-optics.com\/es\/wp-json\/wp\/v2\/users\/3"}],"replies":[{"embeddable":true,"href":"https:\/\/immersive-optics.com\/es\/wp-json\/wp\/v2\/comments?post=5881"}],"version-history":[{"count":0,"href":"https:\/\/immersive-optics.com\/es\/wp-json\/wp\/v2\/pages\/5881\/revisions"}],"wp:attachment":[{"href":"https:\/\/immersive-optics.com\/es\/wp-json\/wp\/v2\/media?parent=5881"}],"curies":[{"name":"wp","href":"https:\/\/api.w.org\/{rel}","templated":true}]}}