{"id":6546,"date":"2026-03-13T20:41:05","date_gmt":"2026-03-13T20:41:05","guid":{"rendered":"https:\/\/immersive-optics.com\/product\/swiftlock-qr-zielfernrohrringe-hoch\/"},"modified":"2026-03-29T14:23:45","modified_gmt":"2026-03-29T13:23:45","slug":"swiftlock-qr-zielfernrohrringe-hoch","status":"publish","type":"product","link":"https:\/\/immersive-optics.com\/de\/produkt\/swiftlock-qr-zielfernrohrringe-hoch\/","title":{"rendered":"SwiftLock\u00ae QR Zielfernrohrringe (Hoch)"},"content":{"rendered":"<p>Ausgestattet mit dem praktischsten Schnellwechselsystem auf dem Markt.<\/p>\n<p>Der SwiftLock\u00ae-Mechanismus bietet eine Klemmkraft und Pr\u00e4zision, die der von festen Montageringen entspricht.<\/p>\n<p>Der Grundk\u00f6rper wird per CNC aus einem einzigen Block 7075-Aluminium gefertigt. Die Montagekomponenten werden per CNC aus geh\u00e4rtetem Edelstahl 416 mit einer H\u00e4rte von 36 HRC gefertigt. Die Ringe sind werkseitig aufeinander abgestimmt und pr\u00e4zise ausgedreht, um eine perfekte Ausrichtung des Zielfernrohrs sicherzustellen.  <\/p>\n<p>Mit Cerakote\u00ae beschichtet und in verschiedenen Farben erh\u00e4ltlich.<\/p>\n","protected":false},"excerpt":{"rendered":"<p>SwiftLock\u00ae ist eine eigenst\u00e4ndige L\u00f6sung, die neue Ma\u00dfst\u00e4be in Ergonomie und Zuverl\u00e4ssigkeit setzt. Der vertikale Teleskophebel bietet nicht nur eine zus\u00e4tzliche Hebelwirkung f\u00fcr eine st\u00e4rkere und kontrolliertere Verriegelung, sondern erm\u00f6glicht auch einen ungehinderten Zugang \u2014 und l\u00f6st damit ein typisches Problem herk\u00f6mmlicher QR-Montagen, bei denen horizontal angeordnete Verriegelungshebel im engen Bereich zwischen Zielfernrohr und Waffe oft nur schwer erreichbar sind. <\/p>\n<p>&nbsp;<\/p>\n","protected":false},"featured_media":6557,"template":"","meta":{"_crdt_document":"","advanced_seo_description":"","jetpack_seo_html_title":"","jetpack_seo_noindex":false},"product_brand":[],"product_cat":[201],"product_tag":[184],"class_list":{"0":"post-6546","1":"product","2":"type-product","3":"status-publish","4":"has-post-thumbnail","6":"product_cat-montagen","7":"product_tag-eu","9":"first","10":"outofstock","11":"taxable","12":"shipping-taxable","13":"purchasable","14":"product-type-variable","15":"has-default-attributes"},"jetpack_sharing_enabled":true,"_links":{"self":[{"href":"https:\/\/immersive-optics.com\/de\/wp-json\/wp\/v2\/product\/6546","targetHints":{"allow":["GET"]}}],"collection":[{"href":"https:\/\/immersive-optics.com\/de\/wp-json\/wp\/v2\/product"}],"about":[{"href":"https:\/\/immersive-optics.com\/de\/wp-json\/wp\/v2\/types\/product"}],"wp:featuredmedia":[{"embeddable":true,"href":"https:\/\/immersive-optics.com\/de\/wp-json\/wp\/v2\/media\/6557"}],"wp:attachment":[{"href":"https:\/\/immersive-optics.com\/de\/wp-json\/wp\/v2\/media?parent=6546"}],"wp:term":[{"taxonomy":"product_brand","embeddable":true,"href":"https:\/\/immersive-optics.com\/de\/wp-json\/wp\/v2\/product_brand?post=6546"},{"taxonomy":"product_cat","embeddable":true,"href":"https:\/\/immersive-optics.com\/de\/wp-json\/wp\/v2\/product_cat?post=6546"},{"taxonomy":"product_tag","embeddable":true,"href":"https:\/\/immersive-optics.com\/de\/wp-json\/wp\/v2\/product_tag?post=6546"}],"curies":[{"name":"wp","href":"https:\/\/api.w.org\/{rel}","templated":true}]}}