{"id":6079,"date":"2025-12-31T19:33:57","date_gmt":"2025-12-31T19:33:57","guid":{"rendered":"https:\/\/immersive-optics.com\/product\/prismatisches-zielfernrohr-10x24-2\/"},"modified":"2026-03-27T23:40:51","modified_gmt":"2026-03-27T23:40:51","slug":"prismatisches-zielfernrohr-10x24-2","status":"publish","type":"product","link":"https:\/\/immersive-optics.com\/de\/produkt\/prismatisches-zielfernrohr-10x24-2\/","title":{"rendered":"Prismatisches Zielfernrohr 10X24"},"content":{"rendered":"<p>Das prismatische Zielfernrohr 10X24 ist ideal f\u00fcr den Einsatz auf kompakten Gewehren oder Luftgewehren mit geringem bis mittlerem R\u00fccksto\u00df. Sein prismatisches optisches System reduziert die Baugr\u00f6\u00dfe, indem auf die bei herk\u00f6mmlichen Zielfernrohren \u00fcblichen gro\u00dfen Objektivlinsen, langen Geh\u00e4use und den gro\u00dfen Augenabstand verzichtet wird, ohne dabei Lichttransmission, Vergr\u00f6\u00dferungsleistung oder Sehfeld zu beeintr\u00e4chtigen.<\/p>\n<p>Dieses prismatische Design erm\u00f6glicht dem 10&#215;24 zudem eine deutliche Reduzierung von Baugr\u00f6\u00dfe und Gewicht. Das sorgt f\u00fcr h\u00f6here Beweglichkeit des Sch\u00fctzen und f\u00fcr eine bessere Gewichtsverteilung zwischen Zielfernrohr und Gewehr, was ein komfortableres Schie\u00dferlebnis bietet und l\u00e4ngeres Zielen ohne Erm\u00fcdung erm\u00f6glicht.<\/p>\n<p>Im Vergleich zu herk\u00f6mmlichen Zielfernrohren bietet dieses Modell von Immersive Optics ein 4-fach breiteres Sehfeld. Mit Fokussierung bis auf 6 m und ohne Parallaxe ist das 10X24 die perfekte L\u00f6sung f\u00fcr alle, die auch auf kurze Distanz eine hervorragende Optik w\u00fcnschen.<\/p>\n<p>Ausgestattet mit ED-Glas (Extra-Low Dispersion) sorgt das 10X24 f\u00fcr eine nat\u00fcrliche Farbwiedergabe im Sehfeld, minimiert chromatische Aberration (Farbs\u00e4ume) und liefert auf gro\u00dfe Distanzen ein hochklares, gestochen scharfes Bild.<\/p>\n<p>F\u00fcr maximale Nutzungsqualit\u00e4t sorgt das CNC-gefr\u00e4ste Geh\u00e4use dieses innovativen Zielfernrohrs f\u00fcr pr\u00e4zises, fehlerfreies Schie\u00dfen. Die stickstoffgef\u00fcllten optischen Kan\u00e4le bieten wirksamen Beschlagschutz, und die zuverl\u00e4ssige Abdichtung macht es widerstandsf\u00e4hig gegen Feuchtigkeit. Zus\u00e4tzlich verf\u00fcgt es \u00fcber ein durchdachtes Haltesystem f\u00fcr die Linsenkappe, das die Kappe bequem seitlich am Zielfernrohr fixiert und so Ablenkungen beim Schie\u00dfen reduziert.<\/p>\n<p>Je nach gew\u00e4hltem Modell verf\u00fcgt das prismatische Zielfernrohr 10X24 entweder \u00fcber ein beleuchtetes, glasge\u00e4tztes Mildot- oder Mildot-Extended-Absehen, hochpr\u00e4zise Seiten- und H\u00f6henverstellung und wird mit einer verstellbaren MOA-Montage geliefert.<\/p>\n<table class=\"pp-table tablesaw\">\n<colgroup>\n<col class=\"elementor-repeater-item-8646819\" span=\"1\" \/><\/colgroup>\n<thead>\n<tr class=\"pp-table-row\">\n<th class=\"pp-table-cell pp-table-cell-683315e\"><span class=\"pp-table-cell-content\"><span class=\"pp-table-cell-text\">Parameter<\/span><\/span><\/th>\n<th class=\"pp-table-cell pp-table-cell-73977f6\"><span class=\"pp-table-cell-content\"><span class=\"pp-table-cell-text\">Zielfernrohr 10&#215;24<\/span><\/span><\/th>\n<\/tr>\n<\/thead>\n<tfoot><\/tfoot>\n<tbody>\n<tr>\n<td class=\"pp-table-cell pp-table-cell-33971f9\"><span class=\"pp-table-cell-content\"><span class=\"pp-table-cell-text\">Vergr\u00f6\u00dferung, X<\/span><\/span><\/td>\n<td class=\"pp-table-cell pp-table-cell-3971dda\"><span class=\"pp-table-cell-content\"><span class=\"pp-table-cell-text\">10<\/span><\/span><\/td>\n<\/tr>\n<tr>\n<td class=\"pp-table-cell pp-table-cell-3c2214f\"><span class=\"pp-table-cell-content\"><span class=\"pp-table-cell-text\">Objektivdurchmesser, mm<\/span><\/span><\/td>\n<td class=\"pp-table-cell pp-table-cell-aa7e809\"><span class=\"pp-table-cell-content\"><span class=\"pp-table-cell-text\">24<\/span><\/span><\/td>\n<\/tr>\n<tr>\n<td class=\"pp-table-cell pp-table-cell-1f25865\"><span class=\"pp-table-cell-content\"><span class=\"pp-table-cell-text\">Augenabstand, Zoll \/ mm<\/span><\/span><\/td>\n<td class=\"pp-table-cell pp-table-cell-c7fe3cd\"><span class=\"pp-table-cell-content\"><span class=\"pp-table-cell-text\">0.55 \/ 14<\/span><\/span><\/td>\n<\/tr>\n<tr>\n<td class=\"pp-table-cell pp-table-cell-cc62bce\"><span class=\"pp-table-cell-content\"><span class=\"pp-table-cell-text\">Rohrdurchmesser, mm<\/span><\/span><\/td>\n<td class=\"pp-table-cell pp-table-cell-0ecaf37\"><span class=\"pp-table-cell-content\"><span class=\"pp-table-cell-text\">30<\/span><\/span><\/td>\n<\/tr>\n<tr>\n<td class=\"pp-table-cell pp-table-cell-dbff3e9\"><span class=\"pp-table-cell-content\"><span class=\"pp-table-cell-text\">Sehfeld, ft@100yds\/ m@100m<\/span><\/span><\/td>\n<td class=\"pp-table-cell pp-table-cell-d33d8ef\"><span class=\"pp-table-cell-content\"><span class=\"pp-table-cell-text\">32 \/ 10.6<\/span><\/span><\/td>\n<\/tr>\n<tr>\n<td class=\"pp-table-cell pp-table-cell-c0c63c5\"><span class=\"pp-table-cell-content\"><span class=\"pp-table-cell-text\">Minimale Fokusdistanz, m<\/span><\/span><\/td>\n<td class=\"pp-table-cell pp-table-cell-cd99b46\"><span class=\"pp-table-cell-content\"><span class=\"pp-table-cell-text\">6<\/span><\/span><\/td>\n<\/tr>\n<tr>\n<td class=\"pp-table-cell pp-table-cell-c0ff221\"><span class=\"pp-table-cell-content\"><span class=\"pp-table-cell-text\">Klickwert (MIL \/MOA\/cm@100m)<\/span><\/span><\/td>\n<td class=\"pp-table-cell pp-table-cell-59f23db\"><span class=\"pp-table-cell-content\"><span class=\"pp-table-cell-text\">0.1 \/ 0.338 \/ 1<\/span><\/span><\/td>\n<\/tr>\n<tr>\n<td class=\"pp-table-cell pp-table-cell-c0f286a\"><span class=\"pp-table-cell-content\"><span class=\"pp-table-cell-text\">Klicks pro Umdrehung<\/span><\/span><\/td>\n<td class=\"pp-table-cell pp-table-cell-e48b19d\"><span class=\"pp-table-cell-content\"><span class=\"pp-table-cell-text\">50<\/span><\/span><\/td>\n<\/tr>\n<tr>\n<td class=\"pp-table-cell pp-table-cell-7796840\"><span class=\"pp-table-cell-content\"><span class=\"pp-table-cell-text\">Verstellweg pro Umdrehung (MIL \/ MOA)<\/span><\/span><\/td>\n<td class=\"pp-table-cell pp-table-cell-aa44a69\"><span class=\"pp-table-cell-content\"><span class=\"pp-table-cell-text\">5 \/ 15<\/span><\/span><\/td>\n<\/tr>\n<tr>\n<td class=\"pp-table-cell pp-table-cell-8d83140\"><span class=\"pp-table-cell-content\"><span class=\"pp-table-cell-text\">Max. H\u00f6henverstellung (MIL \/ MOA)<\/span><\/span><\/td>\n<td class=\"pp-table-cell pp-table-cell-5a3029e\"><span class=\"pp-table-cell-content\"><span class=\"pp-table-cell-text\">28 \/ 83<\/span><\/span><\/td>\n<\/tr>\n<tr>\n<td class=\"pp-table-cell pp-table-cell-e237808\"><span class=\"pp-table-cell-content\"><span class=\"pp-table-cell-text\">Max. Seitenverstellung (MIL \/ MOA)<\/span><\/span><\/td>\n<td class=\"pp-table-cell pp-table-cell-8f0cd12\"><span class=\"pp-table-cell-content\"><span class=\"pp-table-cell-text\">28 \/ 83<\/span><\/span><\/td>\n<\/tr>\n<tr>\n<td class=\"pp-table-cell pp-table-cell-87ac0ba\"><span class=\"pp-table-cell-content\"><span class=\"pp-table-cell-text\">Abmessungen, mm<\/span><\/span><\/td>\n<td class=\"pp-table-cell pp-table-cell-517ac24\"><span class=\"pp-table-cell-content\"><span class=\"pp-table-cell-text\">72 x 51 x 122<\/span><\/span><\/td>\n<\/tr>\n<tr>\n<td class=\"pp-table-cell pp-table-cell-38119a6\"><span class=\"pp-table-cell-content\"><span class=\"pp-table-cell-text\">Abmessungen, Zoll<\/span><\/span><\/td>\n<td class=\"pp-table-cell pp-table-cell-2fd6ab1\"><span class=\"pp-table-cell-content\"><span class=\"pp-table-cell-text\">2,8 x 2 x 4,8<\/span><\/span><\/td>\n<\/tr>\n<tr>\n<td class=\"pp-table-cell pp-table-cell-a95e72b\"><span class=\"pp-table-cell-content\"><span class=\"pp-table-cell-text\">Gewicht (ohne Montage) oz \/ gr<\/span><\/span><\/td>\n<td class=\"pp-table-cell pp-table-cell-ca26eb7\"><span class=\"pp-table-cell-content\"><span class=\"pp-table-cell-text\">8.74 \/ 248<\/span><\/span><\/td>\n<\/tr>\n<tr>\n<td class=\"pp-table-cell pp-table-cell-fffcbff\"><span class=\"pp-table-cell-content\"><span class=\"pp-table-cell-text\">Gewicht (mit verstellbarer MOA-Montage) oz \/ gr<\/span><\/span><\/td>\n<td class=\"pp-table-cell pp-table-cell-855f0d6\"><span class=\"pp-table-cell-content\"><span class=\"pp-table-cell-text\">13 \/ 370<\/span><\/span><\/td>\n<\/tr>\n<tr>\n<td class=\"pp-table-cell pp-table-cell-d423717\"><span class=\"pp-table-cell-content\"><span class=\"pp-table-cell-text\">Wasserdicht und stickstoffgef\u00fcllt<\/span><\/span><\/td>\n<td class=\"pp-table-cell pp-table-cell-4bc21ae\"><span class=\"pp-table-cell-content\"><span class=\"pp-table-cell-text\">JA<\/span><\/span><\/td>\n<\/tr>\n<tr>\n<td class=\"pp-table-cell pp-table-cell-defa67d\"><span class=\"pp-table-cell-content\"><span class=\"pp-table-cell-text\">Sto\u00dffest (bis zu 600G)<\/span><\/span><\/td>\n<td class=\"pp-table-cell pp-table-cell-77fbf3a\"><span class=\"pp-table-cell-content\"><span class=\"pp-table-cell-text\">k. A.<\/span><\/span><\/td>\n<\/tr>\n<\/tbody>\n<\/table>\n","protected":false},"excerpt":{"rendered":"<p>Das kleinste und leichteste Zielfernrohr der Welt mit 10-facher Vergr\u00f6\u00dferung.<\/p>\n","protected":false},"featured_media":6059,"template":"","meta":{"_crdt_document":"","advanced_seo_description":"","jetpack_seo_html_title":"","jetpack_seo_noindex":false},"product_brand":[],"product_cat":[190],"product_tag":[184],"class_list":{"0":"post-6079","1":"product","2":"type-product","3":"status-publish","4":"has-post-thumbnail","6":"product_cat-zielfernrohre","7":"product_tag-eu","9":"first","10":"outofstock","11":"sale","12":"taxable","13":"shipping-taxable","14":"purchasable","15":"product-type-variable"},"jetpack_sharing_enabled":true,"_links":{"self":[{"href":"https:\/\/immersive-optics.com\/de\/wp-json\/wp\/v2\/product\/6079","targetHints":{"allow":["GET"]}}],"collection":[{"href":"https:\/\/immersive-optics.com\/de\/wp-json\/wp\/v2\/product"}],"about":[{"href":"https:\/\/immersive-optics.com\/de\/wp-json\/wp\/v2\/types\/product"}],"wp:featuredmedia":[{"embeddable":true,"href":"https:\/\/immersive-optics.com\/de\/wp-json\/wp\/v2\/media\/6059"}],"wp:attachment":[{"href":"https:\/\/immersive-optics.com\/de\/wp-json\/wp\/v2\/media?parent=6079"}],"wp:term":[{"taxonomy":"product_brand","embeddable":true,"href":"https:\/\/immersive-optics.com\/de\/wp-json\/wp\/v2\/product_brand?post=6079"},{"taxonomy":"product_cat","embeddable":true,"href":"https:\/\/immersive-optics.com\/de\/wp-json\/wp\/v2\/product_cat?post=6079"},{"taxonomy":"product_tag","embeddable":true,"href":"https:\/\/immersive-optics.com\/de\/wp-json\/wp\/v2\/product_tag?post=6079"}],"curies":[{"name":"wp","href":"https:\/\/api.w.org\/{rel}","templated":true}]}}