{"id":6076,"date":"2025-12-31T19:41:21","date_gmt":"2025-12-31T19:41:21","guid":{"rendered":"https:\/\/immersive-optics.com\/product\/prismatisches-zielfernrohr-10x40-2\/"},"modified":"2026-03-27T23:40:40","modified_gmt":"2026-03-27T23:40:40","slug":"prismatisches-zielfernrohr-10x40-2","status":"publish","type":"product","link":"https:\/\/immersive-optics.com\/de\/produkt\/prismatisches-zielfernrohr-10x40-2\/","title":{"rendered":"Prismatisches Zielfernrohr 10X40"},"content":{"rendered":"<p>Das Design des Immersive Optics 10X40 erm\u00f6glicht eine deutliche Gewichtsreduzierung und sorgt dadurch f\u00fcr eine h\u00f6here Beweglichkeit des Sch\u00fctzen sowie f\u00fcr eine bessere Gewichtsverteilung zwischen Zielfernrohr und Gewehr. Dies gew\u00e4hrleistet ein besonders komfortables Schie\u00dferlebnis und erm\u00f6glicht l\u00e4ngeres Zielen ohne Erm\u00fcdung oder Unbehagen.<\/p>\n<p>Das Immersive Optics 10X40 bietet im Vergleich zu herk\u00f6mmlichen Zielfernrohren ein 4-fach breiteres Sehfeld und l\u00e4sst sich bis auf 6 m ohne Parallaxe fokussieren. Damit ist es die ideale L\u00f6sung f\u00fcr Sch\u00fctzen, die auch auf kurze Distanzen eine hervorragende Optik erwarten.<\/p>\n<p>ED-Glas (Extra-Low Dispersion) sorgt bei diesem kompakten Zielfernrohr f\u00fcr eine nat\u00fcrliche Farbwiedergabe innerhalb des Sehfelds, minimiert chromatische Aberration (Farbs\u00e4ume) und liefert auf weite Distanzen eine hohe Klarheit sowie ein gestochen scharfes Bild.<\/p>\n<p>Die stickstoffgef\u00fcllten optischen Kan\u00e4le bieten zuverl\u00e4ssigen Beschlagschutz, und die wasserdichte Abdichtung sch\u00fctzt das Zielfernrohr vor Feuchtigkeit. Zus\u00e4tzlich verf\u00fcgt es \u00fcber ein durchdachtes Haltesystem f\u00fcr die Linsenkappe, das die Kappe seitlich am Zielfernrohr fixiert und so Ablenkungen beim Schie\u00dfen reduziert.<\/p>\n<p>Je nach gew\u00e4hltem Modell verf\u00fcgt das prismatische Zielfernrohr 10X40 entweder \u00fcber ein beleuchtetes, glasge\u00e4tztes Mildot- oder Mildot-Extended-Absehen, hochpr\u00e4zise Seiten- und H\u00f6henverstellung und wird mit einer verstellbaren MOA-Montage geliefert.<\/p>\n<table class=\"pp-table tablesaw\">\n<colgroup>\n<col class=\"elementor-repeater-item-8646819\" span=\"1\" \/><\/colgroup>\n<thead>\n<tr class=\"pp-table-row\">\n<th class=\"pp-table-cell pp-table-cell-683315e\"><span class=\"pp-table-cell-content\"><span class=\"pp-table-cell-text\">Parameter<\/span><\/span><\/th>\n<th class=\"pp-table-cell pp-table-cell-73977f6\"><span class=\"pp-table-cell-content\"><span class=\"pp-table-cell-text\">Wert<\/span><\/span><\/th>\n<\/tr>\n<\/thead>\n<tfoot><\/tfoot>\n<tbody>\n<tr>\n<td class=\"pp-table-cell pp-table-cell-33971f9\"><span class=\"pp-table-cell-content\"><span class=\"pp-table-cell-text\">Vergr\u00f6\u00dferung, X<\/span><\/span><\/td>\n<td class=\"pp-table-cell pp-table-cell-3971dda\"><span class=\"pp-table-cell-content\"><span class=\"pp-table-cell-text\">10<\/span><\/span><\/td>\n<\/tr>\n<tr>\n<td class=\"pp-table-cell pp-table-cell-3c2214f\"><span class=\"pp-table-cell-content\"><span class=\"pp-table-cell-text\">Objektivdurchmesser, mm<\/span><\/span><\/td>\n<td class=\"pp-table-cell pp-table-cell-aa7e809\"><span class=\"pp-table-cell-content\"><span class=\"pp-table-cell-text\">40<\/span><\/span><\/td>\n<\/tr>\n<tr>\n<td class=\"pp-table-cell pp-table-cell-1f25865\"><span class=\"pp-table-cell-content\"><span class=\"pp-table-cell-text\">Augenabstand, Zoll \/ mm<\/span><\/span><\/td>\n<td class=\"pp-table-cell pp-table-cell-c7fe3cd\"><span class=\"pp-table-cell-content\"><span class=\"pp-table-cell-text\">0.7 \/ 17<\/span><\/span><\/td>\n<\/tr>\n<tr>\n<td class=\"pp-table-cell pp-table-cell-cc62bce\"><span class=\"pp-table-cell-content\"><span class=\"pp-table-cell-text\">Rohrdurchmesser, mm<\/span><\/span><\/td>\n<td class=\"pp-table-cell pp-table-cell-0ecaf37\"><span class=\"pp-table-cell-content\"><span class=\"pp-table-cell-text\">k. A.<\/span><\/span><\/td>\n<\/tr>\n<tr>\n<td class=\"pp-table-cell pp-table-cell-dbff3e9\"><span class=\"pp-table-cell-content\"><span class=\"pp-table-cell-text\">Sehfeld, ft@100yds\/ m@100m<\/span><\/span><\/td>\n<td class=\"pp-table-cell pp-table-cell-d33d8ef\"><span class=\"pp-table-cell-content\"><span class=\"pp-table-cell-text\">34 \/ 11.4<\/span><\/span><\/td>\n<\/tr>\n<tr>\n<td class=\"pp-table-cell pp-table-cell-c0c63c5\"><span class=\"pp-table-cell-content\"><span class=\"pp-table-cell-text\">Minimale Fokusdistanz, m<\/span><\/span><\/td>\n<td class=\"pp-table-cell pp-table-cell-cd99b46\"><span class=\"pp-table-cell-content\"><span class=\"pp-table-cell-text\">6<\/span><\/span><\/td>\n<\/tr>\n<tr>\n<td class=\"pp-table-cell pp-table-cell-c0ff221\"><span class=\"pp-table-cell-content\"><span class=\"pp-table-cell-text\">Klickwert (MIL \/MOA\/cm@100m)<\/span><\/span><\/td>\n<td class=\"pp-table-cell pp-table-cell-59f23db\"><span class=\"pp-table-cell-content\"><span class=\"pp-table-cell-text\">0.1 \/ 0.338 \/ 1<\/span><\/span><\/td>\n<\/tr>\n<tr>\n<td class=\"pp-table-cell pp-table-cell-c0f286a\"><span class=\"pp-table-cell-content\"><span class=\"pp-table-cell-text\">Klicks pro Umdrehung<\/span><\/span><\/td>\n<td class=\"pp-table-cell pp-table-cell-e48b19d\"><span class=\"pp-table-cell-content\"><span class=\"pp-table-cell-text\">50<\/span><\/span><\/td>\n<\/tr>\n<tr>\n<td class=\"pp-table-cell pp-table-cell-7796840\"><span class=\"pp-table-cell-content\"><span class=\"pp-table-cell-text\">Verstellweg pro Umdrehung (MIL \/ MOA)<\/span><\/span><\/td>\n<td class=\"pp-table-cell pp-table-cell-aa44a69\"><span class=\"pp-table-cell-content\"><span class=\"pp-table-cell-text\">5 \/ 15<\/span><\/span><\/td>\n<\/tr>\n<tr>\n<td class=\"pp-table-cell pp-table-cell-8d83140\"><span class=\"pp-table-cell-content\"><span class=\"pp-table-cell-text\">Max. H\u00f6henverstellung (MIL \/ MOA)<\/span><\/span><\/td>\n<td class=\"pp-table-cell pp-table-cell-5a3029e\"><span class=\"pp-table-cell-content\"><span class=\"pp-table-cell-text\">28 \/ 83<\/span><\/span><\/td>\n<\/tr>\n<tr>\n<td class=\"pp-table-cell pp-table-cell-e237808\"><span class=\"pp-table-cell-content\"><span class=\"pp-table-cell-text\">Max. Seitenverstellung (MIL \/ MOA)<\/span><\/span><\/td>\n<td class=\"pp-table-cell pp-table-cell-8f0cd12\"><span class=\"pp-table-cell-content\"><span class=\"pp-table-cell-text\">28 \/ 83<\/span><\/span><\/td>\n<\/tr>\n<tr>\n<td class=\"pp-table-cell pp-table-cell-87ac0ba\"><span class=\"pp-table-cell-content\"><span class=\"pp-table-cell-text\">Abmessungen, mm<\/span><\/span><\/td>\n<td class=\"pp-table-cell pp-table-cell-517ac24\"><span class=\"pp-table-cell-content\"><span class=\"pp-table-cell-text\">80 x 60 x 135<\/span><\/span><\/td>\n<\/tr>\n<tr>\n<td class=\"pp-table-cell pp-table-cell-38119a6\"><span class=\"pp-table-cell-content\"><span class=\"pp-table-cell-text\">Abmessungen, Zoll<\/span><\/span><\/td>\n<td class=\"pp-table-cell pp-table-cell-2fd6ab1\"><span class=\"pp-table-cell-content\"><span class=\"pp-table-cell-text\">3,1 x 2,5 x 6,1<\/span><\/span><\/td>\n<\/tr>\n<tr>\n<td class=\"pp-table-cell pp-table-cell-a95e72b\"><span class=\"pp-table-cell-content\"><span class=\"pp-table-cell-text\">Gewicht (ohne Montage) oz \/ gr<\/span><\/span><\/td>\n<td class=\"pp-table-cell pp-table-cell-ca26eb7\"><span class=\"pp-table-cell-content\"><span class=\"pp-table-cell-text\">k. A.<\/span><\/span><\/td>\n<\/tr>\n<tr>\n<td class=\"pp-table-cell pp-table-cell-fffcbff\"><span class=\"pp-table-cell-content\"><span class=\"pp-table-cell-text\">Gewicht (mit verstellbarer MOA-Montage) oz \/ gr<\/span><\/span><\/td>\n<td class=\"pp-table-cell pp-table-cell-855f0d6\"><span class=\"pp-table-cell-content\"><span class=\"pp-table-cell-text\">17,1 \/ 485<\/span><\/span><\/td>\n<\/tr>\n<tr>\n<td class=\"pp-table-cell pp-table-cell-d423717\"><span class=\"pp-table-cell-content\"><span class=\"pp-table-cell-text\">Wasserdicht und stickstoffgef\u00fcllt<\/span><\/span><\/td>\n<td class=\"pp-table-cell pp-table-cell-4bc21ae\"><span class=\"pp-table-cell-content\"><span class=\"pp-table-cell-text\">JA<\/span><\/span><\/td>\n<\/tr>\n<tr>\n<td class=\"pp-table-cell pp-table-cell-defa67d\"><span class=\"pp-table-cell-content\"><span class=\"pp-table-cell-text\">Sto\u00dffest (bis zu 600G)<\/span><\/span><\/td>\n<td class=\"pp-table-cell pp-table-cell-77fbf3a\"><span class=\"pp-table-cell-content\"><span class=\"pp-table-cell-text\">k. A.<\/span><\/span><\/td>\n<\/tr>\n<\/tbody>\n<\/table>\n","protected":false},"excerpt":{"rendered":"<p>Das prismatische Zielfernrohr 10\u00d740 ist ideal f\u00fcr den Einsatz auf kompakten Gewehren oder Luftgewehren mit geringem bis moderatem R\u00fccksto\u00df. Sein prismatisches optisches System erm\u00f6glicht eine kompaktere Bauform als bei herk\u00f6mmlichen Tagesoptiken, da gro\u00dfe Objektivlinsen, verl\u00e4ngerte Geh\u00e4use und gro\u00dfer Augenabstand entfallen \u2013 ohne Einbu\u00dfen bei Lichttransmission, Vergr\u00f6\u00dferung oder Sehfeld.<\/p>\n","protected":false},"featured_media":6065,"template":"","meta":{"_crdt_document":"","advanced_seo_description":"","jetpack_seo_html_title":"","jetpack_seo_noindex":false},"product_brand":[],"product_cat":[190],"product_tag":[184],"class_list":{"0":"post-6076","1":"product","2":"type-product","3":"status-publish","4":"has-post-thumbnail","6":"product_cat-zielfernrohre","7":"product_tag-eu","9":"first","10":"outofstock","11":"sale","12":"taxable","13":"shipping-taxable","14":"purchasable","15":"product-type-variable"},"jetpack_sharing_enabled":true,"_links":{"self":[{"href":"https:\/\/immersive-optics.com\/de\/wp-json\/wp\/v2\/product\/6076","targetHints":{"allow":["GET"]}}],"collection":[{"href":"https:\/\/immersive-optics.com\/de\/wp-json\/wp\/v2\/product"}],"about":[{"href":"https:\/\/immersive-optics.com\/de\/wp-json\/wp\/v2\/types\/product"}],"wp:featuredmedia":[{"embeddable":true,"href":"https:\/\/immersive-optics.com\/de\/wp-json\/wp\/v2\/media\/6065"}],"wp:attachment":[{"href":"https:\/\/immersive-optics.com\/de\/wp-json\/wp\/v2\/media?parent=6076"}],"wp:term":[{"taxonomy":"product_brand","embeddable":true,"href":"https:\/\/immersive-optics.com\/de\/wp-json\/wp\/v2\/product_brand?post=6076"},{"taxonomy":"product_cat","embeddable":true,"href":"https:\/\/immersive-optics.com\/de\/wp-json\/wp\/v2\/product_cat?post=6076"},{"taxonomy":"product_tag","embeddable":true,"href":"https:\/\/immersive-optics.com\/de\/wp-json\/wp\/v2\/product_tag?post=6076"}],"curies":[{"name":"wp","href":"https:\/\/api.w.org\/{rel}","templated":true}]}}