{"id":6070,"date":"2025-12-31T19:52:04","date_gmt":"2025-12-31T19:52:04","guid":{"rendered":"https:\/\/immersive-optics.com\/product\/prismatisches-zielfernrohr-14x50\/"},"modified":"2026-03-27T23:40:27","modified_gmt":"2026-03-27T23:40:27","slug":"prismatisches-zielfernrohr-14x50","status":"publish","type":"product","link":"https:\/\/immersive-optics.com\/de\/produkt\/prismatisches-zielfernrohr-14x50\/","title":{"rendered":"Prismatisches Zielfernrohr 14X50"},"content":{"rendered":"<p>Unser meistverkauftes Zielfernrohr mit kurzem Augenabstand \u2013 ein technologisches Meisterwerk f\u00fcr Gewehre mit geringem R\u00fccksto\u00df.<\/p>\n<h2>Verbesserte Schussgenauigkeit<\/h2>\n<p>Ideal f\u00fcr den Einsatz auf kompakten Gewehren oder Luftgewehren mit geringem bis moderatem R\u00fccksto\u00df. Das prismatische optische System erm\u00f6glicht eine deutlich kompaktere Bauweise im Vergleich zu herk\u00f6mmlichen Zielfernrohren, da gro\u00dfe Objektivlinsen, lange Geh\u00e4use und gro\u00dfer Augenabstand entfallen \u2013 ohne Einbu\u00dfen bei Lichttransmission, Vergr\u00f6\u00dferung oder Sehfeld.<\/p>\n<h2>Optimierte Gewichtsverteilung<\/h2>\n<p>Das kompakte Design reduziert das Gewicht erheblich und sorgt f\u00fcr eine bessere Balance zwischen dem 14X50 und dem montierten Gewehr. Dies erm\u00f6glicht maximalen Komfort und erlaubt es dem Sch\u00fctzen, \u00fcber l\u00e4ngere Zeitr\u00e4ume zu zielen, ohne Erm\u00fcdung oder Unbehagen zu versp\u00fcren.<\/p>\n<h2>Gr\u00f6\u00dferes Sehfeld<\/h2>\n<p>Das Immersive Optics 14X50 bietet ein bis zu 4-fach gr\u00f6\u00dferes Sehfeld als herk\u00f6mmliche Zielfernrohre und l\u00e4sst sich bis auf 6 m ohne Parallaxe fokussieren \u2013 ideal f\u00fcr pr\u00e4zises Zielen auch auf kurze Distanzen.<\/p>\n<h2>Pr\u00e4zise Farbwiedergabe<\/h2>\n<p>ED-Glas (Extra-Low Dispersion) sorgt f\u00fcr eine nat\u00fcrliche Farbwiedergabe, minimiert chromatische Aberration (Farbs\u00e4ume) und liefert ein gestochen scharfes, kontrastreiches Bild auch auf gro\u00dfe Entfernungen.<\/p>\n<h2>Klarheit unter allen Bedingungen<\/h2>\n<p>Das CNC-gefr\u00e4ste Geh\u00e4use gew\u00e4hrleistet gleichbleibende Pr\u00e4zision. Stickstoffgef\u00fcllte optische Kan\u00e4le verhindern das Beschlagen, w\u00e4hrend die wasserdichte Abdichtung Schutz vor Feuchtigkeit bietet. Zus\u00e4tzlich verf\u00fcgt das Zielfernrohr \u00fcber ein durchdachtes Linsenkappensystem, das die Kappe seitlich fixiert und aus dem Sichtfeld h\u00e4lt.<\/p>\n<h2>Mehrere Absehenoptionen<\/h2>\n<p>Je nach Modell ist das 14X50 mit beleuchtetem, glasge\u00e4tztem Mildot- oder Mildot-Extended-Absehen ausgestattet. Hochpr\u00e4zise Seiten- und H\u00f6henverstellung sowie eine verstellbare MOA-Montage sind im Lieferumfang enthalten.<\/p>\n<table class=\"pp-table tablesaw\">\n<thead>\n<tr>\n<th>Parameter<\/th>\n<th>Wert<\/th>\n<\/tr>\n<\/thead>\n<tbody>\n<tr>\n<td>Vergr\u00f6\u00dferung, X<\/td>\n<td>14<\/td>\n<\/tr>\n<tr>\n<td>Objektivdurchmesser, mm<\/td>\n<td>50<\/td>\n<\/tr>\n<tr>\n<td>Augenabstand, Zoll \/ mm<\/td>\n<td>0.7 \/ 18<\/td>\n<\/tr>\n<tr>\n<td>Rohrdurchmesser, mm<\/td>\n<td>N\/A<\/td>\n<\/tr>\n<tr>\n<td>Sehfeld, ft@100yds \/ m@100m<\/td>\n<td>28 \/ 9.6<\/td>\n<\/tr>\n<tr>\n<td>Minimale Fokusdistanz, m<\/td>\n<td>6<\/td>\n<\/tr>\n<tr>\n<td>Klickwert (MIL \/ MOA \/ cm@100m)<\/td>\n<td>0.1 \/ 0.338 \/ 1<\/td>\n<\/tr>\n<tr>\n<td>Klicks pro Umdrehung<\/td>\n<td>50<\/td>\n<\/tr>\n<tr>\n<td>Verstellweg pro Umdrehung (MIL \/ MOA)<\/td>\n<td>5 \/ 15<\/td>\n<\/tr>\n<tr>\n<td>Max. H\u00f6henverstellung (MIL \/ MOA)<\/td>\n<td>28 \/ 83<\/td>\n<\/tr>\n<tr>\n<td>Max. Seitenverstellung (MIL \/ MOA)<\/td>\n<td>28 \/ 83<\/td>\n<\/tr>\n<tr>\n<td>Abmessungen, mm<\/td>\n<td>80 x 64 x 154<\/td>\n<\/tr>\n<tr>\n<td>Abmessungen, Zoll<\/td>\n<td>3,1 x 2,5 x 6,1<\/td>\n<\/tr>\n<tr>\n<td>Gewicht (ohne Montage) oz \/ gr<\/td>\n<td>k. A.<\/td>\n<\/tr>\n<tr>\n<td>Gewicht (mit MOA-Montage) oz \/ gr<\/td>\n<td>19,5 \/ 554<\/td>\n<\/tr>\n<tr>\n<td>Wasserdicht &#038; stickstoffgef\u00fcllt<\/td>\n<td>JA<\/td>\n<\/tr>\n<tr>\n<td>Sto\u00dffest (bis 600G)<\/td>\n<td>k. A.<\/td>\n<\/tr>\n<\/tbody>\n<\/table>\n","protected":false},"excerpt":{"rendered":"<p>Unser meistverkauftes Zielfernrohr mit kurzem Augenabstand \u2013 ein technologisches Meisterwerk f\u00fcr Gewehre mit geringem R\u00fccksto\u00df.<\/p>\n","protected":false},"featured_media":6071,"template":"","meta":{"_crdt_document":"","advanced_seo_description":"","jetpack_seo_html_title":"","jetpack_seo_noindex":false},"product_brand":[],"product_cat":[190],"product_tag":[184],"class_list":{"0":"post-6070","1":"product","2":"type-product","3":"status-publish","4":"has-post-thumbnail","6":"product_cat-zielfernrohre","7":"product_tag-eu","9":"first","10":"outofstock","11":"sale","12":"taxable","13":"shipping-taxable","14":"purchasable","15":"product-type-variable"},"jetpack_sharing_enabled":true,"_links":{"self":[{"href":"https:\/\/immersive-optics.com\/de\/wp-json\/wp\/v2\/product\/6070","targetHints":{"allow":["GET"]}}],"collection":[{"href":"https:\/\/immersive-optics.com\/de\/wp-json\/wp\/v2\/product"}],"about":[{"href":"https:\/\/immersive-optics.com\/de\/wp-json\/wp\/v2\/types\/product"}],"wp:featuredmedia":[{"embeddable":true,"href":"https:\/\/immersive-optics.com\/de\/wp-json\/wp\/v2\/media\/6071"}],"wp:attachment":[{"href":"https:\/\/immersive-optics.com\/de\/wp-json\/wp\/v2\/media?parent=6070"}],"wp:term":[{"taxonomy":"product_brand","embeddable":true,"href":"https:\/\/immersive-optics.com\/de\/wp-json\/wp\/v2\/product_brand?post=6070"},{"taxonomy":"product_cat","embeddable":true,"href":"https:\/\/immersive-optics.com\/de\/wp-json\/wp\/v2\/product_cat?post=6070"},{"taxonomy":"product_tag","embeddable":true,"href":"https:\/\/immersive-optics.com\/de\/wp-json\/wp\/v2\/product_tag?post=6070"}],"curies":[{"name":"wp","href":"https:\/\/api.w.org\/{rel}","templated":true}]}}