{"id":6064,"date":"2026-03-13T00:24:32","date_gmt":"2026-03-13T00:24:32","guid":{"rendered":"https:\/\/immersive-optics.com\/product\/prismatisches-zielfernrohr-10x40\/"},"modified":"2026-03-27T23:40:00","modified_gmt":"2026-03-27T23:40:00","slug":"prismatisches-zielfernrohr-10x40","status":"publish","type":"product","link":"https:\/\/immersive-optics.com\/de\/produkt\/prismatisches-zielfernrohr-10x40\/","title":{"rendered":"Prismatisches Zielfernrohr 10X40"},"content":{"rendered":"<p>Das Design des Immersive Optics 10X40 erm\u00f6glicht eine deutliche Gewichtsreduzierung, was dem Sch\u00fctzen eine h\u00f6here Mobilit\u00e4t sowie eine bessere Gewichtsverteilung zwischen Zielfernrohr und Gewehr bietet, auf dem es montiert ist. Dadurch wird ein besonders komfortables Schie\u00dferlebnis erreicht, bei dem auch l\u00e4ngeres Zielen ohne Erm\u00fcdung oder Unbehagen m\u00f6glich ist.<\/p>\n<p>Das Immersive Optics 10X40 bietet im Vergleich zu herk\u00f6mmlichen Zielfernrohren ein um das 4-Fache breiteres Sehfeld und kann bis auf 6 m fokussiert werden, ganz ohne Parallaxe. Damit ist es die perfekte L\u00f6sung f\u00fcr Sch\u00fctzen, die auch auf kurze Distanzen eine hervorragende Optik erwarten.<\/p>\n<p>ED-Glas (Extra-Low Dispersion) sorgt bei diesem kompakten Zielfernrohr f\u00fcr eine nat\u00fcrliche Farbwiedergabe im Sehfeld, minimiert chromatische Aberration (Farbs\u00e4ume) und liefert dadurch eine hohe Bildklarheit sowie gestochen scharfe Ergebnisse auf gro\u00dfe Entfernungen.<\/p>\n<p>Die stickstoffgef\u00fcllten optischen Kan\u00e4le bieten Schutz vor Beschlagen, und die wasserdichte Versiegelung stellt sicher, dass dieses Zielfernrohr gegen Feuchtigkeit gesch\u00fctzt ist. Dar\u00fcber hinaus verf\u00fcgt es \u00fcber ein durchdachtes Haltesystem f\u00fcr die Objektivkappe, das diese seitlich am Zielfernrohr fixiert und so Ablenkungen beim Schie\u00dfen reduziert.<\/p>\n<p>Je nach gew\u00e4hltem Modell verf\u00fcgt das prismatische Zielfernrohr 10X40 entweder \u00fcber ein beleuchtetes, ins Glas ge\u00e4tztes Mildot- oder Mildot-Extended-Absehen, hochpr\u00e4zise Seiten- und H\u00f6henverstellung und wird mit einer verstellbaren MOA-Montage geliefert.<\/p>\n<table class=\"pp-table tablesaw\">\n<colgroup>\n<col class=\"elementor-repeater-item-8646819\" span=\"1\" \/><\/colgroup>\n<thead>\n<tr class=\"pp-table-row\">\n<th class=\"pp-table-cell pp-table-cell-683315e\"><span class=\"pp-table-cell-content\"><span class=\"pp-table-cell-text\">Parameter<\/span><\/span><\/th>\n<th class=\"pp-table-cell pp-table-cell-73977f6\"><span class=\"pp-table-cell-content\"><span class=\"pp-table-cell-text\">Wert<\/span><\/span><\/th>\n<\/tr>\n<\/thead>\n<tfoot><\/tfoot>\n<tbody>\n<tr>\n<td class=\"pp-table-cell pp-table-cell-33971f9\"><span class=\"pp-table-cell-content\"><span class=\"pp-table-cell-text\">Vergr\u00f6\u00dferung, X<\/span><\/span><\/td>\n<td class=\"pp-table-cell pp-table-cell-3971dda\"><span class=\"pp-table-cell-content\"><span class=\"pp-table-cell-text\">10<\/span><\/span><\/td>\n<\/tr>\n<tr>\n<td class=\"pp-table-cell pp-table-cell-3c2214f\"><span class=\"pp-table-cell-content\"><span class=\"pp-table-cell-text\">Objektivdurchmesser, mm<\/span><\/span><\/td>\n<td class=\"pp-table-cell pp-table-cell-aa7e809\"><span class=\"pp-table-cell-content\"><span class=\"pp-table-cell-text\">40<\/span><\/span><\/td>\n<\/tr>\n<tr>\n<td class=\"pp-table-cell pp-table-cell-1f25865\"><span class=\"pp-table-cell-content\"><span class=\"pp-table-cell-text\">Augenabstand, Zoll \/ mm<\/span><\/span><\/td>\n<td class=\"pp-table-cell pp-table-cell-c7fe3cd\"><span class=\"pp-table-cell-content\"><span class=\"pp-table-cell-text\">0.7 \/ 17<\/span><\/span><\/td>\n<\/tr>\n<tr>\n<td class=\"pp-table-cell pp-table-cell-cc62bce\"><span class=\"pp-table-cell-content\"><span class=\"pp-table-cell-text\">Rohrdurchmesser, mm<\/span><\/span><\/td>\n<td class=\"pp-table-cell pp-table-cell-0ecaf37\"><span class=\"pp-table-cell-content\"><span class=\"pp-table-cell-text\">k. A.<\/span><\/span><\/td>\n<\/tr>\n<tr>\n<td class=\"pp-table-cell pp-table-cell-dbff3e9\"><span class=\"pp-table-cell-content\"><span class=\"pp-table-cell-text\">Sehfeld, ft@100yds\/ m@100m<\/span><\/span><\/td>\n<td class=\"pp-table-cell pp-table-cell-d33d8ef\"><span class=\"pp-table-cell-content\"><span class=\"pp-table-cell-text\">34 \/ 11.4<\/span><\/span><\/td>\n<\/tr>\n<tr>\n<td class=\"pp-table-cell pp-table-cell-c0c63c5\"><span class=\"pp-table-cell-content\"><span class=\"pp-table-cell-text\">Minimale Fokusdistanz, m<\/span><\/span><\/td>\n<td class=\"pp-table-cell pp-table-cell-cd99b46\"><span class=\"pp-table-cell-content\"><span class=\"pp-table-cell-text\">6<\/span><\/span><\/td>\n<\/tr>\n<tr>\n<td class=\"pp-table-cell pp-table-cell-c0ff221\"><span class=\"pp-table-cell-content\"><span class=\"pp-table-cell-text\">Klickwert (MIL \/MOA\/cm@100m)<\/span><\/span><\/td>\n<td class=\"pp-table-cell pp-table-cell-59f23db\"><span class=\"pp-table-cell-content\"><span class=\"pp-table-cell-text\">0.1 \/ 0.338 \/ 1<\/span><\/span><\/td>\n<\/tr>\n<tr>\n<td class=\"pp-table-cell pp-table-cell-c0f286a\"><span class=\"pp-table-cell-content\"><span class=\"pp-table-cell-text\">Klicks pro Umdrehung<\/span><\/span><\/td>\n<td class=\"pp-table-cell pp-table-cell-e48b19d\"><span class=\"pp-table-cell-content\"><span class=\"pp-table-cell-text\">50<\/span><\/span><\/td>\n<\/tr>\n<tr>\n<td class=\"pp-table-cell pp-table-cell-7796840\"><span class=\"pp-table-cell-content\"><span class=\"pp-table-cell-text\">Verstellweg pro Umdrehung (MIL \/ MOA)<\/span><\/span><\/td>\n<td class=\"pp-table-cell pp-table-cell-aa44a69\"><span class=\"pp-table-cell-content\"><span class=\"pp-table-cell-text\">5 \/ 15<\/span><\/span><\/td>\n<\/tr>\n<tr>\n<td class=\"pp-table-cell pp-table-cell-8d83140\"><span class=\"pp-table-cell-content\"><span class=\"pp-table-cell-text\">Max. H\u00f6henverstellung (MIL \/ MOA)<\/span><\/span><\/td>\n<td class=\"pp-table-cell pp-table-cell-5a3029e\"><span class=\"pp-table-cell-content\"><span class=\"pp-table-cell-text\">28 \/ 83<\/span><\/span><\/td>\n<\/tr>\n<tr>\n<td class=\"pp-table-cell pp-table-cell-e237808\"><span class=\"pp-table-cell-content\"><span class=\"pp-table-cell-text\">Max. Seitenverstellung (MIL \/ MOA)<\/span><\/span><\/td>\n<td class=\"pp-table-cell pp-table-cell-8f0cd12\"><span class=\"pp-table-cell-content\"><span class=\"pp-table-cell-text\">28 \/ 83<\/span><\/span><\/td>\n<\/tr>\n<tr>\n<td class=\"pp-table-cell pp-table-cell-87ac0ba\"><span class=\"pp-table-cell-content\"><span class=\"pp-table-cell-text\">Abmessungen des Zielfernrohrs, mm<\/span><\/span><\/td>\n<td class=\"pp-table-cell pp-table-cell-517ac24\"><span class=\"pp-table-cell-content\"><span class=\"pp-table-cell-text\">80 x 60 x 135<\/span><\/span><\/td>\n<\/tr>\n<tr>\n<td class=\"pp-table-cell pp-table-cell-38119a6\"><span class=\"pp-table-cell-content\"><span class=\"pp-table-cell-text\">Abmessungen des Zielfernrohrs, Zoll<\/span><\/span><\/td>\n<td class=\"pp-table-cell pp-table-cell-2fd6ab1\"><span class=\"pp-table-cell-content\"><span class=\"pp-table-cell-text\">3,1 x 2,5 x 6,1<\/span><\/span><\/td>\n<\/tr>\n<tr>\n<td class=\"pp-table-cell pp-table-cell-a95e72b\"><span class=\"pp-table-cell-content\"><span class=\"pp-table-cell-text\">Gewicht (ohne Montage) oz \/ gr<\/span><\/span><\/td>\n<td class=\"pp-table-cell pp-table-cell-ca26eb7\"><span class=\"pp-table-cell-content\"><span class=\"pp-table-cell-text\">k. A.<\/span><\/span><\/td>\n<\/tr>\n<tr>\n<td class=\"pp-table-cell pp-table-cell-fffcbff\"><span class=\"pp-table-cell-content\"><span class=\"pp-table-cell-text\">Gewicht (mit MOA-verstellbarer Montage) oz \/ gr<\/span><\/span><\/td>\n<td class=\"pp-table-cell pp-table-cell-855f0d6\"><span class=\"pp-table-cell-content\"><span class=\"pp-table-cell-text\">17,1 \/ 485<\/span><\/span><\/td>\n<\/tr>\n<tr>\n<td class=\"pp-table-cell pp-table-cell-d423717\"><span class=\"pp-table-cell-content\"><span class=\"pp-table-cell-text\">Wasserdicht und stickstoffgef\u00fcllt<\/span><\/span><\/td>\n<td class=\"pp-table-cell pp-table-cell-4bc21ae\"><span class=\"pp-table-cell-content\"><span class=\"pp-table-cell-text\">JA<\/span><\/span><\/td>\n<\/tr>\n<tr>\n<td class=\"pp-table-cell pp-table-cell-defa67d\"><span class=\"pp-table-cell-content\"><span class=\"pp-table-cell-text\">Sto\u00dffest (bis zu 600G)<\/span><\/span><\/td>\n<td class=\"pp-table-cell pp-table-cell-77fbf3a\"><span class=\"pp-table-cell-content\"><span class=\"pp-table-cell-text\">k. A.<\/span><\/span><\/td>\n<\/tr>\n<\/tbody>\n<\/table>\n","protected":false},"excerpt":{"rendered":"<p>Das prismatische Zielfernrohr 10X40 eignet sich ideal f\u00fcr kompakte Gewehre oder Luftgewehre mit mittlerem bis geringem R\u00fccksto\u00df. Sein prismatisches optisches System erm\u00f6glicht eine kompaktere Bauform als bei herk\u00f6mmlichen Tageszielfernrohren, da auf das \u00fcblicherweise gro\u00dfe Objektiv, das verl\u00e4ngerte Geh\u00e4use und den gro\u00dfen Augenabstand verzichtet wird \u2013 ohne die Lichtsammlungseigenschaften, die Vergr\u00f6\u00dferungsleistung oder das Sehfeld zu beeintr\u00e4chtigen.<\/p>\n","protected":false},"featured_media":6065,"template":"","meta":{"_crdt_document":"","advanced_seo_description":"","jetpack_seo_html_title":"","jetpack_seo_noindex":false},"product_brand":[],"product_cat":[190],"product_tag":[166],"class_list":{"0":"post-6064","1":"product","2":"type-product","3":"status-publish","4":"has-post-thumbnail","6":"product_cat-zielfernrohre","7":"product_tag-uk","9":"first","10":"outofstock","11":"sale","12":"taxable","13":"shipping-taxable","14":"purchasable","15":"product-type-variable"},"jetpack_sharing_enabled":true,"_links":{"self":[{"href":"https:\/\/immersive-optics.com\/de\/wp-json\/wp\/v2\/product\/6064","targetHints":{"allow":["GET"]}}],"collection":[{"href":"https:\/\/immersive-optics.com\/de\/wp-json\/wp\/v2\/product"}],"about":[{"href":"https:\/\/immersive-optics.com\/de\/wp-json\/wp\/v2\/types\/product"}],"wp:featuredmedia":[{"embeddable":true,"href":"https:\/\/immersive-optics.com\/de\/wp-json\/wp\/v2\/media\/6065"}],"wp:attachment":[{"href":"https:\/\/immersive-optics.com\/de\/wp-json\/wp\/v2\/media?parent=6064"}],"wp:term":[{"taxonomy":"product_brand","embeddable":true,"href":"https:\/\/immersive-optics.com\/de\/wp-json\/wp\/v2\/product_brand?post=6064"},{"taxonomy":"product_cat","embeddable":true,"href":"https:\/\/immersive-optics.com\/de\/wp-json\/wp\/v2\/product_cat?post=6064"},{"taxonomy":"product_tag","embeddable":true,"href":"https:\/\/immersive-optics.com\/de\/wp-json\/wp\/v2\/product_tag?post=6064"}],"curies":[{"name":"wp","href":"https:\/\/api.w.org\/{rel}","templated":true}]}}