{"id":5600,"date":"2026-03-13T21:32:08","date_gmt":"2026-03-13T21:32:08","guid":{"rendered":"https:\/\/immersive-optics.com\/product\/neigungsanzeiger-okularkappe-links\/"},"modified":"2026-03-26T13:11:58","modified_gmt":"2026-03-26T13:11:58","slug":"neigungsanzeiger-okularkappe-links","status":"publish","type":"product","link":"https:\/\/immersive-optics.com\/de\/produkt\/neigungsanzeiger-okularkappe-links\/","title":{"rendered":"Neigungsanzeiger-Okularkappe (LINKS)"},"content":{"rendered":"<p data-start=\"178\" data-end=\"319\">Diese innovative Okularkappe definiert die \u00dcberpr\u00fcfung der Gewehrverkantung neu und kombiniert robusten Schutz mit einer wirklich praktischen optischen Verbesserung.<\/p>\n<p data-start=\"321\" data-end=\"633\">Im geschlossenen Zustand dient die Kappe als robuste Schutzabdeckung f\u00fcr das Okular eines Zielfernrohrs und sch\u00fctzt die Optik vor Schmutz, Ablagerungen und St\u00f6\u00dfen beim Transport und im Feldeinsatz. Aufgeklappt offenbart sie jedoch ihr besonderes Merkmal: eine integrierte optische Linse, die zum Sch\u00fctzen ausgerichtet ist. <\/p>\n<p data-start=\"635\" data-end=\"1134\">Diese zus\u00e4tzliche Linse projiziert eine Wasserwaage in dieselbe Bildebene wie das Zielbild im Zielfernrohr. Dadurch l\u00e4sst sich die Gewehrneigung sofort mit einem kurzen Blick nach links \u00fcberpr\u00fcfen \u2013 ohne das Auge neu zu fokussieren, den Kopf zu bewegen oder die Schussposition zu verlassen. Im Gegensatz zu herk\u00f6mmlichen, extern montierten Wasserwaagen, die eine deutliche Kopfbewegung und Fokusverlagerung erfordern, h\u00e4lt diese L\u00f6sung alle wichtigen visuellen Informationen dort, wo sie hingeh\u00f6ren: direkt in der Sichtlinie des Sch\u00fctzen.<\/p>\n<p data-start=\"1136\" data-end=\"1545\">Das Ergebnis ist eine schnellere \u00dcberpr\u00fcfung, weniger Ablenkung und verbesserte Konsistenz, insbesondere bei Pr\u00e4zisionsschie\u00dfszenarien, bei denen Verkantungsfehler die Treffpunktlage erheblich beeinflussen k\u00f6nnen. Durch die Integration der Verkantungsanzeige in ein vertrautes und notwendiges Bauteil \u2013 die Okularkappe \u2013 bietet dieses Produkt eine saubere, elegante Verbesserung gegen\u00fcber herk\u00f6mmlichen L\u00f6sungen, ohne das Gewehrsetup zu vergr\u00f6\u00dfern oder zu verkomplizieren. <\/p>\n<p data-start=\"1136\" data-end=\"1545\">Die Kappe besteht aus robustem Polymer und enth\u00e4lt optische Glaselemente. Im Lieferumfang enthalten sind Distanzst\u00fccke zur Montage der Kappe auf Okularen mit Durchmessern von 41 bis 46 mm. <\/p>\n<p data-start=\"1547\" data-end=\"1695\" data-is-last-node=\"\" data-is-only-node=\"\">Kurz gesagt, es ist nicht nur eine Schutzkappe, sondern ein funktionales optisches Upgrade, das pr\u00e4zises Schie\u00dfen einfacher, schneller und intuitiver machen soll.<\/p>\n","protected":false},"excerpt":{"rendered":"<p data-start=\"178\" data-end=\"319\">Es ist uns gelungen, ein fortschrittliches optisches Modul in die Bauform einer herk\u00f6mmlichen Klappschutzkappe zu integrieren. Es projiziert ein Bild mit einer Wasserwaage in das Sichtfeld des Benutzers, sodass die Neigung \u00fcberwacht werden kann, ohne dass beim Zielen durch das Visier neu fokussiert oder die Kopfposition ver\u00e4ndert werden muss. <\/p>\n<p data-start=\"178\" data-end=\"319\">Diese Variante mit der linken Seite ist f\u00fcr Benutzer gedacht, die es bevorzugen, dass sich die Schutzkappe nach links \u00f6ffnet, um eine bessere Sicht auf den H\u00f6henverstellturm des Visiers zu erm\u00f6glichen.<\/p>\n<p data-start=\"321\" data-end=\"633\">\n","protected":false},"featured_media":5601,"template":"","meta":{"_crdt_document":"","advanced_seo_description":"","jetpack_seo_html_title":"","jetpack_seo_noindex":false},"product_brand":[],"product_cat":[165],"product_tag":[184],"class_list":{"0":"post-5600","1":"product","2":"type-product","3":"status-publish","4":"has-post-thumbnail","6":"product_cat-zubeh-r","7":"product_tag-eu","9":"first","10":"outofstock","11":"taxable","12":"shipping-taxable","13":"purchasable","14":"product-type-variable"},"jetpack_sharing_enabled":true,"_links":{"self":[{"href":"https:\/\/immersive-optics.com\/de\/wp-json\/wp\/v2\/product\/5600","targetHints":{"allow":["GET"]}}],"collection":[{"href":"https:\/\/immersive-optics.com\/de\/wp-json\/wp\/v2\/product"}],"about":[{"href":"https:\/\/immersive-optics.com\/de\/wp-json\/wp\/v2\/types\/product"}],"wp:featuredmedia":[{"embeddable":true,"href":"https:\/\/immersive-optics.com\/de\/wp-json\/wp\/v2\/media\/5601"}],"wp:attachment":[{"href":"https:\/\/immersive-optics.com\/de\/wp-json\/wp\/v2\/media?parent=5600"}],"wp:term":[{"taxonomy":"product_brand","embeddable":true,"href":"https:\/\/immersive-optics.com\/de\/wp-json\/wp\/v2\/product_brand?post=5600"},{"taxonomy":"product_cat","embeddable":true,"href":"https:\/\/immersive-optics.com\/de\/wp-json\/wp\/v2\/product_cat?post=5600"},{"taxonomy":"product_tag","embeddable":true,"href":"https:\/\/immersive-optics.com\/de\/wp-json\/wp\/v2\/product_tag?post=5600"}],"curies":[{"name":"wp","href":"https:\/\/api.w.org\/{rel}","templated":true}]}}