{"id":5887,"date":"2026-03-26T14:52:11","date_gmt":"2026-03-26T14:52:11","guid":{"rendered":"https:\/\/immersive-optics.com\/datenschutzrichtlinie\/"},"modified":"2026-03-26T14:52:13","modified_gmt":"2026-03-26T14:52:13","slug":"datenschutzrichtlinie","status":"publish","type":"page","link":"https:\/\/immersive-optics.com\/de\/datenschutzrichtlinie\/","title":{"rendered":"Datenschutzrichtlinie"},"content":{"rendered":"\t\t<div data-elementor-type=\"wp-page\" data-elementor-id=\"5887\" class=\"elementor elementor-5887 elementor-1694\" data-elementor-post-type=\"page\">\n\t\t\t\t\t\t<section class=\"elementor-section elementor-top-section elementor-element elementor-element-31929323 elementor-section-boxed elementor-section-height-default elementor-section-height-default\" data-id=\"31929323\" data-element_type=\"section\" data-e-type=\"section\">\n\t\t\t\t\t\t<div class=\"elementor-container elementor-column-gap-default\">\n\t\t\t\t\t<div class=\"elementor-column elementor-col-100 elementor-top-column elementor-element elementor-element-6c23bc25\" data-id=\"6c23bc25\" data-element_type=\"column\" data-e-type=\"column\">\n\t\t\t<div class=\"elementor-widget-wrap elementor-element-populated\">\n\t\t\t\t\t\t<div class=\"elementor-element elementor-element-6707783b elementor-widget elementor-widget-image\" data-id=\"6707783b\" data-element_type=\"widget\" data-e-type=\"widget\" data-widget_type=\"image.default\">\n\t\t\t\t<div class=\"elementor-widget-container\">\n\t\t\t\t\t\t\t\t\t\t\t\t\t\t\t<img fetchpriority=\"high\" decoding=\"async\" width=\"1370\" height=\"276\" src=\"https:\/\/immersive-optics.com\/wp-content\/uploads\/2021\/07\/Policy.svg\" class=\"attachment-full size-full wp-image-5888\" alt=\"\" \/>\t\t\t\t\t\t\t\t\t\t\t\t\t\t\t<\/div>\n\t\t\t\t<\/div>\n\t\t\t\t<div class=\"elementor-element elementor-element-3a652b12 elementor-widget elementor-widget-heading\" data-id=\"3a652b12\" data-element_type=\"widget\" data-e-type=\"widget\" data-widget_type=\"heading.default\">\n\t\t\t\t<div class=\"elementor-widget-container\">\n\t\t\t\t\t<h1 class=\"elementor-heading-title elementor-size-default\">    Datenschutzrichtlinie<\/h1>\t\t\t\t<\/div>\n\t\t\t\t<\/div>\n\t\t\t\t<div class=\"elementor-element elementor-element-16e6747c elementor-widget elementor-widget-text-editor\" data-id=\"16e6747c\" data-element_type=\"widget\" data-e-type=\"widget\" data-widget_type=\"text-editor.default\">\n\t\t\t\t<div class=\"elementor-widget-container\">\n\t\t\t\t\t\t\t\t\t<p>Datenschutz- und Cookie-Richtlinie von Immersive Optics Ltd<\/p><p><strong>Zweck der Richtlinie.<\/strong><\/p><p>Immersive Optics Limited verpflichtet sich, Ihre Privatsph\u00e4re zu sch\u00fctzen und Ihr Recht auf Kontrolle Ihrer personenbezogenen Daten zu respektieren. Unsere Datenschutzrichtlinie erl\u00e4utert detailliert, welche Informationen wir erfassen, wie wir sie verwenden und wie wir sie sch\u00fctzen. <\/p><p><strong>Informationen, die wir m\u00f6glicherweise erfassen.<\/strong><\/p><p>Wir sammeln Informationen \u00fcber Sie im Rahmen der Bereitstellung unserer Produkte und Dienstleistungen, indem wir Sie um Informationen bitten oder diese auf andere Weise erhalten, die wir vern\u00fcnftigerweise ben\u00f6tigen, um Ihnen die Produkte und Dienstleistungen rechtm\u00e4\u00dfig und in angemessener Qualit\u00e4t anbieten zu k\u00f6nnen.<\/p><p>Wir erfassen m\u00f6glicherweise Informationen, die Sie uns freiwillig zur Verf\u00fcgung stellen, wie beispielsweise, aber nicht ausschlie\u00dflich, Ihren Namen, Ihre Telefonnummer, Ihre E-Mail-Adresse und Finanzinformationen, wenn Sie mit uns auf irgendeine Weise kommunizieren oder Kontakt aufnehmen.<\/p><p>Wir k\u00f6nnen Sie bitten, Dokumente und Formulare auszuf\u00fcllen, um ein Handelskonto zu beantragen; um einen Zugang zur H\u00e4ndlerwebsite anzufordern; um gelegentlich Umfragen auszuf\u00fcllen, um unsere Dienstleistungen f\u00fcr Sie zu verbessern, obwohl dies nicht verpflichtend ist; um Newsletter, Produktinformationen und Veranstaltungshinweise anzufordern; um an Wettbewerben und Werbeaktionen teilzunehmen.<\/p><p>Wie die meisten anderen Websites erfassen und nutzen wir automatisch die in Logdateien enthaltenen Daten. Diese Logdateien enthalten unter anderem Ihre IP-Adresse (Internetprotokoll-Adresse), Ihren Internetdienstanbieter (ISP), den von Ihnen verwendeten Browser, den Zeitpunkt Ihres Besuchs und die von Ihnen besuchten Seiten. <\/p><p>Cookies sind Textdateien, die auf Ihrem Computer gespeichert werden, um Standard-Internetprotokollinformationen und das Besucherverhalten zu erfassen. Diese Informationen werden verwendet, um die Nutzung der Website durch Besucher zu verfolgen und statistische Berichte \u00fcber die Website-Aktivit\u00e4ten zu erstellen. Immersive Optics Limited verwendet Cookies, um die Nutzeraktivit\u00e4ten auf unserer Website zu verfolgen und so deren Leistung und Funktionalit\u00e4t zu verbessern. Weitere Informationen finden Sie unter www.aboutcookies.org oder www.allaboutcookies.org. Sie k\u00f6nnen Ihren Browser so einstellen, dass er keine Cookies akzeptiert. Auf den oben genannten Websites erfahren Sie, wie Sie Cookies aus Ihrem Browser entfernen. In einigen F\u00e4llen funktionieren dadurch jedoch m\u00f6glicherweise einige Funktionen unserer Website nicht. Wir erhalten unter Umst\u00e4nden auch Informationen von Ihnen \u00fcber Social-Media-Plattformen, beispielsweise wenn Sie mit uns \u00fcber diese Plattformen interagieren.      <\/p><p><strong>Wie wir Ihre personenbezogenen Daten verwenden<\/strong><\/p><p>Immersive Optics Limited nutzt Ihre personenbezogenen Daten, um Ihnen die von uns angebotenen Produkte und Dienstleistungen bereitzustellen sowie Ihre Nutzererfahrung zu verbessern und zu personalisieren. Wir verwenden Ihre personenbezogenen Daten auf folgende Weise: <\/p><ol><li>Zur Erf\u00fcllung von Verpflichtungen aus Vertr\u00e4gen oder Gesch\u00e4ftstransaktionen, die zwischen uns geschlossen wurden.<\/li><li>Um Ihre Anfragen zu beantworten und Kundenservice und Supportleistungen anzubieten.<\/li><li>Um Ihnen Newsletter, Informationen, Preise, Produktdetails und Veranstaltungsinformationen zukommen zu lassen, die Sie angefordert haben oder von denen wir annehmen, dass sie f\u00fcr Sie von Interesse sein k\u00f6nnten, vorausgesetzt, Sie haben Ihre Einwilligung zum Erhalt solcher Informationen erteilt.<\/li><li>Um Sie \u00fcber etwaige \u00c4nderungen an unseren Produkten und Dienstleistungen zu informieren.<\/li><li>Ziel ist die Entwicklung aggregierter Analysen und Business Intelligence, die es uns erm\u00f6glichen, den Gesch\u00e4ftsbetrieb zu steuern, zu verbessern, zu sch\u00fctzen, fundierte Entscheidungen zu treffen und \u00fcber die Gesch\u00e4ftsentwicklung zu berichten.<\/li><\/ol><p>Wenn wir Ihre personenbezogenen Daten f\u00fcr einen Zweck verwenden, der nicht in dieser Datenschutzerkl\u00e4rung aufgef\u00fchrt ist, werden wir Sie genau dar\u00fcber informieren, wof\u00fcr wir sie verwenden werden, bevor wir fortfahren, und gegebenenfalls Ihre Einwilligung einholen.<\/p><p><strong>Weitergabe Ihrer pers\u00f6nlichen Daten<\/strong><\/p><p>Wir behandeln Ihre personenbezogenen Daten vertraulich. Immersive Optics Limited verkauft keine personenbezogenen Daten. Wir geben Ihre personenbezogenen Daten niemals au\u00dferhalb unseres Unternehmens weiter, au\u00dfer an Subunternehmer, Vertreter, Lieferanten und Drittanbieter zur Erbringung von Dienstleistungen wie Website-Management und Hosting, Versand, Kreditkartenabwicklung und Kommunikation. Wir teilen personenbezogene Daten nur dann mit Vertretern oder Auftragnehmern, die in unserem Auftrag t\u00e4tig sind, soweit dies zur Abwicklung einer Transaktion und zur Bereitstellung eines Produkts oder einer Dienstleistung erforderlich ist. Die Verarbeitung Ihrer personenbezogenen Daten zu diesen Zwecken liegt in unserem berechtigten Interesse.    <\/p><p>Wir sind unter Umst\u00e4nden auch aus folgenden Gr\u00fcnden verpflichtet, Ihre personenbezogenen Daten offenzulegen:<\/p><ol><li>Wenn wir dazu verpflichtet sind, um einer rechtlichen Verpflichtung nachzukommen.<\/li><li>Um unsere Rechte, das Eigentum oder die Sicherheit unserer Kunden oder Dritter zu sch\u00fctzen.<\/li><li>Personenbezogene Daten w\u00fcrden zu den \u00fcbertragenen Verm\u00f6genswerten geh\u00f6ren, falls wir das Unternehmen und\/oder dessen Verm\u00f6genswerte verkaufen oder einen Verkauf beabsichtigen.<\/li><\/ol><p>Leider ist die \u00dcbermittlung von Informationen \u00fcber das Internet nicht v\u00f6llig sicher, und obwohl wir alle angemessenen Ma\u00dfnahmen ergreifen, um Ihre pers\u00f6nlichen Daten zu sch\u00fctzen, k\u00f6nnen wir die Sicherheit der an uns \u00fcbermittelten Daten nicht garantieren. Jede \u00dcbermittlung erfolgt daher ausschlie\u00dflich auf Ihr eigenes Risiko.<\/p><p><strong>Speicherung Ihrer pers\u00f6nlichen Daten<\/strong><\/p><p>Alle Informationen werden auf unseren sicheren Servern gespeichert. Dar\u00fcber hinaus k\u00f6nnen wir jedoch auch Dritte in unserem Auftrag einsetzen, die die von uns \u00fcber Sie erhobenen Daten in L\u00e4ndern au\u00dferhalb des Europ\u00e4ischen Wirtschaftsraums speichern oder verarbeiten. In diesen L\u00e4ndern gelten m\u00f6glicherweise nicht dieselben Datenschutzgesetze wie in Gro\u00dfbritannien. Mit der \u00dcbermittlung Ihrer personenbezogenen Daten stimmen Sie dieser \u00dcbertragung, Speicherung und Verarbeitung zu. Wir haben technische und organisatorische Sicherheitsma\u00dfnahmen implementiert, um den Verlust oder den unbefugten Zugriff auf Ihre personenbezogenen Daten zu verhindern. Obwohl wir unser Bestes getan haben, um die Sicherheit Ihrer Daten zu gew\u00e4hrleisten, weisen wir darauf hin, dass wir die Sicherheit von Daten, die \u00fcber das Internet \u00fcbertragen werden, nicht garantieren k\u00f6nnen.   <\/p><p>Immersive Optics Limited speichert Ihre personenbezogenen Daten so lange, wie es f\u00fcr die Zwecke, f\u00fcr die sie erhoben wurden, erforderlich ist. Wir \u00fcberpr\u00fcfen die Aufbewahrungsfristen regelm\u00e4\u00dfig und aktualisieren, archivieren oder l\u00f6schen Ihre Daten sicher, wenn sie veraltet sind und nicht mehr ben\u00f6tigt werden, sofern dies mit den geltenden Gesetzen vereinbar ist. <\/p><p><strong>Ihre Rechte<\/strong><\/p><p>Sie haben das Recht, uns aufzufordern, Ihre personenbezogenen Daten nicht zu Marketingzwecken zu verarbeiten.<\/p><p>Sie k\u00f6nnen Ihre Rechte jederzeit aus\u00fcben, Ihre Pr\u00e4ferenzen zu \u00e4ndern oder sich von Mitteilungen abzumelden, indem Sie eine E-Mail an info@immersive-optics.co.uk senden.<\/p><p>Sie k\u00f6nnen uns um eine Kopie Ihrer bei uns gespeicherten personenbezogenen Daten bitten. Wir erheben hierf\u00fcr keine Geb\u00fchren, es sei denn, Ihre Anfrage ist offensichtlich unbegr\u00fcndet oder \u00fcbertrieben. <\/p><p>Die Richtigkeit Ihrer Angaben ist uns wichtig. Sollten Sie der Meinung sein, dass die von uns gespeicherten Informationen unrichtig sind oder Sie \u00c4nderungen w\u00fcnschen, kontaktieren Sie uns bitte per E-Mail unter info@immersive-optics.com <\/p><p><strong>\u00c4nderungen unserer Datenschutzrichtlinie<\/strong><\/p><p>Immersive Optics Limited kann diese Richtlinie bei Bedarf aktualisieren oder \u00e4ndern und wird das am Ende des Dokuments angegebene Revisionsdatum entsprechend anpassen. Wir empfehlen Ihnen, diese Richtlinie regelm\u00e4\u00dfig zu \u00fcberpr\u00fcfen. <\/p>\t\t\t\t\t\t\t\t<\/div>\n\t\t\t\t<\/div>\n\t\t\t\t\t<\/div>\n\t\t<\/div>\n\t\t\t\t\t<\/div>\n\t\t<\/section>\n\t\t\t\t<\/div>\n\t\t","protected":false},"excerpt":{"rendered":"<p>Datenschutzrichtlinie Datenschutz- und Cookie-Richtlinie von Immersive Optics Ltd Zweck der Richtlinie. Immersive Optics Limited verpflichtet sich, Ihre Privatsph\u00e4re zu sch\u00fctzen und Ihr Recht auf Kontrolle Ihrer personenbezogenen Daten zu respektieren. Unsere Datenschutzrichtlinie erl\u00e4utert detailliert, welche Informationen wir erfassen, wie wir sie verwenden und wie wir sie sch\u00fctzen. Informationen, die wir m\u00f6glicherweise erfassen. Wir sammeln Informationen [&hellip;]<\/p>\n","protected":false},"author":3,"featured_media":0,"parent":0,"menu_order":0,"comment_status":"closed","ping_status":"closed","template":"","meta":{"_crdt_document":"","advanced_seo_description":"","jetpack_seo_html_title":"","jetpack_seo_noindex":false,"footnotes":""},"class_list":["post-5887","page","type-page","status-publish","hentry"],"jetpack_sharing_enabled":true,"jetpack_shortlink":"https:\/\/wp.me\/Ph9FcQ-1wX","_links":{"self":[{"href":"https:\/\/immersive-optics.com\/de\/wp-json\/wp\/v2\/pages\/5887","targetHints":{"allow":["GET"]}}],"collection":[{"href":"https:\/\/immersive-optics.com\/de\/wp-json\/wp\/v2\/pages"}],"about":[{"href":"https:\/\/immersive-optics.com\/de\/wp-json\/wp\/v2\/types\/page"}],"author":[{"embeddable":true,"href":"https:\/\/immersive-optics.com\/de\/wp-json\/wp\/v2\/users\/3"}],"replies":[{"embeddable":true,"href":"https:\/\/immersive-optics.com\/de\/wp-json\/wp\/v2\/comments?post=5887"}],"version-history":[{"count":0,"href":"https:\/\/immersive-optics.com\/de\/wp-json\/wp\/v2\/pages\/5887\/revisions"}],"wp:attachment":[{"href":"https:\/\/immersive-optics.com\/de\/wp-json\/wp\/v2\/media?parent=5887"}],"curies":[{"name":"wp","href":"https:\/\/api.w.org\/{rel}","templated":true}]}}