{"id":4536,"date":"2026-03-23T21:22:44","date_gmt":"2026-03-23T21:22:44","guid":{"rendered":"https:\/\/immersive-optics.com\/dienstleistungen\/"},"modified":"2026-03-23T21:23:13","modified_gmt":"2026-03-23T21:23:13","slug":"dienstleistungen","status":"publish","type":"page","link":"https:\/\/immersive-optics.com\/de\/dienstleistungen\/","title":{"rendered":"Dienstleistungen"},"content":{"rendered":"\t\t<div data-elementor-type=\"wp-page\" data-elementor-id=\"4536\" class=\"elementor elementor-4536 elementor-3551\" data-elementor-post-type=\"page\">\n\t\t\t\t\t\t<section class=\"elementor-section elementor-top-section elementor-element elementor-element-4964b02 elementor-section-boxed elementor-section-height-default elementor-section-height-default\" data-id=\"4964b02\" data-element_type=\"section\" data-e-type=\"section\">\n\t\t\t\t\t\t<div class=\"elementor-container elementor-column-gap-default\">\n\t\t\t\t\t<div class=\"elementor-column elementor-col-100 elementor-top-column elementor-element elementor-element-cf67bf7\" data-id=\"cf67bf7\" data-element_type=\"column\" data-e-type=\"column\">\n\t\t\t<div class=\"elementor-widget-wrap elementor-element-populated\">\n\t\t\t\t\t\t<div class=\"elementor-element elementor-element-240efb0 elementor-widget elementor-widget-heading\" data-id=\"240efb0\" data-element_type=\"widget\" data-e-type=\"widget\" data-widget_type=\"heading.default\">\n\t\t\t\t<div class=\"elementor-widget-container\">\n\t\t\t\t\t<h3 class=\"elementor-heading-title elementor-size-default\">DIENSTLEISTUNGEN  <\/h3>\t\t\t\t<\/div>\n\t\t\t\t<\/div>\n\t\t\t\t\t<\/div>\n\t\t<\/div>\n\t\t\t\t\t<\/div>\n\t\t<\/section>\n\t\t\t\t<section class=\"elementor-section elementor-top-section elementor-element elementor-element-8793d95 elementor-section-content-top elementor-section-boxed elementor-section-height-default elementor-section-height-default\" data-id=\"8793d95\" data-element_type=\"section\" data-e-type=\"section\">\n\t\t\t\t\t\t<div class=\"elementor-container elementor-column-gap-narrow\">\n\t\t\t\t\t<div class=\"elementor-column elementor-col-50 elementor-top-column elementor-element elementor-element-382e0d9\" data-id=\"382e0d9\" data-element_type=\"column\" data-e-type=\"column\">\n\t\t\t<div class=\"elementor-widget-wrap elementor-element-populated\">\n\t\t\t\t\t\t<div class=\"elementor-element elementor-element-fb85785 elementor-widget elementor-widget-heading\" data-id=\"fb85785\" data-element_type=\"widget\" data-e-type=\"widget\" data-widget_type=\"heading.default\">\n\t\t\t\t<div class=\"elementor-widget-container\">\n\t\t\t\t\t<h5 class=\"elementor-heading-title elementor-size-default\">Design und Fertigung<\/h5>\t\t\t\t<\/div>\n\t\t\t\t<\/div>\n\t\t\t\t<div class=\"elementor-element elementor-element-a879a72 elementor-widget elementor-widget-text-editor\" data-id=\"a879a72\" data-element_type=\"widget\" data-e-type=\"widget\" data-widget_type=\"text-editor.default\">\n\t\t\t\t<div class=\"elementor-widget-container\">\n\t\t\t\t\t\t\t\t\t<p style=\"font-weight: 400;\">Wir sind spezialisiert auf die Entwicklung und Fertigung mechanischer, optomechanischer und optronischer L\u00f6sungen \u2013 von einzelnen Komponenten bis hin zu vollst\u00e4ndig integrierten Baugruppen und kompletten Ger\u00e4ten.<\/p>\t\t\t\t\t\t\t\t<\/div>\n\t\t\t\t<\/div>\n\t\t\t\t<div class=\"elementor-element elementor-element-1f765b6 elementor-grid-3 elementor-grid-tablet-2 elementor-grid-mobile-1 pp-ins-normal elementor-widget elementor-widget-pp-image-gallery\" data-id=\"1f765b6\" data-element_type=\"widget\" data-e-type=\"widget\" data-widget_type=\"pp-image-gallery.default\">\n\t\t\t\t<div class=\"elementor-widget-container\">\n\t\t\t\t\t\t\t<div class=\"pp-image-gallery-container\" data-settings=\"{&quot;tilt_enable&quot;:&quot;no&quot;,&quot;layout&quot;:&quot;grid&quot;,&quot;post_id&quot;:4536,&quot;template_id&quot;:4536,&quot;widget_id&quot;:&quot;1f765b6&quot;}\">\n\t\t\t\t\t\t\t\t\t\t\t<div class=\"pp-image-gallery pp-elementor-grid\" id=\"pp-image-gallery-1f765b6\">\n\t\t\t\t\t\t\t\t<div class=\"pp-grid-item-wrap \" data-item-id=\"4451\">\n\t\t\t\t<div class=\"pp-grid-item pp-image\">\n\t\t\t\t\t<div class=\"pp-image-gallery-thumbnail-wrap pp-ins-filter-hover\">\n\t\t\t\t\t\t<a data-elementor-open-lightbox=\"yes\" data-elementor-lightbox-slideshow=\"1f765b6\" data-elementor-lightbox-title=\"Example of our design\" data-e-action-hash=\"#elementor-action%3Aaction%3Dlightbox%26settings%3DeyJpZCI6NDQ1MSwidXJsIjoiaHR0cHM6XC9cL2ltbWVyc2l2ZS1vcHRpY3MuY29tXC93cC1jb250ZW50XC91cGxvYWRzXC8yMDI2XC8wM1wvc2VyMS5wbmciLCJzbGlkZXNob3ciOiIxZjc2NWI2In0%3D\" class=\"elementor-clickable pp-image-gallery-item-link\" href=\"https:\/\/immersive-optics.com\/wp-content\/uploads\/2026\/03\/ser1.png\"><div class=\"pp-ins-filter-target pp-image-gallery-thumbnail\"><img decoding=\"async\" class=\"pp-gallery-slide-image\" src=\"https:\/\/immersive-optics.com\/wp-content\/uploads\/2026\/03\/ser1.png\" alt=\"Example of our design\" data-no-lazy=\"1\"\/><\/div><div class=\"pp-image-overlay pp-media-overlay\"><\/div><div class=\"pp-gallery-image-content pp-media-content\"><\/div><\/a>\t\t\t\t\t<\/div>\n\t\t\t\t<\/div>\n\t\t\t<\/div>\n\t\t\t\t\t\t<div class=\"pp-grid-item-wrap \" data-item-id=\"4456\">\n\t\t\t\t<div class=\"pp-grid-item pp-image\">\n\t\t\t\t\t<div class=\"pp-image-gallery-thumbnail-wrap pp-ins-filter-hover\">\n\t\t\t\t\t\t<a data-elementor-open-lightbox=\"yes\" data-elementor-lightbox-slideshow=\"1f765b6\" data-elementor-lightbox-title=\"Example of our design\" data-e-action-hash=\"#elementor-action%3Aaction%3Dlightbox%26settings%3DeyJpZCI6NDQ1NiwidXJsIjoiaHR0cHM6XC9cL2ltbWVyc2l2ZS1vcHRpY3MuY29tXC93cC1jb250ZW50XC91cGxvYWRzXC8yMDI2XC8wM1wvc2VyMy5wbmciLCJzbGlkZXNob3ciOiIxZjc2NWI2In0%3D\" class=\"elementor-clickable pp-image-gallery-item-link\" href=\"https:\/\/immersive-optics.com\/wp-content\/uploads\/2026\/03\/ser3.png\"><div class=\"pp-ins-filter-target pp-image-gallery-thumbnail\"><img decoding=\"async\" class=\"pp-gallery-slide-image\" src=\"https:\/\/immersive-optics.com\/wp-content\/uploads\/2026\/03\/ser3.png\" alt=\"Example of our design\" data-no-lazy=\"1\"\/><\/div><div class=\"pp-image-overlay pp-media-overlay\"><\/div><div class=\"pp-gallery-image-content pp-media-content\"><\/div><\/a>\t\t\t\t\t<\/div>\n\t\t\t\t<\/div>\n\t\t\t<\/div>\n\t\t\t\t\t\t<div class=\"pp-grid-item-wrap \" data-item-id=\"4457\">\n\t\t\t\t<div class=\"pp-grid-item pp-image\">\n\t\t\t\t\t<div class=\"pp-image-gallery-thumbnail-wrap pp-ins-filter-hover\">\n\t\t\t\t\t\t<a data-elementor-open-lightbox=\"yes\" data-elementor-lightbox-slideshow=\"1f765b6\" data-elementor-lightbox-title=\"Example of our design\" data-e-action-hash=\"#elementor-action%3Aaction%3Dlightbox%26settings%3DeyJpZCI6NDQ1NywidXJsIjoiaHR0cHM6XC9cL2ltbWVyc2l2ZS1vcHRpY3MuY29tXC93cC1jb250ZW50XC91cGxvYWRzXC8yMDI2XC8wM1wvc2VyMi5wbmciLCJzbGlkZXNob3ciOiIxZjc2NWI2In0%3D\" class=\"elementor-clickable pp-image-gallery-item-link\" href=\"https:\/\/immersive-optics.com\/wp-content\/uploads\/2026\/03\/ser2.png\"><div class=\"pp-ins-filter-target pp-image-gallery-thumbnail\"><img decoding=\"async\" class=\"pp-gallery-slide-image\" src=\"https:\/\/immersive-optics.com\/wp-content\/uploads\/2026\/03\/ser2.png\" alt=\"Example of our design\" data-no-lazy=\"1\"\/><\/div><div class=\"pp-image-overlay pp-media-overlay\"><\/div><div class=\"pp-gallery-image-content pp-media-content\"><\/div><\/a>\t\t\t\t\t<\/div>\n\t\t\t\t<\/div>\n\t\t\t<\/div>\n\t\t\t\t\t\t\t<\/div>\n\t\t\t\t\t\t<\/div>\n\t\t\t\t\t\t<\/div>\n\t\t\t\t<\/div>\n\t\t\t\t<div class=\"elementor-element elementor-element-df4a95f elementor-widget elementor-widget-text-editor\" data-id=\"df4a95f\" data-element_type=\"widget\" data-e-type=\"widget\" data-widget_type=\"text-editor.default\">\n\t\t\t\t<div class=\"elementor-widget-container\">\n\t\t\t\t\t\t\t\t\t<p style=\"font-weight: 400;\">Im Laufe der Jahre haben wir eine breite Palette von Produkten f\u00fcr Partnermarken entwickelt und geliefert, von denen viele eine starke Marktanerkennung und Kundennachfrage erzielt haben. Unser Team verf\u00fcgt \u00fcber umfassende Expertise in mechanischen Systemen, sighting-L\u00f6sungen und Beobachtungsger\u00e4ten und kann auf eine starke Erfolgsbilanz bei der Entwicklung von Produkten verweisen, die Funktionalit\u00e4t, Innovation, visuelle Besonderheit und Skalierbarkeit f\u00fcr die Serienproduktion vereinen. <\/p><p style=\"font-weight: 400;\">Wir unterst\u00fctzen die Entwicklung sowohl eigenst\u00e4ndiger Komponenten als auch kompletter integrierter Systeme, einschlie\u00dflich:<\/p><ul style=\"font-weight: 400;\"><li>Mechanische Module, Produkte und Schnittstellen<\/li><li>Traditionelle Durchsicht-sights, Hybrid-sights und Red-Dot-Systeme<\/li><li>Digitale und thermische Beobachtungsinstrumente<\/li><li>Eigenst\u00e4ndige und integrierte Laserentfernungsmesser<\/li><li>Strahlkombinierende Module f\u00fcr Bild\u00fcberlagerungsanwendungen, einschlie\u00dflich Wellenleiter<\/li><li>Ballistische Plug-and-Play-L\u00f6sungen<\/li><\/ul>\t\t\t\t\t\t\t\t<\/div>\n\t\t\t\t<\/div>\n\t\t\t\t<div class=\"elementor-element elementor-element-5ed1838 gallery-spacing-custom elementor-widget elementor-widget-image-gallery\" data-id=\"5ed1838\" data-element_type=\"widget\" data-e-type=\"widget\" data-widget_type=\"image-gallery.default\">\n\t\t\t\t<div class=\"elementor-widget-container\">\n\t\t\t\t\t\t\t<div class=\"elementor-image-gallery\">\n\t\t\t<div id='gallery-1' class='gallery galleryid-4536 gallery-columns-2 gallery-size-medium_large'><figure class='gallery-item'>\n\t\t\t<div class='gallery-icon landscape'>\n\t\t\t\t<a data-elementor-open-lightbox=\"yes\" data-elementor-lightbox-slideshow=\"5ed1838\" data-elementor-lightbox-title=\"CNC-Produktionsanlagen\" data-e-action-hash=\"#elementor-action%3Aaction%3Dlightbox%26settings%3DeyJpZCI6NDU0NCwidXJsIjoiaHR0cHM6XC9cL2ltbWVyc2l2ZS1vcHRpY3MuY29tXC93cC1jb250ZW50XC91cGxvYWRzXC8yMDI2XC8wM1wvc2VyNC5wbmciLCJzbGlkZXNob3ciOiI1ZWQxODM4In0%3D\" href='https:\/\/immersive-optics.com\/wp-content\/uploads\/2026\/03\/ser4.png'><img fetchpriority=\"high\" decoding=\"async\" width=\"768\" height=\"577\" src=\"https:\/\/immersive-optics.com\/wp-content\/uploads\/2026\/03\/ser4-768x577.png\" class=\"attachment-medium_large size-medium_large\" alt=\"CNC-Produktionsanlagen\" aria-describedby=\"gallery-1-4544\" srcset=\"https:\/\/immersive-optics.com\/wp-content\/uploads\/2026\/03\/ser4-768x577.png 768w, https:\/\/immersive-optics.com\/wp-content\/uploads\/2026\/03\/ser4-300x225.png 300w, https:\/\/immersive-optics.com\/wp-content\/uploads\/2026\/03\/ser4-1024x769.png 1024w, https:\/\/immersive-optics.com\/wp-content\/uploads\/2026\/03\/ser4-600x451.png 600w, https:\/\/immersive-optics.com\/wp-content\/uploads\/2026\/03\/ser4.png 1069w\" sizes=\"(max-width: 768px) 100vw, 768px\" \/><\/a>\n\t\t\t<\/div>\n\t\t\t\t<figcaption class='wp-caption-text gallery-caption' id='gallery-1-4544'>\n\t\t\t\tCNC-Produktionsanlagen\n\t\t\t\t<\/figcaption><\/figure><figure class='gallery-item'>\n\t\t\t<div class='gallery-icon landscape'>\n\t\t\t\t<a data-elementor-open-lightbox=\"yes\" data-elementor-lightbox-slideshow=\"5ed1838\" data-elementor-lightbox-title=\"Cerakote\u00ae-Finish\" data-e-action-hash=\"#elementor-action%3Aaction%3Dlightbox%26settings%3DeyJpZCI6NDU0NSwidXJsIjoiaHR0cHM6XC9cL2ltbWVyc2l2ZS1vcHRpY3MuY29tXC93cC1jb250ZW50XC91cGxvYWRzXC8yMDI2XC8wM1wvc2VyNS5wbmciLCJzbGlkZXNob3ciOiI1ZWQxODM4In0%3D\" href='https:\/\/immersive-optics.com\/wp-content\/uploads\/2026\/03\/ser5.png'><img decoding=\"async\" width=\"482\" height=\"430\" src=\"https:\/\/immersive-optics.com\/wp-content\/uploads\/2026\/03\/ser5.png\" class=\"attachment-medium_large size-medium_large\" alt=\"Cerakote\u00ae-Finish\" aria-describedby=\"gallery-1-4545\" srcset=\"https:\/\/immersive-optics.com\/wp-content\/uploads\/2026\/03\/ser5.png 482w, https:\/\/immersive-optics.com\/wp-content\/uploads\/2026\/03\/ser5-300x268.png 300w\" sizes=\"(max-width: 482px) 100vw, 482px\" \/><\/a>\n\t\t\t<\/div>\n\t\t\t\t<figcaption class='wp-caption-text gallery-caption' id='gallery-1-4545'>\n\t\t\t\tCerakote\u00ae-Finish\n\t\t\t\t<\/figcaption><\/figure>\n\t\t<\/div>\n\t\t<\/div>\n\t\t\t\t\t\t<\/div>\n\t\t\t\t<\/div>\n\t\t\t\t<div class=\"elementor-element elementor-element-8a47054 elementor-widget elementor-widget-text-editor\" data-id=\"8a47054\" data-element_type=\"widget\" data-e-type=\"widget\" data-widget_type=\"text-editor.default\">\n\t\t\t\t<div class=\"elementor-widget-container\">\n\t\t\t\t\t\t\t\t\t<p style=\"font-weight: 400;\">Zus\u00e4tzlich zur Produktentwicklung bieten wir schl\u00fcsselfertige Fertigungsl\u00f6sungen an, die unseren Kunden die Flexibilit\u00e4t geben, entweder selbst zu fertigen oder sich f\u00fcr das komplette Produktionsmanagement auf unsere Einrichtungen zu verlassen.<\/p><p style=\"font-weight: 400;\">Unsere Fertigungskapazit\u00e4ten umfassen:<\/p><ul style=\"font-weight: 400;\"><li>CNC-Bearbeitung<\/li><li>Metallw\u00e4rmebehandlung<\/li><li>Cerakote\u00ae-Beschichtung<\/li><li>R\u00fccksto\u00df- und Schocktests<\/li><li>Optisches Element-Dicing in spezifische Form<\/li><\/ul>\t\t\t\t\t\t\t\t<\/div>\n\t\t\t\t<\/div>\n\t\t\t\t\t<\/div>\n\t\t<\/div>\n\t\t\t\t<div class=\"elementor-column elementor-col-50 elementor-top-column elementor-element elementor-element-005fdc7\" data-id=\"005fdc7\" data-element_type=\"column\" data-e-type=\"column\">\n\t\t\t<div class=\"elementor-widget-wrap elementor-element-populated\">\n\t\t\t\t\t\t<div class=\"elementor-element elementor-element-9d4fecb elementor-widget elementor-widget-heading\" data-id=\"9d4fecb\" data-element_type=\"widget\" data-e-type=\"widget\" data-widget_type=\"heading.default\">\n\t\t\t\t<div class=\"elementor-widget-container\">\n\t\t\t\t\t<h5 class=\"elementor-heading-title elementor-size-default\">Partner werden<\/h5>\t\t\t\t<\/div>\n\t\t\t\t<\/div>\n\t\t\t\t<div class=\"elementor-element elementor-element-c5037d1 elementor-widget elementor-widget-text-editor\" data-id=\"c5037d1\" data-element_type=\"widget\" data-e-type=\"widget\" data-widget_type=\"text-editor.default\">\n\t\t\t\t<div class=\"elementor-widget-container\">\n\t\t\t\t\t\t\t\t\t<p style=\"font-weight: 400;\">Wir haben eine Reihe zukunftsweisender Produktkonzepte mit starkem kommerziellen Potenzial entwickelt. Wir suchen Industriepartner, deren Expertise, Marktzugang oder Fertigungskapazit\u00e4ten mit diesen Innovationen \u00fcbereinstimmen und die dazu beitragen k\u00f6nnen, deren Markteinf\u00fchrung zu beschleunigen. <\/p><p style=\"font-weight: 400;\">Durch eine Partnerschaft mit uns erhalten Sie Zugang zu bew\u00e4hrter Design- und Engineering-Expertise, praktischen Fertigungskapazit\u00e4ten und einem Entwicklungsteam, das sich auf die Schaffung robuster, produktionsreifer L\u00f6sungen konzentriert. Ob das Ziel Co-Entwicklung, Fertigungspartnerschaft, Private-Label-Zusammenarbeit oder Markteinf\u00fchrungsunterst\u00fctzung ist, wir sind offen daf\u00fcr, das richtige Modell f\u00fcr die jeweilige Gelegenheit zu entwickeln. Wir achten sorgf\u00e4ltig auf den Schutz unseres geistigen Eigentums.  <\/p>\t\t\t\t\t\t\t\t<\/div>\n\t\t\t\t<\/div>\n\t\t\t\t<div class=\"elementor-element elementor-element-b67af97 elementor-widget elementor-widget-image-gallery\" data-id=\"b67af97\" data-element_type=\"widget\" data-e-type=\"widget\" data-widget_type=\"image-gallery.default\">\n\t\t\t\t<div class=\"elementor-widget-container\">\n\t\t\t\t\t\t\t<div class=\"elementor-image-gallery\">\n\t\t\t<div id='gallery-2' class='gallery galleryid-4536 gallery-columns-2 gallery-size-thumbnail'><figure class='gallery-item'>\n\t\t\t<div class='gallery-icon landscape'>\n\t\t\t\t<a data-elementor-open-lightbox=\"yes\" data-elementor-lightbox-slideshow=\"b67af97\" data-elementor-lightbox-title=\"Plug &amp; Play ballistischer Chip\" data-e-action-hash=\"#elementor-action%3Aaction%3Dlightbox%26settings%3DeyJpZCI6NDU0NiwidXJsIjoiaHR0cHM6XC9cL2ltbWVyc2l2ZS1vcHRpY3MuY29tXC93cC1jb250ZW50XC91cGxvYWRzXC8yMDI2XC8wM1wvc2VyMTIucG5nIiwic2xpZGVzaG93IjoiYjY3YWY5NyJ9\" href='https:\/\/immersive-optics.com\/wp-content\/uploads\/2026\/03\/ser12.png'><img decoding=\"async\" width=\"150\" height=\"150\" src=\"https:\/\/immersive-optics.com\/wp-content\/uploads\/2026\/03\/ser12-150x150.png\" class=\"attachment-thumbnail size-thumbnail\" alt=\"Plug &amp; Play ballistischer Chip\" aria-describedby=\"gallery-2-4546\" srcset=\"https:\/\/immersive-optics.com\/wp-content\/uploads\/2026\/03\/ser12-150x150.png 150w, https:\/\/immersive-optics.com\/wp-content\/uploads\/2026\/03\/ser12-100x100.png 100w\" sizes=\"(max-width: 150px) 100vw, 150px\" \/><\/a>\n\t\t\t<\/div>\n\t\t\t\t<figcaption class='wp-caption-text gallery-caption' id='gallery-2-4546'>\n\t\t\t\tPlug &amp; Play ballistischer Chip\n\t\t\t\t<\/figcaption><\/figure><figure class='gallery-item'>\n\t\t\t<div class='gallery-icon landscape'>\n\t\t\t\t<a data-elementor-open-lightbox=\"yes\" data-elementor-lightbox-slideshow=\"b67af97\" data-elementor-lightbox-title=\"Leistungsstarkes Overlay-Modul\" data-e-action-hash=\"#elementor-action%3Aaction%3Dlightbox%26settings%3DeyJpZCI6NDU0NywidXJsIjoiaHR0cHM6XC9cL2ltbWVyc2l2ZS1vcHRpY3MuY29tXC93cC1jb250ZW50XC91cGxvYWRzXC8yMDI2XC8wM1wvc2VyMTEucG5nIiwic2xpZGVzaG93IjoiYjY3YWY5NyJ9\" href='https:\/\/immersive-optics.com\/wp-content\/uploads\/2026\/03\/ser11.png'><img loading=\"lazy\" decoding=\"async\" width=\"150\" height=\"150\" src=\"https:\/\/immersive-optics.com\/wp-content\/uploads\/2026\/03\/ser11-150x150.png\" class=\"attachment-thumbnail size-thumbnail\" alt=\"Leistungsstarkes Overlay-Modul\" aria-describedby=\"gallery-2-4547\" srcset=\"https:\/\/immersive-optics.com\/wp-content\/uploads\/2026\/03\/ser11-150x150.png 150w, https:\/\/immersive-optics.com\/wp-content\/uploads\/2026\/03\/ser11-100x100.png 100w\" sizes=\"(max-width: 150px) 100vw, 150px\" \/><\/a>\n\t\t\t<\/div>\n\t\t\t\t<figcaption class='wp-caption-text gallery-caption' id='gallery-2-4547'>\n\t\t\t\tLeistungsstarkes Overlay-Modul\n\t\t\t\t<\/figcaption><\/figure>\n\t\t<\/div>\n\t\t<\/div>\n\t\t\t\t\t\t<\/div>\n\t\t\t\t<\/div>\n\t\t\t\t<div class=\"elementor-element elementor-element-90a5107 elementor-widget elementor-widget-text-editor\" data-id=\"90a5107\" data-element_type=\"widget\" data-e-type=\"widget\" data-widget_type=\"text-editor.default\">\n\t\t\t\t<div class=\"elementor-widget-container\">\n\t\t\t\t\t\t\t\t\t<p style=\"font-weight: 400;\">Wir befinden uns derzeit in einem fortgeschrittenen Entwicklungsstadium in den folgenden Bereichen:<\/p><ul style=\"font-weight: 400;\"><li>Produktlinie f\u00fcr hybride sighting-\u00d6kosysteme<\/li><li>Fortschrittliche integrierte ballistische sighting-L\u00f6sung<\/li><li>Wellenleitermodule zur optischen Strahlkombination in sighting-Systemen<\/li><li>Modul zur \u00dcberwachung und Anpassung der Projektilgeschwindigkeit<\/li><li>Multivektor-Sto\u00dfd\u00e4mpferhalterungen f\u00fcr stark r\u00fccksto\u00dfende Systeme<\/li><\/ul><p> <\/p><p style=\"font-weight: 400;\">Wenn Sie einen kompetenten Entwicklungs- und Fertigungspartner f\u00fcr Produkte der n\u00e4chsten Generation suchen, w\u00fcrden wir uns freuen, zu pr\u00fcfen, wie wir zusammenarbeiten k\u00f6nnen.<\/p><p>Kontaktieren Sie uns unter <a href=\"mailto:info@immersive-optics.com\">info@immersive-optics.com<\/a><\/p>\t\t\t\t\t\t\t\t<\/div>\n\t\t\t\t<\/div>\n\t\t\t\t\t<\/div>\n\t\t<\/div>\n\t\t\t\t\t<\/div>\n\t\t<\/section>\n\t\t\t\t<\/div>\n\t\t","protected":false},"excerpt":{"rendered":"<p>DIENSTLEISTUNGEN Design und Fertigung Wir sind spezialisiert auf die Entwicklung und Fertigung mechanischer, optomechanischer und optronischer L\u00f6sungen \u2013 von einzelnen Komponenten bis hin zu vollst\u00e4ndig integrierten Baugruppen und kompletten Ger\u00e4ten. Im Laufe der Jahre haben wir eine breite Palette von Produkten f\u00fcr Partnermarken entwickelt und geliefert, von denen viele eine starke Marktanerkennung und Kundennachfrage erzielt [&hellip;]<\/p>\n","protected":false},"author":3,"featured_media":0,"parent":0,"menu_order":0,"comment_status":"closed","ping_status":"closed","template":"","meta":{"_crdt_document":"","advanced_seo_description":"","jetpack_seo_html_title":"","jetpack_seo_noindex":false,"footnotes":""},"class_list":["post-4536","page","type-page","status-publish","hentry"],"jetpack_sharing_enabled":true,"jetpack_shortlink":"https:\/\/wp.me\/Ph9FcQ-1ba","_links":{"self":[{"href":"https:\/\/immersive-optics.com\/de\/wp-json\/wp\/v2\/pages\/4536","targetHints":{"allow":["GET"]}}],"collection":[{"href":"https:\/\/immersive-optics.com\/de\/wp-json\/wp\/v2\/pages"}],"about":[{"href":"https:\/\/immersive-optics.com\/de\/wp-json\/wp\/v2\/types\/page"}],"author":[{"embeddable":true,"href":"https:\/\/immersive-optics.com\/de\/wp-json\/wp\/v2\/users\/3"}],"replies":[{"embeddable":true,"href":"https:\/\/immersive-optics.com\/de\/wp-json\/wp\/v2\/comments?post=4536"}],"version-history":[{"count":0,"href":"https:\/\/immersive-optics.com\/de\/wp-json\/wp\/v2\/pages\/4536\/revisions"}],"wp:attachment":[{"href":"https:\/\/immersive-optics.com\/de\/wp-json\/wp\/v2\/media?parent=4536"}],"curies":[{"name":"wp","href":"https:\/\/api.w.org\/{rel}","templated":true}]}}