{"id":6697,"date":"2026-03-13T20:37:08","date_gmt":"2026-03-13T20:37:08","guid":{"rendered":"https:\/\/immersive-optics.com\/product\/rychloup-nac-mont-n-krou-ky-swiftlock-qr-st-edn-2\/"},"modified":"2026-03-29T14:51:53","modified_gmt":"2026-03-29T13:51:53","slug":"rychloup-nac-mont-n-krou-ky-swiftlock-qr-st-edn-2","status":"publish","type":"product","link":"https:\/\/immersive-optics.com\/cs\/produkt\/rychloup-nac-mont-n-krou-ky-swiftlock-qr-st-edn-2\/","title":{"rendered":"Rychloup\u00ednac\u00ed mont\u00e1\u017en\u00ed krou\u017eky SwiftLock\u00ae QR (st\u0159edn\u00ed)"},"content":{"rendered":"<p>Vybaveno nejprakti\u010dt\u011bj\u0161\u00edm rychloup\u00ednac\u00edm syst\u00e9mem na trhu.<\/p>\n<p>Mechanismus SwiftLock\u00ae poskytuje up\u00ednac\u00ed s\u00edlu a p\u0159esnost srovnatelnou s pevn\u00fdmi mont\u00e1\u017en\u00edmi krou\u017eky.<\/p>\n<p>Hlavn\u00ed t\u011blo je CNC obr\u00e1b\u011bno z jednoho kusu hlin\u00edku 7075. Mont\u00e1\u017en\u00ed prvky jsou CNC obr\u00e1b\u011bny z kalen\u00e9 nerezov\u00e9 oceli 416 s tvrdost\u00ed 36 HRC. Krou\u017eky jsou ve v\u00fdrob\u011b p\u00e1rov\u00e1ny a p\u0159esn\u011b vystru\u017eov\u00e1ny, aby byla zachov\u00e1na dokonal\u00e1 souosost pu\u0161kohledu.  <\/p>\n<p>Povrchov\u00e1 \u00faprava Cerakote\u00ae, dostupn\u00e9 v r\u016fzn\u00fdch barv\u00e1ch.<\/p>\n","protected":false},"excerpt":{"rendered":"<p>SwiftLock\u00ae je jedine\u010dn\u00e9 \u0159e\u0161en\u00ed, kter\u00e9 stanovuje nov\u00fd standard v oblasti ergonomie a spolehlivosti. Jeho vertik\u00e1ln\u00ed teleskopick\u00e1 p\u00e1ka nejen poskytuje v\u011bt\u0161\u00ed p\u00e1kov\u00fd efekt pro pevn\u011bj\u0161\u00ed a l\u00e9pe kontrolovan\u00e9 uzam\u010den\u00ed, ale z\u00e1rove\u0148 umo\u017e\u0148uje neomezen\u00fd p\u0159\u00edstup \u2014 \u0159e\u0161\u00ed tak b\u011b\u017en\u00fd probl\u00e9m konven\u010dn\u00edch rychloup\u00ednac\u00edch mont\u00e1\u017e\u00ed, u nich\u017e jsou vodorovn\u011b um\u00edst\u011bn\u00e9 uzamykac\u00ed p\u00e1ky \u010dasto obt\u00ed\u017en\u011b dostupn\u00e9 v omezen\u00e9m prostoru mezi pu\u0161kohledem a zbran\u00ed. <\/p>\n","protected":false},"featured_media":6663,"template":"","meta":{"_crdt_document":"","advanced_seo_description":"","jetpack_seo_html_title":"","jetpack_seo_noindex":false},"product_brand":[],"product_cat":[200],"product_tag":[172],"class_list":{"0":"post-6697","1":"product","2":"type-product","3":"status-publish","4":"has-post-thumbnail","6":"product_cat-mont-e","7":"product_tag-uk","9":"first","10":"instock","11":"taxable","12":"shipping-taxable","13":"purchasable","14":"product-type-variable","15":"has-default-attributes"},"jetpack_sharing_enabled":true,"_links":{"self":[{"href":"https:\/\/immersive-optics.com\/cs\/wp-json\/wp\/v2\/product\/6697","targetHints":{"allow":["GET"]}}],"collection":[{"href":"https:\/\/immersive-optics.com\/cs\/wp-json\/wp\/v2\/product"}],"about":[{"href":"https:\/\/immersive-optics.com\/cs\/wp-json\/wp\/v2\/types\/product"}],"wp:featuredmedia":[{"embeddable":true,"href":"https:\/\/immersive-optics.com\/cs\/wp-json\/wp\/v2\/media\/6663"}],"wp:attachment":[{"href":"https:\/\/immersive-optics.com\/cs\/wp-json\/wp\/v2\/media?parent=6697"}],"wp:term":[{"taxonomy":"product_brand","embeddable":true,"href":"https:\/\/immersive-optics.com\/cs\/wp-json\/wp\/v2\/product_brand?post=6697"},{"taxonomy":"product_cat","embeddable":true,"href":"https:\/\/immersive-optics.com\/cs\/wp-json\/wp\/v2\/product_cat?post=6697"},{"taxonomy":"product_tag","embeddable":true,"href":"https:\/\/immersive-optics.com\/cs\/wp-json\/wp\/v2\/product_tag?post=6697"}],"curies":[{"name":"wp","href":"https:\/\/api.w.org\/{rel}","templated":true}]}}