{"id":6203,"date":"2025-12-31T19:52:04","date_gmt":"2025-12-31T19:52:04","guid":{"rendered":"https:\/\/immersive-optics.com\/product\/14x50-prizmatick-pu-kohled-2\/"},"modified":"2026-03-28T14:14:45","modified_gmt":"2026-03-28T14:14:45","slug":"14x50-prizmatick-pu-kohled-2","status":"publish","type":"product","link":"https:\/\/immersive-optics.com\/cs\/produkt\/14x50-prizmatick-pu-kohled-2\/","title":{"rendered":"14&#215;50 Prizmatick\u00fd Pu\u0161kohled"},"content":{"rendered":"<p>N\u00e1\u0161 nejprod\u00e1van\u011bj\u0161\u00ed pu\u0161kohled s kr\u00e1tk\u00fdm o\u010dn\u00edm reli\u00e9fem, technologick\u00fd skvost pro pu\u0161ky s mal\u00fdm zp\u011btn\u00fdm r\u00e1zem.<\/p>\n<h2>Vy\u0161\u0161\u00ed p\u0159esnost st\u0159elby<\/h2>\n<p>Tento pu\u0161kohled je ide\u00e1ln\u00ed pro pou\u017eit\u00ed na kompaktn\u00edch pu\u0161k\u00e1ch nebo vzduchovk\u00e1ch se st\u0159edn\u00edm a\u017e n\u00edzk\u00fdm zp\u011btn\u00fdm r\u00e1zem. D\u00edky prizmatick\u00e9mu optick\u00e9mu syst\u00e9mu je v\u00fdrazn\u011b kompaktn\u011bj\u0161\u00ed ne\u017e tradi\u010dn\u00ed denn\u00ed optika, proto\u017ee eliminuje obvykle velk\u00fd objektiv, prodlou\u017een\u00e9 t\u011blo a dlouh\u00fd o\u010dn\u00ed reli\u00e9f, ani\u017e by jakkoli omezoval sv\u011bteln\u00fd v\u00fdkon, zv\u011bt\u0161en\u00ed nebo zorn\u00e9 pole.<\/p>\n<h2>Lep\u0161\u00ed rozlo\u017een\u00ed hmotnosti<\/h2>\n<p>Kompaktn\u00ed konstrukce umo\u017e\u0148uje v\u00fdrazn\u00e9 sn\u00ed\u017een\u00ed hmotnosti, co\u017e st\u0159elci poskytuje v\u011bt\u0161\u00ed mobilitu a z\u00e1rove\u0148 lep\u0161\u00ed rozlo\u017een\u00ed hmotnosti mezi model 14X50 a pu\u0161ku, na n\u00ed\u017e je namontov\u00e1n. V\u00fdsledkem je maxim\u00e1ln\u011b pohodln\u00fd st\u0159eleck\u00fd z\u00e1\u017eitek a mo\u017enost m\u00ed\u0159it po del\u0161\u00ed dobu bez \u00fanavy \u010di nepohodl\u00ed.<\/p>\n<h2>\u0160ir\u0161\u00ed zorn\u00e9 pole<\/h2>\n<p>Immersive Optics 14X50 nab\u00edz\u00ed zorn\u00e9 pole, kter\u00e9 je 4\u00d7 \u0161ir\u0161\u00ed ne\u017e u tradi\u010dn\u00edch pu\u0161kohled\u016f, a umo\u017e\u0148uje p\u0159esn\u00e9 zaost\u0159en\u00ed ji\u017e od vzd\u00e1lenosti 6 m bez paralaxy &#8211; p\u0159edstavuje tak ide\u00e1ln\u00ed \u0159e\u0161en\u00ed pro st\u0159elce, kte\u0159\u00ed po\u017eaduj\u00ed vynikaj\u00edc\u00ed optiku i na kr\u00e1tkou vzd\u00e1lenost.<\/p>\n<h2>P\u0159esn\u00e9 pod\u00e1n\u00ed barev<\/h2>\n<p>Skla s extra n\u00edzk\u00fdm rozptylem umo\u017e\u0148uj\u00ed tomuto prizmatick\u00e9mu pu\u0161kohledu zachovat p\u0159irozen\u00e9 pod\u00e1n\u00ed barev v cel\u00e9m zorn\u00e9m poli, minimalizovat chromatickou aberaci (barevn\u00e9 lemov\u00e1n\u00ed) a poskytovat vysoce \u010dist\u00fd obraz a obrazov\u011b perfektn\u00ed v\u00fdsledky na velk\u00e9 vzd\u00e1lenosti.<\/p>\n<h2>\u010cist\u00fd obraz za v\u0161ech podm\u00ednek<\/h2>\n<p>CNC obr\u00e1b\u011bn\u00e9 t\u011blo zaji\u0161\u0165uje konzistentn\u00ed a bezchybnou st\u0159elbu; optick\u00e9 kan\u00e1ly pln\u011bn\u00e9 dus\u00edkem poskytuj\u00ed ochranu proti zaml\u017eov\u00e1n\u00ed a zaji\u0161\u0165uj\u00ed krystalicky \u010distou optiku bez ohledu na okoln\u00ed podm\u00ednky; spolehliv\u00e9 vodot\u011bsn\u00e9 ut\u011bsn\u011bn\u00ed pak zaru\u010duje odolnost pu\u0161kohledu proti vlhkosti. Sou\u010d\u00e1st\u00ed je tak\u00e9 chytr\u00fd syst\u00e9m uchycen\u00ed krytky \u010do\u010dky, kter\u00fd dr\u017e\u00ed krytku pohodln\u011b na boku pu\u0161kohledu a mimo pracovn\u00ed prostor, \u010d\u00edm\u017e omezuje ru\u0161en\u00ed p\u0159i st\u0159elb\u011b.<\/p>\n<h2>V\u00edce variant z\u00e1m\u011brn\u00e9ho k\u0159\u00ed\u017ee<\/h2>\n<p>V z\u00e1vislosti na zvolen\u00e9 variant\u011b je prizmatick\u00fd pu\u0161kohled 14X50 vybaven bu\u010f sklen\u011bn\u00fdm leptan\u00fdm podsv\u00edcen\u00fdm z\u00e1m\u011brn\u00fdm k\u0159\u00ed\u017eem Mildot, nebo Mildot Extended, vysoce p\u0159esn\u00fdm ovl\u00e1d\u00e1n\u00edm stranov\u00e9 a v\u00fd\u0161kov\u00e9 korekce a dod\u00e1v\u00e1 se s nastavitelnou MOA mont\u00e1\u017e\u00ed.<\/p>\n<section class=\"elementor-section elementor-top-section elementor-element elementor-element-3528eb9d elementor-section-boxed elementor-section-height-default elementor-section-height-default\" data-id=\"3528eb9d\" data-element_type=\"section\">\n<div class=\"elementor-container elementor-column-gap-no\">\n<div class=\"elementor-column elementor-col-100 elementor-top-column elementor-element elementor-element-fb4d585\" data-id=\"fb4d585\" data-element_type=\"column\">\n<div class=\"elementor-widget-wrap elementor-element-populated\">\n<section class=\"elementor-section elementor-inner-section elementor-element elementor-element-206dde47 elementor-section-full_width elementor-section-content-middle elementor-section-height-default elementor-section-height-default\" data-id=\"206dde47\" data-element_type=\"section\">\n<div class=\"elementor-container elementor-column-gap-no\">\n<div class=\"elementor-column elementor-col-50 elementor-inner-column elementor-element elementor-element-2a1f8f4a\" data-id=\"2a1f8f4a\" data-element_type=\"column\">\n<div class=\"elementor-widget-wrap elementor-element-populated\">\n<div class=\"elementor-element elementor-element-2ba222aa pp-table-center elementor-widget elementor-widget-pp-table\" data-id=\"2ba222aa\" data-element_type=\"widget\" data-settings=\"{&quot;table_type&quot;:&quot;normal&quot;}\" data-widget_type=\"pp-table.default\">\n<div class=\"elementor-widget-container\">\n<div class=\"pp-table-container\">\n<table class=\"pp-table tablesaw\">\n<thead>\n<tr class=\"pp-table-row\">\n<th class=\"pp-table-cell pp-table-cell-683315e\"><span class=\"pp-table-cell-content\"><span class=\"pp-table-cell-text\">Parametr<\/span><\/span><\/th>\n<th class=\"pp-table-cell pp-table-cell-73977f6\"><span class=\"pp-table-cell-content\"><span class=\"pp-table-cell-text\">Hodnota<\/span><\/span><\/th>\n<\/tr>\n<\/thead>\n<tfoot><\/tfoot>\n<tbody>\n<tr>\n<td class=\"pp-table-cell pp-table-cell-33971f9\"><span class=\"pp-table-cell-content\"><span class=\"pp-table-cell-text\">Zv\u011bt\u0161en\u00ed, X<\/span><\/span><\/td>\n<td class=\"pp-table-cell pp-table-cell-3971dda\"><span class=\"pp-table-cell-content\"><span class=\"pp-table-cell-text\">14<\/span><\/span><\/td>\n<\/tr>\n<tr>\n<td class=\"pp-table-cell pp-table-cell-3c2214f\"><span class=\"pp-table-cell-content\"><span class=\"pp-table-cell-text\">Pr\u016fm\u011br objektivu, mm<\/span><\/span><\/td>\n<td class=\"pp-table-cell pp-table-cell-aa7e809\"><span class=\"pp-table-cell-content\"><span class=\"pp-table-cell-text\">50<\/span><\/span><\/td>\n<\/tr>\n<tr>\n<td class=\"pp-table-cell pp-table-cell-1f25865\"><span class=\"pp-table-cell-content\"><span class=\"pp-table-cell-text\">O\u010dn\u00ed reli\u00e9f, palce \/ mm<\/span><\/span><\/td>\n<td class=\"pp-table-cell pp-table-cell-c7fe3cd\"><span class=\"pp-table-cell-content\"><span class=\"pp-table-cell-text\">0.7 \/ 18<\/span><\/span><\/td>\n<\/tr>\n<tr>\n<td class=\"pp-table-cell pp-table-cell-cc62bce\"><span class=\"pp-table-cell-content\"><span class=\"pp-table-cell-text\">Pr\u016fm\u011br tubusu, mm<\/span><\/span><\/td>\n<td class=\"pp-table-cell pp-table-cell-0ecaf37\"><span class=\"pp-table-cell-content\"><span class=\"pp-table-cell-text\">N\/A<\/span><\/span><\/td>\n<\/tr>\n<tr>\n<td class=\"pp-table-cell pp-table-cell-dbff3e9\"><span class=\"pp-table-cell-content\"><span class=\"pp-table-cell-text\">Zorn\u00e9 pole, ft@100yds \/ m@100m<\/span><\/span><\/td>\n<td class=\"pp-table-cell pp-table-cell-d33d8ef\"><span class=\"pp-table-cell-content\"><span class=\"pp-table-cell-text\">28 \/ 9.6<\/span><\/span><\/td>\n<\/tr>\n<tr>\n<td class=\"pp-table-cell pp-table-cell-c0c63c5\"><span class=\"pp-table-cell-content\"><span class=\"pp-table-cell-text\">Min. zaost\u0159ovac\u00ed vzd\u00e1lenost, m<\/span><\/span><\/td>\n<td class=\"pp-table-cell pp-table-cell-cd99b46\"><span class=\"pp-table-cell-content\"><span class=\"pp-table-cell-text\">6<\/span><\/span><\/td>\n<\/tr>\n<tr>\n<td class=\"pp-table-cell pp-table-cell-c0ff221\"><span class=\"pp-table-cell-content\"><span class=\"pp-table-cell-text\">Hodnota kliku (MIL \/ MOA \/ cm@100m)<\/span><\/span><\/td>\n<td class=\"pp-table-cell pp-table-cell-59f23db\"><span class=\"pp-table-cell-content\"><span class=\"pp-table-cell-text\">0.1 \/ 0.338 \/ 1<\/span><\/span><\/td>\n<\/tr>\n<tr>\n<td class=\"pp-table-cell pp-table-cell-c0f286a\"><span class=\"pp-table-cell-content\"><span class=\"pp-table-cell-text\">Klik\u016f na ot\u00e1\u010dku<\/span><\/span><\/td>\n<td class=\"pp-table-cell pp-table-cell-e48b19d\"><span class=\"pp-table-cell-content\"><span class=\"pp-table-cell-text\">50<\/span><\/span><\/td>\n<\/tr>\n<tr>\n<td class=\"pp-table-cell pp-table-cell-7796840\"><span class=\"pp-table-cell-content\"><span class=\"pp-table-cell-text\">Posun na ot\u00e1\u010dku (MIL \/ MOA)<\/span><\/span><\/td>\n<td class=\"pp-table-cell pp-table-cell-aa44a69\"><span class=\"pp-table-cell-content\"><span class=\"pp-table-cell-text\">5 \/ 15<\/span><\/span><\/td>\n<\/tr>\n<tr>\n<td class=\"pp-table-cell pp-table-cell-8d83140\"><span class=\"pp-table-cell-content\"><span class=\"pp-table-cell-text\">Max. v\u00fd\u0161kov\u00e1 korekce (MIL \/ MOA)<\/span><\/span><\/td>\n<td class=\"pp-table-cell pp-table-cell-5a3029e\"><span class=\"pp-table-cell-content\"><span class=\"pp-table-cell-text\">28 \/ 83<\/span><\/span><\/td>\n<\/tr>\n<tr>\n<td class=\"pp-table-cell pp-table-cell-e237808\"><span class=\"pp-table-cell-content\"><span class=\"pp-table-cell-text\">Max. stranov\u00e1 korekce (MIL \/ MOA)<\/span><\/span><\/td>\n<td class=\"pp-table-cell pp-table-cell-8f0cd12\"><span class=\"pp-table-cell-content\"><span class=\"pp-table-cell-text\">28 \/ 83<\/span><\/span><\/td>\n<\/tr>\n<tr>\n<td class=\"pp-table-cell pp-table-cell-87ac0ba\"><span class=\"pp-table-cell-content\"><span class=\"pp-table-cell-text\">Rozm\u011bry pu\u0161kohledu, mm<\/span><\/span><\/td>\n<td class=\"pp-table-cell pp-table-cell-517ac24\"><span class=\"pp-table-cell-content\"><span class=\"pp-table-cell-text\">80 x 64 x 154<\/span><\/span><\/td>\n<\/tr>\n<tr>\n<td class=\"pp-table-cell pp-table-cell-38119a6\"><span class=\"pp-table-cell-content\"><span class=\"pp-table-cell-text\">Rozm\u011bry pu\u0161kohledu, in<\/span><\/span><\/td>\n<td class=\"pp-table-cell pp-table-cell-2fd6ab1\"><span class=\"pp-table-cell-content\"><span class=\"pp-table-cell-text\">3,1 x 2,5 x 6,1<\/span><\/span><\/td>\n<\/tr>\n<tr>\n<td class=\"pp-table-cell pp-table-cell-a95e72b\"><span class=\"pp-table-cell-content\"><span class=\"pp-table-cell-text\">Hmotnost (bez mont\u00e1\u017e\u00ed) oz \/ g<\/span><\/span><\/td>\n<td class=\"pp-table-cell pp-table-cell-ca26eb7\"><span class=\"pp-table-cell-content\"><span class=\"pp-table-cell-text\">N\/A<\/span><\/span><\/td>\n<\/tr>\n<tr>\n<td class=\"pp-table-cell pp-table-cell-fffcbff\"><span class=\"pp-table-cell-content\"><span class=\"pp-table-cell-text\">Hmotnost (s nastaviteln\u00fdmi MOA mont\u00e1\u017eemi) oz \/ g<\/span><\/span><\/td>\n<td class=\"pp-table-cell pp-table-cell-855f0d6\"><span class=\"pp-table-cell-content\"><span class=\"pp-table-cell-text\">19,5 \/ 554<\/span><\/span><\/td>\n<\/tr>\n<tr>\n<td class=\"pp-table-cell pp-table-cell-d423717\"><span class=\"pp-table-cell-content\"><span class=\"pp-table-cell-text\">Vodot\u011bsn\u00fd, pln\u011bn\u00fd dus\u00edkem<\/span><\/span><\/td>\n<td class=\"pp-table-cell pp-table-cell-4bc21ae\"><span class=\"pp-table-cell-content\"><span class=\"pp-table-cell-text\">ANO<\/span><\/span><\/td>\n<\/tr>\n<tr>\n<td class=\"pp-table-cell pp-table-cell-defa67d\"><span class=\"pp-table-cell-content\"><span class=\"pp-table-cell-text\">Odoln\u00fd proti n\u00e1razu (a\u017e do 600G)<\/span><\/span><\/td>\n<td class=\"pp-table-cell pp-table-cell-77fbf3a\"><span class=\"pp-table-cell-content\"><span class=\"pp-table-cell-text\">N\/A<\/span><\/span><\/td>\n<\/tr>\n<\/tbody>\n<\/table>\n<\/div>\n<\/div>\n<\/div>\n<\/div>\n<\/div>\n<\/div>\n<\/section>\n<\/div>\n<\/div>\n<\/div>\n<\/section>\n<section class=\"elementor-section elementor-top-section elementor-element elementor-element-6d07f63f elementor-section-boxed elementor-section-height-default elementor-section-height-default\" data-id=\"6d07f63f\" data-element_type=\"section\">\n<div class=\"elementor-container elementor-column-gap-default\">\n<div class=\"elementor-column elementor-col-100 elementor-top-column elementor-element elementor-element-58132715\" data-id=\"58132715\" data-element_type=\"column\" data-settings=\"{&quot;background_background&quot;:&quot;classic&quot;}\">\n<div class=\"elementor-widget-wrap elementor-element-populated\">\n<div class=\"elementor-element elementor-element-305cd497 elementor-widget elementor-widget-gallery\" data-id=\"305cd497\" data-element_type=\"widget\" data-settings=\"{&quot;gallery_layout&quot;:&quot;justified&quot;,&quot;lazyload&quot;:&quot;yes&quot;,&quot;ideal_row_height&quot;:{&quot;unit&quot;:&quot;px&quot;,&quot;size&quot;:200,&quot;sizes&quot;:[]},&quot;ideal_row_height_tablet&quot;:{&quot;unit&quot;:&quot;px&quot;,&quot;size&quot;:150,&quot;sizes&quot;:[]},&quot;ideal_row_height_mobile&quot;:{&quot;unit&quot;:&quot;px&quot;,&quot;size&quot;:150,&quot;sizes&quot;:[]},&quot;gap&quot;:{&quot;unit&quot;:&quot;px&quot;,&quot;size&quot;:10,&quot;sizes&quot;:[]},&quot;gap_tablet&quot;:{&quot;unit&quot;:&quot;px&quot;,&quot;size&quot;:10,&quot;sizes&quot;:[]},&quot;gap_mobile&quot;:{&quot;unit&quot;:&quot;px&quot;,&quot;size&quot;:10,&quot;sizes&quot;:[]},&quot;link_to&quot;:&quot;file&quot;,&quot;overlay_background&quot;:&quot;yes&quot;,&quot;content_hover_animation&quot;:&quot;fade-in&quot;}\" data-widget_type=\"gallery.default\">\n<div class=\"elementor-widget-container\">\n<div class=\"elementor-gallery__container e-gallery-container e-gallery-justified e-gallery--ltr e-gallery--lazyload\">\n<div class=\"elementor-gallery-item__overlay\"><\/div>\n<\/div>\n<\/div>\n<\/div>\n<\/div>\n<\/div>\n<\/div>\n<\/section>\n","protected":false},"excerpt":{"rendered":"<p>N\u00e1\u0161 nejprod\u00e1van\u011bj\u0161\u00ed pu\u0161kohled s kr\u00e1tk\u00fdm o\u010dn\u00edm reli\u00e9fem, technologick\u00fd skvost pro pu\u0161ky s mal\u00fdm zp\u011btn\u00fdm r\u00e1zem.<\/p>\n","protected":false},"featured_media":6189,"template":"","meta":{"_crdt_document":"","advanced_seo_description":"","jetpack_seo_html_title":"","jetpack_seo_noindex":false},"product_brand":[],"product_cat":[193],"product_tag":[179],"class_list":{"0":"post-6203","1":"product","2":"type-product","3":"status-publish","4":"has-post-thumbnail","6":"product_cat-pu-kohledy","7":"product_tag-eu","9":"first","10":"outofstock","11":"sale","12":"taxable","13":"shipping-taxable","14":"purchasable","15":"product-type-variable"},"jetpack_sharing_enabled":true,"_links":{"self":[{"href":"https:\/\/immersive-optics.com\/cs\/wp-json\/wp\/v2\/product\/6203","targetHints":{"allow":["GET"]}}],"collection":[{"href":"https:\/\/immersive-optics.com\/cs\/wp-json\/wp\/v2\/product"}],"about":[{"href":"https:\/\/immersive-optics.com\/cs\/wp-json\/wp\/v2\/types\/product"}],"wp:featuredmedia":[{"embeddable":true,"href":"https:\/\/immersive-optics.com\/cs\/wp-json\/wp\/v2\/media\/6189"}],"wp:attachment":[{"href":"https:\/\/immersive-optics.com\/cs\/wp-json\/wp\/v2\/media?parent=6203"}],"wp:term":[{"taxonomy":"product_brand","embeddable":true,"href":"https:\/\/immersive-optics.com\/cs\/wp-json\/wp\/v2\/product_brand?post=6203"},{"taxonomy":"product_cat","embeddable":true,"href":"https:\/\/immersive-optics.com\/cs\/wp-json\/wp\/v2\/product_cat?post=6203"},{"taxonomy":"product_tag","embeddable":true,"href":"https:\/\/immersive-optics.com\/cs\/wp-json\/wp\/v2\/product_tag?post=6203"}],"curies":[{"name":"wp","href":"https:\/\/api.w.org\/{rel}","templated":true}]}}