{"id":6200,"date":"2025-12-31T16:48:27","date_gmt":"2025-12-31T16:48:27","guid":{"rendered":"https:\/\/immersive-optics.com\/product\/5x24-prizmatick-pu-kohled-2\/"},"modified":"2026-03-28T14:09:41","modified_gmt":"2026-03-28T14:09:41","slug":"5x24-prizmatick-pu-kohled-2","status":"publish","type":"product","link":"https:\/\/immersive-optics.com\/cs\/produkt\/5x24-prizmatick-pu-kohled-2\/","title":{"rendered":"5X24 Prizmatick\u00fd Pu\u0161kohled"},"content":{"rendered":"<h2>Vy\u0161\u0161\u00ed p\u0159esnost<\/h2>\n<p>Jeho prizmatick\u00fd optick\u00fd syst\u00e9m znamen\u00e1, \u017ee rozm\u011bry tohoto pu\u0161kohledu jsou ve srovn\u00e1n\u00ed se standardn\u00edmi denn\u00edmi pu\u0161kohledy v\u00fdrazn\u011b men\u0161\u00ed. Eliminuje velk\u00fd objektiv, rozm\u011brn\u00e9 t\u011blo i dlouh\u00fd o\u010dn\u00ed reli\u00e9f, ani\u017e by doch\u00e1zelo ke sn\u00ed\u017een\u00ed sv\u011bteln\u00e9ho v\u00fdkonu pu\u0161kohledu, p\u0159i\u010dem\u017e zv\u011bt\u0161en\u00ed i zorn\u00e9 pole z\u016fst\u00e1vaj\u00ed nezm\u011bn\u011bny.<\/p>\n<h2>Kompaktn\u00ed rozm\u011bry<\/h2>\n<p>Tato prizmatick\u00e1 konstrukce umo\u017e\u0148uje modelu 5X24 poskytovat vysok\u00fd optick\u00fd v\u00fdkon p\u0159i zachov\u00e1n\u00ed minim\u00e1ln\u00edch rozm\u011br\u016f a lep\u0161\u00edho rozlo\u017een\u00ed hmotnosti mezi pu\u0161kohledem a pu\u0161kou, na n\u00ed\u017e je namontov\u00e1n. V\u00fdsledkem je v\u00fdrazn\u011b komfortn\u011bj\u0161\u00ed st\u0159elba, kter\u00e1 umo\u017e\u0148uje dlouhodob\u00e9 m\u00ed\u0159en\u00ed p\u0159es pu\u0161kohled bez pocitu \u00fanavy.<\/p>\n<h2>\u0160irok\u00e9 zorn\u00e9 pole<\/h2>\n<p>Ve srovn\u00e1n\u00ed s tradi\u010dn\u00edmi pu\u0161kohledy nab\u00edz\u00ed prizmatick\u00fd pu\u0161kohled Immersive Optics 5X24 zorn\u00e9 pole a\u017e 2\u00d7 \u0161ir\u0161\u00ed a mo\u017enost zaost\u0159en\u00ed ji\u017e od 6 m, co\u017e p\u0159in\u00e1\u0161\u00ed bezprecedentn\u00ed p\u0159esnost i na kr\u00e1tk\u00e9 vzd\u00e1lenosti.<\/p>\n<h2>V\u00edce variant z\u00e1m\u011brn\u00e9ho k\u0159\u00ed\u017ee<\/h2>\n<p>V z\u00e1vislosti na zvolen\u00e9 variant\u011b je model 5X24 vybaven sklen\u011bn\u00fdm leptan\u00fdm, podsv\u00edcen\u00fdm z\u00e1m\u011brn\u00fdm k\u0159\u00ed\u017eem Mildot nebo Mildot Rapid a nab\u00edz\u00ed vysoce p\u0159esn\u00e9 ovl\u00e1d\u00e1n\u00ed stranov\u00e9 a v\u00fd\u0161kov\u00e9 korekce (bez paralaxy). Snadno se montuje na dod\u00e1vanou nastavitelnou MOA mont\u00e1\u017e.<\/p>\n<h2>Inovativn\u00ed konstrukce<\/h2>\n<p>D\u00edky skl\u016fm s extra n\u00edzk\u00fdm rozptylem (ED) zachov\u00e1v\u00e1 tento pu\u0161kohled p\u0159irozen\u00e9 pod\u00e1n\u00ed barev v cel\u00e9m zorn\u00e9m poli, s minim\u00e1ln\u00ed barevnou aberac\u00ed (barevn\u00fdm lemov\u00e1n\u00edm), a poskytuje vysokou \u010distotu a krystalicky ostr\u00fd obraz i na extr\u00e9mn\u00ed vzd\u00e1lenosti.<\/p>\n<p>V\u0161echny pu\u0161kohledy Immersive Optics jsou CNC obr\u00e1b\u011bny s c\u00edlem zajistit maxim\u00e1ln\u00ed p\u0159esnost, maj\u00ed optick\u00e9 kan\u00e1ly pln\u011bn\u00e9 dus\u00edkem proti zaml\u017eov\u00e1n\u00ed a jsou vodot\u011bsn\u011b ut\u011bsn\u011bny pro ochranu proti vlhkosti. Inovativn\u00ed syst\u00e9m uchycen\u00ed krytky \u010do\u010dky umo\u017e\u0148uje u\u017eivateli bezpe\u010dn\u011b p\u0159ipnout krytku ke stran\u011b pu\u0161kohledu, tak\u017ee p\u0159i st\u0159elb\u011b nic neru\u0161\u00ed.<\/p>\n<table class=\"pp-table tablesaw\">\n<thead>\n<tr class=\"pp-table-row\">\n<th class=\"pp-table-cell pp-table-cell-683315e\"><span class=\"pp-table-cell-content\"><span class=\"pp-table-cell-text\">Parametr<\/span><\/span><\/th>\n<th class=\"pp-table-cell pp-table-cell-73977f6\"><span class=\"pp-table-cell-content\"><span class=\"pp-table-cell-text\">Hodnota<\/span><\/span><\/th>\n<\/tr>\n<\/thead>\n<tfoot><\/tfoot>\n<tbody>\n<tr>\n<td class=\"pp-table-cell pp-table-cell-33971f9\"><span class=\"pp-table-cell-content\"><span class=\"pp-table-cell-text\">Zv\u011bt\u0161en\u00ed, X<\/span><\/span><\/td>\n<td class=\"pp-table-cell pp-table-cell-3971dda\"><span class=\"pp-table-cell-content\"><span class=\"pp-table-cell-text\">5<\/span><\/span><\/td>\n<\/tr>\n<tr>\n<td class=\"pp-table-cell pp-table-cell-3c2214f\"><span class=\"pp-table-cell-content\"><span class=\"pp-table-cell-text\">Pr\u016fm\u011br objektivu, mm<\/span><\/span><\/td>\n<td class=\"pp-table-cell pp-table-cell-aa7e809\"><span class=\"pp-table-cell-content\"><span class=\"pp-table-cell-text\">24<\/span><\/span><\/td>\n<\/tr>\n<tr>\n<td class=\"pp-table-cell pp-table-cell-1f25865\"><span class=\"pp-table-cell-content\"><span class=\"pp-table-cell-text\">O\u010dn\u00ed reli\u00e9f, palce \/ mm<\/span><\/span><\/td>\n<td class=\"pp-table-cell pp-table-cell-c7fe3cd\"><span class=\"pp-table-cell-content\"><span class=\"pp-table-cell-text\">1.77 \/ 45<\/span><\/span><\/td>\n<\/tr>\n<tr>\n<td class=\"pp-table-cell pp-table-cell-cc62bce\"><span class=\"pp-table-cell-content\"><span class=\"pp-table-cell-text\">Pr\u016fm\u011br tubusu, mm<\/span><\/span><\/td>\n<td class=\"pp-table-cell pp-table-cell-0ecaf37\"><span class=\"pp-table-cell-content\"><span class=\"pp-table-cell-text\">30<\/span><\/span><\/td>\n<\/tr>\n<tr>\n<td class=\"pp-table-cell pp-table-cell-dbff3e9\"><span class=\"pp-table-cell-content\"><span class=\"pp-table-cell-text\">Zorn\u00e9 pole, ft@100yds \/ m@100m<\/span><\/span><\/td>\n<td class=\"pp-table-cell pp-table-cell-d33d8ef\"><span class=\"pp-table-cell-content\"><span class=\"pp-table-cell-text\">34 \/ 11.4<\/span><\/span><\/td>\n<\/tr>\n<tr>\n<td class=\"pp-table-cell pp-table-cell-c0c63c5\"><span class=\"pp-table-cell-content\"><span class=\"pp-table-cell-text\">Min. zaost\u0159ovac\u00ed vzd\u00e1lenost, m<\/span><\/span><\/td>\n<td class=\"pp-table-cell pp-table-cell-cd99b46\"><span class=\"pp-table-cell-content\"><span class=\"pp-table-cell-text\">6<\/span><\/span><\/td>\n<\/tr>\n<tr>\n<td class=\"pp-table-cell pp-table-cell-c0ff221\"><span class=\"pp-table-cell-content\"><span class=\"pp-table-cell-text\">Hodnota kliku (MIL \/ MOA \/ cm@100m)<\/span><\/span><\/td>\n<td class=\"pp-table-cell pp-table-cell-59f23db\"><span class=\"pp-table-cell-content\"><span class=\"pp-table-cell-text\">0.1 \/ 0.338 \/ 1<\/span><\/span><\/td>\n<\/tr>\n<tr>\n<td class=\"pp-table-cell pp-table-cell-c0f286a\"><span class=\"pp-table-cell-content\"><span class=\"pp-table-cell-text\">Klik\u016f na ot\u00e1\u010dku<\/span><\/span><\/td>\n<td class=\"pp-table-cell pp-table-cell-e48b19d\"><span class=\"pp-table-cell-content\"><span class=\"pp-table-cell-text\">50<\/span><\/span><\/td>\n<\/tr>\n<tr>\n<td class=\"pp-table-cell pp-table-cell-7796840\"><span class=\"pp-table-cell-content\"><span class=\"pp-table-cell-text\">Posun na ot\u00e1\u010dku (MIL \/ MOA)<\/span><\/span><\/td>\n<td class=\"pp-table-cell pp-table-cell-aa44a69\"><span class=\"pp-table-cell-content\"><span class=\"pp-table-cell-text\">5 \/ 15<\/span><\/span><\/td>\n<\/tr>\n<tr>\n<td class=\"pp-table-cell pp-table-cell-8d83140\"><span class=\"pp-table-cell-content\"><span class=\"pp-table-cell-text\">Max. v\u00fd\u0161kov\u00e1 korekce (MIL \/ MOA)<\/span><\/span><\/td>\n<td class=\"pp-table-cell pp-table-cell-5a3029e\"><span class=\"pp-table-cell-content\"><span class=\"pp-table-cell-text\">28 \/ 83<\/span><\/span><\/td>\n<\/tr>\n<tr>\n<td class=\"pp-table-cell pp-table-cell-e237808\"><span class=\"pp-table-cell-content\"><span class=\"pp-table-cell-text\">Max. stranov\u00e1 korekce (MIL \/ MOA)<\/span><\/span><\/td>\n<td class=\"pp-table-cell pp-table-cell-8f0cd12\"><span class=\"pp-table-cell-content\"><span class=\"pp-table-cell-text\">28 \/ 83<\/span><\/span><\/td>\n<\/tr>\n<tr>\n<td class=\"pp-table-cell pp-table-cell-87ac0ba\"><span class=\"pp-table-cell-content\"><span class=\"pp-table-cell-text\">Rozm\u011bry pu\u0161kohledu, mm<\/span><\/span><\/td>\n<td class=\"pp-table-cell pp-table-cell-517ac24\"><span class=\"pp-table-cell-content\"><span class=\"pp-table-cell-text\">72 x 53 x 130<\/span><\/span><\/td>\n<\/tr>\n<tr>\n<td class=\"pp-table-cell pp-table-cell-38119a6\"><span class=\"pp-table-cell-content\"><span class=\"pp-table-cell-text\">Rozm\u011bry pu\u0161kohledu, in<\/span><\/span><\/td>\n<td class=\"pp-table-cell pp-table-cell-2fd6ab1\"><span class=\"pp-table-cell-content\"><span class=\"pp-table-cell-text\">2,8 x 2,1 x 5,1<\/span><\/span><\/td>\n<\/tr>\n<tr>\n<td class=\"pp-table-cell pp-table-cell-a95e72b\"><span class=\"pp-table-cell-content\"><span class=\"pp-table-cell-text\">Hmotnost (bez mont\u00e1\u017e\u00ed) oz \/ g<\/span><\/span><\/td>\n<td class=\"pp-table-cell pp-table-cell-ca26eb7\"><span class=\"pp-table-cell-content\"><span class=\"pp-table-cell-text\">10.7 \/ 304<\/span><\/span><\/td>\n<\/tr>\n<tr>\n<td class=\"pp-table-cell pp-table-cell-fffcbff\"><span class=\"pp-table-cell-content\"><span class=\"pp-table-cell-text\">Hmotnost (s nastaviteln\u00fdmi MOA mont\u00e1\u017eemi) oz \/ g<\/span><\/span><\/td>\n<td class=\"pp-table-cell pp-table-cell-855f0d6\"><span class=\"pp-table-cell-content\"><span class=\"pp-table-cell-text\">15.3 \/ 434<\/span><\/span><\/td>\n<\/tr>\n<tr>\n<td class=\"pp-table-cell pp-table-cell-d423717\"><span class=\"pp-table-cell-content\"><span class=\"pp-table-cell-text\">Vodot\u011bsn\u00fd, pln\u011bn\u00fd dus\u00edkem<\/span><\/span><\/td>\n<td class=\"pp-table-cell pp-table-cell-4bc21ae\"><span class=\"pp-table-cell-content\"><span class=\"pp-table-cell-text\">ANO<\/span><\/span><\/td>\n<\/tr>\n<tr>\n<td class=\"pp-table-cell pp-table-cell-defa67d\"><span class=\"pp-table-cell-content\"><span class=\"pp-table-cell-text\">Odoln\u00fd proti n\u00e1razu (a\u017e do 600G)<\/span><\/span><\/td>\n<td class=\"pp-table-cell pp-table-cell-77fbf3a\"><span class=\"pp-table-cell-content\"><span class=\"pp-table-cell-text\">ANO<\/span><\/span><\/td>\n<\/tr>\n<\/tbody>\n<\/table>\n","protected":false},"excerpt":{"rendered":"<p>Kompaktn\u00ed pu\u0161kohled s mimo\u0159\u00e1dn\u011b ostr\u00fdm obrazem a zlep\u0161enou propustnost\u00ed sv\u011btla.<\/p>\n","protected":false},"featured_media":5939,"template":"","meta":{"_crdt_document":"","advanced_seo_description":"","jetpack_seo_html_title":"","jetpack_seo_noindex":false},"product_brand":[],"product_cat":[193],"product_tag":[179],"class_list":{"0":"post-6200","1":"product","2":"type-product","3":"status-publish","4":"has-post-thumbnail","6":"product_cat-pu-kohledy","7":"product_tag-eu","9":"first","10":"outofstock","11":"sale","12":"taxable","13":"shipping-taxable","14":"purchasable","15":"product-type-variable"},"jetpack_sharing_enabled":true,"_links":{"self":[{"href":"https:\/\/immersive-optics.com\/cs\/wp-json\/wp\/v2\/product\/6200","targetHints":{"allow":["GET"]}}],"collection":[{"href":"https:\/\/immersive-optics.com\/cs\/wp-json\/wp\/v2\/product"}],"about":[{"href":"https:\/\/immersive-optics.com\/cs\/wp-json\/wp\/v2\/types\/product"}],"wp:featuredmedia":[{"embeddable":true,"href":"https:\/\/immersive-optics.com\/cs\/wp-json\/wp\/v2\/media\/5939"}],"wp:attachment":[{"href":"https:\/\/immersive-optics.com\/cs\/wp-json\/wp\/v2\/media?parent=6200"}],"wp:term":[{"taxonomy":"product_brand","embeddable":true,"href":"https:\/\/immersive-optics.com\/cs\/wp-json\/wp\/v2\/product_brand?post=6200"},{"taxonomy":"product_cat","embeddable":true,"href":"https:\/\/immersive-optics.com\/cs\/wp-json\/wp\/v2\/product_cat?post=6200"},{"taxonomy":"product_tag","embeddable":true,"href":"https:\/\/immersive-optics.com\/cs\/wp-json\/wp\/v2\/product_tag?post=6200"}],"curies":[{"name":"wp","href":"https:\/\/api.w.org\/{rel}","templated":true}]}}