{"id":6194,"date":"2025-12-31T19:41:21","date_gmt":"2025-12-31T19:41:21","guid":{"rendered":"https:\/\/immersive-optics.com\/product\/10x40-prizmatick-pu-kohled-2\/"},"modified":"2026-03-28T14:09:05","modified_gmt":"2026-03-28T14:09:05","slug":"10x40-prizmatick-pu-kohled-2","status":"publish","type":"product","link":"https:\/\/immersive-optics.com\/cs\/produkt\/10x40-prizmatick-pu-kohled-2\/","title":{"rendered":"10&#215;40 Prizmatick\u00fd Pu\u0161kohled"},"content":{"rendered":"<p>Konstrukce modelu Immersive Optics 10X40 umo\u017e\u0148uje v\u00fdrazn\u00e9 sn\u00ed\u017een\u00ed hmotnosti, co\u017e st\u0159elci poskytuje v\u011bt\u0161\u00ed mobilitu a z\u00e1rove\u0148 lep\u0161\u00ed rozlo\u017een\u00ed hmotnosti mezi pu\u0161kohledem a pu\u0161kou, na n\u00ed\u017e je namontov\u00e1n. To zaji\u0161\u0165uje maxim\u00e1ln\u011b pohodln\u00fd st\u0159eleck\u00fd z\u00e1\u017eitek s mo\u017enost\u00ed m\u00ed\u0159it po del\u0161\u00ed dobu bez \u00fanavy \u010di nepohodl\u00ed.<\/p>\n<p>Immersive Optics 10X40 nab\u00edz\u00ed ve srovn\u00e1n\u00ed s tradi\u010dn\u00edmi pu\u0161kohledy 4\u00d7 \u0161ir\u0161\u00ed zorn\u00e9 pole a umo\u017e\u0148uje p\u0159esn\u00e9 zaost\u0159en\u00ed ji\u017e od vzd\u00e1lenosti 6 m bez paralaxy. D\u00edky tomu je ide\u00e1ln\u00edm \u0159e\u0161en\u00edm pro st\u0159elce, kte\u0159\u00ed po\u017eaduj\u00ed vynikaj\u00edc\u00ed optiku i p\u0159i pou\u017eit\u00ed na kr\u00e1tkou vzd\u00e1lenost.<\/p>\n<p>Skla s extra n\u00edzk\u00fdm rozptylem umo\u017e\u0148uj\u00ed tomuto kompaktn\u00edmu pu\u0161kohledu zachovat p\u0159irozen\u00e9 pod\u00e1n\u00ed barev v cel\u00e9m zorn\u00e9m poli, minimalizovat chromatickou aberaci (barevn\u00e9 lemov\u00e1n\u00ed) a poskytovat vysoce \u010dist\u00fd obraz a obrazov\u011b perfektn\u00ed v\u00fdsledky na velk\u00e9 vzd\u00e1lenosti.<\/p>\n<p>Optick\u00e9 kan\u00e1ly pln\u011bn\u00e9 dus\u00edkem poskytuj\u00ed ochranu proti zaml\u017eov\u00e1n\u00ed a spolehliv\u00e9 vodot\u011bsn\u00e9 ut\u011bsn\u011bn\u00ed zaji\u0161\u0165uje odolnost tohoto pu\u0161kohledu proti vlhkosti. Sou\u010d\u00e1st\u00ed je tak\u00e9 chytr\u00fd syst\u00e9m uchycen\u00ed krytky \u010do\u010dky, kter\u00fd dr\u017e\u00ed krytku pohodln\u011b na boku pu\u0161kohledu a mimo pracovn\u00ed prostor, \u010d\u00edm\u017e omezuje ru\u0161en\u00ed p\u0159i st\u0159elb\u011b.<\/p>\n<p>Prizmatick\u00fd pu\u0161kohled 10X40 je podle zvolen\u00e9 varianty vybaven bu\u010f sklen\u011bn\u00fdm leptan\u00fdm podsv\u00edcen\u00fdm z\u00e1m\u011brn\u00fdm k\u0159\u00ed\u017eem Mildot, nebo Mildot Extended, vysoce p\u0159esn\u00fdm ovl\u00e1d\u00e1n\u00edm stranov\u00e9 a v\u00fd\u0161kov\u00e9 korekce a dod\u00e1v\u00e1 se s nastavitelnou MOA mont\u00e1\u017e\u00ed.<\/p>\n<table class=\"pp-table tablesaw\">\n<colgroup>\n<col class=\"elementor-repeater-item-8646819\" span=\"1\" \/><\/colgroup>\n<thead>\n<tr class=\"pp-table-row\">\n<th class=\"pp-table-cell pp-table-cell-683315e\"><span class=\"pp-table-cell-content\"><span class=\"pp-table-cell-text\">Parametr<\/span><\/span><\/th>\n<th class=\"pp-table-cell pp-table-cell-73977f6\"><span class=\"pp-table-cell-content\"><span class=\"pp-table-cell-text\">Hodnota<\/span><\/span><\/th>\n<\/tr>\n<\/thead>\n<tfoot><\/tfoot>\n<tbody>\n<tr>\n<td class=\"pp-table-cell pp-table-cell-33971f9\"><span class=\"pp-table-cell-content\"><span class=\"pp-table-cell-text\">Zv\u011bt\u0161en\u00ed, X<\/span><\/span><\/td>\n<td class=\"pp-table-cell pp-table-cell-3971dda\"><span class=\"pp-table-cell-content\"><span class=\"pp-table-cell-text\">10<\/span><\/span><\/td>\n<\/tr>\n<tr>\n<td class=\"pp-table-cell pp-table-cell-3c2214f\"><span class=\"pp-table-cell-content\"><span class=\"pp-table-cell-text\">Pr\u016fm\u011br objektivu, mm<\/span><\/span><\/td>\n<td class=\"pp-table-cell pp-table-cell-aa7e809\"><span class=\"pp-table-cell-content\"><span class=\"pp-table-cell-text\">40<\/span><\/span><\/td>\n<\/tr>\n<tr>\n<td class=\"pp-table-cell pp-table-cell-1f25865\"><span class=\"pp-table-cell-content\"><span class=\"pp-table-cell-text\">O\u010dn\u00ed reli\u00e9f, palce \/ mm<\/span><\/span><\/td>\n<td class=\"pp-table-cell pp-table-cell-c7fe3cd\"><span class=\"pp-table-cell-content\"><span class=\"pp-table-cell-text\">0.7 \/ 17<\/span><\/span><\/td>\n<\/tr>\n<tr>\n<td class=\"pp-table-cell pp-table-cell-cc62bce\"><span class=\"pp-table-cell-content\"><span class=\"pp-table-cell-text\">Pr\u016fm\u011br tubusu, mm<\/span><\/span><\/td>\n<td class=\"pp-table-cell pp-table-cell-0ecaf37\"><span class=\"pp-table-cell-content\"><span class=\"pp-table-cell-text\">N\/A<\/span><\/span><\/td>\n<\/tr>\n<tr>\n<td class=\"pp-table-cell pp-table-cell-dbff3e9\"><span class=\"pp-table-cell-content\"><span class=\"pp-table-cell-text\">Zorn\u00e9 pole, ft@100yds \/ m@100m<\/span><\/span><\/td>\n<td class=\"pp-table-cell pp-table-cell-d33d8ef\"><span class=\"pp-table-cell-content\"><span class=\"pp-table-cell-text\">34 \/ 11.4<\/span><\/span><\/td>\n<\/tr>\n<tr>\n<td class=\"pp-table-cell pp-table-cell-c0c63c5\"><span class=\"pp-table-cell-content\"><span class=\"pp-table-cell-text\">Min. zaost\u0159ovac\u00ed vzd\u00e1lenost, m<\/span><\/span><\/td>\n<td class=\"pp-table-cell pp-table-cell-cd99b46\"><span class=\"pp-table-cell-content\"><span class=\"pp-table-cell-text\">6<\/span><\/span><\/td>\n<\/tr>\n<tr>\n<td class=\"pp-table-cell pp-table-cell-c0ff221\"><span class=\"pp-table-cell-content\"><span class=\"pp-table-cell-text\">Hodnota kliku (MIL \/ MOA \/ cm@100m)<\/span><\/span><\/td>\n<td class=\"pp-table-cell pp-table-cell-59f23db\"><span class=\"pp-table-cell-content\"><span class=\"pp-table-cell-text\">0.1 \/ 0.338 \/ 1<\/span><\/span><\/td>\n<\/tr>\n<tr>\n<td class=\"pp-table-cell pp-table-cell-c0f286a\"><span class=\"pp-table-cell-content\"><span class=\"pp-table-cell-text\">Klik\u016f na ot\u00e1\u010dku<\/span><\/span><\/td>\n<td class=\"pp-table-cell pp-table-cell-e48b19d\"><span class=\"pp-table-cell-content\"><span class=\"pp-table-cell-text\">50<\/span><\/span><\/td>\n<\/tr>\n<tr>\n<td class=\"pp-table-cell pp-table-cell-7796840\"><span class=\"pp-table-cell-content\"><span class=\"pp-table-cell-text\">Posun na ot\u00e1\u010dku (MIL \/ MOA)<\/span><\/span><\/td>\n<td class=\"pp-table-cell pp-table-cell-aa44a69\"><span class=\"pp-table-cell-content\"><span class=\"pp-table-cell-text\">5 \/ 15<\/span><\/span><\/td>\n<\/tr>\n<tr>\n<td class=\"pp-table-cell pp-table-cell-8d83140\"><span class=\"pp-table-cell-content\"><span class=\"pp-table-cell-text\">Max. v\u00fd\u0161kov\u00e1 korekce (MIL \/ MOA)<\/span><\/span><\/td>\n<td class=\"pp-table-cell pp-table-cell-5a3029e\"><span class=\"pp-table-cell-content\"><span class=\"pp-table-cell-text\">28 \/ 83<\/span><\/span><\/td>\n<\/tr>\n<tr>\n<td class=\"pp-table-cell pp-table-cell-e237808\"><span class=\"pp-table-cell-content\"><span class=\"pp-table-cell-text\">Max. stranov\u00e1 korekce (MIL \/ MOA)<\/span><\/span><\/td>\n<td class=\"pp-table-cell pp-table-cell-8f0cd12\"><span class=\"pp-table-cell-content\"><span class=\"pp-table-cell-text\">28 \/ 83<\/span><\/span><\/td>\n<\/tr>\n<tr>\n<td class=\"pp-table-cell pp-table-cell-87ac0ba\"><span class=\"pp-table-cell-content\"><span class=\"pp-table-cell-text\">Rozm\u011bry pu\u0161kohledu, mm<\/span><\/span><\/td>\n<td class=\"pp-table-cell pp-table-cell-517ac24\"><span class=\"pp-table-cell-content\"><span class=\"pp-table-cell-text\">80 x 60 x 135<\/span><\/span><\/td>\n<\/tr>\n<tr>\n<td class=\"pp-table-cell pp-table-cell-38119a6\"><span class=\"pp-table-cell-content\"><span class=\"pp-table-cell-text\">Rozm\u011bry pu\u0161kohledu, in<\/span><\/span><\/td>\n<td class=\"pp-table-cell pp-table-cell-2fd6ab1\"><span class=\"pp-table-cell-content\"><span class=\"pp-table-cell-text\">3,1 x 2,5 x 6,1<\/span><\/span><\/td>\n<\/tr>\n<tr>\n<td class=\"pp-table-cell pp-table-cell-a95e72b\"><span class=\"pp-table-cell-content\"><span class=\"pp-table-cell-text\">Hmotnost (bez mont\u00e1\u017e\u00ed) oz \/ g<\/span><\/span><\/td>\n<td class=\"pp-table-cell pp-table-cell-ca26eb7\"><span class=\"pp-table-cell-content\"><span class=\"pp-table-cell-text\">N\/A<\/span><\/span><\/td>\n<\/tr>\n<tr>\n<td class=\"pp-table-cell pp-table-cell-fffcbff\"><span class=\"pp-table-cell-content\"><span class=\"pp-table-cell-text\">Hmotnost (s nastaviteln\u00fdmi MOA mont\u00e1\u017eemi) oz \/ g<\/span><\/span><\/td>\n<td class=\"pp-table-cell pp-table-cell-855f0d6\"><span class=\"pp-table-cell-content\"><span class=\"pp-table-cell-text\">17,1 \/ 485<\/span><\/span><\/td>\n<\/tr>\n<tr>\n<td class=\"pp-table-cell pp-table-cell-d423717\"><span class=\"pp-table-cell-content\"><span class=\"pp-table-cell-text\">Vodot\u011bsn\u00fd, pln\u011bn\u00fd dus\u00edkem<\/span><\/span><\/td>\n<td class=\"pp-table-cell pp-table-cell-4bc21ae\"><span class=\"pp-table-cell-content\"><span class=\"pp-table-cell-text\">ANO<\/span><\/span><\/td>\n<\/tr>\n<tr>\n<td class=\"pp-table-cell pp-table-cell-defa67d\"><span class=\"pp-table-cell-content\"><span class=\"pp-table-cell-text\">Odoln\u00fd proti n\u00e1razu (a\u017e do 600G)<\/span><\/span><\/td>\n<td class=\"pp-table-cell pp-table-cell-77fbf3a\"><span class=\"pp-table-cell-content\"><span class=\"pp-table-cell-text\">N\/A<\/span><\/span><\/td>\n<\/tr>\n<\/tbody>\n<\/table>\n","protected":false},"excerpt":{"rendered":"<p>Prizmatick\u00fd pu\u0161kohled 10\u00d740 je ide\u00e1ln\u00ed pro pou\u017eit\u00ed na kompaktn\u00edch pu\u0161k\u00e1ch nebo vzduchovk\u00e1ch se st\u0159edn\u00edm a\u017e n\u00edzk\u00fdm zp\u011btn\u00fdm r\u00e1zem. D\u00edky prizmatick\u00e9mu optick\u00e9mu syst\u00e9mu m\u00e1 ve srovn\u00e1n\u00ed s tradi\u010dn\u00ed denn\u00ed optikou men\u0161\u00ed rozm\u011bry, proto\u017ee eliminuje obvykle velk\u00fd objektiv, prodlou\u017een\u00e9 t\u011blo a dlouh\u00fd o\u010dn\u00ed reli\u00e9f, ani\u017e by sni\u017eoval sv\u011bteln\u00fd v\u00fdkon, zv\u011bt\u0161en\u00ed nebo zorn\u00e9 pole.<\/p>\n","protected":false},"featured_media":6183,"template":"","meta":{"_crdt_document":"","advanced_seo_description":"","jetpack_seo_html_title":"","jetpack_seo_noindex":false},"product_brand":[],"product_cat":[193],"product_tag":[179],"class_list":{"0":"post-6194","1":"product","2":"type-product","3":"status-publish","4":"has-post-thumbnail","6":"product_cat-pu-kohledy","7":"product_tag-eu","9":"first","10":"outofstock","11":"sale","12":"taxable","13":"shipping-taxable","14":"purchasable","15":"product-type-variable"},"jetpack_sharing_enabled":true,"_links":{"self":[{"href":"https:\/\/immersive-optics.com\/cs\/wp-json\/wp\/v2\/product\/6194","targetHints":{"allow":["GET"]}}],"collection":[{"href":"https:\/\/immersive-optics.com\/cs\/wp-json\/wp\/v2\/product"}],"about":[{"href":"https:\/\/immersive-optics.com\/cs\/wp-json\/wp\/v2\/types\/product"}],"wp:featuredmedia":[{"embeddable":true,"href":"https:\/\/immersive-optics.com\/cs\/wp-json\/wp\/v2\/media\/6183"}],"wp:attachment":[{"href":"https:\/\/immersive-optics.com\/cs\/wp-json\/wp\/v2\/media?parent=6194"}],"wp:term":[{"taxonomy":"product_brand","embeddable":true,"href":"https:\/\/immersive-optics.com\/cs\/wp-json\/wp\/v2\/product_brand?post=6194"},{"taxonomy":"product_cat","embeddable":true,"href":"https:\/\/immersive-optics.com\/cs\/wp-json\/wp\/v2\/product_cat?post=6194"},{"taxonomy":"product_tag","embeddable":true,"href":"https:\/\/immersive-optics.com\/cs\/wp-json\/wp\/v2\/product_tag?post=6194"}],"curies":[{"name":"wp","href":"https:\/\/api.w.org\/{rel}","templated":true}]}}