{"id":5713,"date":"2025-12-08T14:51:28","date_gmt":"2025-12-08T14:51:28","guid":{"rendered":"https:\/\/immersive-optics.com\/product\/prismatick-pu-kohled-5x30\/"},"modified":"2026-03-28T13:11:35","modified_gmt":"2026-03-28T13:11:35","slug":"prismatick-pu-kohled-5x30","status":"publish","type":"product","link":"https:\/\/immersive-optics.com\/cs\/produkt\/prismatick-pu-kohled-5x30\/","title":{"rendered":"5&#215;30 Prizmatick\u00fd Pu\u0161kohled"},"content":{"rendered":"<p>Lehk\u00fd a kompaktn\u00ed pu\u0161kohled ve stylu CQB se st\u0159edn\u00edm o\u010dn\u00edm reli\u00e9fem (45 mm) pro r\u016fzn\u00e9 r\u00e1\u017ee. Zorn\u00e9 pole je minim\u00e1ln\u011b 2\u00d7 \u0161ir\u0161\u00ed ne\u017e u tradi\u010dn\u00edch pu\u0161kohled\u016f. <\/p>\n<p>Kompaktn\u00ed zam\u011b\u0159ova\u010d s nejost\u0159ej\u0161\u00edm obrazem a lep\u0161\u00edm p\u0159enosem sv\u011btla. Jasn\u00fd obraz pro pou\u017eit\u00ed od \u00fasvitu do soumraku. <\/p>\n<p>Dod\u00e1v\u00e1no se sadou mont\u00e1\u017e\u00ed nastaviteln\u00fdch v MOA.<\/p>\n<p>Prismatick\u00e1 konstrukce n\u00e1m umo\u017e\u0148uje vyr\u00e1b\u011bt mnohem kompaktn\u011bj\u0161\u00ed a leh\u010d\u00ed pu\u0161kohledy s vynikaj\u00edc\u00edm optick\u00fdm v\u00fdkonem. Kompaktn\u00ed rozm\u011bry umo\u017e\u0148uj\u00ed mnohem lep\u0161\u00ed rozlo\u017een\u00ed hmotnosti zbran\u011b a pu\u0161kohledu. P\u0159enesen\u00ed v\u00e1hy v\u00edce dozadu v\u00fdrazn\u011b sni\u017euje \u00fanavu, co\u017e st\u0159elci umo\u017e\u0148uje z\u016fstat venku d\u00e9le a st\u0159\u00edlet p\u0159esn\u011bji.<\/p>\n<p>Hlavn\u00ed technologie:<\/p>\n<ul>\n<li>minim\u00e1ln\u011b 2\u00d7 \u0161ir\u0161\u00ed zorn\u00e9 pole ve srovn\u00e1n\u00ed s tradi\u010dn\u00edmi zam\u011b\u0159ova\u010di<\/li>\n<li>d\u00e9lka pouze 130 mm<\/li>\n<li>ost\u0159en\u00ed ji\u017e od 6 metr\u016f<\/li>\n<li>ED sklo (s n\u00edzk\u00fdm rozptylem) a precizn\u00ed mechanika obr\u00e1b\u011bn\u00e1 na CNC<\/li>\n<li>0,1 MRAD v\u011b\u017ei\u010dky odpov\u00eddaj\u00edc\u00ed z\u00e1m\u011brn\u00fdm osnov\u00e1m MILDOT<\/li>\n<\/ul>\n<table class=\"pp-table tablesaw\">\n<colgroup>\n<col class=\"elementor-repeater-item-8646819\" span=\"1\"><\/colgroup>\n<thead>\n<tr class=\"pp-table-row\">\n<th class=\"pp-table-cell pp-table-cell-683315e\"><span class=\"pp-table-cell-content\"><span class=\"pp-table-cell-text\">Parametr<\/span><\/span><\/th>\n<th class=\"pp-table-cell pp-table-cell-73977f6\"><span class=\"pp-table-cell-content\"><span class=\"pp-table-cell-text\">Hodnota<\/span><\/span><\/th>\n<\/tr>\n<\/thead>\n<tfoot><\/tfoot>\n<tbody>\n<tr>\n<td class=\"pp-table-cell pp-table-cell-33971f9\"><span class=\"pp-table-cell-content\"><span class=\"pp-table-cell-text\">Zv\u011bt\u0161en\u00ed, X<\/span><\/span><\/td>\n<td class=\"pp-table-cell pp-table-cell-3971dda\"><span class=\"pp-table-cell-content\"><span class=\"pp-table-cell-text\">5<\/span><\/span><\/td>\n<\/tr>\n<tr>\n<td class=\"pp-table-cell pp-table-cell-3c2214f\"><span class=\"pp-table-cell-content\"><span class=\"pp-table-cell-text\">Pr\u016fm\u011br objektivu, mm<\/span><\/span><\/td>\n<td class=\"pp-table-cell pp-table-cell-aa7e809\"><span class=\"pp-table-cell-content\"><span class=\"pp-table-cell-text\">30<\/span><\/span><\/td>\n<\/tr>\n<tr>\n<td class=\"pp-table-cell pp-table-cell-1f25865\"><span class=\"pp-table-cell-content\"><span class=\"pp-table-cell-text\">O\u010dn\u00ed reli\u00e9f, palce \/ mm<\/span><\/span><\/td>\n<td class=\"pp-table-cell pp-table-cell-c7fe3cd\"><span class=\"pp-table-cell-content\"><span class=\"pp-table-cell-text\">1,77 \/ 45<\/span><\/span><\/td>\n<\/tr>\n<tr>\n<td class=\"pp-table-cell pp-table-cell-cc62bce\"><span class=\"pp-table-cell-content\"><span class=\"pp-table-cell-text\">Pr\u016fm\u011br tubusu, mm<\/span><\/span><\/td>\n<td class=\"pp-table-cell pp-table-cell-0ecaf37\"><span class=\"pp-table-cell-content\"><span class=\"pp-table-cell-text\">34<\/span><\/span><\/td>\n<\/tr>\n<tr>\n<td class=\"pp-table-cell pp-table-cell-dbff3e9\"><span class=\"pp-table-cell-content\"><span class=\"pp-table-cell-text\">Zorn\u00e9 pole, ft@100yds \/ m@100m<\/span><\/span><\/td>\n<td class=\"pp-table-cell pp-table-cell-d33d8ef\"><span class=\"pp-table-cell-content\"><span class=\"pp-table-cell-text\">37 \/ 12<\/span><\/span><\/td>\n<\/tr>\n<tr>\n<td class=\"pp-table-cell pp-table-cell-c0c63c5\"><span class=\"pp-table-cell-content\"><span class=\"pp-table-cell-text\">Minim\u00e1ln\u00ed ost\u0159en\u00ed, m<\/span><\/span><\/td>\n<td class=\"pp-table-cell pp-table-cell-cd99b46\"><span class=\"pp-table-cell-content\"><span class=\"pp-table-cell-text\">6<\/span><\/span><\/td>\n<\/tr>\n<tr>\n<td class=\"pp-table-cell pp-table-cell-c0ff221\"><span class=\"pp-table-cell-content\"><span class=\"pp-table-cell-text\">Hodnota kliku (MIL \/ MOA \/ cm@100m)<\/span><\/span><\/td>\n<td class=\"pp-table-cell pp-table-cell-59f23db\"><span class=\"pp-table-cell-content\"><span class=\"pp-table-cell-text\">0,1 \/ 0,338 \/ 1<\/span><\/span><\/td>\n<\/tr>\n<tr>\n<td class=\"pp-table-cell pp-table-cell-c0f286a\"><span class=\"pp-table-cell-content\"><span class=\"pp-table-cell-text\">Klik\u016f na ot\u00e1\u010dku<\/span><\/span><\/td>\n<td class=\"pp-table-cell pp-table-cell-e48b19d\"><span class=\"pp-table-cell-content\"><span class=\"pp-table-cell-text\">50<\/span><\/span><\/td>\n<\/tr>\n<tr>\n<td class=\"pp-table-cell pp-table-cell-7796840\"><span class=\"pp-table-cell-content\"><span class=\"pp-table-cell-text\">Rozsah na ot\u00e1\u010dku (MIL \/ MOA)<\/span><\/span><\/td>\n<td class=\"pp-table-cell pp-table-cell-aa44a69\"><span class=\"pp-table-cell-content\"><span class=\"pp-table-cell-text\">5 \/ 15<\/span><\/span><\/td>\n<\/tr>\n<tr>\n<td class=\"pp-table-cell pp-table-cell-8d83140\"><span class=\"pp-table-cell-content\"><span class=\"pp-table-cell-text\">Max. v\u00fd\u0161kov\u00e1 korekce (MIL \/ MOA)<\/span><\/span><\/td>\n<td class=\"pp-table-cell pp-table-cell-5a3029e\"><span class=\"pp-table-cell-content\"><span class=\"pp-table-cell-text\">28 \/ 83<\/span><\/span><\/td>\n<\/tr>\n<tr>\n<td class=\"pp-table-cell pp-table-cell-e237808\"><span class=\"pp-table-cell-content\"><span class=\"pp-table-cell-text\">Max. stranov\u00e1 korekce (MIL \/ MOA)<\/span><\/span><\/td>\n<td class=\"pp-table-cell pp-table-cell-8f0cd12\"><span class=\"pp-table-cell-content\"><span class=\"pp-table-cell-text\">28 \/ 83<\/span><\/span><\/td>\n<\/tr>\n<tr>\n<td class=\"pp-table-cell pp-table-cell-87ac0ba\"><span class=\"pp-table-cell-content\"><span class=\"pp-table-cell-text\">Rozm\u011bry zam\u011b\u0159ova\u010de, mm<\/span><\/span><\/td>\n<td class=\"pp-table-cell pp-table-cell-517ac24\"><span class=\"pp-table-cell-content\"><span class=\"pp-table-cell-text\">72 x 53 x 130<\/span><\/span><\/td>\n<\/tr>\n<tr>\n<td class=\"pp-table-cell pp-table-cell-38119a6\"><span class=\"pp-table-cell-content\"><span class=\"pp-table-cell-text\">Rozm\u011bry zam\u011b\u0159ova\u010de, in<\/span><\/span><\/td>\n<td class=\"pp-table-cell pp-table-cell-2fd6ab1\"><span class=\"pp-table-cell-content\"><span class=\"pp-table-cell-text\">2,8 x 2,1 x 5,1<\/span><\/span><\/td>\n<\/tr>\n<tr>\n<td class=\"pp-table-cell pp-table-cell-a95e72b\"><span class=\"pp-table-cell-content\"><span class=\"pp-table-cell-text\">Hmotnost (bez mont\u00e1\u017e\u00ed) oz \/ g<\/span><\/span><\/td>\n<td class=\"pp-table-cell pp-table-cell-ca26eb7\"><span class=\"pp-table-cell-content\"><span class=\"pp-table-cell-text\">11,8 \/ 336<\/span><\/span><\/td>\n<\/tr>\n<tr>\n<td class=\"pp-table-cell pp-table-cell-fffcbff\"><span class=\"pp-table-cell-content\"><span class=\"pp-table-cell-text\">Hmotnost (s MOA nastaviteln\u00fdmi mont\u00e1\u017eemi) oz \/ g<\/span><\/span><\/td>\n<td class=\"pp-table-cell pp-table-cell-855f0d6\"><span class=\"pp-table-cell-content\"><span class=\"pp-table-cell-text\">15,8 \/ 450<\/span><\/span><\/td>\n<\/tr>\n<tr>\n<td class=\"pp-table-cell pp-table-cell-d423717\"><span class=\"pp-table-cell-content\"><span class=\"pp-table-cell-text\">Vodot\u011bsn\u00fd a pln\u011bn\u00fd dus\u00edkem<\/span><\/span><\/td>\n<td class=\"pp-table-cell pp-table-cell-4bc21ae\"><span class=\"pp-table-cell-content\"><span class=\"pp-table-cell-text\">ANO<\/span><\/span><\/td>\n<\/tr>\n<tr>\n<td class=\"pp-table-cell pp-table-cell-defa67d\"><span class=\"pp-table-cell-content\"><span class=\"pp-table-cell-text\">Odolnost proti n\u00e1razu (do 600 G)<\/span><\/span><\/td>\n<td class=\"pp-table-cell pp-table-cell-77fbf3a\"><span class=\"pp-table-cell-content\"><span class=\"pp-table-cell-text\">ANO<\/span><\/span><\/td>\n<\/tr>\n<\/tbody>\n<\/table>\n","protected":false},"excerpt":{"rendered":"<p>Kompaktn\u00ed zam\u011b\u0159ova\u010d s nejost\u0159ej\u0161\u00edm obrazem a lep\u0161\u00edm p\u0159enosem sv\u011btla.<\/p>\n","protected":false},"featured_media":5714,"template":"","meta":{"_crdt_document":"","advanced_seo_description":"","jetpack_seo_html_title":"","jetpack_seo_noindex":false},"product_brand":[],"product_cat":[193],"product_tag":[179],"class_list":{"0":"post-5713","1":"product","2":"type-product","3":"status-publish","4":"has-post-thumbnail","6":"product_cat-pu-kohledy","7":"product_tag-eu","9":"first","10":"outofstock","11":"sale","12":"taxable","13":"shipping-taxable","14":"purchasable","15":"product-type-variable"},"jetpack_sharing_enabled":true,"_links":{"self":[{"href":"https:\/\/immersive-optics.com\/cs\/wp-json\/wp\/v2\/product\/5713","targetHints":{"allow":["GET"]}}],"collection":[{"href":"https:\/\/immersive-optics.com\/cs\/wp-json\/wp\/v2\/product"}],"about":[{"href":"https:\/\/immersive-optics.com\/cs\/wp-json\/wp\/v2\/types\/product"}],"wp:featuredmedia":[{"embeddable":true,"href":"https:\/\/immersive-optics.com\/cs\/wp-json\/wp\/v2\/media\/5714"}],"wp:attachment":[{"href":"https:\/\/immersive-optics.com\/cs\/wp-json\/wp\/v2\/media?parent=5713"}],"wp:term":[{"taxonomy":"product_brand","embeddable":true,"href":"https:\/\/immersive-optics.com\/cs\/wp-json\/wp\/v2\/product_brand?post=5713"},{"taxonomy":"product_cat","embeddable":true,"href":"https:\/\/immersive-optics.com\/cs\/wp-json\/wp\/v2\/product_cat?post=5713"},{"taxonomy":"product_tag","embeddable":true,"href":"https:\/\/immersive-optics.com\/cs\/wp-json\/wp\/v2\/product_tag?post=5713"}],"curies":[{"name":"wp","href":"https:\/\/api.w.org\/{rel}","templated":true}]}}