{"id":5619,"date":"2026-03-13T21:32:08","date_gmt":"2026-03-13T21:32:08","guid":{"rendered":"https:\/\/immersive-optics.com\/product\/krytka-okul-ru-s-indik-torem-sklonu-lev\/"},"modified":"2026-03-26T13:21:25","modified_gmt":"2026-03-26T13:21:25","slug":"krytka-okul-ru-s-indik-torem-sklonu-lev","status":"publish","type":"product","link":"https:\/\/immersive-optics.com\/cs\/produkt\/krytka-okul-ru-s-indik-torem-sklonu-lev\/","title":{"rendered":"Krytka okul\u00e1ru s indik\u00e1torem sklonu (LEV\u00c1)"},"content":{"rendered":"<p data-start=\"178\" data-end=\"319\">Tato inovativn\u00ed krytka okul\u00e1ru m\u011bn\u00ed zp\u016fsob kontroly n\u00e1klonu pu\u0161ky \u2013 kombinuje robustn\u00ed ochranu s praktick\u00fdm optick\u00fdm vylep\u0161en\u00edm.<\/p>\n<p data-start=\"321\" data-end=\"633\">V zav\u0159en\u00e9m stavu slou\u017e\u00ed jako odoln\u00fd ochrann\u00fd kryt okul\u00e1ru pu\u0161kohledu, kter\u00fd chr\u00e1n\u00ed optiku p\u0159ed ne\u010distotami a n\u00e1razy p\u0159i p\u0159eprav\u011b i v ter\u00e9nu. Po odklopen\u00ed v\u0161ak odhal\u00ed svou unik\u00e1tn\u00ed funkci: integrovanou optickou \u010do\u010dku sm\u011b\u0159uj\u00edc\u00ed ke st\u0159elci. <\/p>\n<p data-start=\"635\" data-end=\"1134\">Tato p\u0159\u00eddavn\u00e1 \u010do\u010dka prom\u00edt\u00e1 bublinovou vodov\u00e1hu do stejn\u00e9 ohniskov\u00e9 roviny jako obraz c\u00edle pozorovan\u00fd skrz pu\u0161kohled. D\u00edky tomu lze n\u00e1klon pu\u0161ky okam\u017eit\u011b zkontrolovat lehk\u00fdm pohledem doleva \u2013 bez nutnosti op\u011btovn\u00e9ho zaost\u0159ov\u00e1n\u00ed oka, pohybu hlavy nebo zm\u011bny st\u0159eleck\u00e9 pozice. Na rozd\u00edl od tradi\u010dn\u00edch extern\u011b montovan\u00fdch bublinov\u00fdch vodov\u00e1h, kter\u00e9 vy\u017eaduj\u00ed znateln\u00fd pohyb hlavy a posun vizu\u00e1ln\u00edho zam\u011b\u0159en\u00ed, toto \u0159e\u0161en\u00ed uchov\u00e1v\u00e1 v\u0161echny d\u016fle\u017eit\u00e9 vizu\u00e1ln\u00ed informace tam, kde pat\u0159\u00ed: p\u0159\u00edmo v zorn\u00e9m poli st\u0159elce.  <\/p>\n<p data-start=\"1136\" data-end=\"1545\">V\u00fdsledkem je rychlej\u0161\u00ed kontrola, m\u00e9n\u011b rozptylov\u00e1n\u00ed a lep\u0161\u00ed konzistence, zejm\u00e9na p\u0159i p\u0159esn\u00e9 st\u0159elb\u011b, kde chyby v n\u00e1klonu v\u00fdrazn\u011b ovliv\u0148uj\u00ed bod dopadu. Integrac\u00ed indik\u00e1toru n\u00e1klonu do b\u011b\u017en\u00e9 sou\u010d\u00e1sti \u2013 krytky okul\u00e1ru \u2013 p\u0159in\u00e1\u0161\u00ed tento produkt elegantn\u00ed vylep\u0161en\u00ed oproti klasick\u00fdm \u0159e\u0161en\u00edm, a to bez zbyte\u010dn\u00e9ho zv\u011bt\u0161ov\u00e1n\u00ed nebo komplikov\u00e1n\u00ed tv\u00e9 v\u00fdbavy. <\/p>\n<p data-start=\"1136\" data-end=\"1545\">Krytka je vyrobena z pevn\u00e9ho polymeru se sklen\u011bn\u00fdmi optick\u00fdmi prvky. Dod\u00e1v\u00e1 se se sadou distan\u010dn\u00edch podlo\u017eek pro instalaci krytky na okul\u00e1ry o pr\u016fm\u011bru od 41 do 46 mm. <\/p>\n<p data-start=\"1547\" data-end=\"1695\" data-is-last-node=\"\" data-is-only-node=\"\">Zkr\u00e1tka to nen\u00ed jen ochrann\u00e1 krytka, ale funk\u010dn\u00ed optick\u00fd upgrade navr\u017een\u00fd tak, aby byla p\u0159esn\u00e1 st\u0159elba jednodu\u0161\u0161\u00ed, rychlej\u0161\u00ed a intuitivn\u011bj\u0161\u00ed.<\/p>\n","protected":false},"excerpt":{"rendered":"<p data-start=\"178\" data-end=\"319\">Poda\u0159ilo se n\u00e1m za\u010dlenit pokro\u010dil\u00fd optick\u00fd modul do tvarov\u00e9ho faktoru konven\u010dn\u00ed v\u00fdklopn\u00e9 ochrann\u00e9 krytky. Prom\u00edt\u00e1 obraz v bublinov\u00e9 vodov\u00e1ze do zorn\u00e9ho pole u\u017eivatele, co\u017e umo\u017e\u0148uje sledov\u00e1n\u00ed p\u0159ev\u00fd\u0161en\u00ed bez nutnosti p\u0159eost\u0159ov\u00e1n\u00ed nebo zm\u011bny polohy hlavy p\u0159i m\u00ed\u0159en\u00ed zam\u011b\u0159ova\u010dem. <\/p>\n<p data-start=\"178\" data-end=\"319\">Tato <strong>LEV\u00c1<\/strong> varianta je ur\u010dena pro u\u017eivatele, kte\u0159\u00ed preferuj\u00ed otev\u00edr\u00e1n\u00ed ochrann\u00e9ho krytu doleva, co\u017e poskytuje lep\u0161\u00ed v\u00fdhled na eleva\u010dn\u00ed v\u011b\u017e m\u00ed\u0159idel.<\/p>\n<p data-start=\"321\" data-end=\"633\">\n","protected":false},"featured_media":5620,"template":"","meta":{"_crdt_document":"","advanced_seo_description":"","jetpack_seo_html_title":"","jetpack_seo_noindex":false},"product_brand":[],"product_cat":[171],"product_tag":[179],"class_list":{"0":"post-5619","1":"product","2":"type-product","3":"status-publish","4":"has-post-thumbnail","6":"product_cat-p-slu-enstv","7":"product_tag-eu","9":"first","10":"outofstock","11":"taxable","12":"shipping-taxable","13":"purchasable","14":"product-type-variable"},"jetpack_sharing_enabled":true,"_links":{"self":[{"href":"https:\/\/immersive-optics.com\/cs\/wp-json\/wp\/v2\/product\/5619","targetHints":{"allow":["GET"]}}],"collection":[{"href":"https:\/\/immersive-optics.com\/cs\/wp-json\/wp\/v2\/product"}],"about":[{"href":"https:\/\/immersive-optics.com\/cs\/wp-json\/wp\/v2\/types\/product"}],"wp:featuredmedia":[{"embeddable":true,"href":"https:\/\/immersive-optics.com\/cs\/wp-json\/wp\/v2\/media\/5620"}],"wp:attachment":[{"href":"https:\/\/immersive-optics.com\/cs\/wp-json\/wp\/v2\/media?parent=5619"}],"wp:term":[{"taxonomy":"product_brand","embeddable":true,"href":"https:\/\/immersive-optics.com\/cs\/wp-json\/wp\/v2\/product_brand?post=5619"},{"taxonomy":"product_cat","embeddable":true,"href":"https:\/\/immersive-optics.com\/cs\/wp-json\/wp\/v2\/product_cat?post=5619"},{"taxonomy":"product_tag","embeddable":true,"href":"https:\/\/immersive-optics.com\/cs\/wp-json\/wp\/v2\/product_tag?post=5619"}],"curies":[{"name":"wp","href":"https:\/\/api.w.org\/{rel}","templated":true}]}}