{"id":5899,"date":"2026-03-26T15:14:25","date_gmt":"2026-03-26T15:14:25","guid":{"rendered":"https:\/\/immersive-optics.com\/z-sady-ochrany-osobn-ch-daj\/"},"modified":"2026-03-26T15:14:28","modified_gmt":"2026-03-26T15:14:28","slug":"z-sady-ochrany-osobn-ch-daj","status":"publish","type":"page","link":"https:\/\/immersive-optics.com\/cs\/z-sady-ochrany-osobn-ch-daj\/","title":{"rendered":"Z\u00e1sady ochrany osobn\u00edch \u00fadaj\u016f"},"content":{"rendered":"\t\t<div data-elementor-type=\"wp-page\" data-elementor-id=\"5899\" class=\"elementor elementor-5899 elementor-1694\" data-elementor-post-type=\"page\">\n\t\t\t\t\t\t<section class=\"elementor-section elementor-top-section elementor-element elementor-element-31929323 elementor-section-boxed elementor-section-height-default elementor-section-height-default\" data-id=\"31929323\" data-element_type=\"section\" data-e-type=\"section\">\n\t\t\t\t\t\t<div class=\"elementor-container elementor-column-gap-default\">\n\t\t\t\t\t<div class=\"elementor-column elementor-col-100 elementor-top-column elementor-element elementor-element-6c23bc25\" data-id=\"6c23bc25\" data-element_type=\"column\" data-e-type=\"column\">\n\t\t\t<div class=\"elementor-widget-wrap elementor-element-populated\">\n\t\t\t\t\t\t<div class=\"elementor-element elementor-element-6707783b elementor-widget elementor-widget-image\" data-id=\"6707783b\" data-element_type=\"widget\" data-e-type=\"widget\" data-widget_type=\"image.default\">\n\t\t\t\t<div class=\"elementor-widget-container\">\n\t\t\t\t\t\t\t\t\t\t\t\t\t\t\t<img fetchpriority=\"high\" decoding=\"async\" width=\"1370\" height=\"276\" src=\"https:\/\/immersive-optics.com\/wp-content\/uploads\/2021\/07\/Policy.svg\" class=\"attachment-full size-full wp-image-5900\" alt=\"\" \/>\t\t\t\t\t\t\t\t\t\t\t\t\t\t\t<\/div>\n\t\t\t\t<\/div>\n\t\t\t\t<div class=\"elementor-element elementor-element-3a652b12 elementor-widget elementor-widget-heading\" data-id=\"3a652b12\" data-element_type=\"widget\" data-e-type=\"widget\" data-widget_type=\"heading.default\">\n\t\t\t\t<div class=\"elementor-widget-container\">\n\t\t\t\t\t<h1 class=\"elementor-heading-title elementor-size-default\">    Z\u00e1sady ochrany osobn\u00edch \u00fadaj\u016f<\/h1>\t\t\t\t<\/div>\n\t\t\t\t<\/div>\n\t\t\t\t<div class=\"elementor-element elementor-element-16e6747c elementor-widget elementor-widget-text-editor\" data-id=\"16e6747c\" data-element_type=\"widget\" data-e-type=\"widget\" data-widget_type=\"text-editor.default\">\n\t\t\t\t<div class=\"elementor-widget-container\">\n\t\t\t\t\t\t\t\t\t<p>Z\u00e1sady ochrany osobn\u00edch \u00fadaj\u016f a pou\u017e\u00edv\u00e1n\u00ed soubor\u016f cookie spole\u010dnosti Immersive Optics Ltd<\/p><p><strong>\u00da\u010del t\u011bchto z\u00e1sad.<\/strong><\/p><p>Spole\u010dnost Immersive Optics Limited se zavazuje chr\u00e1nit va\u0161e soukrom\u00ed a respektuje va\u0161e pr\u00e1vo na spr\u00e1vu va\u0161ich osobn\u00edch \u00fadaj\u016f. Na\u0161e z\u00e1sady ochrany osobn\u00edch \u00fadaj\u016f podrobn\u011b popisuj\u00ed informace, kter\u00e9 shroma\u017e\u010fujeme, jak je budeme pou\u017e\u00edvat a jak je budeme chr\u00e1nit. <\/p><p><strong>Informace, kter\u00e9 m\u016f\u017eeme shroma\u017e\u010fovat.<\/strong><\/p><p>V pr\u016fb\u011bhu poskytov\u00e1n\u00ed na\u0161ich produkt\u016f a slu\u017eeb shroma\u017e\u010fujeme o v\u00e1s informace t\u00edm, \u017ee si od v\u00e1s vy\u017e\u00e1d\u00e1me nebo jinak z\u00edsk\u00e1me informace, kter\u00e9 m\u016f\u017eeme d\u016fvodn\u011b pot\u0159ebovat zn\u00e1t, abychom v\u00e1m mohli produkty a slu\u017eby poskytovat z\u00e1konn\u00fdm zp\u016fsobem a na odpov\u00eddaj\u00edc\u00ed \u00farovni.<\/p><p>M\u016f\u017eeme shroma\u017e\u010fovat informace, kter\u00e9 n\u00e1m dobrovoln\u011b poskytnete, jako nap\u0159\u00edklad va\u0161e jm\u00e9no, telefonn\u00ed \u010d\u00edslo, e-mailovou adresu a finan\u010dn\u00ed informace, kdy\u017e s n\u00e1mi jak\u00fdmkoli zp\u016fsobem komunikujete nebo n\u00e1s kontaktujete.<\/p><p>We may ask you to complete documents and forms in order to apply for a trading account; to request a dealer website login; to complete occasional surveys in order to improve our services to you, although this is not compulsory; to request to receive newsletters, product information and event activities; to participate in competitions and promotional activities.<\/p><p>Stejn\u011b jako u v\u011bt\u0161iny ostatn\u00edch webov\u00fdch str\u00e1nek automaticky shroma\u017e\u010fujeme a pou\u017e\u00edv\u00e1me data obsa\u017een\u00e1 v souborech protokolu. Informace v souborech protokolu zahrnuj\u00ed va\u0161i IP adresu (internetov\u00fd protokol), va\u0161eho poskytovatele internetov\u00fdch slu\u017eeb (ISP), prohl\u00ed\u017ee\u010d, kter\u00fd jste pou\u017eili k n\u00e1v\u0161t\u011bv\u011b na\u0161ich str\u00e1nek, \u010das va\u0161\u00ed n\u00e1v\u0161t\u011bvy na\u0161ich str\u00e1nek a kter\u00e9 str\u00e1nky jste na na\u0161ich str\u00e1nk\u00e1ch nav\u0161t\u00edvili. <\/p><p>Soubory cookie jsou textov\u00e9 soubory ukl\u00e1dan\u00e9 do va\u0161eho po\u010d\u00edta\u010de za \u00fa\u010delem shroma\u017e\u010fov\u00e1n\u00ed standardn\u00edch informac\u00ed z internetov\u00fdch protokol\u016f a informac\u00ed o chov\u00e1n\u00ed n\u00e1v\u0161t\u011bvn\u00edk\u016f. Tyto informace se pou\u017e\u00edvaj\u00ed ke sledov\u00e1n\u00ed pou\u017e\u00edv\u00e1n\u00ed webov\u00fdch str\u00e1nek n\u00e1v\u0161t\u011bvn\u00edky a k sestavov\u00e1n\u00ed statistick\u00fdch zpr\u00e1v o aktivit\u011b na webov\u00fdch str\u00e1nk\u00e1ch. Spole\u010dnost Immersive Optics Limited pou\u017e\u00edv\u00e1 soubory cookie ke sledov\u00e1n\u00ed aktivit u\u017eivatel\u016f na na\u0161ich webov\u00fdch str\u00e1nk\u00e1ch za \u00fa\u010delem zlep\u0161en\u00ed jejich v\u00fdkonu a funk\u010dnosti. Dal\u0161\u00ed informace naleznete na str\u00e1nk\u00e1ch www.aboutcookies.org nebo www.allaboutcookies.org. Sv\u016fj prohl\u00ed\u017ee\u010d m\u016f\u017eete nastavit tak, aby nep\u0159ij\u00edmal soubory cookie, a v\u00fd\u0161e uveden\u00e9 webov\u00e9 str\u00e1nky v\u00e1m sd\u011bl\u00ed, jak soubory cookie z prohl\u00ed\u017ee\u010de odstranit. V n\u011bkter\u00fdch p\u0159\u00edpadech v\u0161ak n\u011bkter\u00e9 funkce na\u0161ich webov\u00fdch str\u00e1nek nemus\u00ed v d\u016fsledku toho fungovat. M\u016f\u017eeme od v\u00e1s tak\u00e9 dost\u00e1vat informace ze soci\u00e1ln\u00edch s\u00edt\u00ed, nap\u0159\u00edklad kdy\u017e s n\u00e1mi na t\u011bchto platform\u00e1ch komunikujete.      <\/p><p><strong>Jak m\u016f\u017eeme pou\u017e\u00edvat va\u0161e osobn\u00ed \u00fadaje<\/strong><\/p><p>Spole\u010dnost Immersive Optics Limited pou\u017e\u00edv\u00e1 va\u0161e osobn\u00ed \u00fadaje k poskytov\u00e1n\u00ed produkt\u016f a slu\u017eeb, kter\u00e9 nab\u00edz\u00edme, a tak\u00e9 ke zlep\u0161en\u00ed a personalizaci va\u0161ich zku\u0161enost\u00ed. Va\u0161e osobn\u00ed \u00fadaje pou\u017e\u00edv\u00e1me n\u00e1sleduj\u00edc\u00edmi zp\u016fsoby: <\/p><ol><li>Plnit z\u00e1vazky vypl\u00fdvaj\u00edc\u00ed ze smluv nebo obchodn\u00edch transakc\u00ed uzav\u0159en\u00fdch mezi n\u00e1mi.<\/li><li>Abychom mohli odpov\u00eddat na va\u0161e dotazy a poskytovat z\u00e1kaznickou p\u00e9\u010di a podporu.<\/li><li>Abychom v\u00e1m mohli zas\u00edlat newslettery, informace, ceny, podrobnosti o produktech a informace o akc\u00edch, o kter\u00e9 jste si vy\u017e\u00e1dali nebo o kter\u00fdch se domn\u00edv\u00e1me, \u017ee by v\u00e1s mohly zaj\u00edmat, za p\u0159edpokladu, \u017ee jste s p\u0159ij\u00edm\u00e1n\u00edm t\u011bchto informac\u00ed souhlasili.<\/li><li>Abychom v\u00e1s informovali o jak\u00fdchkoli zm\u011bn\u00e1ch na\u0161ich produkt\u016f a slu\u017eeb.<\/li><li>Vyv\u00edjet agregovan\u00e9 anal\u00fdzy a business intelligence, kter\u00e9 n\u00e1m umo\u017e\u0148uj\u00ed provozovat, zlep\u0161ovat, chr\u00e1nit, \u010dinit informovan\u00e1 rozhodnut\u00ed a pod\u00e1vat zpr\u00e1vy o obchodn\u00ed v\u00fdkonnosti.<\/li><\/ol><p>Pokud budeme va\u0161e osobn\u00ed \u00fadaje pou\u017e\u00edvat k jak\u00e9mukoli \u00fa\u010delu, kter\u00fd nen\u00ed uveden v t\u011bchto Z\u00e1sad\u00e1ch ochrany osobn\u00edch \u00fadaj\u016f, budeme v\u00e1s p\u0159ed zah\u00e1jen\u00edm \u010dinnosti p\u0159esn\u011b informovat o tom, k \u010demu je budeme pou\u017e\u00edvat, a v p\u0159\u00edpad\u011b pot\u0159eby z\u00edsk\u00e1me v\u00e1\u0161 souhlas.<\/p><p><strong>Sd\u00edlen\u00ed va\u0161ich osobn\u00edch \u00fadaj\u016f<\/strong><\/p><p>Va\u0161e osobn\u00ed \u00fadaje budeme uchov\u00e1vat v tajnosti. Spole\u010dnost Immersive Optics Limited neprod\u00e1v\u00e1 \u017e\u00e1dn\u00e9 osobn\u00ed \u00fadaje. Va\u0161e osobn\u00ed \u00fadaje nikdy nesd\u011bl\u00edme mimo na\u0161i spole\u010dnost, s v\u00fdjimkou subdodavatel\u016f, z\u00e1stupc\u016f, dodavatel\u016f a extern\u00edch prodejc\u016f za \u00fa\u010delem poskytov\u00e1n\u00ed slu\u017eeb, jako je spr\u00e1va a hosting webov\u00fdch str\u00e1nek, doprava, zpracov\u00e1n\u00ed plateb kreditn\u00edmi kartami a komunikace. Osobn\u00ed \u00fadaje budeme sd\u00edlet pouze se z\u00e1stupci nebo smluvn\u00edmi partnery pracuj\u00edc\u00edmi na\u0161\u00edm jm\u00e9nem, \u200b\u200bpokud je to nezbytn\u00e9 k dokon\u010den\u00ed transakce a poskytnut\u00ed produktu nebo slu\u017eby. Je na\u0161\u00edm opr\u00e1vn\u011bn\u00fdm z\u00e1jmem zpracov\u00e1vat va\u0161e osobn\u00ed \u00fadaje pro tyto \u00fa\u010dely.    <\/p><p>Va\u0161e osobn\u00ed \u00fadaje m\u016f\u017eeme b\u00fdt tak\u00e9 povinni sd\u011blit z n\u00e1sleduj\u00edc\u00edch d\u016fvod\u016f:<\/p><ol><li>Pokud jsme povinni splnit z\u00e1konnou povinnost.<\/li><li>Za \u00fa\u010delem ochrany na\u0161ich pr\u00e1v, majetku nebo bezpe\u010dnosti, pr\u00e1v, majetku nebo bezpe\u010dnosti na\u0161ich z\u00e1kazn\u00edk\u016f nebo jin\u00fdch pr\u00e1v.<\/li><li>Osobn\u00ed \u00fadaje by byly jedn\u00edm z p\u0159eveden\u00fdch aktiv v p\u0159\u00edpad\u011b, \u017ee prod\u00e1me nebo navrhneme prodej podniku a\/nebo jeho aktiv.<\/li><\/ol><p>P\u0159enos informac\u00ed p\u0159es internet bohu\u017eel nen\u00ed zcela bezpe\u010dn\u00fd a p\u0159esto\u017ee podnikneme ve\u0161ker\u00e1 p\u0159im\u011b\u0159en\u00e1 opat\u0159en\u00ed k ochran\u011b va\u0161ich osobn\u00edch \u00fadaj\u016f, nem\u016f\u017eeme zaru\u010dit bezpe\u010dnost \u00fadaj\u016f, kter\u00e9 n\u00e1m budou p\u0159en\u00e1\u0161eny, a jak\u00fdkoli p\u0159enos je zcela na va\u0161e vlastn\u00ed riziko.<\/p><p><strong>Ukl\u00e1d\u00e1n\u00ed va\u0161ich osobn\u00edch \u00fadaj\u016f<\/strong><\/p><p>Ve\u0161ker\u00e9 informace jsou ulo\u017eeny na na\u0161ich zabezpe\u010den\u00fdch serverech, nicm\u00e9n\u011b m\u016f\u017eeme tak\u00e9 vyu\u017e\u00edt slu\u017eeb t\u0159et\u00edch stran jednaj\u00edc\u00edch na\u0161\u00edm jm\u00e9nem, \u200b\u200bkter\u00e9 mohou ukl\u00e1dat nebo zpracov\u00e1vat informace, kter\u00e9 o v\u00e1s shroma\u017e\u010fujeme, v zem\u00edch mimo Evropsk\u00fd hospod\u00e1\u0159sk\u00fd prostor. Tyto zem\u011b nemus\u00ed m\u00edt stejn\u00e9 z\u00e1kony na ochranu osobn\u00edch \u00fadaj\u016f jako Spojen\u00e9 kr\u00e1lovstv\u00ed. Odesl\u00e1n\u00edm sv\u00fdch osobn\u00edch \u00fadaj\u016f souhlas\u00edte s t\u00edmto p\u0159enosem, ulo\u017een\u00edm nebo zpracov\u00e1n\u00edm. Zavedli jsme technick\u00e1 a organiza\u010dn\u00ed bezpe\u010dnostn\u00ed opat\u0159en\u00ed, abychom zabr\u00e1nili ztr\u00e1t\u011b nebo neopr\u00e1vn\u011bn\u00e9mu p\u0159\u00edstupu k va\u0161im osobn\u00edm \u00fadaj\u016fm. I kdy\u017e jsme vynalo\u017eili ve\u0161ker\u00e9 \u00fasil\u00ed k zaji\u0161t\u011bn\u00ed bezpe\u010dnosti va\u0161ich \u00fadaj\u016f, m\u011bjte pros\u00edm na pam\u011bti, \u017ee nem\u016f\u017eeme zaru\u010dit bezpe\u010dnost informac\u00ed p\u0159en\u00e1\u0161en\u00fdch p\u0159es internet.   <\/p><p>Spole\u010dnost Immersive Optics Limited bude uchov\u00e1vat va\u0161e osobn\u00ed \u00fadaje po dobu nezbytn\u011b nutnou pro \u00fa\u010dely, pro kter\u00e9 byly poskytnuty. Pravideln\u011b kontrolujeme doby uchov\u00e1v\u00e1n\u00ed a aktualizujeme, archivujeme nebo bezpe\u010dn\u011b sma\u017eeme informace, pokud zastaraj\u00ed a ji\u017e nebudou pot\u0159eba, za p\u0159edpokladu, \u017ee je to v souladu s p\u0159\u00edslu\u0161n\u00fdmi pr\u00e1vn\u00edmi p\u0159edpisy. <\/p><p><strong>Va\u0161e pr\u00e1va<\/strong><\/p><p>M\u00e1te pr\u00e1vo n\u00e1s po\u017e\u00e1dat, abychom nezpracov\u00e1vali va\u0161e osobn\u00ed \u00fadaje pro marketingov\u00e9 \u00fa\u010dely.<\/p><p>Sv\u00e1 pr\u00e1va m\u016f\u017eete kdykoli uplatnit a zm\u011bnit sv\u00e9 preference nebo se odhl\u00e1sit z odb\u011bru sd\u011blen\u00ed zasl\u00e1n\u00edm e-mailu na adresu info@immersive-optics.com<\/p><p>M\u016f\u017eete n\u00e1s po\u017e\u00e1dat o poskytnut\u00ed kopie osobn\u00edch \u00fadaj\u016f, kter\u00e9 o v\u00e1s uchov\u00e1v\u00e1me. Za tuto slu\u017ebu ne\u00fa\u010dtujeme \u017e\u00e1dn\u00e9 poplatky, s v\u00fdjimkou p\u0159\u00edpadu, kdy bude va\u0161e \u017e\u00e1dost pova\u017eov\u00e1na za zjevn\u011b neopodstatn\u011bnou nebo nep\u0159im\u011b\u0159enou. <\/p><p>P\u0159esnost va\u0161ich \u00fadaj\u016f je pro n\u00e1s d\u016fle\u017eit\u00e1, proto pokud se domn\u00edv\u00e1te, \u017ee jak\u00e9koli informace, kter\u00e9 uchov\u00e1v\u00e1me, jsou nep\u0159esn\u00e9, nebo pokud pot\u0159ebujete jak\u00e9koli zm\u011bny, kontaktujte n\u00e1s pros\u00edm e-mailem na adrese info@immersive-optics.com <\/p><p><strong>Zm\u011bny v na\u0161ich z\u00e1sad\u00e1ch ochrany osobn\u00edch \u00fadaj\u016f<\/strong><\/p><p>Spole\u010dnost Immersive Optics Limited m\u016f\u017ee tyto z\u00e1sady v p\u0159\u00edpad\u011b pot\u0159eby aktualizovat nebo upravit a datum revize bude uvedeno v doln\u00ed \u010d\u00e1sti dokumentu. Doporu\u010dujeme v\u00e1m, abyste si tyto z\u00e1sady pravideln\u011b prohl\u00ed\u017eeli. <\/p>\t\t\t\t\t\t\t\t<\/div>\n\t\t\t\t<\/div>\n\t\t\t\t\t<\/div>\n\t\t<\/div>\n\t\t\t\t\t<\/div>\n\t\t<\/section>\n\t\t\t\t<\/div>\n\t\t","protected":false},"excerpt":{"rendered":"<p>Z\u00e1sady ochrany osobn\u00edch \u00fadaj\u016f Z\u00e1sady ochrany osobn\u00edch \u00fadaj\u016f a pou\u017e\u00edv\u00e1n\u00ed soubor\u016f cookie spole\u010dnosti Immersive Optics Ltd \u00da\u010del t\u011bchto z\u00e1sad. Spole\u010dnost Immersive Optics Limited se zavazuje chr\u00e1nit va\u0161e soukrom\u00ed a respektuje va\u0161e pr\u00e1vo na spr\u00e1vu va\u0161ich osobn\u00edch \u00fadaj\u016f. Na\u0161e z\u00e1sady ochrany osobn\u00edch \u00fadaj\u016f podrobn\u011b popisuj\u00ed informace, kter\u00e9 shroma\u017e\u010fujeme, jak je budeme pou\u017e\u00edvat a jak je budeme [&hellip;]<\/p>\n","protected":false},"author":3,"featured_media":0,"parent":0,"menu_order":0,"comment_status":"closed","ping_status":"closed","template":"","meta":{"_crdt_document":"","advanced_seo_description":"","jetpack_seo_html_title":"","jetpack_seo_noindex":false,"footnotes":""},"class_list":["post-5899","page","type-page","status-publish","hentry"],"jetpack_sharing_enabled":true,"jetpack_shortlink":"https:\/\/wp.me\/Ph9FcQ-1x9","_links":{"self":[{"href":"https:\/\/immersive-optics.com\/cs\/wp-json\/wp\/v2\/pages\/5899","targetHints":{"allow":["GET"]}}],"collection":[{"href":"https:\/\/immersive-optics.com\/cs\/wp-json\/wp\/v2\/pages"}],"about":[{"href":"https:\/\/immersive-optics.com\/cs\/wp-json\/wp\/v2\/types\/page"}],"author":[{"embeddable":true,"href":"https:\/\/immersive-optics.com\/cs\/wp-json\/wp\/v2\/users\/3"}],"replies":[{"embeddable":true,"href":"https:\/\/immersive-optics.com\/cs\/wp-json\/wp\/v2\/comments?post=5899"}],"version-history":[{"count":0,"href":"https:\/\/immersive-optics.com\/cs\/wp-json\/wp\/v2\/pages\/5899\/revisions"}],"wp:attachment":[{"href":"https:\/\/immersive-optics.com\/cs\/wp-json\/wp\/v2\/media?parent=5899"}],"curies":[{"name":"wp","href":"https:\/\/api.w.org\/{rel}","templated":true}]}}